{"id":3494,"date":"2023-03-21T07:31:12","date_gmt":"2023-03-21T07:31:12","guid":{"rendered":"http:\/\/site2.easyceotech.com\/?post_type=product&#038;p=3494"},"modified":"2024-03-12T07:48:41","modified_gmt":"2024-03-12T07:48:41","slug":"isomalt","status":"publish","type":"product","link":"https:\/\/wpachem.com\/vi\/product\/isomalt\/","title":{"rendered":"Isomalt"},"content":{"rendered":"<div class=\"text-title\"><span data-spm-anchor-id=\"a2700.details.0.i33.6d2e6224NlNbdj\">\u1ee8ng d\u1ee5ng s\u1ea3n ph\u1ea9m<\/span><\/div>\n<div class=\"text-content\">\n<div>\u0110\u00e2y c\u0169ng l\u00e0 ch\u1ea5t t\u1ea1o ng\u1ecdt \u0111\u1eb7c bi\u1ec7t c\u00f3 kh\u1ea3 n\u0103ng ti\u00eau h\u00f3a v\u00e0 h\u1ea5p th\u1ee5 \u0111\u1ed9c \u0111\u00e1o. R\u1ea5t th\u00edch h\u1ee3p cho k\u1eb9o, \u0111\u1ed3 u\u1ed1ng v\u00e0 nhi\u1ec1u lo\u1ea1i th\u1ef1c ph\u1ea9m kh\u00e1c nhau. C\u00e1c nghi\u00ean c\u1ee9u g\u1ea7n \u0111\u00e2y \u0111\u00e3 ch\u1ee9ng minh ho\u1ea1t \u0111\u1ed9ng prebiotic c\u1ee7a isomaltulose.<\/div>\n<div><span data-spm-anchor-id=\"a2700.details.0.i32.6d2e6224NlNbdj\">K\u1eb9o c\u1ee9ng, k\u1eb9o \u0111un s\u00f4i \u1edf nhi\u1ec7t \u0111\u1ed9 th\u1ea5p, vi\u00ean n\u00e9n, s\u00f4 c\u00f4 la, k\u1eb9o cao su, m\u1ee9t, th\u1ea1ch, s\u1ea3n ph\u1ea9m \u0103n s\u00e1ng l\u00e0m t\u1eeb ng\u00f4, \u0111\u1ed3 n\u01b0\u1edbng, kem t\u01b0\u01a1i, kem, v.v.<\/span><\/div>\n<\/div>\n<div>\n<div class=\"text-title\"><span class=\"magic-18\"><span data-spm-anchor-id=\"a2700.details.0.i31.6d2e6224NlNbdj\">M\u00f4 t\u1ea3 s\u1ea3n ph\u1ea9m<\/span><\/span><\/div>\n<div class=\"text-content\">Tinh th\u1ec3 m\u00e0u tr\u1eafng, kh\u00f4ng m\u00f9i, ng\u1ecdt, \u0111\u1ed9 ng\u1ecdt kho\u1ea3ng 42% sucrose, v\u1ecb ng\u1ecdt tinh khi\u1ebft, v\u1ec1 c\u01a1 b\u1ea3n gi\u1ed1ng nh\u01b0 sucrose, kh\u00f4ng c\u00f3 h\u1eadu v\u1ecb kh\u00f3 ch\u1ecbu, \u0111i\u1ec3m n\u00f3ng ch\u1ea3y 122 ~ 124 \u2103, \u0111\u1ed9 quay ri\u00eang [\u03b1\u3015 20D97,2 \u00b0, ch\u1ecbu axit, ch\u1ecbu nhi\u1ec7t, kh\u00f4ng d\u1ec5 th\u1ee7y ph\u00e2n (dung d\u1ecbch 20% s\u1ebd kh\u00f4ng b\u1ecb ph\u00e2n h\u1ee7y khi \u0111un n\u00f3ng \u1edf 100 \u2103 trong 60 ph\u00fat \u1edf pH2.0 v\u00e0 sucrose c\u00f3 th\u1ec3 b\u1ecb th\u1ee7y ph\u00e2n ho\u00e0n to\u00e0n trong c\u00f9ng \u0111i\u1ec1u ki\u1ec7n) \u0110\u1ed9 \u1ed5n \u0111\u1ecbnh nhi\u1ec7t Th\u1ea5p h\u01a1n sucrose, c\u00f3 ph\u01b0\u01a1ng ph\u00e1p kh\u1eed v\u00e0 d\u1ec5 tan trong n\u01b0\u1edbc. \u0110\u1ed9 h\u00f2a tan c\u1ee7a n\u00f3 trong n\u01b0\u1edbc th\u1ea5p h\u01a1n sucrose, 38,4% \u1edf 20 \u2103, 78,2% \u1edf 40 \u2103 v\u00e0 133,7% \u1edf 60 \u2103. \u0110\u1ed9 nh\u1edbt c\u1ee7a dung d\u1ecbch n\u01b0\u1edbc c\u1ee7a n\u00f3 c\u0169ng th\u1ea5p h\u01a1n m\u1ed9t ch\u00fat so v\u1edbi sucrose c\u00f3 c\u00f9ng n\u1ed3ng \u0111\u1ed9. S\u1ea3n ph\u1ea9m n\u00e0y c\u00f3 th\u1ec3 \u0111\u01b0\u1ee3c th\u1ee7y ph\u00e2n b\u1eb1ng enzyme trong ru\u1ed9t v\u00e0 \u0111\u01b0\u1ee3c c\u01a1 th\u1ec3 h\u1ea5p th\u1ee5. N\u00f3 \u00edt \u1ea3nh h\u01b0\u1edfng \u0111\u1ebfn gi\u00e1 tr\u1ecb \u0111\u01b0\u1eddng trong m\u00e1u v\u00e0 kh\u00f4ng g\u00e2y s\u00e2u r\u0103ng. C\u00f4ng d\u1ee5ng: ch\u1ea5t t\u1ea1o ng\u1ecdt, prebiotic<\/div>\n<\/div>\n<p>&nbsp;<\/p>","protected":false},"excerpt":{"rendered":"<p>T\u00ean s\u1ea3n ph\u1ea9m: Isomalt<br \/>\nS\u1ed1 CAS: 64519-82-0<br \/>\nM\u1ea0NG: C12H24O11<br \/>\nNgo\u1ea1i h\u00ecnh: s\u1ee9c m\u1ea1nh m\u00e0u tr\u1eafng<\/p>","protected":false},"featured_media":2134,"template":"","meta":{"_acf_changed":false,"_gspb_post_css":""},"product_brand":[],"product_cat":[55,56],"product_tag":[],"class_list":{"0":"post-3494","1":"product","2":"type-product","3":"status-publish","4":"has-post-thumbnail","6":"product_cat-food-additives","7":"product_cat-sweetener","9":"first","10":"instock","11":"shipping-taxable","12":"product-type-simple"},"acf":[],"_links":{"self":[{"href":"https:\/\/wpachem.com\/vi\/wp-json\/wp\/v2\/product\/3494","targetHints":{"allow":["GET"]}}],"collection":[{"href":"https:\/\/wpachem.com\/vi\/wp-json\/wp\/v2\/product"}],"about":[{"href":"https:\/\/wpachem.com\/vi\/wp-json\/wp\/v2\/types\/product"}],"version-history":[{"count":0,"href":"https:\/\/wpachem.com\/vi\/wp-json\/wp\/v2\/product\/3494\/revisions"}],"wp:featuredmedia":[{"embeddable":true,"href":"https:\/\/wpachem.com\/vi\/wp-json\/wp\/v2\/media\/2134"}],"wp:attachment":[{"href":"https:\/\/wpachem.com\/vi\/wp-json\/wp\/v2\/media?parent=3494"}],"wp:term":[{"taxonomy":"product_brand","embeddable":true,"href":"https:\/\/wpachem.com\/vi\/wp-json\/wp\/v2\/product_brand?post=3494"},{"taxonomy":"product_cat","embeddable":true,"href":"https:\/\/wpachem.com\/vi\/wp-json\/wp\/v2\/product_cat?post=3494"},{"taxonomy":"product_tag","embeddable":true,"href":"https:\/\/wpachem.com\/vi\/wp-json\/wp\/v2\/product_tag?post=3494"}],"curies":[{"name":"wp","href":"https:\/\/api.w.org\/{rel}","templated":true}]}}