{"id":3497,"date":"2023-03-21T07:33:17","date_gmt":"2023-03-21T07:33:17","guid":{"rendered":"http:\/\/site2.easyceotech.com\/?post_type=product&#038;p=3497"},"modified":"2024-03-12T07:48:37","modified_gmt":"2024-03-12T07:48:37","slug":"neotame","status":"publish","type":"product","link":"https:\/\/wpachem.com\/vi\/product\/neotame\/","title":{"rendered":"Neotame"},"content":{"rendered":"<p><span data-spm-anchor-id=\"a2700.details.0.i37.f6e47f3cRVLiTi\">Neotame l\u00e0 ch\u1ea5t t\u1ea1o ng\u1ecdt kh\u00f4ng calo, l\u00e0 d\u1eabn xu\u1ea5t c\u1ee7a dipeptide bao g\u1ed3m c\u00e1c axit amin, axit aspartic v\u00e0 phenylalanine. C\u00e1c th\u00e0nh ph\u1ea7n c\u1ee7a neotame \u0111\u01b0\u1ee3c k\u1ebft h\u1ee3p v\u1edbi nhau \u0111\u1ec3 t\u1ea1o th\u00e0nh m\u1ed9t th\u00e0nh ph\u1ea7n ng\u1ecdt \u0111\u1ed9c \u0111\u00e1o.<\/span><br \/>\nNeotame ng\u1ecdt h\u01a1n c\u00e1c ch\u1ea5t t\u1ea1o ng\u1ecdt kh\u00f4ng calo kh\u00e1c \u0111\u01b0\u1ee3c b\u00e1n tr\u00ean th\u1ecb tr\u01b0\u1eddng v\u00e0 ng\u1ecdt h\u01a1n aspartame kho\u1ea3ng 30-40 l\u1ea7n; ng\u1ecdt h\u01a1n \u0111\u01b0\u1eddng kho\u1ea3ng 8.000-12.000 l\u1ea7n.<\/p>\n<p>&nbsp;<\/p>\n<p><strong>\u1ee8ng d\u1ee5ng c\u1ee7a\u00a0<\/strong><strong>neotame\u00a0<\/strong><\/p>\n<p data-spm-anchor-id=\"a2700.details.0.i39.f6e47f3cRVLiTi\">1. \u0110\u1ed3 u\u1ed1ng c\u00f3 ga v\u00e0 \u0111\u1ed3 u\u1ed1ng kh\u00f4ng ga;<br \/>\n2. M\u1ee9t, th\u1ea1ch, s\u1ea3n ph\u1ea9m t\u1eeb s\u1eefa, xi-r\u00f4, b\u00e1nh k\u1eb9o<br \/>\n3. \u0110\u1ed3 n\u01b0\u1edbng, \u0111\u1ed3 tr\u00e1ng mi\u1ec7ng<br \/>\n4. Kem, b\u00e1nh, s\u1eefa, r\u01b0\u1ee3u, n\u01b0\u1edbc tr\u00e1i c\u00e2y \u0111\u00f3ng h\u1ed9p, v.v.<\/p>\n<p>&nbsp;<\/p>","protected":false},"excerpt":{"rendered":"<p>T\u00ean s\u1ea3n ph\u1ea9m: Neotame<br \/>\nS\u1ed1 CAS: 165450-17-9<br \/>\nMF:C20H30N2O5<br \/>\nNgo\u1ea1i h\u00ecnh: s\u1ee9c m\u1ea1nh m\u00e0u tr\u1eafng<\/p>","protected":false},"featured_media":2180,"template":"","meta":{"_acf_changed":false,"_gspb_post_css":""},"product_brand":[],"product_cat":[55,56],"product_tag":[],"class_list":{"0":"post-3497","1":"product","2":"type-product","3":"status-publish","4":"has-post-thumbnail","6":"product_cat-food-additives","7":"product_cat-sweetener","9":"first","10":"instock","11":"shipping-taxable","12":"product-type-simple"},"acf":[],"_links":{"self":[{"href":"https:\/\/wpachem.com\/vi\/wp-json\/wp\/v2\/product\/3497","targetHints":{"allow":["GET"]}}],"collection":[{"href":"https:\/\/wpachem.com\/vi\/wp-json\/wp\/v2\/product"}],"about":[{"href":"https:\/\/wpachem.com\/vi\/wp-json\/wp\/v2\/types\/product"}],"version-history":[{"count":0,"href":"https:\/\/wpachem.com\/vi\/wp-json\/wp\/v2\/product\/3497\/revisions"}],"wp:featuredmedia":[{"embeddable":true,"href":"https:\/\/wpachem.com\/vi\/wp-json\/wp\/v2\/media\/2180"}],"wp:attachment":[{"href":"https:\/\/wpachem.com\/vi\/wp-json\/wp\/v2\/media?parent=3497"}],"wp:term":[{"taxonomy":"product_brand","embeddable":true,"href":"https:\/\/wpachem.com\/vi\/wp-json\/wp\/v2\/product_brand?post=3497"},{"taxonomy":"product_cat","embeddable":true,"href":"https:\/\/wpachem.com\/vi\/wp-json\/wp\/v2\/product_cat?post=3497"},{"taxonomy":"product_tag","embeddable":true,"href":"https:\/\/wpachem.com\/vi\/wp-json\/wp\/v2\/product_tag?post=3497"}],"curies":[{"name":"wp","href":"https:\/\/api.w.org\/{rel}","templated":true}]}}