{"id":3500,"date":"2023-03-21T07:35:26","date_gmt":"2023-03-21T07:35:26","guid":{"rendered":"http:\/\/site2.easyceotech.com\/?post_type=product&#038;p=3500"},"modified":"2024-03-12T07:48:35","modified_gmt":"2024-03-12T07:48:35","slug":"stevia","status":"publish","type":"product","link":"https:\/\/wpachem.com\/vi\/product\/stevia\/","title":{"rendered":"C\u00e2y c\u1ecf ng\u1ecdt"},"content":{"rendered":"<p>Kh\u00f4ng c\u00f3 \u0111\u01b0\u1eddng v\u00e0 kh\u00f4ng c\u00f3 calo, h\u01b0\u01a1ng v\u1ecb ngon v\u00e0 kh\u00f4ng c\u00f3 m\u00f9i l\u1ea1. \u0110\u00e2y l\u00e0 ngu\u1ed3n \u0111\u01b0\u1eddng m\u1edbi c\u00f3 tri\u1ec3n v\u1ecdng ph\u00e1t tri\u1ec3n r\u1ed9ng r\u00e3i. Gi\u00e1 tr\u1ecb calo th\u1ea5p t\u1ef1 nhi\u00ean v\u00e0 r\u1ea5t g\u1ea7n v\u1edbi h\u01b0\u01a1ng v\u1ecb c\u1ee7a sucrose. Ngo\u00e0i \u0111\u01b0\u1eddng m\u00eda v\u00e0 \u0111\u01b0\u1eddng c\u1ee7 c\u1ea3i, \u0111\u00e2y l\u00e0 lo\u1ea1i ch\u1ea5t t\u1ea1o ng\u1ecdt t\u1ef1 nhi\u00ean th\u1ee9 ba c\u00f3 gi\u00e1 tr\u1ecb ph\u00e1t tri\u1ec3n v\u00e0 t\u0103ng c\u01b0\u1eddng s\u1ee9c kh\u1ecfe, v\u00e0 \u0111\u01b0\u1ee3c bi\u1ebft \u0111\u1ebfn l\u00e0 &quot;ngu\u1ed3n \u0111\u01b0\u1eddng th\u1ee9 ba tr\u00ean th\u1ebf gi\u1edbi&quot; tr\u00ean th\u1ebf gi\u1edbi.<\/p>\n<p>&nbsp;<\/p>\n<p>\u1ee8ng d\u1ee5ng<\/p>\n<div class=\"magic-6\">Stevioside \u0111\u01b0\u1ee3c s\u1eed d\u1ee5ng r\u1ed9ng r\u00e3i trong c\u00f4ng nghi\u1ec7p th\u1ef1c ph\u1ea9m nh\u01b0 ch\u1ea5t t\u1ea1o ng\u1ecdt v\u00e0 ch\u1ea5t b\u1ea3o qu\u1ea3n th\u1ef1c ph\u1ea9m. N\u00f3 \u0111\u01b0\u1ee3c s\u1eed d\u1ee5ng \u0111\u1ec3 s\u1ea3n xu\u1ea5t th\u1ef1c ph\u1ea9m c\u00f3 \u0111\u1ed9 ng\u1ecdt cao, \u00edt calo, \u00edt mu\u1ed1i v\u00e0 ch\u1ed1ng s\u00e2u r\u0103ng.<\/div>\n<div class=\"magic-6\"><\/div>\n<div class=\"magic-6\">Theo GB2760-1996, stevioside c\u00f3 th\u1ec3 \u0111\u01b0\u1ee3c s\u1eed d\u1ee5ng trong k\u1eb9o, b\u00e1nh ng\u1ecdt, \u0111\u1ed3 u\u1ed1ng, \u0111\u1ed3 u\u1ed1ng r\u1eafn, \u0111\u1ed3 \u0103n nh\u1eb9 chi\u00ean, tr\u00e1i c\u00e2y k\u1eb9o,<\/div>\n<div class=\"magic-6\">tr\u00e1i c\u00e2y b\u1ea3o qu\u1ea3n, gia v\u1ecb, kem m\u1ec1m v\u00e0 ph\u1ee5 ki\u1ec7n y t\u1ebf. L\u01b0\u1ee3ng stevioside s\u1eed d\u1ee5ng ph\u1ea3i ph\u00f9 h\u1ee3p v\u1edbi nhu c\u1ea7u s\u1ea3n xu\u1ea5t.<\/div>\n<div class=\"magic-6\"><\/div>\n<div class=\"magic-6\">\u0110\u01b0\u1ee3c s\u1eed d\u1ee5ng l\u00e0m ch\u1ea5t t\u1ea1o ng\u1ecdt trong th\u1ef1c ph\u1ea9m, \u0111\u1eb7c bi\u1ec7t th\u00edch h\u1ee3p cho ng\u01b0\u1eddi b\u1ecb t\u0103ng huy\u1ebft \u00e1p, ti\u1ec3u \u0111\u01b0\u1eddng, b\u00e9o ph\u00ec, b\u1ec7nh tim, s\u00e2u r\u0103ng, v.v.<\/div>\n<p>&nbsp;<\/p>","protected":false},"excerpt":{"rendered":"<p>T\u00ean s\u1ea3n ph\u1ea9m: Stevia<br \/>\nS\u1ed1 CAS:<br \/>\nM\u1ea0NG: C38H60O18<br \/>\nNgo\u1ea1i h\u00ecnh: s\u1ee9c m\u1ea1nh m\u00e0u tr\u1eafng<\/p>","protected":false},"featured_media":2161,"template":"","meta":{"_acf_changed":false,"_gspb_post_css":""},"product_brand":[],"product_cat":[24],"product_tag":[],"class_list":{"0":"post-3500","1":"product","2":"type-product","3":"status-publish","4":"has-post-thumbnail","6":"product_cat-uncategorized","8":"first","9":"instock","10":"shipping-taxable","11":"product-type-simple"},"acf":[],"_links":{"self":[{"href":"https:\/\/wpachem.com\/vi\/wp-json\/wp\/v2\/product\/3500","targetHints":{"allow":["GET"]}}],"collection":[{"href":"https:\/\/wpachem.com\/vi\/wp-json\/wp\/v2\/product"}],"about":[{"href":"https:\/\/wpachem.com\/vi\/wp-json\/wp\/v2\/types\/product"}],"version-history":[{"count":0,"href":"https:\/\/wpachem.com\/vi\/wp-json\/wp\/v2\/product\/3500\/revisions"}],"wp:featuredmedia":[{"embeddable":true,"href":"https:\/\/wpachem.com\/vi\/wp-json\/wp\/v2\/media\/2161"}],"wp:attachment":[{"href":"https:\/\/wpachem.com\/vi\/wp-json\/wp\/v2\/media?parent=3500"}],"wp:term":[{"taxonomy":"product_brand","embeddable":true,"href":"https:\/\/wpachem.com\/vi\/wp-json\/wp\/v2\/product_brand?post=3500"},{"taxonomy":"product_cat","embeddable":true,"href":"https:\/\/wpachem.com\/vi\/wp-json\/wp\/v2\/product_cat?post=3500"},{"taxonomy":"product_tag","embeddable":true,"href":"https:\/\/wpachem.com\/vi\/wp-json\/wp\/v2\/product_tag?post=3500"}],"curies":[{"name":"wp","href":"https:\/\/api.w.org\/{rel}","templated":true}]}}