{"id":3503,"date":"2023-03-21T07:48:22","date_gmt":"2023-03-21T07:48:22","guid":{"rendered":"http:\/\/site2.easyceotech.com\/?post_type=product&#038;p=3503"},"modified":"2024-03-12T07:48:29","modified_gmt":"2024-03-12T07:48:29","slug":"ascorbic-acid-vitamin-c","status":"publish","type":"product","link":"https:\/\/wpachem.com\/vi\/product\/ascorbic-acid-vitamin-c\/","title":{"rendered":"Axit ascorbic\/Vitamin C"},"content":{"rendered":"<p><strong><span data-spm-anchor-id=\"a2700.details.0.i23.4db3381coUncIN\">B\u1ed9t Vitamin C l\u00e0 g\u00ec?<\/span><\/strong><\/p>\n<p>Vitamin C l\u00e0 m\u1ed9t lo\u1ea1i vitamin tan trong n\u01b0\u1edbc c\u00f3 trong cam qu\u00fdt v\u00e0 c\u00e1c lo\u1ea1i tr\u00e1i c\u00e2y v\u00e0 rau qu\u1ea3 kh\u00e1c, c\u0169ng \u0111\u01b0\u1ee3c b\u00e1n nh\u01b0 m\u1ed9t ch\u1ea5t b\u1ed5 sung ch\u1ebf \u0111\u1ed9 \u0103n u\u1ed1ng. Vitamin C l\u00e0 m\u1ed9t ch\u1ea5t dinh d\u01b0\u1ee1ng thi\u1ebft y\u1ebfu tham gia v\u00e0o qu\u00e1 tr\u00ecnh s\u1eeda ch\u1eefa m\u00f4, h\u00ecnh th\u00e0nh collagen v\u00e0 s\u1ea3n xu\u1ea5t enzyme c\u1ee7a m\u1ed9t s\u1ed1 ch\u1ea5t d\u1eabn truy\u1ec1n th\u1ea7n kinh. N\u00f3 c\u1ea7n thi\u1ebft cho ho\u1ea1t \u0111\u1ed9ng c\u1ee7a m\u1ed9t s\u1ed1 enzyme v\u00e0 r\u1ea5t quan tr\u1ecdng \u0111\u1ed1i v\u1edbi ch\u1ee9c n\u0103ng c\u1ee7a h\u1ec7 th\u1ed1ng mi\u1ec5n d\u1ecbch. N\u00f3 c\u0169ng ho\u1ea1t \u0111\u1ed9ng nh\u01b0 m\u1ed9t ch\u1ea5t ch\u1ed1ng oxy h\u00f3a.<\/p>\n<p>&nbsp;<\/p>\n<p>T\u1eeb kh\u00f3a: B\u1ed9t Vitamin C, Vitamin C Ascorbic Acid, B\u1ed9t Vitamin C Ascorbic Acid c\u1ea5p th\u1ef1c ph\u1ea9m<\/p>\n<p><strong>B\u1ed9t Vitamin C c\u00f3 th\u1ec3 \u0111\u01b0\u1ee3c s\u1eed d\u1ee5ng \u1edf \u0111\u00e2u?<\/strong><br \/>\n1, B\u1ea3o qu\u1ea3n th\u1ef1c ph\u1ea9m, hoa qu\u1ea3, \u0111\u1ed3 u\u1ed1ng ch\u1ee7 y\u1ebfu c\u00f3 th\u1ec3 l\u00e0m ch\u1eadm m\u00f9i kh\u00f3 ch\u1ecbu.<br \/>\n2. \u1ee8c ch\u1ebf s\u1ef1 h\u00ecnh th\u00e0nh amoni nitrit trong c\u00e1c s\u1ea3n ph\u1ea9m th\u1ecbt c\u00f3 ch\u1ee9a nitrit.<br \/>\n3. C\u1ea3i thi\u1ec7n ch\u1ea5t l\u01b0\u1ee3ng b\u1ed9t \u0111\u1ec3 t\u0103ng t\u1ed1i \u0111a \u0111\u1ed9 n\u1edf c\u1ee7a b\u00e1nh n\u01b0\u1edbng.<br \/>\n4. B\u1ed5 sung vitamin C b\u1ecb m\u1ea5t \u0111i trong qu\u00e1 tr\u00ecnh ch\u1ebf bi\u1ebfn \u0111\u1ed3 u\u1ed1ng, tr\u00e1i c\u00e2y v\u00e0 rau qu\u1ea3.<br \/>\n5, L\u00e0 ch\u1ea5t ph\u1ee5 gia dinh d\u01b0\u1ee1ng.<br \/>\n6. Ph\u1ee5 gia th\u1ee9c \u0103n ch\u0103n nu\u00f4i.<\/p>","protected":false},"excerpt":{"rendered":"<p>T\u00ean s\u1ea3n ph\u1ea9m:<a class=\"blue\"><span style=\"color: #ff0000;\">Axit ascorbic<\/span><\/a><br \/>\nS\u1ed1 CAS: 50-81-7<br \/>\nMF:C6H8O6<br \/>\nNgo\u1ea1i h\u00ecnh: s\u1ee9c m\u1ea1nh m\u00e0u tr\u1eafng<\/p>","protected":false},"featured_media":2181,"template":"","meta":{"_acf_changed":false,"_gspb_post_css":""},"product_brand":[],"product_cat":[55],"product_tag":[],"class_list":{"0":"post-3503","1":"product","2":"type-product","3":"status-publish","4":"has-post-thumbnail","6":"product_cat-food-additives","8":"first","9":"instock","10":"shipping-taxable","11":"product-type-simple"},"acf":[],"_links":{"self":[{"href":"https:\/\/wpachem.com\/vi\/wp-json\/wp\/v2\/product\/3503","targetHints":{"allow":["GET"]}}],"collection":[{"href":"https:\/\/wpachem.com\/vi\/wp-json\/wp\/v2\/product"}],"about":[{"href":"https:\/\/wpachem.com\/vi\/wp-json\/wp\/v2\/types\/product"}],"version-history":[{"count":0,"href":"https:\/\/wpachem.com\/vi\/wp-json\/wp\/v2\/product\/3503\/revisions"}],"wp:featuredmedia":[{"embeddable":true,"href":"https:\/\/wpachem.com\/vi\/wp-json\/wp\/v2\/media\/2181"}],"wp:attachment":[{"href":"https:\/\/wpachem.com\/vi\/wp-json\/wp\/v2\/media?parent=3503"}],"wp:term":[{"taxonomy":"product_brand","embeddable":true,"href":"https:\/\/wpachem.com\/vi\/wp-json\/wp\/v2\/product_brand?post=3503"},{"taxonomy":"product_cat","embeddable":true,"href":"https:\/\/wpachem.com\/vi\/wp-json\/wp\/v2\/product_cat?post=3503"},{"taxonomy":"product_tag","embeddable":true,"href":"https:\/\/wpachem.com\/vi\/wp-json\/wp\/v2\/product_tag?post=3503"}],"curies":[{"name":"wp","href":"https:\/\/api.w.org\/{rel}","templated":true}]}}