{"id":3506,"date":"2023-03-21T07:52:49","date_gmt":"2023-03-21T07:52:49","guid":{"rendered":"http:\/\/site2.easyceotech.com\/?post_type=product&#038;p=3506"},"modified":"2024-03-12T07:48:25","modified_gmt":"2024-03-12T07:48:25","slug":"calcium-ascorbate","status":"publish","type":"product","link":"https:\/\/wpachem.com\/vi\/product\/calcium-ascorbate\/","title":{"rendered":"Canxi Ascorbat"},"content":{"rendered":"<p><strong><span data-spm-anchor-id=\"a2700.details.0.i23.2d1a4d48kpugMw\">M\u00f4 t\u1ea3 v\u1ec1 Canxi Ascorbate:<\/span><\/strong><\/p>\n<p>Canxi ascorbat l\u00e0 b\u1ed9t tinh th\u1ec3 m\u00e0u tr\u1eafng \u0111\u1ebfn v\u00e0ng nh\u1ea1t kh\u00f4ng m\u00f9i. M\u00e0u s\u1eafc c\u00f3 th\u1ec3 chuy\u1ec3n sang v\u00e0ng nh\u1ea1t khi b\u1ea3o qu\u1ea3n trong th\u1eddi gian d\u00e0i. Canxi ascrobat d\u1ec5 tan trong n\u01b0\u1edbc, kh\u00f3 tan trong etanol v\u00e0 kh\u00f4ng tan trong cloroform v\u00e0 ethoxyethane.<\/p>\n<div>\n<div>\n<div>\n<div>\n<div>\n<div><strong>Ch\u1ee9c n\u0103ng c\u1ee7a Canxi Ascorbate:<\/strong><\/div>\n<div>1. Gi\u1eef th\u1ef1c ph\u1ea9m, tr\u00e1i c\u00e2y v\u00e0 \u0111\u1ed3 u\u1ed1ng lu\u00f4n t\u01b0\u01a1i ngon v\u00e0 tr\u00e1nh ph\u00e1t sinh m\u00f9i kh\u00f3 ch\u1ecbu.<br \/>\n2. Ng\u0103n ng\u1eeba s\u1ef1 h\u00ecnh th\u00e0nh nit\u01a1 amin t\u1eeb axit nit\u01a1 trong c\u00e1c s\u1ea3n ph\u1ea9m th\u1ecbt.<br \/>\n3. C\u1ea3i thi\u1ec7n ch\u1ea5t l\u01b0\u1ee3ng b\u1ed9t v\u00e0 l\u00e0m cho th\u1ef1c ph\u1ea9m n\u01b0\u1edbng n\u1edf ra t\u1ed1i \u0111a.<br \/>\n4. B\u00f9 \u0111\u1eafp l\u01b0\u1ee3ng vitamin C b\u1ecb m\u1ea5t \u0111i trong \u0111\u1ed3 u\u1ed1ng, tr\u00e1i c\u00e2y v\u00e0 rau qu\u1ea3 trong qu\u00e1 tr\u00ecnh ch\u1ebf bi\u1ebfn.<br \/>\n5. \u0110\u01b0\u1ee3c s\u1eed d\u1ee5ng l\u00e0m th\u00e0nh ph\u1ea7n dinh d\u01b0\u1ee1ng trong ph\u1ee5 gia, ph\u1ee5 gia th\u1ee9c \u0103n ch\u0103n nu\u00f4i.<\/div>\n<\/div>\n<\/div>\n<\/div>\n<\/div>\n<\/div>\n<div>\n<div>\n<div>\n<div>\n<div>\n<div><strong>\u1ee8ng d\u1ee5ng c\u1ee7a Canxi Ascorbate:<\/strong><\/div>\n<div>\n<div>Canxi ascorbate l\u00e0 m\u1ed9t d\u1ea1ng vitamin C \u0111\u01b0\u1ee3c s\u1eed d\u1ee5ng \u0111\u1ec3 ng\u0103n ng\u1eeba ho\u1eb7c \u0111i\u1ec1u tr\u1ecb t\u00ecnh tr\u1ea1ng thi\u1ebfu vitamin C \u1edf nh\u1eefng ng\u01b0\u1eddi kh\u00f4ng h\u1ea5p th\u1ee5 \u0111\u1ee7 vitamin t\u1eeb ch\u1ebf \u0111\u1ed9 \u0103n u\u1ed1ng c\u1ee7a h\u1ecd. S\u1ea3n ph\u1ea9m n\u00e0y c\u0169ng ch\u1ee9a canxi. H\u1ea7u h\u1ebft nh\u1eefng ng\u01b0\u1eddi \u0103n ch\u1ebf \u0111\u1ed9 \u0103n b\u00ecnh th\u01b0\u1eddng kh\u00f4ng c\u1ea7n th\u00eam vitamin C. N\u1ed3ng \u0111\u1ed9 vitamin C th\u1ea5p c\u00f3 th\u1ec3 d\u1eabn \u0111\u1ebfn t\u00ecnh tr\u1ea1ng g\u1ecdi l\u00e0 b\u1ec7nh scorbut. B\u1ec7nh scorbut c\u00f3 th\u1ec3 g\u00e2y ra c\u00e1c tri\u1ec7u ch\u1ee9ng nh\u01b0 ph\u00e1t ban, y\u1ebfu c\u01a1, \u0111au kh\u1edbp, m\u1ec7t m\u1ecfi ho\u1eb7c m\u1ea5t r\u0103ng.<br \/>\nVitamin C \u0111\u00f3ng vai tr\u00f2 quan tr\u1ecdng trong c\u01a1 th\u1ec3. Vitamin C c\u1ea7n thi\u1ebft \u0111\u1ec3 duy tr\u00ec s\u1ee9c kh\u1ecfe c\u1ee7a da, s\u1ee5n, r\u0103ng, x\u01b0\u01a1ng v\u00e0 m\u1ea1ch m\u00e1u. Vitamin C c\u0169ng \u0111\u01b0\u1ee3c s\u1eed d\u1ee5ng \u0111\u1ec3 b\u1ea3o v\u1ec7 c\u00e1c t\u1ebf b\u00e0o c\u1ee7a c\u01a1 th\u1ec3 b\u1ea1n kh\u1ecfi b\u1ecb t\u1ed5n th\u01b0\u01a1ng. Vitamin C \u0111\u01b0\u1ee3c bi\u1ebft \u0111\u1ebfn nh\u01b0 m\u1ed9t ch\u1ea5t ch\u1ed1ng oxy h\u00f3a.<br \/>\nTh\u1ef1c ph\u1ea9m t\u01b0\u01a1i s\u1ed1ng nh\u01b0 c\u00e1, th\u1ecbt, protein b\u1ecb bi\u1ebfn ch\u1ea5t s\u1ebd \u1ea3nh h\u01b0\u1edfng \u0111\u1ebfn \u0111\u1ed9 t\u01b0\u01a1i v\u00e0 h\u01b0\u01a1ng v\u1ecb c\u1ee7a th\u1ef1c ph\u1ea9m, v\u00ec v\u1eady c\u1ea7n ng\u0103n ng\u1eeba protein b\u1ecb bi\u1ebfn ch\u1ea5t trong qu\u00e1 tr\u00ecnh v\u1eadn chuy\u1ec3n v\u00e0 b\u1ea3o qu\u1ea3n.<br \/>\n<span data-spm-anchor-id=\"a2700.details.0.i24.2d1a4d48kpugMw\">Ch\u1ea5t b\u1ea3o qu\u1ea3n c\u00f3 ch\u1ee9a Vc-Ca c\u00f3 th\u1ec3 ng\u0103n ng\u1eeba s\u1ef1 ph\u00e2n h\u1ee7y protein c\u00f3 trong th\u1ef1c ph\u1ea9m t\u01b0\u01a1i s\u1ed1ng nh\u01b0 c\u00e1 v\u00e0 th\u1ecbt, v\u00e0 t\u00e1c d\u1ee5ng ch\u1ed1ng ph\u00e2n h\u1ee7y v\u00e0 ng\u0103n ng\u1eeba \u0111\u1ed9 t\u01b0\u01a1i c\u1ee7a n\u00f3 kh\u00f4ng b\u1ecb h\u1ea1n ch\u1ebf b\u1edfi c\u00e1c ph\u01b0\u01a1ng ph\u00e1p ti\u1ebfp x\u00fac, ch\u1eb3ng h\u1ea1n nh\u01b0 r\u1ea3i ho\u1eb7c phun v\u00e0o th\u1ef1c ph\u1ea9m. Ho\u1eb7c nh\u00fang th\u1ef1c ph\u1ea9m v\u00e0o dung d\u1ecbch h\u00f3a ch\u1ea5t, ho\u1eb7c cho ch\u1ea5t l\u00e0m l\u1ea1nh nh\u01b0 \u0111\u00e1 v\u00e0o dung d\u1ecbch c\u00f9ng m\u1ed9t l\u00fac, r\u1ea5t ti\u1ec7n l\u1ee3i khi s\u1eed d\u1ee5ng.<\/span><\/div>\n<div>t\u1eeb kh\u00f3a: Th\u1ef1c ph\u1ea9m Canxi Ascorbate; B\u1ed9t Canxi Ascorbate; Canxi Ascorbate; CAS 5743-27-1;<\/div>\n<\/div>\n<\/div>\n<\/div>\n<\/div>\n<\/div>\n<\/div>\n<p>&nbsp;<\/p>","protected":false},"excerpt":{"rendered":"<p>T\u00ean s\u1ea3n ph\u1ea9m: Canxi diascorbat<br \/>\nS\u1ed1 CAS: 5743-27-1<br \/>\nMF:C12H14CaO12<br \/>\nNgo\u1ea1i h\u00ecnh: s\u1ee9c m\u1ea1nh m\u00e0u tr\u1eafng<\/p>","protected":false},"featured_media":2160,"template":"","meta":{"_acf_changed":false,"_gspb_post_css":""},"product_brand":[],"product_cat":[55,56],"product_tag":[],"class_list":{"0":"post-3506","1":"product","2":"type-product","3":"status-publish","4":"has-post-thumbnail","6":"product_cat-food-additives","7":"product_cat-sweetener","9":"first","10":"instock","11":"shipping-taxable","12":"product-type-simple"},"acf":[],"_links":{"self":[{"href":"https:\/\/wpachem.com\/vi\/wp-json\/wp\/v2\/product\/3506","targetHints":{"allow":["GET"]}}],"collection":[{"href":"https:\/\/wpachem.com\/vi\/wp-json\/wp\/v2\/product"}],"about":[{"href":"https:\/\/wpachem.com\/vi\/wp-json\/wp\/v2\/types\/product"}],"version-history":[{"count":0,"href":"https:\/\/wpachem.com\/vi\/wp-json\/wp\/v2\/product\/3506\/revisions"}],"wp:featuredmedia":[{"embeddable":true,"href":"https:\/\/wpachem.com\/vi\/wp-json\/wp\/v2\/media\/2160"}],"wp:attachment":[{"href":"https:\/\/wpachem.com\/vi\/wp-json\/wp\/v2\/media?parent=3506"}],"wp:term":[{"taxonomy":"product_brand","embeddable":true,"href":"https:\/\/wpachem.com\/vi\/wp-json\/wp\/v2\/product_brand?post=3506"},{"taxonomy":"product_cat","embeddable":true,"href":"https:\/\/wpachem.com\/vi\/wp-json\/wp\/v2\/product_cat?post=3506"},{"taxonomy":"product_tag","embeddable":true,"href":"https:\/\/wpachem.com\/vi\/wp-json\/wp\/v2\/product_tag?post=3506"}],"curies":[{"name":"wp","href":"https:\/\/api.w.org\/{rel}","templated":true}]}}