{"id":3509,"date":"2023-03-21T07:55:20","date_gmt":"2023-03-21T07:55:20","guid":{"rendered":"http:\/\/site2.easyceotech.com\/?post_type=product&#038;p=3509"},"modified":"2024-03-12T07:48:21","modified_gmt":"2024-03-12T07:48:21","slug":"sodium-ascorbate","status":"publish","type":"product","link":"https:\/\/wpachem.com\/vi\/product\/sodium-ascorbate\/","title":{"rendered":"Natri Ascorbat"},"content":{"rendered":"<p><strong><span data-spm-anchor-id=\"a2700.details.0.i24.65865dbbSV7DvS\">M\u00f4 t\u1ea3 v\u1ec1 Natri Ascorbate:<\/span><\/strong><\/p>\n<p>Natri ascorbat l\u00e0 ch\u1ea5t r\u1eafn k\u1ebft tinh m\u00e0u tr\u1eafng \u0111\u1ebfn h\u01a1i v\u00e0ng, kh\u00f4ng m\u00f9i v\u00e0 h\u01a1i m\u1eb7n. 1g s\u1ea3n ph\u1ea9m n\u00e0y c\u00f3 th\u1ec3 h\u00f2a tan trong 2mL n\u01b0\u1edbc. Nhi\u1ec7t \u0111\u1ed9 ph\u00e2n h\u1ee7y l\u00e0 218\u2103. N\u00f3 t\u01b0\u01a1ng \u0111\u1ed1i \u1ed5n \u0111\u1ecbnh \u1edf tr\u1ea1ng th\u00e1i kh\u00f4. Khi ti\u1ebfp x\u00fac v\u1edbi \u00e1nh s\u00e1ng, m\u00e0u s\u1eafc \u0111\u1eadm h\u01a1n. Sau khi h\u1ea5p th\u1ee5 \u0111\u1ed9 \u1ea9m, n\u00f3 b\u1ecb oxy h\u00f3a ch\u1eadm v\u00e0 ph\u00e2n h\u1ee7y trong dung d\u1ecbch n\u01b0\u1edbc. N\u00f3 h\u00f2a tan trong n\u01b0\u1edbc nhi\u1ec1u h\u01a1n axit ascorbic (62g \/ 100mL) v\u00e0 \u0111\u1ed9 pH c\u1ee7a dung d\u1ecbch n\u01b0\u1edbc 10% l\u00e0 kho\u1ea3ng 7,5. S\u1eed d\u1ee5ng ch\u1ea5t t\u0103ng c\u01b0\u1eddng vitamin, ch\u1ea5t ch\u1ed1ng oxy h\u00f3a.<\/p>\n<div>\n<div>\n<div>\n<div>\n<div>\n<div><strong>\u1ee8ng d\u1ee5ng c\u1ee7a Natri Ascorbate:<\/strong><br \/>\nNatri ascorbat \u0111\u01b0\u1ee3c s\u1eed d\u1ee5ng r\u1ed9ng r\u00e3i trong nhi\u1ec1u l\u0129nh v\u1ef1c nh\u01b0 th\u1ef1c ph\u1ea9m, \u0111\u1ed3 u\u1ed1ng, nu\u00f4i tr\u1ed3ng th\u1ee7y s\u1ea3n v\u00e0 ph\u1ee5 gia th\u1ee9c \u0103n ch\u0103n nu\u00f4i.<\/p>\n<div>t\u1eeb kh\u00f3a: Mu\u1ed1i natri axit L-Ascorbic VC natri Vitamin C B\u1ed9t natri Ascorbate CAS 134-03-2<\/div>\n<\/div>\n<\/div>\n<\/div>\n<\/div>\n<\/div>\n<\/div>\n<p>&nbsp;<\/p>","protected":false},"excerpt":{"rendered":"<p>T\u00ean s\u1ea3n ph\u1ea9m: Natri Ascorbate<br \/>\nS\u1ed1 CAS: 134-03-2<br \/>\nMF:C6H7NaO6<br \/>\nNgo\u1ea1i h\u00ecnh: s\u1ee9c m\u1ea1nh m\u00e0u tr\u1eafng<\/p>","protected":false},"featured_media":2172,"template":"","meta":{"_acf_changed":false,"_gspb_post_css":""},"product_brand":[],"product_cat":[55],"product_tag":[],"class_list":{"0":"post-3509","1":"product","2":"type-product","3":"status-publish","4":"has-post-thumbnail","6":"product_cat-food-additives","8":"first","9":"instock","10":"shipping-taxable","11":"product-type-simple"},"acf":[],"_links":{"self":[{"href":"https:\/\/wpachem.com\/vi\/wp-json\/wp\/v2\/product\/3509","targetHints":{"allow":["GET"]}}],"collection":[{"href":"https:\/\/wpachem.com\/vi\/wp-json\/wp\/v2\/product"}],"about":[{"href":"https:\/\/wpachem.com\/vi\/wp-json\/wp\/v2\/types\/product"}],"version-history":[{"count":0,"href":"https:\/\/wpachem.com\/vi\/wp-json\/wp\/v2\/product\/3509\/revisions"}],"wp:featuredmedia":[{"embeddable":true,"href":"https:\/\/wpachem.com\/vi\/wp-json\/wp\/v2\/media\/2172"}],"wp:attachment":[{"href":"https:\/\/wpachem.com\/vi\/wp-json\/wp\/v2\/media?parent=3509"}],"wp:term":[{"taxonomy":"product_brand","embeddable":true,"href":"https:\/\/wpachem.com\/vi\/wp-json\/wp\/v2\/product_brand?post=3509"},{"taxonomy":"product_cat","embeddable":true,"href":"https:\/\/wpachem.com\/vi\/wp-json\/wp\/v2\/product_cat?post=3509"},{"taxonomy":"product_tag","embeddable":true,"href":"https:\/\/wpachem.com\/vi\/wp-json\/wp\/v2\/product_tag?post=3509"}],"curies":[{"name":"wp","href":"https:\/\/api.w.org\/{rel}","templated":true}]}}