{"id":3512,"date":"2023-03-21T07:57:25","date_gmt":"2023-03-21T07:57:25","guid":{"rendered":"http:\/\/site2.easyceotech.com\/?post_type=product&#038;p=3512"},"modified":"2024-03-12T07:48:18","modified_gmt":"2024-03-12T07:48:18","slug":"erythorbic-acid","status":"publish","type":"product","link":"https:\/\/wpachem.com\/vi\/product\/erythorbic-acid\/","title":{"rendered":"Axit Erythorbic"},"content":{"rendered":"<p><span data-spm-anchor-id=\"a2700.details.0.i19.1e735334Lwef7Q\">Axit Erythorbic \u0111\u01b0\u1ee3c s\u1eed d\u1ee5ng nh\u01b0 ch\u1ea5t ch\u1ed1ng oxy h\u00f3a<\/span>. Erythorbic l\u00e0 th\u00e0nh ph\u1ea7n th\u1ef1c ph\u1ea9m v\u00e0 ph\u1ee5 gia th\u1ef1c ph\u1ea9m c\u00f3 t\u00e1c d\u1ee5ng nh\u01b0 ch\u1ea5t b\u1ea3o qu\u1ea3n b\u1eb1ng c\u00e1ch \u1ee9c ch\u1ebf t\u00e1c \u0111\u1ed9ng c\u1ee7a oxy l\u00ean th\u1ef1c ph\u1ea9m v\u00e0 c\u00f3 th\u1ec3 c\u00f3 l\u1ee3i cho s\u1ee9c kh\u1ecfe. N\u00f3 kh\u00f4ng ch\u1ec9 gi\u1eef nguy\u00ean m\u00e0u s\u1eafc th\u1ef1c ph\u1ea9m v\u00e0 h\u01b0\u01a1ng v\u1ecb t\u1ef1 nhi\u00ean m\u00e0 c\u00f2n k\u00e9o d\u00e0i th\u1eddi h\u1ea1n s\u1eed d\u1ee5ng c\u1ee7a th\u1ef1c ph\u1ea9m m\u00e0 kh\u00f4ng c\u00f3 b\u1ea5t k\u1ef3 t\u00e1c d\u1ee5ng ph\u1ee5 n\u00e0o.<\/p>\n<p>C\u00e1ch s\u1eed d\u1ee5ng:<br \/>\nAxit Erythorbic l\u00e0 m\u1ed9t ch\u1ea5t ch\u1ed1ng oxy h\u00f3a quan tr\u1ecdng trong ng\u00e0nh c\u00f4ng nghi\u1ec7p th\u1ef1c ph\u1ea9m. N\u00f3 c\u00f3 th\u1ec3 gi\u1eef m\u00e0u s\u1eafc v\u00e0 h\u01b0\u01a1ng v\u1ecb t\u1ef1 nhi\u00ean c\u1ee7a th\u1ef1c ph\u1ea9m v\u00e0 k\u00e9o d\u00e0i<br \/>\nl\u01b0u tr\u1eef c\u1ee7a ch\u00fang m\u00e0 kh\u00f4ng c\u00f3 b\u1ea5t k\u1ef3 \u0111\u1ed9c t\u00ednh ho\u1eb7c t\u00e1c d\u1ee5ng ph\u1ee5 n\u00e0o. N\u00f3 c\u00f3 th\u1ec3 \u0111\u01b0\u1ee3c s\u1eed d\u1ee5ng trong ch\u1ebf bi\u1ebfn th\u1ecbt, tr\u00e1i c\u00e2y, rau qu\u1ea3, m\u1ee9t \u0111\u00f3ng h\u1ed9p, v.v. N\u00f3<br \/>\nc\u0169ng \u0111\u01b0\u1ee3c s\u1eed d\u1ee5ng trong \u0111\u1ed3 u\u1ed1ng, ch\u1eb3ng h\u1ea1n nh\u01b0 bia, r\u01b0\u1ee3u nho, n\u01b0\u1edbc gi\u1ea3i kh\u00e1t, tr\u00e0 hoa qu\u1ea3, n\u01b0\u1edbc \u00e9p tr\u00e1i c\u00e2y, v.v.<\/p>\n<p>\u1ee8ng d\u1ee5ng:<br \/>\nAxit Erythorbic c\u00f3 th\u1ec3 \u0111\u01b0\u1ee3c s\u1eed d\u1ee5ng nh\u01b0 m\u1ed9t ch\u1ea5t ch\u1ed1ng oxy h\u00f3a. Ch\u1ea5t ch\u1ed1ng oxy h\u00f3a l\u00e0 th\u00e0nh ph\u1ea7n th\u1ef1c ph\u1ea9m v\u00e0 ph\u1ee5 gia th\u1ef1c ph\u1ea9m ho\u1ea1t \u0111\u1ed9ng nh\u01b0 ch\u1ea5t b\u1ea3o qu\u1ea3n b\u1eb1ng c\u00e1ch<br \/>\n\u1ee9c ch\u1ebf t\u00e1c d\u1ee5ng c\u1ee7a oxy, c\u00f3 l\u1ee3i cho s\u1ee9c kh\u1ecfe. L\u00e0 m\u1ed9t ch\u1ea5t ch\u1ed1ng oxy h\u00f3a quan tr\u1ecdng trong ng\u00e0nh c\u00f4ng nghi\u1ec7p th\u1ef1c ph\u1ea9m, Axit Erythorbic kh\u00f4ng ch\u1ec9 c\u00f3 th\u1ec3 gi\u1eef nguy\u00ean m\u00e0u s\u1eafc v\u00e0 h\u01b0\u01a1ng v\u1ecb t\u1ef1 nhi\u00ean c\u1ee7a th\u1ef1c ph\u1ea9m m\u00e0 c\u00f2n c\u00f3 th\u1ec3 k\u00e9o d\u00e0i th\u1eddi h\u1ea1n s\u1eed d\u1ee5ng c\u1ee7a th\u1ef1c ph\u1ea9m m\u00e0 kh\u00f4ng c\u00f3 b\u1ea5t k\u1ef3 t\u00e1c d\u1ee5ng ph\u1ee5 n\u00e0o.<\/p>","protected":false},"excerpt":{"rendered":"<p>T\u00ean s\u1ea3n ph\u1ea9m: Axit Erythorbic<br \/>\nS\u1ed1 CAS: 89-65-6<br \/>\nMF:C6H8O6<br \/>\nNgo\u1ea1i h\u00ecnh: s\u1ee9c m\u1ea1nh m\u00e0u tr\u1eafng<\/p>","protected":false},"featured_media":2182,"template":"","meta":{"_acf_changed":false,"_gspb_post_css":""},"product_brand":[],"product_cat":[55],"product_tag":[],"class_list":{"0":"post-3512","1":"product","2":"type-product","3":"status-publish","4":"has-post-thumbnail","6":"product_cat-food-additives","8":"first","9":"instock","10":"shipping-taxable","11":"product-type-simple"},"acf":[],"_links":{"self":[{"href":"https:\/\/wpachem.com\/vi\/wp-json\/wp\/v2\/product\/3512","targetHints":{"allow":["GET"]}}],"collection":[{"href":"https:\/\/wpachem.com\/vi\/wp-json\/wp\/v2\/product"}],"about":[{"href":"https:\/\/wpachem.com\/vi\/wp-json\/wp\/v2\/types\/product"}],"version-history":[{"count":0,"href":"https:\/\/wpachem.com\/vi\/wp-json\/wp\/v2\/product\/3512\/revisions"}],"wp:featuredmedia":[{"embeddable":true,"href":"https:\/\/wpachem.com\/vi\/wp-json\/wp\/v2\/media\/2182"}],"wp:attachment":[{"href":"https:\/\/wpachem.com\/vi\/wp-json\/wp\/v2\/media?parent=3512"}],"wp:term":[{"taxonomy":"product_brand","embeddable":true,"href":"https:\/\/wpachem.com\/vi\/wp-json\/wp\/v2\/product_brand?post=3512"},{"taxonomy":"product_cat","embeddable":true,"href":"https:\/\/wpachem.com\/vi\/wp-json\/wp\/v2\/product_cat?post=3512"},{"taxonomy":"product_tag","embeddable":true,"href":"https:\/\/wpachem.com\/vi\/wp-json\/wp\/v2\/product_tag?post=3512"}],"curies":[{"name":"wp","href":"https:\/\/api.w.org\/{rel}","templated":true}]}}