{"id":3515,"date":"2023-03-21T07:59:45","date_gmt":"2023-03-21T07:59:45","guid":{"rendered":"http:\/\/site2.easyceotech.com\/?post_type=product&#038;p=3515"},"modified":"2024-03-12T07:45:39","modified_gmt":"2024-03-12T07:45:39","slug":"sodium-erythorbate","status":"publish","type":"product","link":"https:\/\/wpachem.com\/vi\/product\/sodium-erythorbate\/","title":{"rendered":"Natri Erythorbat"},"content":{"rendered":"<p><strong data-spm-anchor-id=\"a2700.details.0.i18.4e7268143HJ21S\">S\u1ef1 mi\u00eau t\u1ea3:<\/strong>\u00a0Natri erythorbate l\u00e0 b\u1ed9t tinh th\u1ec3 m\u00e0u tr\u1eafng ho\u1eb7c v\u00e0ng tr\u1eafng ho\u1eb7c h\u1ea1t, kh\u00f4ng m\u00f9i, \u00edt mu\u1ed1i, \u0111i\u1ec3m n\u00f3ng ch\u1ea3y tr\u00ean 200, kh\u00e1 \u1ed5n \u0111\u1ecbnh khi kh\u00f4 ti\u1ebfp x\u00fac v\u1edbi kh\u00f4ng kh\u00ed, nh\u01b0ng trong dung d\u1ecbch n\u01b0\u1edbc, khi c\u00f3 kh\u00f4ng kh\u00ed, kim lo\u1ea1i, nhi\u1ec7t v\u00e0 \u00e1nh s\u00e1ng, qu\u00e1 tr\u00ecnh oxy h\u00f3a s\u1ebd x\u1ea3y ra. N\u00f3 d\u1ec5 d\u00e0ng h\u00f2a tan trong n\u01b0\u1edbc; 16g \/ 100ml \u1edf nhi\u1ec7t \u0111\u1ed9 b\u00ecnh th\u01b0\u1eddng, h\u1ea7u nh\u01b0 kh\u00f4ng h\u00f2a tan trong ethanol, gi\u00e1 tr\u1ecb PH c\u1ee7a dung d\u1ecbch n\u01b0\u1edbc 2% l\u00e0 5,5-8,0.<\/p>\n<p>Ph\u00f9 h\u1ee3p v\u1edbi th\u00f4ng s\u1ed1 k\u1ef9 thu\u1eadt c\u1ee7a GB8273-87, FCC \u0111\u1ed1i v\u1edbi ph\u1ee5 gia th\u1ef1c ph\u1ea9m<\/p>\n<p>&nbsp;<\/p>\n<p><strong data-spm-anchor-id=\"a2700.details.0.i19.4e7268143HJ21S\">S\u1eed d\u1ee5ng<\/strong>: Natri Erythorbate ch\u1ee7 y\u1ebfu \u0111\u01b0\u1ee3c s\u1eed d\u1ee5ng trong ng\u00e0nh c\u00f4ng nghi\u1ec7p th\u1ef1c ph\u1ea9m, \u0111\u01b0\u1ee3c s\u1eed d\u1ee5ng nh\u01b0 ch\u1ea5t ch\u1ed1ng oxy h\u00f3a, ch\u1ea5t b\u1ea3o qu\u1ea3n v\u00e0 ch\u1ea5t t\u1ea1o m\u00e0u, \u0111\u01b0\u1ee3c s\u1eed d\u1ee5ng r\u1ed9ng r\u00e3i trong th\u1ef1c ph\u1ea9m th\u1ecbt, th\u1ee9c \u0103n cho c\u00e1, bia, n\u01b0\u1edbc \u00e9p tr\u00e1i c\u00e2y, tinh th\u1ec3 xi-r\u00f4, h\u1ed9p tr\u00e1i c\u00e2y v\u00e0 rau qu\u1ea3, b\u00e1nh ng\u1ecdt, s\u1ea3n ph\u1ea9m t\u1eeb s\u1eefa, m\u1ee9t, r\u01b0\u1ee3u sherry, d\u01b0a chua v\u00e0 m\u1ee1, v.v. li\u1ec1u l\u01b0\u1ee3ng cho th\u1ef1c ph\u1ea9m th\u1ecbt l\u00e0 0,5 ~ 1,0 g \/ kg. \u0110\u1ed1i v\u1edbi c\u00e1 \u0111\u00f4ng l\u1ea1nh, c\u00e1 n\u00ean \u0111\u01b0\u1ee3c ng\u00e2m trong dung d\u1ecbch n\u01b0\u1edbc 0,1%-0,8% tr\u01b0\u1edbc khi \u0111\u00f4ng l\u1ea1nh. Li\u1ec1u l\u01b0\u1ee3ng trong \u0111\u1ed3 u\u1ed1ng nh\u01b0 xi-r\u00f4 l\u00e0 0,01% ~ 0,03%, h\u1ed9p t\u00e1o v\u00e0 n\u01b0\u1edbc s\u1ed1t bechamel: 0,15g \/ kg (li\u1ec1u l\u01b0\u1ee3ng ri\u00eang l\u1ebb ho\u1eb7c k\u1ebft h\u1ee3p v\u1edbi VC), th\u1ecbt h\u1ed9p, b\u1ed9t th\u1ecbt n\u1ea5u ch\u00edn, th\u1ecbt \u0111\u00f9i tr\u01b0\u1edbc n\u1ea5u ch\u00edn, gi\u0103m b\u00f4ng n\u1ea5u ch\u00edn, li\u1ec1u l\u01b0\u1ee3ng l\u00e0 0,5g \/ kg (li\u1ec1u l\u01b0\u1ee3ng ri\u00eang l\u1ebb ho\u1eb7c k\u1ebft h\u1ee3p v\u1edbi VC v\u00e0 mu\u1ed1i natri kh\u00e1c, t\u00ednh c\u1ea3 VC), \u0111\u1ed1i v\u1edbi m\u1ee9t \u0111\u00e0o, t\u00e1o: 2g \/ kg, \u0111\u1ed1i v\u1edbi h\u1ed9p tr\u00e1i c\u00e2y, l\u00e0 0,75-1,5g \/ l, \u0111\u1ed1i v\u1edbi xi-r\u00f4 t\u1ef1 nhi\u00ean, l\u00e0 0,08-0,11g \/ l, \u0111\u1ed1i v\u1edbi bia, l\u00e0 0,03g \/ l (FAO \/ WHO (1977).<\/p>","protected":false},"excerpt":{"rendered":"<p>T\u00ean s\u1ea3n ph\u1ea9m: Natri Erythorbate<br \/>\nS\u1ed1 CAS: 6381-77-7<br \/>\nMF:C6H9NaO6<br \/>\nNgo\u1ea1i h\u00ecnh: s\u1ee9c m\u1ea1nh m\u00e0u tr\u1eafng<\/p>","protected":false},"featured_media":2153,"template":"","meta":{"_acf_changed":false,"_gspb_post_css":""},"product_brand":[],"product_cat":[55],"product_tag":[],"class_list":{"0":"post-3515","1":"product","2":"type-product","3":"status-publish","4":"has-post-thumbnail","6":"product_cat-food-additives","8":"first","9":"instock","10":"shipping-taxable","11":"product-type-simple"},"acf":[],"_links":{"self":[{"href":"https:\/\/wpachem.com\/vi\/wp-json\/wp\/v2\/product\/3515","targetHints":{"allow":["GET"]}}],"collection":[{"href":"https:\/\/wpachem.com\/vi\/wp-json\/wp\/v2\/product"}],"about":[{"href":"https:\/\/wpachem.com\/vi\/wp-json\/wp\/v2\/types\/product"}],"version-history":[{"count":0,"href":"https:\/\/wpachem.com\/vi\/wp-json\/wp\/v2\/product\/3515\/revisions"}],"wp:featuredmedia":[{"embeddable":true,"href":"https:\/\/wpachem.com\/vi\/wp-json\/wp\/v2\/media\/2153"}],"wp:attachment":[{"href":"https:\/\/wpachem.com\/vi\/wp-json\/wp\/v2\/media?parent=3515"}],"wp:term":[{"taxonomy":"product_brand","embeddable":true,"href":"https:\/\/wpachem.com\/vi\/wp-json\/wp\/v2\/product_brand?post=3515"},{"taxonomy":"product_cat","embeddable":true,"href":"https:\/\/wpachem.com\/vi\/wp-json\/wp\/v2\/product_cat?post=3515"},{"taxonomy":"product_tag","embeddable":true,"href":"https:\/\/wpachem.com\/vi\/wp-json\/wp\/v2\/product_tag?post=3515"}],"curies":[{"name":"wp","href":"https:\/\/api.w.org\/{rel}","templated":true}]}}