{"id":3518,"date":"2023-03-21T08:01:49","date_gmt":"2023-03-21T08:01:49","guid":{"rendered":"http:\/\/site2.easyceotech.com\/?post_type=product&#038;p=3518"},"modified":"2024-03-12T07:46:24","modified_gmt":"2024-03-12T07:46:24","slug":"tert-butylhydroquinone","status":"publish","type":"product","link":"https:\/\/wpachem.com\/vi\/product\/tert-butylhydroquinone\/","title":{"rendered":"Tert-butylhydroquinone"},"content":{"rendered":"<p>TBHQ Ch\u1ee7 y\u1ebfu \u0111\u01b0\u1ee3c s\u1eed d\u1ee5ng l\u00e0m ch\u1ea5t \u1ee9c ch\u1ebf polyvinyl clorua. Trong c\u00f4ng nghi\u1ec7p th\u1ef1c ph\u1ea9m, n\u00f3 \u0111\u01b0\u1ee3c s\u1eed d\u1ee5ng l\u00e0m ch\u1ea5t ch\u1ed1ng oxy h\u00f3a cho d\u1ea7u th\u1ef1c v\u1eadt v\u00e0 ch\u1ea5t b\u00e9o, th\u1ef1c ph\u1ea9m rang, th\u1ef1c ph\u1ea9m chi\u00ean v\u00e0 c\u00e1c s\u1ea3n ph\u1ea9m th\u1ecbt. N\u00f3 c\u0169ng \u0111\u01b0\u1ee3c s\u1eed d\u1ee5ng l\u00e0m ch\u1ea5t \u1ed5n \u0111\u1ecbnh cho thu\u1ed1c tr\u1eeb s\u00e2u, c\u0169ng nh\u01b0 ch\u1ea5t trung gian cho thu\u1ed1c nhu\u1ed9m v\u00e0 d\u01b0\u1ee3c ph\u1ea9m.<\/p>\n<p>Tertiary Butyl Hydroquinone (TBHQ) l\u00e0 ch\u1ea5t ch\u1ed1ng oxy h\u00f3a t\u1ed5ng h\u1ee3p d\u00f9ng trong th\u1ef1c ph\u1ea9m, \u0111\u01b0\u1ee3c s\u1eed d\u1ee5ng \u0111\u1ec3 \u1ed5n \u0111\u1ecbnh nhi\u1ec1u lo\u1ea1i d\u1ea7u th\u1ef1c v\u1eadt, ch\u1ea5t b\u00e9o v\u00e0 th\u1ef1c ph\u1ea9m ch\u1ed1ng l\u1ea1i qu\u00e1 tr\u00ecnh oxy h\u00f3a, do \u0111\u00f3 l\u00e0m ch\u1eadm qu\u00e1 tr\u00ecnh \u00f4i thiu trong c\u00e1c s\u1ea3n ph\u1ea9m n\u00e0y v\u00e0 k\u00e9o d\u00e0i th\u1eddi h\u1ea1n b\u1ea3o qu\u1ea3n.<\/p>\n<p>TBHQ l\u00e0 ch\u1ea5t b\u1ea3o qu\u1ea3n c\u1ef1c k\u1ef3 hi\u1ec7u qu\u1ea3 \u0111\u1ed1i v\u1edbi d\u1ea7u th\u1ef1c v\u1eadt kh\u00f4ng b\u00e3o h\u00f2a v\u00e0 nhi\u1ec1u lo\u1ea1i m\u1ee1 \u0111\u1ed9ng v\u1eadt \u0103n \u0111\u01b0\u1ee3c. N\u00f3 kh\u00f4ng g\u00e2y \u0111\u1ed5i m\u00e0u ngay c\u1ea3 khi c\u00f3 s\u1eaft, v\u00e0 kh\u00f4ng l\u00e0m thay \u0111\u1ed5i h\u01b0\u01a1ng v\u1ecb ho\u1eb7c m\u00f9i c\u1ee7a v\u1eadt li\u1ec7u m\u00e0 n\u00f3 \u0111\u01b0\u1ee3c th\u00eam v\u00e0o. N\u00f3 c\u00f3 th\u1ec3 \u0111\u01b0\u1ee3c k\u1ebft h\u1ee3p v\u1edbi c\u00e1c ch\u1ea5t b\u1ea3o qu\u1ea3n kh\u00e1c nh\u01b0 butylated hydroxyanisole (BHA). L\u00e0 ph\u1ee5 gia th\u1ef1c ph\u1ea9m, s\u1ed1 E c\u1ee7a n\u00f3 l\u00e0 E319, n\u01a1i n\u00f3 \u0111\u01b0\u1ee3c s\u1eed d\u1ee5ng nh\u01b0 m\u1ed9t ch\u1ea5t b\u1ea3o qu\u1ea3n. N\u00f3 \u0111\u01b0\u1ee3c th\u00eam v\u00e0o nhi\u1ec1u lo\u1ea1i th\u1ef1c ph\u1ea9m, v\u1edbi gi\u1edbi h\u1ea1n cao nh\u1ea5t (1000 mg\/kg) \u0111\u01b0\u1ee3c ph\u00e9p \u0111\u1ed1i v\u1edbi c\u00e1 v\u00e0 c\u00e1c s\u1ea3n ph\u1ea9m c\u00e1 \u0111\u00f4ng l\u1ea1nh. \u01afu \u0111i\u1ec3m ch\u00ednh c\u1ee7a n\u00f3 l\u00e0 k\u00e9o d\u00e0i th\u1eddi h\u1ea1n b\u1ea3o qu\u1ea3n.<\/p>","protected":false},"excerpt":{"rendered":"<p>T\u00ean s\u1ea3n ph\u1ea9m: tert-Butylhydroquinone<br \/>\nS\u1ed1 CAS: 1948-33-0<br \/>\nM\u1ea0NG: C10H14O2<br \/>\nNgo\u1ea1i h\u00ecnh: s\u1ee9c m\u1ea1nh m\u00e0u tr\u1eafng<\/p>","protected":false},"featured_media":2180,"template":"","meta":{"_acf_changed":false,"_gspb_post_css":""},"product_brand":[],"product_cat":[55],"product_tag":[],"class_list":{"0":"post-3518","1":"product","2":"type-product","3":"status-publish","4":"has-post-thumbnail","6":"product_cat-food-additives","8":"first","9":"instock","10":"shipping-taxable","11":"product-type-simple"},"acf":[],"_links":{"self":[{"href":"https:\/\/wpachem.com\/vi\/wp-json\/wp\/v2\/product\/3518","targetHints":{"allow":["GET"]}}],"collection":[{"href":"https:\/\/wpachem.com\/vi\/wp-json\/wp\/v2\/product"}],"about":[{"href":"https:\/\/wpachem.com\/vi\/wp-json\/wp\/v2\/types\/product"}],"version-history":[{"count":0,"href":"https:\/\/wpachem.com\/vi\/wp-json\/wp\/v2\/product\/3518\/revisions"}],"wp:featuredmedia":[{"embeddable":true,"href":"https:\/\/wpachem.com\/vi\/wp-json\/wp\/v2\/media\/2180"}],"wp:attachment":[{"href":"https:\/\/wpachem.com\/vi\/wp-json\/wp\/v2\/media?parent=3518"}],"wp:term":[{"taxonomy":"product_brand","embeddable":true,"href":"https:\/\/wpachem.com\/vi\/wp-json\/wp\/v2\/product_brand?post=3518"},{"taxonomy":"product_cat","embeddable":true,"href":"https:\/\/wpachem.com\/vi\/wp-json\/wp\/v2\/product_cat?post=3518"},{"taxonomy":"product_tag","embeddable":true,"href":"https:\/\/wpachem.com\/vi\/wp-json\/wp\/v2\/product_tag?post=3518"}],"curies":[{"name":"wp","href":"https:\/\/api.w.org\/{rel}","templated":true}]}}