{"id":3524,"date":"2023-03-22T03:01:29","date_gmt":"2023-03-22T03:01:29","guid":{"rendered":"http:\/\/site2.easyceotech.com\/?post_type=product&#038;p=3524"},"modified":"2024-03-12T07:46:20","modified_gmt":"2024-03-12T07:46:20","slug":"vitamin-a","status":"publish","type":"product","link":"https:\/\/wpachem.com\/vi\/product\/vitamin-a\/","title":{"rendered":"Vitamin A"},"content":{"rendered":"<p>Vitamin A l\u00e0 m\u1ed9t lo\u1ea1i vitamin tan trong ch\u1ea5t b\u00e9o t\u1ed3n t\u1ea1i d\u01b0\u1edbi d\u1ea1ng aldehyde ho\u1eb7c este t\u1ef1 do trong th\u1ef1c ph\u1ea9m \u0111\u1ed9ng v\u1eadt v\u00e0 c\u00f3 nhi\u1ec1u trong ch\u1ea5t b\u00e9o, protein, s\u1eefa v\u00e0 gan. Vitamin A kh\u00f4ng c\u00f3 trong th\u1ef1c v\u1eadt, nh\u01b0ng ti\u1ec1n ch\u1ea5t c\u1ee7a vitamin A (provitaChemicalbookminA) c\u00f3 trong c\u00e1c lo\u1ea1i rau nh\u01b0 c\u00e0 r\u1ed1t v\u00e0 c\u00e0 chua, c\u00f3 th\u1ec3 chuy\u1ec3n \u0111\u1ed5i th\u00e0nh vitamin A khi \u0111\u01b0\u1ee3c \u0111\u1ed9ng v\u1eadt h\u1ea5p th\u1ee5. Vitamin A r\u1ea5t c\u1ea7n thi\u1ebft cho s\u1ef1 t\u0103ng tr\u01b0\u1edfng, ph\u00e1t tri\u1ec3n, sinh s\u1ea3n v\u00e0 s\u1ef1 \u1ed5n \u0111\u1ecbnh c\u1ee7a m\u00e0ng t\u1ebf b\u00e0o, v\u00e0 \u0111\u00f3ng vai tr\u00f2 quan tr\u1ecdng trong th\u1ecb l\u1ef1c.<\/p>","protected":false},"excerpt":{"rendered":"<p>T\u00ean s\u1ea3n ph\u1ea9m: Vitamin A<br \/>\nS\u1ed1 CAS: 68-26-8<br \/>\nMF:C20H30O<br \/>\nNgo\u1ea1i h\u00ecnh: s\u1ee9c m\u1ea1nh m\u00e0u v\u00e0ng<\/p>","protected":false},"featured_media":2096,"template":"","meta":{"_acf_changed":false,"_gspb_post_css":""},"product_brand":[],"product_cat":[24],"product_tag":[],"class_list":{"0":"post-3524","1":"product","2":"type-product","3":"status-publish","4":"has-post-thumbnail","6":"product_cat-uncategorized","8":"first","9":"instock","10":"shipping-taxable","11":"product-type-simple"},"acf":[],"_links":{"self":[{"href":"https:\/\/wpachem.com\/vi\/wp-json\/wp\/v2\/product\/3524","targetHints":{"allow":["GET"]}}],"collection":[{"href":"https:\/\/wpachem.com\/vi\/wp-json\/wp\/v2\/product"}],"about":[{"href":"https:\/\/wpachem.com\/vi\/wp-json\/wp\/v2\/types\/product"}],"version-history":[{"count":0,"href":"https:\/\/wpachem.com\/vi\/wp-json\/wp\/v2\/product\/3524\/revisions"}],"wp:featuredmedia":[{"embeddable":true,"href":"https:\/\/wpachem.com\/vi\/wp-json\/wp\/v2\/media\/2096"}],"wp:attachment":[{"href":"https:\/\/wpachem.com\/vi\/wp-json\/wp\/v2\/media?parent=3524"}],"wp:term":[{"taxonomy":"product_brand","embeddable":true,"href":"https:\/\/wpachem.com\/vi\/wp-json\/wp\/v2\/product_brand?post=3524"},{"taxonomy":"product_cat","embeddable":true,"href":"https:\/\/wpachem.com\/vi\/wp-json\/wp\/v2\/product_cat?post=3524"},{"taxonomy":"product_tag","embeddable":true,"href":"https:\/\/wpachem.com\/vi\/wp-json\/wp\/v2\/product_tag?post=3524"}],"curies":[{"name":"wp","href":"https:\/\/api.w.org\/{rel}","templated":true}]}}