{"id":3527,"date":"2023-03-22T03:17:45","date_gmt":"2023-03-22T03:17:45","guid":{"rendered":"http:\/\/site2.easyceotech.com\/?post_type=product&#038;p=3527"},"modified":"2024-03-12T07:46:18","modified_gmt":"2024-03-12T07:46:18","slug":"vitamin-d3","status":"publish","type":"product","link":"https:\/\/wpachem.com\/vi\/product\/vitamin-d3\/","title":{"rendered":"Vitamin D3"},"content":{"rendered":"<p><span class=\"magic-10\">Vitamin D3, c\u00f2n \u0111\u01b0\u1ee3c g\u1ecdi l\u00e0 cholecalciferol, l\u00e0 m\u1ed9t lo\u1ea1i vitamin D. 7-dehydrocholesterol \u0111\u01b0\u1ee3c t\u1ea1o ra sau qu\u00e1 tr\u00ecnh t\u00e1ch hydro cholesterol c\u00f3 th\u1ec3 \u0111\u01b0\u1ee3c chi\u1ebfu b\u1eb1ng tia c\u1ef1c t\u00edm \u0111\u1ec3 t\u1ea1o th\u00e0nh cholecalciferol, \u0111i\u1ec1u \u0111\u00f3 c\u00f3 ngh\u0129a l\u00e0 vitamin D ban \u0111\u1ea7u c\u1ee7a cholecalciferol l\u00e0 7-Dehydrocholesterol<\/span><\/p>\n<p>&nbsp;<\/p>\n<div><b class=\"magic-19\" data-spm-anchor-id=\"a2700.details.0.i26.46524ebf9hkhNH\">Ch\u1ee9c n\u0103ng :<\/b><\/div>\n<div>1. Vitamin D3 tan trong ch\u1ea5t b\u00e9o. 2. Vitamin D3 l\u00e0 m\u1ed9t trong nh\u1eefng lo\u1ea1i vitamin m\u00e0 s\u1ef1 thi\u1ebfu h\u1ee5t c\u00f3 th\u1ec3 g\u00e2y ra nh\u1eefng t\u00e1c \u0111\u1ed9ng nghi\u00eam tr\u1ecdng. Tr\u1ebb em kh\u00f4ng nh\u1eadn \u0111\u1ee7 vitamin D3 trong ch\u1ebf \u0111\u1ed9 \u0103n u\u1ed1ng c\u1ee7a m\u00ecnh c\u00f3 nguy c\u01a1 m\u1eafc b\u1ec7nh c\u00f2i x\u01b0\u01a1ng cao h\u01a1n, m\u1ed9t c\u0103n b\u1ec7nh g\u00e2y ra d\u1ecb t\u1eadt x\u01b0\u01a1ng v\u00e0 r\u0103ng \u1edf tr\u1ebb em. Ng\u01b0\u1eddi l\u1edbn c\u00f3 l\u01b0\u1ee3ng vitamin D3 th\u1ea5p c\u00f3 nhi\u1ec1u kh\u1ea3 n\u0103ng m\u1eafc b\u1ec7nh nhuy\u1ec5n x\u01b0\u01a1ng (t\u01b0\u01a1ng t\u1ef1 nh\u01b0 b\u1ec7nh c\u00f2i x\u01b0\u01a1ng) v\u00e0 m\u1eafc b\u1ec7nh lo\u00e3ng x\u01b0\u01a1ng, m\u1ed9t c\u0103n b\u1ec7nh l\u00e0m x\u01b0\u01a1ng y\u1ebfu \u0111i. 3. Vitamin D3 c\u0169ng \u0111i\u1ec1u h\u00f2a h\u1ec7 th\u1ea7n kinh, h\u1ed7 tr\u1ee3 \u0111i\u1ec1u tr\u1ecb ch\u1ee9ng m\u1ea5t ng\u1ee7. M\u1ed9t c\u1ed1c s\u1eefa \u1ea5m tr\u01b0\u1edbc khi \u0111i ng\u1ee7 th\u1ef1c s\u1ef1 c\u00f3 th\u1ec3 gi\u00fap b\u1ea1n ng\u1ee7 ngon!<\/div>\n<p>&nbsp;<\/p>","protected":false},"excerpt":{"rendered":"<p>T\u00ean s\u1ea3n ph\u1ea9m: Vitamin D3<br \/>\nS\u1ed1 CAS: 67-97-0<br \/>\nMF: C27H44O<br \/>\nNgo\u1ea1i h\u00ecnh: s\u1ee9c m\u1ea1nh m\u00e0u tr\u1eafng<\/p>","protected":false},"featured_media":2217,"template":"","meta":{"_acf_changed":false,"_gspb_post_css":""},"product_brand":[],"product_cat":[55],"product_tag":[],"class_list":{"0":"post-3527","1":"product","2":"type-product","3":"status-publish","4":"has-post-thumbnail","6":"product_cat-food-additives","8":"first","9":"instock","10":"shipping-taxable","11":"product-type-simple"},"acf":[],"_links":{"self":[{"href":"https:\/\/wpachem.com\/vi\/wp-json\/wp\/v2\/product\/3527","targetHints":{"allow":["GET"]}}],"collection":[{"href":"https:\/\/wpachem.com\/vi\/wp-json\/wp\/v2\/product"}],"about":[{"href":"https:\/\/wpachem.com\/vi\/wp-json\/wp\/v2\/types\/product"}],"version-history":[{"count":0,"href":"https:\/\/wpachem.com\/vi\/wp-json\/wp\/v2\/product\/3527\/revisions"}],"wp:featuredmedia":[{"embeddable":true,"href":"https:\/\/wpachem.com\/vi\/wp-json\/wp\/v2\/media\/2217"}],"wp:attachment":[{"href":"https:\/\/wpachem.com\/vi\/wp-json\/wp\/v2\/media?parent=3527"}],"wp:term":[{"taxonomy":"product_brand","embeddable":true,"href":"https:\/\/wpachem.com\/vi\/wp-json\/wp\/v2\/product_brand?post=3527"},{"taxonomy":"product_cat","embeddable":true,"href":"https:\/\/wpachem.com\/vi\/wp-json\/wp\/v2\/product_cat?post=3527"},{"taxonomy":"product_tag","embeddable":true,"href":"https:\/\/wpachem.com\/vi\/wp-json\/wp\/v2\/product_tag?post=3527"}],"curies":[{"name":"wp","href":"https:\/\/api.w.org\/{rel}","templated":true}]}}