{"id":3530,"date":"2023-03-22T03:22:45","date_gmt":"2023-03-22T03:22:45","guid":{"rendered":"http:\/\/site2.easyceotech.com\/?post_type=product&#038;p=3530"},"modified":"2024-03-12T07:46:12","modified_gmt":"2024-03-12T07:46:12","slug":"vitamin-e","status":"publish","type":"product","link":"https:\/\/wpachem.com\/vi\/product\/vitamin-e\/","title":{"rendered":"Vitamin E"},"content":{"rendered":"<p><span class=\"magic-6\"><b>T\u00e1c d\u1ee5ng c\u1ee7a vitamin E trong th\u1ee9c \u0103n ch\u0103n nu\u00f4i \u0111\u01b0\u1ee3c th\u1ec3 hi\u1ec7n c\u1ee5 th\u1ec3 nh\u01b0 sau:<br \/>\n<\/b><\/span>1. T\u00e1c d\u1ee5ng ch\u1ed1ng oxy h\u00f3a sinh h\u1ecdc \u0111\u1ec3 ng\u0103n ng\u1eeba qu\u00e1 tr\u00ecnh peroxy h\u00f3a lipid v\u00e0 m\u1ed9t lo\u1ea1t c\u00e1c t\u1ed5n th\u01b0\u01a1ng v\u00e0 m\u1ea5t m\u00e1t do t\u1ebf b\u00e0o g\u00e2y ra<br \/>\nm\u00e0ng;<br \/>\n2. Vitamin E c\u00f3 th\u1ec3 c\u1ea3i thi\u1ec7n kh\u1ea3 n\u0103ng mi\u1ec5n d\u1ecbch v\u00e0 s\u1ee9c \u0111\u1ec1 kh\u00e1ng c\u1ee7a c\u01a1 th\u1ec3 v\u1edbi b\u1ec7nh t\u1eadt;<br \/>\n3. Vitamin E l\u00e0 cofactor c\u1ee7a cytochrome reductase, c\u00f3 li\u00ean quan \u0111\u1ebfn qu\u00e1 tr\u00ecnh \u0111i\u1ec1u h\u00f2a t\u1ed5ng h\u1ee3p DNA c\u1ee7a t\u1ebf b\u00e0o;<br \/>\n4. C\u00f3 th\u1ec3 l\u00e0m gi\u1ea3m \u0111\u1ed9c t\u00ednh c\u1ee7a c\u00e1c kim lo\u1ea1i n\u1eb7ng nh\u01b0 cadmium, th\u1ee7y ng\u00e2n, asen v\u00e0 b\u1ea1c;<br \/>\n5. Vitamin E c\u0169ng tham gia v\u00e0o ph\u1ea3n \u1ee9ng phosphoryl h\u00f3a, t\u1ed5ng h\u1ee3p vitamin C v\u00e0 axit pantothenic, c\u0169ng nh\u01b0 qu\u00e1 tr\u00ecnh chuy\u1ec3n h\u00f3a c\u00e1c axit amin ch\u1ee9a l\u01b0u hu\u1ef3nh v\u00e0 vitamin B12.<br \/>\n<b><span class=\"magic-6\">C\u00e1ch d\u00f9ng v\u00e0 li\u1ec1u d\u00f9ng: Tr\u1ed9n nguy\u00ean li\u1ec7u:<br \/>\n<\/span><\/b> G\u00e0 \u0111\u01b0\u1ee3c b\u1ed5 sung 50%VE10-20g tr\u00ean 1000kg th\u1ee9c \u0103n.<br \/>\nL\u1ee3n \u0111\u01b0\u1ee3c b\u1ed5 sung 50%VE6- -10 g tr\u00ean 1000kg th\u1ee9c \u0103n.<\/p>","protected":false},"excerpt":{"rendered":"<p>T\u00ean s\u1ea3n ph\u1ea9m: Vitamin E<br \/>\nS\u1ed1 CAS: 2074-53-5<br \/>\nCh\u1ea5t trung gian: C29H50O2<br \/>\nNgo\u1ea1i h\u00ecnh: s\u1ee9c m\u1ea1nh m\u00e0u tr\u1eafng<\/p>","protected":false},"featured_media":2169,"template":"","meta":{"_acf_changed":false,"_gspb_post_css":""},"product_brand":[],"product_cat":[55],"product_tag":[],"class_list":{"0":"post-3530","1":"product","2":"type-product","3":"status-publish","4":"has-post-thumbnail","6":"product_cat-food-additives","8":"first","9":"instock","10":"shipping-taxable","11":"product-type-simple"},"acf":[],"_links":{"self":[{"href":"https:\/\/wpachem.com\/vi\/wp-json\/wp\/v2\/product\/3530","targetHints":{"allow":["GET"]}}],"collection":[{"href":"https:\/\/wpachem.com\/vi\/wp-json\/wp\/v2\/product"}],"about":[{"href":"https:\/\/wpachem.com\/vi\/wp-json\/wp\/v2\/types\/product"}],"version-history":[{"count":0,"href":"https:\/\/wpachem.com\/vi\/wp-json\/wp\/v2\/product\/3530\/revisions"}],"wp:featuredmedia":[{"embeddable":true,"href":"https:\/\/wpachem.com\/vi\/wp-json\/wp\/v2\/media\/2169"}],"wp:attachment":[{"href":"https:\/\/wpachem.com\/vi\/wp-json\/wp\/v2\/media?parent=3530"}],"wp:term":[{"taxonomy":"product_brand","embeddable":true,"href":"https:\/\/wpachem.com\/vi\/wp-json\/wp\/v2\/product_brand?post=3530"},{"taxonomy":"product_cat","embeddable":true,"href":"https:\/\/wpachem.com\/vi\/wp-json\/wp\/v2\/product_cat?post=3530"},{"taxonomy":"product_tag","embeddable":true,"href":"https:\/\/wpachem.com\/vi\/wp-json\/wp\/v2\/product_tag?post=3530"}],"curies":[{"name":"wp","href":"https:\/\/api.w.org\/{rel}","templated":true}]}}