{"id":3533,"date":"2023-03-22T03:27:02","date_gmt":"2023-03-22T03:27:02","guid":{"rendered":"http:\/\/site2.easyceotech.com\/?post_type=product&#038;p=3533"},"modified":"2024-03-12T07:46:09","modified_gmt":"2024-03-12T07:46:09","slug":"vitamin-k","status":"publish","type":"product","link":"https:\/\/wpachem.com\/vi\/product\/vitamin-k\/","title":{"rendered":"Vitamin K"},"content":{"rendered":"<div class=\"J_module\">\n<div id=\"ali-anchor-AliMagic-fh50mr\" class=\"magic-3\" data-section=\"AliMagic-fh50mr\" data-section-title=\"Products Description\" data-spm-anchor-id=\"a2700.details.0.i19.501da031aJxYbj\">M\u00f4 t\u1ea3 s\u1ea3n ph\u1ea9m<\/div>\n<\/div>\n<div class=\"J_module\">\n<div class=\"ife-detail-decorate-table\">\n<table class=\"has-title all magic-4\">\n<tbody>\n<tr>\n<td colspan=\"2\" rowspan=\"1\">\n<div class=\"magic-5\">\n<div class=\"magic-6\"><span class=\"magic-7\">Th\u00f4ng tin c\u01a1 b\u1ea3n<\/span><\/div>\n<\/div>\n<\/td>\n<\/tr>\n<tr>\n<td colspan=\"1\" rowspan=\"1\">\n<div class=\"magic-10\"><span style=\"font-family: Arial;\">T\u00ean s\u1ea3n ph\u1ea9m<\/span><\/div>\n<\/td>\n<td colspan=\"1\" rowspan=\"1\">\n<div class=\"magic-11\">Vitamin K<\/div>\n<\/td>\n<\/tr>\n<tr>\n<td colspan=\"1\" rowspan=\"1\">\n<div class=\"magic-10\"><span style=\"font-family: Arial;\">V\u1ebb b\u1ec1 ngo\u00e0i<\/span><\/div>\n<\/td>\n<td colspan=\"1\" rowspan=\"1\">\n<div class=\"magic-11\">B\u1ed9t m\u00e0u v\u00e0ng<\/div>\n<\/td>\n<\/tr>\n<tr>\n<td colspan=\"1\" rowspan=\"1\">\n<div class=\"magic-10\">CAS<\/div>\n<\/td>\n<td colspan=\"1\" rowspan=\"1\">\n<div class=\"magic-11\">12001-79-5<\/div>\n<\/td>\n<\/tr>\n<tr>\n<td colspan=\"1\" rowspan=\"1\">\n<div class=\"magic-10\">C\u00f4ng th\u1ee9c ph\u00e2n t\u1eed<\/div>\n<\/td>\n<td colspan=\"1\" rowspan=\"1\">\n<div class=\"magic-11\">C31H46O2<\/div>\n<\/td>\n<\/tr>\n<tr>\n<td colspan=\"1\" rowspan=\"1\">\n<div class=\"magic-10\">Tr\u1ecdng l\u01b0\u1ee3ng ph\u00e2n t\u1eed<\/div>\n<\/td>\n<td colspan=\"1\" rowspan=\"1\">\n<div class=\"magic-11\">450.6957<\/div>\n<\/td>\n<\/tr>\n<tr>\n<td colspan=\"1\" rowspan=\"1\">\n<div class=\"magic-10\"><span style=\"font-family: Arial;\">Ph\u01b0\u01a1ng ph\u00e1p th\u1eed nghi\u1ec7m<\/span><\/div>\n<\/td>\n<td colspan=\"1\" rowspan=\"1\">\n<div class=\"magic-11\"><span style=\"font-family: Arial;\">HPLC<\/span><\/div>\n<\/td>\n<\/tr>\n<tr>\n<td colspan=\"1\" rowspan=\"1\">\n<div class=\"magic-10\">C\u1ea5p<\/div>\n<\/td>\n<td colspan=\"1\" rowspan=\"1\">\n<div class=\"magic-11\">C\u1ea5p th\u1ef1c ph\u1ea9m<\/div>\n<\/td>\n<\/tr>\n<tr>\n<td colspan=\"1\" rowspan=\"1\">\n<div class=\"magic-10\"><span style=\"font-family: Arial;\">\u1ee8ng d\u1ee5ng<\/span><\/div>\n<\/td>\n<td colspan=\"1\" rowspan=\"1\">\n<div class=\"magic-11\"><span style=\"font-family: Arial;\">Ph\u1ee5 gia th\u1ef1c ph\u1ea9m<\/span><\/div>\n<\/td>\n<\/tr>\n<tr>\n<td colspan=\"1\" rowspan=\"1\">\n<div class=\"magic-10\">Tr\u1ea1ng th\u00e1i s\u1ea3n ph\u1ea9m<\/div>\n<\/td>\n<td colspan=\"1\" rowspan=\"1\">\n<div class=\"magic-11\">B\u1ed9t<\/div>\n<\/td>\n<\/tr>\n<tr>\n<td colspan=\"1\" rowspan=\"1\">\n<div class=\"magic-10\">Bao b\u00ec<\/div>\n<\/td>\n<td colspan=\"1\" rowspan=\"1\">\n<div class=\"magic-11\">Chai, h\u1ed9p nh\u1ef1a, \u0111\u00f3ng g\u00f3i ch\u00e2n kh\u00f4ng<\/div>\n<\/td>\n<\/tr>\n<tr>\n<td colspan=\"1\" rowspan=\"1\">\n<div class=\"magic-10\">Kho<\/div>\n<\/td>\n<td colspan=\"1\" rowspan=\"1\">\n<div class=\"magic-11\">\u0110\u00e3 ni\u00eam phong, b\u1ea3o qu\u1ea3n n\u01a1i kh\u00f4 r\u00e1o, tho\u00e1ng m\u00e1t<\/div>\n<\/td>\n<\/tr>\n<\/tbody>\n<\/table>\n<\/div>\n<\/div>\n<p>&nbsp;<\/p>","protected":false},"excerpt":{"rendered":"<p>T\u00ean s\u1ea3n ph\u1ea9m: Vitamin K<br \/>\nS\u1ed1 CAS: 12001-79-5<br \/>\nCh\u1ea5t: C31H46O2<br \/>\nNgo\u1ea1i h\u00ecnh: B\u1ed9t m\u00e0u v\u00e0ng<\/p>","protected":false},"featured_media":2187,"template":"","meta":{"_acf_changed":false,"_gspb_post_css":""},"product_brand":[],"product_cat":[55],"product_tag":[],"class_list":{"0":"post-3533","1":"product","2":"type-product","3":"status-publish","4":"has-post-thumbnail","6":"product_cat-food-additives","8":"first","9":"instock","10":"shipping-taxable","11":"product-type-simple"},"acf":[],"_links":{"self":[{"href":"https:\/\/wpachem.com\/vi\/wp-json\/wp\/v2\/product\/3533","targetHints":{"allow":["GET"]}}],"collection":[{"href":"https:\/\/wpachem.com\/vi\/wp-json\/wp\/v2\/product"}],"about":[{"href":"https:\/\/wpachem.com\/vi\/wp-json\/wp\/v2\/types\/product"}],"version-history":[{"count":0,"href":"https:\/\/wpachem.com\/vi\/wp-json\/wp\/v2\/product\/3533\/revisions"}],"wp:featuredmedia":[{"embeddable":true,"href":"https:\/\/wpachem.com\/vi\/wp-json\/wp\/v2\/media\/2187"}],"wp:attachment":[{"href":"https:\/\/wpachem.com\/vi\/wp-json\/wp\/v2\/media?parent=3533"}],"wp:term":[{"taxonomy":"product_brand","embeddable":true,"href":"https:\/\/wpachem.com\/vi\/wp-json\/wp\/v2\/product_brand?post=3533"},{"taxonomy":"product_cat","embeddable":true,"href":"https:\/\/wpachem.com\/vi\/wp-json\/wp\/v2\/product_cat?post=3533"},{"taxonomy":"product_tag","embeddable":true,"href":"https:\/\/wpachem.com\/vi\/wp-json\/wp\/v2\/product_tag?post=3533"}],"curies":[{"name":"wp","href":"https:\/\/api.w.org\/{rel}","templated":true}]}}