{"id":3536,"date":"2023-03-22T03:29:29","date_gmt":"2023-03-22T03:29:29","guid":{"rendered":"http:\/\/site2.easyceotech.com\/?post_type=product&#038;p=3536"},"modified":"2024-03-12T07:46:01","modified_gmt":"2024-03-12T07:46:01","slug":"vitamin-b1","status":"publish","type":"product","link":"https:\/\/wpachem.com\/vi\/product\/vitamin-b1\/","title":{"rendered":"Vitamin B1"},"content":{"rendered":"<table class=\"hight-light-first-column all magic-10\">\n<tbody>\n<tr>\n<td colspan=\"1\" rowspan=\"1\">\n<div class=\"magic-11\"><b><span class=\"magic-12\" data-spm-anchor-id=\"a2700.details.0.i14.5be96d76zYHugj\">T\u00ean s\u1ea3n ph\u1ea9m<\/span><\/b><\/div>\n<\/td>\n<td colspan=\"1\" rowspan=\"1\">\n<div class=\"magic-13\">Thiamin clorua<\/div>\n<\/td>\n<\/tr>\n<tr>\n<td colspan=\"1\" rowspan=\"1\">\n<div class=\"magic-11\"><b><span class=\"magic-12\">CAS<\/span><\/b><\/div>\n<\/td>\n<td colspan=\"1\" rowspan=\"1\">\n<div class=\"magic-13\">59-43-8<\/div>\n<\/td>\n<\/tr>\n<tr>\n<td colspan=\"1\" rowspan=\"1\">\n<div class=\"magic-11\"><b><span class=\"magic-12\">MF<\/span><\/b><\/div>\n<\/td>\n<td colspan=\"1\" rowspan=\"1\">\n<div class=\"magic-13\">C12H17ClN4OS<\/div>\n<\/td>\n<\/tr>\n<tr>\n<td colspan=\"1\" rowspan=\"1\">\n<div class=\"magic-11\"><b><span class=\"magic-12\">EINECS<\/span><\/b><\/div>\n<\/td>\n<td colspan=\"1\" rowspan=\"1\">\n<div class=\"magic-13\">200-425-3<\/div>\n<\/td>\n<\/tr>\n<tr>\n<td colspan=\"1\" rowspan=\"1\">\n<div class=\"magic-11\"><b><span class=\"magic-12\">V\u1ebb b\u1ec1 ngo\u00e0i<\/span><\/b><\/div>\n<\/td>\n<td colspan=\"1\" rowspan=\"1\">\n<div class=\"magic-13\">B\u1ed9t tr\u1eafng<\/div>\n<\/td>\n<\/tr>\n<tr>\n<td colspan=\"1\" rowspan=\"1\">\n<div class=\"magic-11\"><b><span class=\"magic-12\">S\u1ed1 l\u01b0\u1ee3ng \u0111\u1eb7t h\u00e0ng t\u1ed1i thi\u1ec3u<\/span><\/b><\/div>\n<\/td>\n<td colspan=\"1\" rowspan=\"1\">\n<div class=\"magic-13\">1 kg, vui l\u00f2ng tham kh\u1ea3o \u0111\u1ec3 bi\u1ebft chi ti\u1ebft<\/div>\n<\/td>\n<\/tr>\n<tr>\n<td colspan=\"1\" rowspan=\"1\">\n<div class=\"magic-11\"><b><span class=\"magic-12\">M\u1eabu v\u00e0 t\u00f9y ch\u1ec9nh<\/span><\/b><\/div>\n<\/td>\n<td colspan=\"1\" rowspan=\"1\">\n<div class=\"magic-13\">\u1ee6ng h\u1ed9<\/div>\n<\/td>\n<\/tr>\n<tr>\n<td colspan=\"1\" rowspan=\"1\">\n<div class=\"magic-11\"><b><span class=\"magic-12\">Th\u1eddi gian giao h\u00e0ng<\/span><\/b><\/div>\n<\/td>\n<td colspan=\"1\" rowspan=\"1\">\n<div class=\"magic-13\">7-15 ng\u00e0y<\/div>\n<\/td>\n<\/tr>\n<tr>\n<td colspan=\"1\" rowspan=\"1\">\n<div class=\"magic-11\"><b><span class=\"magic-12\">Ph\u01b0\u01a1ng th\u1ee9c v\u1eadn chuy\u1ec3n<\/span><\/b><\/div>\n<\/td>\n<td colspan=\"1\" rowspan=\"1\">\n<div class=\"magic-13\">v\u1eadn t\u1ea3i \u0111\u01b0\u1eddng bi\u1ec3n, v\u1eadn t\u1ea3i \u0111\u01b0\u1eddng b\u1ed9, v\u1eadn t\u1ea3i h\u00e0ng kh\u00f4ng, chuy\u1ec3n ph\u00e1t nhanh<\/div>\n<\/td>\n<\/tr>\n<tr>\n<td colspan=\"1\" rowspan=\"1\">\n<div class=\"magic-11\"><b><span class=\"magic-12\">B\u01b0u ki\u1ec7n<\/span><\/b><\/div>\n<\/td>\n<td colspan=\"1\" rowspan=\"1\">\n<div class=\"magic-13\">bao b\u00ec ti\u00eau chu\u1ea9n<\/div>\n<\/td>\n<\/tr>\n<tr>\n<td colspan=\"1\" rowspan=\"1\">\n<div class=\"magic-11\"><b><span class=\"magic-12\">Ph\u01b0\u01a1ng th\u1ee9c thanh to\u00e1n<\/span><\/b><\/div>\n<\/td>\n<td colspan=\"1\" rowspan=\"1\">\n<div class=\"magic-13\">T\u1ea4T C\u1ea2<\/div>\n<\/td>\n<\/tr>\n<tr>\n<td colspan=\"1\" rowspan=\"1\">\n<div class=\"magic-11\"><b><span class=\"magic-12\">N\u01a1i xu\u1ea5t x\u1ee9<\/span><\/b><\/div>\n<\/td>\n<td colspan=\"1\" rowspan=\"1\">\n<div class=\"magic-13\">S\u01a1n \u0110\u00f4ng Trung Qu\u1ed1c<\/div>\n<\/td>\n<\/tr>\n<tr>\n<td colspan=\"1\" rowspan=\"1\">\n<div class=\"magic-11\"><b><span class=\"magic-12\">Th\u01b0\u01a1ng hi\u1ec7u<\/span><\/b><\/div>\n<\/td>\n<td colspan=\"1\" rowspan=\"1\">\n<div class=\"magic-13\">\u0110\u1ee9c Th\u01b0\u1ee3ng<\/div>\n<\/td>\n<\/tr>\n<tr>\n<td colspan=\"1\" rowspan=\"1\">\n<div class=\"magic-11\"><b><span class=\"magic-12\">N\u0103ng l\u1ef1c s\u1ea3n xu\u1ea5t<\/span><\/b><\/div>\n<\/td>\n<td colspan=\"1\" rowspan=\"1\">\n<div class=\"magic-13\">1000 t\u1ea5n\/n\u0103m<\/div>\n<\/td>\n<\/tr>\n<tr>\n<td colspan=\"1\" rowspan=\"1\">\n<div class=\"magic-11\"><span class=\"magic-12\"><b>Ch\u1ea5t l\u01b0\u1ee3ng<\/b><\/span><\/div>\n<\/td>\n<td colspan=\"1\" rowspan=\"1\">\n<div class=\"magic-13\">Ch\u1ea5t l\u01b0\u1ee3ng h\u00e0ng \u0111\u1ea7u<\/div>\n<\/td>\n<\/tr>\n<\/tbody>\n<\/table>\n<p>&nbsp;<\/p>\n<div class=\"J_module\">\n<div class=\"detail-decorate-json-renderer-container\">\n<div class=\"magic-3\">\n<div class=\"magic-4\">\n<div class=\"magic-5\">\n<div class=\"magic-6\"><span class=\"magic-7\"><b>\u1ee8ng d\u1ee5ng:<\/b><\/span><\/div>\n<\/div>\n<\/div>\n<\/div>\n<\/div>\n<\/div>\n<div class=\"J_module\">\n<div class=\"detail-decorate-json-renderer-container\">\n<div class=\"magic-3\">\n<div class=\"magic-4\">\n<div class=\"magic-5\">\n<div class=\"magic-6\" data-spm-anchor-id=\"a2700.details.0.i15.5be96d76zYHugj\">Vitamin B1 l\u00e0 m\u1ed9t lo\u1ea1i vitamin tan trong n\u01b0\u1edbc thi\u1ebft y\u1ebfu, c\u01a1 th\u1ec3 kh\u00f4ng th\u1ec3 t\u1ef1 t\u1ed5ng h\u1ee3p \u0111\u01b0\u1ee3c m\u00e0 ch\u1ec9 c\u00f3 th\u1ec3 b\u1ed5 sung th\u00f4ng qua ch\u1ebf \u0111\u1ed9 \u0103n u\u1ed1ng h\u00e0ng ng\u00e0y. Vitamin B1 ch\u1ee7 y\u1ebfu tham gia v\u00e0o qu\u00e1 tr\u00ecnh chuy\u1ec3n h\u00f3a n\u0103ng l\u01b0\u1ee3ng v\u00e0 chuy\u1ec3n h\u00f3a \u0111\u01b0\u1eddng trong c\u01a1 th\u1ec3 con ng\u01b0\u1eddi, c\u0169ng nh\u01b0 ho\u1ea1t \u0111\u1ed9ng b\u00ecnh th\u01b0\u1eddng c\u1ee7a h\u1ec7 th\u1ea7n kinh, h\u1ec7 tim m\u1ea1ch v\u00e0 h\u1ec7 ti\u00eau h\u00f3a. Khi thi\u1ebfu vitamin B1, m\u1ed9t lo\u1ea1t c\u00e1c ph\u1ea3n \u1ee9ng oxy h\u00f3a trong c\u01a1 th\u1ec3 c\u00f3 th\u1ec3 b\u1ecb ch\u1eb7n l\u1ea1i<\/div>\n<\/div>\n<\/div>\n<\/div>\n<\/div>\n<\/div>\n<p>&nbsp;<\/p>","protected":false},"excerpt":{"rendered":"<p>T\u00ean s\u1ea3n ph\u1ea9m: Vitamin B1<br \/>\nS\u1ed1 CAS: Vitamin B1<br \/>\nMF:C12H17ClN4OS<br \/>\nNgo\u1ea1i h\u00ecnh: s\u1ee9c m\u1ea1nh m\u00e0u tr\u1eafng<\/p>","protected":false},"featured_media":2147,"template":"","meta":{"_acf_changed":false,"_gspb_post_css":""},"product_brand":[],"product_cat":[55],"product_tag":[],"class_list":{"0":"post-3536","1":"product","2":"type-product","3":"status-publish","4":"has-post-thumbnail","6":"product_cat-food-additives","8":"first","9":"instock","10":"shipping-taxable","11":"product-type-simple"},"acf":[],"_links":{"self":[{"href":"https:\/\/wpachem.com\/vi\/wp-json\/wp\/v2\/product\/3536","targetHints":{"allow":["GET"]}}],"collection":[{"href":"https:\/\/wpachem.com\/vi\/wp-json\/wp\/v2\/product"}],"about":[{"href":"https:\/\/wpachem.com\/vi\/wp-json\/wp\/v2\/types\/product"}],"version-history":[{"count":0,"href":"https:\/\/wpachem.com\/vi\/wp-json\/wp\/v2\/product\/3536\/revisions"}],"wp:featuredmedia":[{"embeddable":true,"href":"https:\/\/wpachem.com\/vi\/wp-json\/wp\/v2\/media\/2147"}],"wp:attachment":[{"href":"https:\/\/wpachem.com\/vi\/wp-json\/wp\/v2\/media?parent=3536"}],"wp:term":[{"taxonomy":"product_brand","embeddable":true,"href":"https:\/\/wpachem.com\/vi\/wp-json\/wp\/v2\/product_brand?post=3536"},{"taxonomy":"product_cat","embeddable":true,"href":"https:\/\/wpachem.com\/vi\/wp-json\/wp\/v2\/product_cat?post=3536"},{"taxonomy":"product_tag","embeddable":true,"href":"https:\/\/wpachem.com\/vi\/wp-json\/wp\/v2\/product_tag?post=3536"}],"curies":[{"name":"wp","href":"https:\/\/api.w.org\/{rel}","templated":true}]}}