{"id":3539,"date":"2023-03-22T03:38:45","date_gmt":"2023-03-22T03:38:45","guid":{"rendered":"http:\/\/site2.easyceotech.com\/?post_type=product&#038;p=3539"},"modified":"2024-03-12T07:45:57","modified_gmt":"2024-03-12T07:45:57","slug":"riboflavin","status":"publish","type":"product","link":"https:\/\/wpachem.com\/vi\/product\/riboflavin\/","title":{"rendered":"Riboflavin"},"content":{"rendered":"<div class=\"J_module\">\n<div class=\"detail-decorate-json-renderer-container\">\n<div class=\"magic-3\">\n<div class=\"magic-4\">\n<div class=\"magic-5\">\n<div class=\"magic-6\"><span class=\"magic-7\"><b data-spm-anchor-id=\"a2700.details.0.i14.37197bd2FFUvDS\">\u1ee8ng d\u1ee5ng:<\/b><\/span><\/div>\n<\/div>\n<\/div>\n<\/div>\n<\/div>\n<\/div>\n<div class=\"J_module\">\n<div class=\"detail-decorate-json-renderer-container\">\n<div class=\"magic-3\">\n<div class=\"magic-4\">\n<div class=\"magic-5\">\n<div class=\"magic-6\">Vitamin B2, c\u00f2n \u0111\u01b0\u1ee3c g\u1ecdi l\u00e0 riboflavin, l\u00e0 m\u1ed9t lo\u1ea1i vitamin tan trong n\u01b0\u1edbc, c\u01a1 th\u1ec3 kh\u00f4ng th\u1ec3 t\u1ef1 t\u1ed5ng h\u1ee3p \u0111\u01b0\u1ee3c m\u00e0 ph\u1ea3i \u0111\u01b0\u1ee3c cung c\u1ea5p th\u00f4ng qua th\u1ef1c ph\u1ea9m. Vitamin B2 r\u1ea5t c\u1ea7n thi\u1ebft \u0111\u1ec3 duy tr\u00ec c\u00e1c ch\u1ee9c n\u0103ng sinh l\u00fd v\u00e0 qu\u00e1 tr\u00ecnh trao \u0111\u1ed5i ch\u1ea5t b\u00ecnh th\u01b0\u1eddng c\u1ee7a c\u01a1 th\u1ec3 con ng\u01b0\u1eddi. Vitamin B2 tham gia v\u00e0o qu\u00e1 tr\u00ecnh ph\u00e1t tri\u1ec3n b\u00ecnh th\u01b0\u1eddng c\u1ee7a t\u1ebf b\u00e0o, th\u00fac \u0111\u1ea9y qu\u00e1 tr\u00ecnh l\u00e0nh v\u1ebft th\u01b0\u01a1ng, l\u00e0m ch\u1eafc m\u00f3ng v\u00e0 t\u00f3c, v\u00e0 l\u00e0 m\u1ed9t th\u00e0nh ph\u1ea7n quan tr\u1ecdng c\u1ee7a coenzyme. Vitamin B2 tham gia v\u00e0o qu\u00e1 tr\u00ecnh t\u1ed5ng h\u1ee3p v\u00e0 chuy\u1ec3n h\u00f3a ba ch\u1ea5t dinh d\u01b0\u1ee1ng ch\u00ednh l\u00e0 carbohydrate, protein v\u00e0 ch\u1ea5t b\u00e9o, c\u0169ng nh\u01b0 th\u00e0nh ph\u1ea7n c\u1ee7a h\u1ed3ng c\u1ea7u v\u00e0 v\u1eadn chuy\u1ec3n s\u1eaft, gi\u00fap ng\u0103n ng\u1eeba thi\u1ebfu m\u00e1u do thi\u1ebfu s\u1eaft, \u0111\u1ed3ng th\u1eddi c\u0169ng c\u00f3 t\u00e1c d\u1ee5ng h\u1ea1 huy\u1ebft \u00e1p nh\u1ea5t \u0111\u1ecbnh<\/div>\n<\/div>\n<\/div>\n<\/div>\n<\/div>\n<\/div>\n<p>&nbsp;<\/p>","protected":false},"excerpt":{"rendered":"<p>T\u00ean s\u1ea3n ph\u1ea9m:<a class=\"blue\">Riboflavin<\/a><br \/>\nS\u1ed1 CAS: 83-88-5<br \/>\nM\u1ea0NG: C17H20N4O6<br \/>\nNgo\u1ea1i quan: B\u1ed9t m\u00e0u v\u00e0ng cam<\/p>","protected":false},"featured_media":2190,"template":"","meta":{"_acf_changed":false,"_gspb_post_css":""},"product_brand":[],"product_cat":[55],"product_tag":[],"class_list":{"0":"post-3539","1":"product","2":"type-product","3":"status-publish","4":"has-post-thumbnail","6":"product_cat-food-additives","8":"first","9":"instock","10":"shipping-taxable","11":"product-type-simple"},"acf":[],"_links":{"self":[{"href":"https:\/\/wpachem.com\/vi\/wp-json\/wp\/v2\/product\/3539","targetHints":{"allow":["GET"]}}],"collection":[{"href":"https:\/\/wpachem.com\/vi\/wp-json\/wp\/v2\/product"}],"about":[{"href":"https:\/\/wpachem.com\/vi\/wp-json\/wp\/v2\/types\/product"}],"version-history":[{"count":0,"href":"https:\/\/wpachem.com\/vi\/wp-json\/wp\/v2\/product\/3539\/revisions"}],"wp:featuredmedia":[{"embeddable":true,"href":"https:\/\/wpachem.com\/vi\/wp-json\/wp\/v2\/media\/2190"}],"wp:attachment":[{"href":"https:\/\/wpachem.com\/vi\/wp-json\/wp\/v2\/media?parent=3539"}],"wp:term":[{"taxonomy":"product_brand","embeddable":true,"href":"https:\/\/wpachem.com\/vi\/wp-json\/wp\/v2\/product_brand?post=3539"},{"taxonomy":"product_cat","embeddable":true,"href":"https:\/\/wpachem.com\/vi\/wp-json\/wp\/v2\/product_cat?post=3539"},{"taxonomy":"product_tag","embeddable":true,"href":"https:\/\/wpachem.com\/vi\/wp-json\/wp\/v2\/product_tag?post=3539"}],"curies":[{"name":"wp","href":"https:\/\/api.w.org\/{rel}","templated":true}]}}