{"id":3542,"date":"2023-03-22T03:40:50","date_gmt":"2023-03-22T03:40:50","guid":{"rendered":"http:\/\/site2.easyceotech.com\/?post_type=product&#038;p=3542"},"modified":"2024-03-12T07:45:54","modified_gmt":"2024-03-12T07:45:54","slug":"vitamin-b3","status":"publish","type":"product","link":"https:\/\/wpachem.com\/vi\/product\/vitamin-b3\/","title":{"rendered":"Vitamin B3"},"content":{"rendered":"<p><span data-spm-anchor-id=\"a2700.details.0.i23.232437faN4LoRe\">Vitamin B3 <\/span>B\u1ed9t Nicotinamide d\u1ec5 h\u1ea5p th\u1ee5 qua \u0111\u01b0\u1eddng u\u1ed1ng, c\u00f3 th\u1ec3 ph\u00e2n b\u1ed1 r\u1ed9ng r\u00e3i trong c\u01a1 th\u1ec3, c\u00e1c ch\u1ea5t chuy\u1ec3n h\u00f3a d\u01b0 th\u1eeba ho\u1eb7c nguy\u00ean m\u1eabu nhanh ch\u00f3ng \u0111\u01b0\u1ee3c \u0111\u00e0o th\u1ea3i ra kh\u1ecfi n\u01b0\u1edbc ti\u1ec3u. Nicotinamide l\u00e0 m\u1ed9t ph\u1ea7n c\u1ee7a coenzyme I v\u00e0 coenzyme II, \u0111\u00f3ng vai tr\u00f2 v\u1eadn chuy\u1ec3n hydro trong chu\u1ed7i h\u00f4 h\u1ea5p oxy h\u00f3a sinh h\u1ecdc, c\u00f3 th\u1ec3 th\u00fac \u0111\u1ea9y qu\u00e1 tr\u00ecnh oxy h\u00f3a sinh h\u1ecdc v\u00e0 chuy\u1ec3n h\u00f3a m\u00f4, duy tr\u00ec t\u00ednh to\u00e0n v\u1eb9n c\u1ee7a m\u00f4 b\u00ecnh th\u01b0\u1eddng (\u0111\u1eb7c bi\u1ec7t l\u00e0 da, \u0111\u01b0\u1eddng ti\u00eau h\u00f3a v\u00e0 h\u1ec7 th\u1ea7n kinh) c\u00f3 vai tr\u00f2 quan tr\u1ecdng.<\/p>\n<p>&nbsp;<\/p>\n<div class=\"J_module\">\n<div id=\"ali-anchor-AliMagic-h5f3ws\" class=\"magic-0\" data-section=\"AliMagic-h5f3ws\" data-section-title=\"Function &amp; Application\">Ch\u1ee9c n\u0103ng &amp; \u1ee8ng d\u1ee5ng<\/div>\n<\/div>\n<div class=\"J_module\">\n<div class=\"detail-decorate-json-renderer-container\">\n<div class=\"magic-1\">\n<div class=\"magic-2\">\n<div class=\"magic-3\">\n<div class=\"magic-4\">\n<div data-spm-anchor-id=\"a2700.details.0.i24.232437faN4LoRe\">1. T\u0103ng t\u1ed1c qu\u00e1 tr\u00ecnh trao \u0111\u1ed5i ch\u1ea5t v\u00e0 th\u00fac \u0111\u1ea9y qu\u00e1 tr\u00ecnh t\u1ea9y t\u1ebf b\u00e0o s\u1eebng ch\u1ee9a melanin.<br \/>\n2. T\u00e1c \u0111\u1ed9ng l\u00ean melanin \u0111\u00e3 \u0111\u01b0\u1ee3c s\u1ea3n xu\u1ea5t v\u00e0 gi\u1ea3m s\u1ef1 di chuy\u1ec3n c\u1ee7a n\u00f3 l\u00ean c\u00e1c t\u1ebf b\u00e0o b\u1ec1 m\u1eb7t.<br \/>\n3. Th\u00fac \u0111\u1ea9y qu\u00e1 tr\u00ecnh t\u1ed5ng h\u1ee3p protein c\u1ee7a l\u1edbp bi\u1ec3u b\u00ec v\u00e0 c\u1ea3i thi\u1ec7n k\u1ebft c\u1ea5u da.<\/div>\n<\/div>\n<\/div>\n<\/div>\n<\/div>\n<\/div>\n<\/div>\n<p>&nbsp;<\/p>","protected":false},"excerpt":{"rendered":"<p>T\u00ean s\u1ea3n ph\u1ea9m: Vitamin B3\/Nicotinamide<br \/>\nS\u1ed1 CAS: 98-92-0<br \/>\nMF:C6H6N2O<br \/>\nNgo\u1ea1i h\u00ecnh: s\u1ee9c m\u1ea1nh m\u00e0u tr\u1eafng<\/p>","protected":false},"featured_media":2169,"template":"","meta":{"_acf_changed":false,"_gspb_post_css":""},"product_brand":[],"product_cat":[55],"product_tag":[],"class_list":{"0":"post-3542","1":"product","2":"type-product","3":"status-publish","4":"has-post-thumbnail","6":"product_cat-food-additives","8":"first","9":"instock","10":"shipping-taxable","11":"product-type-simple"},"acf":[],"_links":{"self":[{"href":"https:\/\/wpachem.com\/vi\/wp-json\/wp\/v2\/product\/3542","targetHints":{"allow":["GET"]}}],"collection":[{"href":"https:\/\/wpachem.com\/vi\/wp-json\/wp\/v2\/product"}],"about":[{"href":"https:\/\/wpachem.com\/vi\/wp-json\/wp\/v2\/types\/product"}],"version-history":[{"count":0,"href":"https:\/\/wpachem.com\/vi\/wp-json\/wp\/v2\/product\/3542\/revisions"}],"wp:featuredmedia":[{"embeddable":true,"href":"https:\/\/wpachem.com\/vi\/wp-json\/wp\/v2\/media\/2169"}],"wp:attachment":[{"href":"https:\/\/wpachem.com\/vi\/wp-json\/wp\/v2\/media?parent=3542"}],"wp:term":[{"taxonomy":"product_brand","embeddable":true,"href":"https:\/\/wpachem.com\/vi\/wp-json\/wp\/v2\/product_brand?post=3542"},{"taxonomy":"product_cat","embeddable":true,"href":"https:\/\/wpachem.com\/vi\/wp-json\/wp\/v2\/product_cat?post=3542"},{"taxonomy":"product_tag","embeddable":true,"href":"https:\/\/wpachem.com\/vi\/wp-json\/wp\/v2\/product_tag?post=3542"}],"curies":[{"name":"wp","href":"https:\/\/api.w.org\/{rel}","templated":true}]}}