{"id":3545,"date":"2023-03-22T03:45:15","date_gmt":"2023-03-22T03:45:15","guid":{"rendered":"http:\/\/site2.easyceotech.com\/?post_type=product&#038;p=3545"},"modified":"2024-03-12T07:45:49","modified_gmt":"2024-03-12T07:45:49","slug":"vitamin-b5","status":"publish","type":"product","link":"https:\/\/wpachem.com\/vi\/product\/vitamin-b5\/","title":{"rendered":"Vitamin B5"},"content":{"rendered":"<p><strong>Vitamin B5 B\u1ed9t Canxi Pantothenate Axit Pantothenic Vb5 B\u1ed9t CAS 137-08-6\u00a0\u00a0<\/strong><\/p>\n<table border=\"1\">\n<tbody>\n<tr>\n<td>T\u00ean s\u1ea3n ph\u1ea9m<\/td>\n<td>Vitamin B5 Canxi Pantothenate<\/td>\n<\/tr>\n<tr>\n<td>S\u1ed1 CAS<\/td>\n<td>137-08-6<\/td>\n<\/tr>\n<tr>\n<td>V\u1ebb b\u1ec1 ngo\u00e0i<\/td>\n<td>B\u1ed9t m\u1ecbn m\u00e0u tr\u1eafng<\/td>\n<\/tr>\n<tr>\n<td>T\u00ean kh\u00e1c<\/td>\n<td>Vitamin B5 Axit Pantothenic, D-Canxi pantothenate<\/td>\n<\/tr>\n<tr>\n<td>\u0110\u1eb7c \u0111i\u1ec3m\/\u0110\u1ed9 tinh khi\u1ebft<\/td>\n<td>99%<\/td>\n<\/tr>\n<tr>\n<td>\u1ee8ng d\u1ee5ng<\/td>\n<td>Ch\u0103m s\u00f3c s\u1ee9c kh\u1ecfe, Ph\u1ee5 gia th\u1ef1c ph\u1ea9m, M\u1ef9 ph\u1ea9m, Ph\u1ee5 gia th\u1ee9c \u0103n ch\u0103n nu\u00f4i<\/td>\n<\/tr>\n<tr>\n<td>Kho<\/td>\n<td>B\u1ea3o qu\u1ea3n n\u01a1i kh\u00f4 r\u00e1o, tho\u00e1ng m\u00e1t, tr\u00e1nh \u00e1nh s\u00e1ng m\u1ea1nh\/nhi\u1ec7t \u0111\u1ed9 cao.<\/td>\n<\/tr>\n<tr>\n<td>H\u1ea1n s\u1eed d\u1ee5ng<\/td>\n<td>2 n\u0103m<\/td>\n<\/tr>\n<\/tbody>\n<\/table>\n<p><strong>Vitamin B5 Calcium Pantothenate l\u00e0 g\u00ec?<\/strong><\/p>\n<p>Vitamin B5 Calcium Pantothenate l\u00e0 mu\u1ed1i canxi c\u1ee7a Vitamin B5. Pantothenate l\u00e0 th\u00e0nh ph\u1ea7n c\u1ee7a CoA (Coenzyme A) t\u1ea1o n\u00ean ph\u1ee9c h\u1ee3p Vitamin B2. Axit D-pantothenic l\u00e0 t\u00ean g\u1ecdi kh\u00e1c c\u1ee7a th\u00e0nh ph\u1ea7n n\u00e0y. N\u00f3i m\u1ed9t c\u00e1ch \u0111\u01a1n gi\u1ea3n, axit D-pantothenic l\u00e0 phi\u00ean b\u1ea3n t\u1ed5ng h\u1ee3p (nh\u01b0ng an to\u00e0n) c\u1ee7a Vitamin B5.<\/p>\n<p><strong>T\u00ean h\u00f3a h\u1ecdc:<\/strong><\/p>\n<p>canxi;3-[[(2R)-2,4-dihydroxy-3,3-dimethylbutanoyl]amino]propanoat<\/p>\n<p>C\u00f4ng th\u1ee9c ph\u00e2n t\u1eed: C18H32CaN2O10 Kh\u1ed1i l\u01b0\u1ee3ng ph\u00e2n t\u1eed: 476,5<\/p>\n<p>&nbsp;<\/p>\n<p><strong>Vitamin B5 Calcium Pantothenate c\u00f3 th\u1ec3 \u0111\u01b0\u1ee3c s\u1eed d\u1ee5ng \u1edf \u0111\u00e2u?<\/strong><\/p>\n<p data-spm-anchor-id=\"a2700.details.0.i25.13e7c97bD8Csk4\">C\u00f3 th\u1ec3 s\u1eed d\u1ee5ng l\u00e0m ph\u1ee5 gia th\u1ee9c \u0103n ch\u0103n nu\u00f4i, ph\u1ee5 gia th\u1ef1c ph\u1ea9m, nguy\u00ean li\u1ec7u d\u01b0\u1ee3c ph\u1ea9m v\u00e0 m\u1ef9 ph\u1ea9m s\u1ed1 l\u01b0\u1ee3ng l\u1edbn.<\/p>\n<p>&nbsp;<\/p>","protected":false},"excerpt":{"rendered":"<p>T\u00ean s\u1ea3n ph\u1ea9m: Vitamin B5<br \/>\nS\u1ed1 CAS: 137-08-6<br \/>\nMF:C9H17NO5.1\/2Ca<br \/>\nNgo\u1ea1i h\u00ecnh: s\u1ee9c m\u1ea1nh m\u00e0u tr\u1eafng<\/p>","protected":false},"featured_media":2159,"template":"","meta":{"_acf_changed":false,"_gspb_post_css":""},"product_brand":[],"product_cat":[55],"product_tag":[],"class_list":{"0":"post-3545","1":"product","2":"type-product","3":"status-publish","4":"has-post-thumbnail","6":"product_cat-food-additives","8":"first","9":"instock","10":"shipping-taxable","11":"product-type-simple"},"acf":[],"_links":{"self":[{"href":"https:\/\/wpachem.com\/vi\/wp-json\/wp\/v2\/product\/3545","targetHints":{"allow":["GET"]}}],"collection":[{"href":"https:\/\/wpachem.com\/vi\/wp-json\/wp\/v2\/product"}],"about":[{"href":"https:\/\/wpachem.com\/vi\/wp-json\/wp\/v2\/types\/product"}],"version-history":[{"count":0,"href":"https:\/\/wpachem.com\/vi\/wp-json\/wp\/v2\/product\/3545\/revisions"}],"wp:featuredmedia":[{"embeddable":true,"href":"https:\/\/wpachem.com\/vi\/wp-json\/wp\/v2\/media\/2159"}],"wp:attachment":[{"href":"https:\/\/wpachem.com\/vi\/wp-json\/wp\/v2\/media?parent=3545"}],"wp:term":[{"taxonomy":"product_brand","embeddable":true,"href":"https:\/\/wpachem.com\/vi\/wp-json\/wp\/v2\/product_brand?post=3545"},{"taxonomy":"product_cat","embeddable":true,"href":"https:\/\/wpachem.com\/vi\/wp-json\/wp\/v2\/product_cat?post=3545"},{"taxonomy":"product_tag","embeddable":true,"href":"https:\/\/wpachem.com\/vi\/wp-json\/wp\/v2\/product_tag?post=3545"}],"curies":[{"name":"wp","href":"https:\/\/api.w.org\/{rel}","templated":true}]}}