{"id":3548,"date":"2023-03-22T03:51:48","date_gmt":"2023-03-22T03:51:48","guid":{"rendered":"http:\/\/site2.easyceotech.com\/?post_type=product&#038;p=3548"},"modified":"2024-03-12T07:45:45","modified_gmt":"2024-03-12T07:45:45","slug":"vitamin-b6","status":"publish","type":"product","link":"https:\/\/wpachem.com\/vi\/product\/vitamin-b6\/","title":{"rendered":"Vitamin B6"},"content":{"rendered":"<div class=\"magic-6\"><b class=\"magic-22\"><span data-spm-anchor-id=\"a2700.details.0.i25.70326dc12rqLNy\">Vitamin B6<\/span> \/ CAS 8059-24-3<\/b><\/div>\n<div class=\"magic-23\">\n<div class=\"magic-23\" data-spm-anchor-id=\"a2700.details.0.i26.70326dc12rqLNy\">Vitamin B6 l\u00e0 m\u1ed9t lo\u1ea1i vitamin tan trong n\u01b0\u1edbc v\u00e0 l\u00e0 m\u1ed9t ph\u1ea7n c\u1ee7a nh\u00f3m vitamin B ph\u1ee9c h\u1ee3p. Vitamin B6 c\u0169ng \u0111\u00f3ng vai tr\u00f2 trong qu\u00e1 tr\u00ecnh t\u00e2n t\u1ea1o glucose. Pyridoxal phosphate c\u00f3 th\u1ec3 x\u00fac t\u00e1c c\u00e1c ph\u1ea3n \u1ee9ng chuy\u1ec3n amin c\u1ea7n thi\u1ebft \u0111\u1ec3 cung c\u1ea5p axit amin l\u00e0m ch\u1ea5t n\u1ec1n cho qu\u00e1 tr\u00ecnh t\u00e2n t\u1ea1o glucose.<\/div>\n<\/div>\n<div data-spm-anchor-id=\"a2700.details.0.i26.70326dc12rqLNy\">\n<div class=\"J_module\">\n<div class=\"ife-detail-decorate-table\">\n<table class=\"has-title all magic-4\">\n<tbody>\n<tr>\n<td colspan=\"4\" rowspan=\"3\">\n<div class=\"magic-5\">\n<div class=\"magic-6\" data-spm-anchor-id=\"a2700.siteadmin.0.i18.3a49ac4016UEHG\"><b>GI\u1ea4Y CH\u1ee8NG NH\u1eacN PH\u00c2N T\u00cdCH<\/b><\/div>\n<\/div>\n<\/td>\n<\/tr>\n<tr>\n<td colspan=\"1\" rowspan=\"1\">\n<div class=\"magic-11\"><b>T\u00ean s\u1ea3n ph\u1ea9m<\/b><\/div>\n<\/td>\n<td colspan=\"1\" rowspan=\"1\">\n<div class=\"magic-8\">Vitamin B6<\/div>\n<\/td>\n<td colspan=\"1\" rowspan=\"1\">\n<div class=\"magic-9\"><b>S\u1ed1 CAS<\/b><\/div>\n<\/td>\n<td colspan=\"1\" rowspan=\"1\">\n<div class=\"magic-12\">8059-24-3<\/div>\n<\/td>\n<\/tr>\n<\/tbody>\n<\/table>\n<\/div>\n<\/div>\n<div class=\"J_module\">\n<div class=\"ife-detail-decorate-table\">\n<table class=\"has-title hight-light-first-column all magic-4\">\n<tbody>\n<tr>\n<td colspan=\"1\" rowspan=\"1\">\n<div class=\"magic-13\">M\u1ee5c<\/div>\n<\/td>\n<td colspan=\"1\" rowspan=\"1\">\n<div class=\"magic-14\">\u0110\u1eb7c \u0111i\u1ec3m k\u1ef9 thu\u1eadt<\/div>\n<\/td>\n<td colspan=\"1\" rowspan=\"1\">\n<div class=\"magic-15\">K\u1ebft qu\u1ea3<\/div>\n<\/td>\n<\/tr>\n<tr>\n<td colspan=\"1\" rowspan=\"1\">\n<div class=\"magic-13\">V\u1ebb b\u1ec1 ngo\u00e0i<\/div>\n<\/td>\n<td colspan=\"1\" rowspan=\"1\">\n<div class=\"magic-14\">B\u1ed9t tinh th\u1ec3 m\u00e0u tr\u1eafng \u0111\u1ebfn g\u1ea7n nh\u01b0 tr\u1eafng<\/div>\n<\/td>\n<td colspan=\"1\" rowspan=\"1\">\n<div class=\"magic-15\">Tu\u00e2n theo<\/div>\n<\/td>\n<\/tr>\n<tr>\n<td colspan=\"1\" rowspan=\"1\">\n<div class=\"magic-13\">Nh\u1eadn d\u1ea1ng A:IR<\/div>\n<\/td>\n<td colspan=\"1\" rowspan=\"1\">\n<div class=\"magic-14\">\u0110\u00e1p \u1ee9ng c\u00e1c y\u00eau c\u1ea7u<\/div>\n<\/td>\n<td colspan=\"1\" rowspan=\"1\">\n<div class=\"magic-15\">Tu\u00e2n theo<\/div>\n<\/td>\n<\/tr>\n<tr>\n<td colspan=\"1\" rowspan=\"1\">\n<div class=\"magic-13\">Nh\u1eadn d\u1ea1ng B: Clorua<\/div>\n<\/td>\n<td colspan=\"1\" rowspan=\"1\">\n<div class=\"magic-14\">\u0110\u00e1p \u1ee9ng c\u00e1c y\u00eau c\u1ea7u<\/div>\n<\/td>\n<td colspan=\"1\" rowspan=\"1\">\n<div class=\"magic-15\">Tu\u00e2n theo<\/div>\n<\/td>\n<\/tr>\n<tr>\n<td colspan=\"1\" rowspan=\"1\">\n<div class=\"magic-13\">M\u1ea5t m\u00e1t khi s\u1ea5y kh\u00f4<\/div>\n<\/td>\n<td colspan=\"1\" rowspan=\"1\">\n<div class=\"magic-14\">\u22640,5%<\/div>\n<\/td>\n<td colspan=\"1\" rowspan=\"1\">\n<div class=\"magic-15\">0.02%<\/div>\n<\/td>\n<\/tr>\n<tr>\n<td colspan=\"1\" rowspan=\"1\">\n<div class=\"magic-13\">C\u1eb7n b\u00e1m tr\u00ean l\u1eeda<\/div>\n<\/td>\n<td colspan=\"1\" rowspan=\"1\">\n<div class=\"magic-14\">\u22640,1%<\/div>\n<\/td>\n<td colspan=\"1\" rowspan=\"1\">\n<div class=\"magic-15\">0.02%<\/div>\n<\/td>\n<\/tr>\n<tr>\n<td colspan=\"1\" rowspan=\"1\">\n<div class=\"magic-13\">Dung m\u00f4i c\u00f2n l\u1ea1i-ethanol<\/div>\n<\/td>\n<td colspan=\"1\" rowspan=\"1\">\n<div class=\"magic-14\">\u22640,5%<\/div>\n<\/td>\n<td colspan=\"1\" rowspan=\"1\">\n<div class=\"magic-15\">&lt;0,02%<\/div>\n<\/td>\n<\/tr>\n<tr>\n<td colspan=\"1\" rowspan=\"1\">\n<div class=\"magic-13\">Clorua<\/div>\n<\/td>\n<td colspan=\"1\" rowspan=\"1\">\n<div class=\"magic-14\">16.9%~17.6%<\/div>\n<\/td>\n<td colspan=\"1\" rowspan=\"1\">\n<div class=\"magic-15\">17.20%<\/div>\n<\/td>\n<\/tr>\n<tr>\n<td colspan=\"1\" rowspan=\"1\">\n<div class=\"magic-13\">Th\u1eed nghi\u1ec7m (tr\u00ean c\u01a1 s\u1edf kh\u00f4)<\/div>\n<\/td>\n<td colspan=\"1\" rowspan=\"1\">\n<div class=\"magic-14\">98%~102%<\/div>\n<\/td>\n<td colspan=\"1\" rowspan=\"1\">\n<div class=\"magic-15\">99.70%<\/div>\n<\/td>\n<\/tr>\n<tr>\n<td colspan=\"1\" rowspan=\"1\">\n<div class=\"magic-13\">Ph\u1ea7n k\u1ebft lu\u1eadn<\/div>\n<\/td>\n<td colspan=\"2\" rowspan=\"1\">\n<div class=\"magic-16\">Tu\u00e2n th\u1ee7 USP41<\/div>\n<\/td>\n<\/tr>\n<\/tbody>\n<\/table>\n<\/div>\n<\/div>\n<\/div>\n<p>&nbsp;<\/p>","protected":false},"excerpt":{"rendered":"<p>T\u00ean s\u1ea3n ph\u1ea9m: Vitamin B6<br \/>\nS\u1ed1 CAS: 8059-24-3<br \/>\nM\u1ea0NG: C10H16N2O3S<br \/>\nNgo\u1ea1i h\u00ecnh: s\u1ee9c m\u1ea1nh m\u00e0u tr\u1eafng<\/p>","protected":false},"featured_media":2160,"template":"","meta":{"_acf_changed":false,"_gspb_post_css":""},"product_brand":[],"product_cat":[55],"product_tag":[],"class_list":{"0":"post-3548","1":"product","2":"type-product","3":"status-publish","4":"has-post-thumbnail","6":"product_cat-food-additives","8":"first","9":"instock","10":"shipping-taxable","11":"product-type-simple"},"acf":[],"_links":{"self":[{"href":"https:\/\/wpachem.com\/vi\/wp-json\/wp\/v2\/product\/3548","targetHints":{"allow":["GET"]}}],"collection":[{"href":"https:\/\/wpachem.com\/vi\/wp-json\/wp\/v2\/product"}],"about":[{"href":"https:\/\/wpachem.com\/vi\/wp-json\/wp\/v2\/types\/product"}],"version-history":[{"count":0,"href":"https:\/\/wpachem.com\/vi\/wp-json\/wp\/v2\/product\/3548\/revisions"}],"wp:featuredmedia":[{"embeddable":true,"href":"https:\/\/wpachem.com\/vi\/wp-json\/wp\/v2\/media\/2160"}],"wp:attachment":[{"href":"https:\/\/wpachem.com\/vi\/wp-json\/wp\/v2\/media?parent=3548"}],"wp:term":[{"taxonomy":"product_brand","embeddable":true,"href":"https:\/\/wpachem.com\/vi\/wp-json\/wp\/v2\/product_brand?post=3548"},{"taxonomy":"product_cat","embeddable":true,"href":"https:\/\/wpachem.com\/vi\/wp-json\/wp\/v2\/product_cat?post=3548"},{"taxonomy":"product_tag","embeddable":true,"href":"https:\/\/wpachem.com\/vi\/wp-json\/wp\/v2\/product_tag?post=3548"}],"curies":[{"name":"wp","href":"https:\/\/api.w.org\/{rel}","templated":true}]}}