{"id":3551,"date":"2023-03-22T05:19:01","date_gmt":"2023-03-22T05:19:01","guid":{"rendered":"http:\/\/site2.easyceotech.com\/?post_type=product&#038;p=3551"},"modified":"2024-03-12T07:41:24","modified_gmt":"2024-03-12T07:41:24","slug":"folic-acid","status":"publish","type":"product","link":"https:\/\/wpachem.com\/vi\/product\/folic-acid\/","title":{"rendered":"Axit folic"},"content":{"rendered":"<p><strong><span data-spm-anchor-id=\"a2700.details.0.i24.18b96646o4LjtW\">Nh\u00e0 m\u00e1y cung c\u1ea5p b\u1ed9t axit folic vitamin B9 VB9 c\u1ea5p th\u1ef1c ph\u1ea9m 99% folate CAS 59-30-3<\/span><\/strong><\/p>\n<table border=\"1\">\n<tbody>\n<tr>\n<td>T\u00ean s\u1ea3n ph\u1ea9m<\/td>\n<td>Axit Folic Vitamin B9<\/td>\n<\/tr>\n<tr>\n<td>S\u1ed1 CAS<\/td>\n<td>59-30-3<\/td>\n<\/tr>\n<tr>\n<td>V\u1ebb b\u1ec1 ngo\u00e0i<\/td>\n<td>B\u1ed9t tinh th\u1ec3 m\u00e0u v\u00e0ng<\/td>\n<\/tr>\n<tr>\n<td>T\u00ean kh\u00e1c<\/td>\n<td>Vitamin B9, Axit Folic Vitamin B9, Folate<\/td>\n<\/tr>\n<tr>\n<td>\u0110\u1eb7c \u0111i\u1ec3m\/\u0110\u1ed9 tinh khi\u1ebft<\/td>\n<td>99%<\/td>\n<\/tr>\n<tr>\n<td>\u1ee8ng d\u1ee5ng<\/td>\n<td>Ch\u0103m s\u00f3c s\u1ee9c kh\u1ecfe, Y h\u1ecdc, Ph\u1ee5 gia th\u1ef1c ph\u1ea9m<\/td>\n<\/tr>\n<tr>\n<td>Kho<\/td>\n<td>B\u1ea3o qu\u1ea3n n\u01a1i kh\u00f4 r\u00e1o, tho\u00e1ng m\u00e1t, tr\u00e1nh \u00e1nh s\u00e1ng m\u1ea1nh\/nhi\u1ec7t \u0111\u1ed9 cao.<\/td>\n<\/tr>\n<tr>\n<td>H\u1ea1n s\u1eed d\u1ee5ng<\/td>\n<td>2 n\u0103m<\/td>\n<\/tr>\n<\/tbody>\n<\/table>\n<p><strong>Axit folic, vitamin B9 l\u00e0 g\u00ec?<\/strong><\/p>\n<p>Axit folic Vitamin B9 l\u00e0 b\u1ed9t tinh th\u1ec3 m\u00e0u v\u00e0ng, kh\u00f4ng m\u00f9i, kh\u00f4ng v\u1ecb. Kh\u00f4ng tan trong n\u01b0\u1edbc, ethanol, acetone, trichloromethane ho\u1eb7c diethyl ether, tan trong dung d\u1ecbch ki\u1ec1m hydroxide ho\u1eb7c carbonate.<\/p>\n<p><strong>T\u00ean h\u00f3a h\u1ecdc:<\/strong><\/p>\n<p>Axit N-[4-[ (2-amino-4-oxo-1,4-dihydro-6-pteridine) methylamino] benzoyl]-L- glutamic<\/p>\n<p>C\u00f4ng th\u1ee9c ph\u00e2n t\u1eed: C19H19N7O6 Kh\u1ed1i l\u01b0\u1ee3ng ph\u00e2n t\u1eed: 441,40<\/p>\n<p><strong>C\u00f4ng th\u1ee9c c\u1ea5u t\u1ea1o:<img decoding=\"async\" src=\"https:\/\/s.alicdn.com\/@sc04\/kf\/H6195858a50ab4c77b3cb4ee760fff1d7F\/239322147\/H6195858a50ab4c77b3cb4ee760fff1d7F.jpg?quality=close\" alt=\"Nh\u00e0 m\u00e1y cung c\u1ea5p b\u1ed9t axit folic vitamin B9 VB9 c\u1ea5p th\u1ef1c ph\u1ea9m 99% folate CAS 59-30-3\" width=\"400\" height=\"108\" data-src=\"\/\/s.alicdn.com\/@sc04\/kf\/H6195858a50ab4c77b3cb4ee760fff1d7F\/239322147\/H6195858a50ab4c77b3cb4ee760fff1d7F.jpg?quality=close\" data-alt=\"Factory Supply Folic Acid Vitamin B9 Powder VB9 Food Grade 99% Folate CAS 59-30-3\" \/><\/strong><\/p>\n<p>T\u1eeb kh\u00f3a: Axit folic Vitamin B9, B\u1ed9t vitamin B9, Vitamin B9 VB9, Folate<\/p>\n<p><strong>Axit folic, vitamin B9 c\u00f3 th\u1ec3 \u0111\u01b0\u1ee3c s\u1eed d\u1ee5ng \u1edf \u0111\u00e2u?<\/strong><\/p>\n<p>C\u00f3 th\u1ec3 s\u1eed d\u1ee5ng l\u00e0m ph\u1ee5 gia th\u1ee9c \u0103n ch\u0103n nu\u00f4i, ph\u1ee5 gia th\u1ef1c ph\u1ea9m v\u00e0 h\u00f3a ch\u1ea5t d\u01b0\u1ee3c ph\u1ea9m s\u1ed1 l\u01b0\u1ee3ng l\u1edbn.<\/p>","protected":false},"excerpt":{"rendered":"<p>T\u00ean s\u1ea3n ph\u1ea9m: Axit folic<br \/>\nS\u1ed1 CAS: 59-30-3<br \/>\nM\u1ea0NG: C19H19N7O6<br \/>\nNgo\u1ea1i quan: B\u1ed9t m\u00e0u v\u00e0ng cam<\/p>","protected":false},"featured_media":2187,"template":"","meta":{"_acf_changed":false,"_gspb_post_css":""},"product_brand":[],"product_cat":[55],"product_tag":[],"class_list":{"0":"post-3551","1":"product","2":"type-product","3":"status-publish","4":"has-post-thumbnail","6":"product_cat-food-additives","8":"first","9":"instock","10":"shipping-taxable","11":"product-type-simple"},"acf":[],"_links":{"self":[{"href":"https:\/\/wpachem.com\/vi\/wp-json\/wp\/v2\/product\/3551","targetHints":{"allow":["GET"]}}],"collection":[{"href":"https:\/\/wpachem.com\/vi\/wp-json\/wp\/v2\/product"}],"about":[{"href":"https:\/\/wpachem.com\/vi\/wp-json\/wp\/v2\/types\/product"}],"version-history":[{"count":0,"href":"https:\/\/wpachem.com\/vi\/wp-json\/wp\/v2\/product\/3551\/revisions"}],"wp:featuredmedia":[{"embeddable":true,"href":"https:\/\/wpachem.com\/vi\/wp-json\/wp\/v2\/media\/2187"}],"wp:attachment":[{"href":"https:\/\/wpachem.com\/vi\/wp-json\/wp\/v2\/media?parent=3551"}],"wp:term":[{"taxonomy":"product_brand","embeddable":true,"href":"https:\/\/wpachem.com\/vi\/wp-json\/wp\/v2\/product_brand?post=3551"},{"taxonomy":"product_cat","embeddable":true,"href":"https:\/\/wpachem.com\/vi\/wp-json\/wp\/v2\/product_cat?post=3551"},{"taxonomy":"product_tag","embeddable":true,"href":"https:\/\/wpachem.com\/vi\/wp-json\/wp\/v2\/product_tag?post=3551"}],"curies":[{"name":"wp","href":"https:\/\/api.w.org\/{rel}","templated":true}]}}