{"id":3558,"date":"2023-03-22T05:23:39","date_gmt":"2023-03-22T05:23:39","guid":{"rendered":"http:\/\/site2.easyceotech.com\/?post_type=product&#038;p=3558"},"modified":"2024-03-12T07:41:16","modified_gmt":"2024-03-12T07:41:16","slug":"biotin","status":"publish","type":"product","link":"https:\/\/wpachem.com\/vi\/product\/biotin\/","title":{"rendered":"Biotin"},"content":{"rendered":"<div>\n<div data-spm-anchor-id=\"a2700.details.0.i36.19137568jFrKVd\"><strong>biotin t\u1ef1 nhi\u00ean tinh khi\u1ebft (vitamin h) D-Biotin vitamin h biotin b\u1ed9t h\u1eefu c\u01a1<\/strong><\/div>\n<\/div>\n<table>\n<tbody>\n<tr>\n<td colspan=\"1\" rowspan=\"1\">\n<div>T\u00ean s\u1ea3n ph\u1ea9m<\/div>\n<\/td>\n<td colspan=\"1\" rowspan=\"1\">\n<div>biotin t\u1ef1 nhi\u00ean tinh khi\u1ebft (vitamin h) D-Biotin vitamin h biotin b\u1ed9t h\u1eefu c\u01a1<\/div>\n<\/td>\n<\/tr>\n<tr>\n<td colspan=\"1\" rowspan=\"1\">\n<div>V\u1ebb b\u1ec1 ngo\u00e0i<\/div>\n<\/td>\n<td colspan=\"1\" rowspan=\"1\">\n<div>B\u1ed9t tr\u1eafng<\/div>\n<\/td>\n<\/tr>\n<tr>\n<td colspan=\"1\" rowspan=\"1\">\n<div>CAS<\/div>\n<\/td>\n<td colspan=\"1\" rowspan=\"1\">\n<div>22879-79-4<\/div>\n<\/td>\n<\/tr>\n<tr>\n<td colspan=\"1\" rowspan=\"1\">\n<div>C\u1ea5p<\/div>\n<\/td>\n<td colspan=\"1\" rowspan=\"1\">\n<div>C\u1ea5p th\u1ef1c ph\u1ea9m<\/div>\n<\/td>\n<\/tr>\n<tr>\n<td colspan=\"1\" rowspan=\"1\">\n<div>T\u1eeb kh\u00f3a<\/div>\n<\/td>\n<td colspan=\"1\" rowspan=\"1\">\n<div>biotin (vitamin h); b\u1ed9t h\u1eefu c\u01a1 vitamin h biotin;D-Biotin<\/div>\n<\/td>\n<\/tr>\n<tr>\n<td colspan=\"1\" rowspan=\"1\">\n<div>Kho<\/div>\n<\/td>\n<td colspan=\"1\" rowspan=\"1\">\n<div>B\u1ea3o qu\u1ea3n \u1edf n\u01a1i kh\u00f4 r\u00e1o, tho\u00e1ng m\u00e1t, t\u1ed1i trong h\u1ed9p \u0111\u1ef1ng ho\u1eb7c b\u00ecnh th\u1ee7y tinh \u0111\u1eady k\u00edn.<\/div>\n<\/td>\n<\/tr>\n<tr>\n<td colspan=\"1\" rowspan=\"1\">\n<div>H\u1ea1n s\u1eed d\u1ee5ng<\/div>\n<\/td>\n<td colspan=\"1\" rowspan=\"1\">\n<div>24 th\u00e1ng<\/div>\n<\/td>\n<\/tr>\n<\/tbody>\n<\/table>\n<div>\n<p><strong>Biotin (vitamin H) l\u00e0 g\u00ec?<br \/>\n<\/strong><\/p>\n<div>Biotin, c\u00f2n \u0111\u01b0\u1ee3c g\u1ecdi l\u00e0 vitamin H v\u00e0 coenzyme R, l\u00e0 m\u1ed9t lo\u1ea1i vitamin tan trong n\u01b0\u1edbc v\u00e0 c\u0169ng thu\u1ed9c h\u1ecd vitamin B, B7. \u0110\u00e2y l\u00e0 m\u1ed9t ch\u1ea5t c\u1ea7n thi\u1ebft cho qu\u00e1 tr\u00ecnh t\u1ed5ng h\u1ee3p vitamin C v\u00e0 l\u00e0 m\u1ed9t ch\u1ea5t kh\u00f4ng th\u1ec3 thi\u1ebfu cho qu\u00e1 tr\u00ecnh chuy\u1ec3n h\u00f3a b\u00ecnh th\u01b0\u1eddng c\u1ee7a ch\u1ea5t b\u00e9o v\u00e0 protein.<\/div>\n<div><strong>Ch\u1ee9c n\u0103ng c\u1ee7a biotin (vitamin h)<br \/>\n<\/strong>biotin t\u1ef1 nhi\u00ean tinh khi\u1ebft (vitamin h) D-Biotin vitamin h biotin b\u1ed9t h\u1eefu c\u01a1<\/div>\n<\/div>\n<p>&nbsp;<\/p>","protected":false},"excerpt":{"rendered":"<p>T\u00ean s\u1ea3n ph\u1ea9m: Biotin<br \/>\nS\u1ed1 CAS: 22879-79-4<br \/>\nM\u1ea0NG: C10H16N2O3S<br \/>\nNgo\u1ea1i h\u00ecnh: s\u1ee9c m\u1ea1nh m\u00e0u tr\u1eafng<\/p>","protected":false},"featured_media":2169,"template":"","meta":{"_acf_changed":false,"_gspb_post_css":""},"product_brand":[],"product_cat":[55],"product_tag":[],"class_list":{"0":"post-3558","1":"product","2":"type-product","3":"status-publish","4":"has-post-thumbnail","6":"product_cat-food-additives","8":"first","9":"instock","10":"shipping-taxable","11":"product-type-simple"},"acf":[],"_links":{"self":[{"href":"https:\/\/wpachem.com\/vi\/wp-json\/wp\/v2\/product\/3558","targetHints":{"allow":["GET"]}}],"collection":[{"href":"https:\/\/wpachem.com\/vi\/wp-json\/wp\/v2\/product"}],"about":[{"href":"https:\/\/wpachem.com\/vi\/wp-json\/wp\/v2\/types\/product"}],"version-history":[{"count":0,"href":"https:\/\/wpachem.com\/vi\/wp-json\/wp\/v2\/product\/3558\/revisions"}],"wp:featuredmedia":[{"embeddable":true,"href":"https:\/\/wpachem.com\/vi\/wp-json\/wp\/v2\/media\/2169"}],"wp:attachment":[{"href":"https:\/\/wpachem.com\/vi\/wp-json\/wp\/v2\/media?parent=3558"}],"wp:term":[{"taxonomy":"product_brand","embeddable":true,"href":"https:\/\/wpachem.com\/vi\/wp-json\/wp\/v2\/product_brand?post=3558"},{"taxonomy":"product_cat","embeddable":true,"href":"https:\/\/wpachem.com\/vi\/wp-json\/wp\/v2\/product_cat?post=3558"},{"taxonomy":"product_tag","embeddable":true,"href":"https:\/\/wpachem.com\/vi\/wp-json\/wp\/v2\/product_tag?post=3558"}],"curies":[{"name":"wp","href":"https:\/\/api.w.org\/{rel}","templated":true}]}}