{"id":3561,"date":"2023-03-22T05:31:18","date_gmt":"2023-03-22T05:31:18","guid":{"rendered":"http:\/\/site2.easyceotech.com\/?post_type=product&#038;p=3561"},"modified":"2024-03-12T07:41:12","modified_gmt":"2024-03-12T07:41:12","slug":"carotene","status":"publish","type":"product","link":"https:\/\/wpachem.com\/vi\/product\/carotene\/","title":{"rendered":"caroten"},"content":{"rendered":"<h3 class=\"magic-14\" data-spm-anchor-id=\"a2700.wholesale.0.i36.7fba73b9DCJrOw\"><span class=\"magic-15\"><span class=\"magic-16\">alpha-Carotene<\/span><\/span><\/h3>\n<div class=\"magic-17\">\n<div class=\"magic-18\">\n<div class=\"magic-19\">\n<div><\/div>\n<div>\n<div><span class=\"magic-16\" style=\"color: #2196ed; font-family: Verdana;\">\u1ee8ng d\u1ee5ng:<\/span><\/div>\n<div><\/div>\n<div><span class=\"magic-20\" style=\"font-family: Verdana;\"><span class=\"magic-20\" style=\"font-family: Verdana;\">2. Ph\u1ee5 gia th\u1ef1c ph\u1ea9m<br \/>\nNgo\u00e0i kh\u1ea3 n\u0103ng ch\u1ed1ng l\u1ea1i b\u1ec7nh t\u1eadt v\u00e0 c\u1ea3i thi\u1ec7n kh\u1ea3 n\u0103ng mi\u1ec5n d\u1ecbch, chi\u1ebft xu\u1ea5t c\u00e0 r\u1ed1t c\u00f2n l\u00e0 m\u1ed9t s\u1eafc t\u1ed1 quan tr\u1ecdng v\u00e0 \u0111\u01b0\u1ee3c x\u00e1c nh\u1eadn l\u00e0 ph\u1ee5 gia th\u1ef1c ph\u1ea9m dinh d\u01b0\u1ee1ng. Chi\u1ebft xu\u1ea5t c\u00e0 r\u1ed1t c\u00f3 th\u1ec3 \u0111\u01b0\u1ee3c s\u1eed d\u1ee5ng l\u00e0m ch\u1ea5t t\u0103ng c\u01b0\u1eddng cho c\u00e1c lo\u1ea1i th\u1ef1c ph\u1ea9m lipid nh\u01b0 d\u1ea7u salad b\u01a1 th\u1ef1c v\u1eadt v\u00e0 d\u1ea7u benne \u0111\u1ec3 gi\u00fap chi\u1ebft xu\u1ea5t c\u00e0 r\u1ed1t \u0111\u01b0\u1ee3c c\u01a1 th\u1ec3 con ng\u01b0\u1eddi h\u1ea5p th\u1ee5.<\/span><\/span>3. M\u1ef9 ph\u1ea9m<br \/>\nChi\u1ebft xu\u1ea5t t\u1eeb c\u00e0 r\u1ed1t ch\u1ee9a nhi\u1ec1u axit amin, vitamin, y\u1ebfu t\u1ed1 \u01b0\u1edbt t\u1ef1 nhi\u00ean, nguy\u00ean t\u1ed1 vi l\u01b0\u1ee3ng v\u00e0 c\u00e1c ch\u1ea5t ho\u1ea1t t\u00ednh sinh h\u1ecdc kh\u00e1c, c\u00f9ng m\u1ef9 ph\u1ea9m, b\u1ed5 sung th\u00eam chi\u1ebft xu\u1ea5t c\u00e0 r\u1ed1t mang l\u1ea1i m\u00e0u s\u1eafc v\u00e0 \u0111\u1ed9 b\u00f3ng t\u1ef1 nhi\u00ean, \u0111\u1ea7y \u0111\u1ee7, \u0111\u1ed3ng th\u1eddi b\u1ea3o v\u1ec7 da.<\/p>\n<p>4. Ph\u1ee5 gia th\u1ee9c \u0103n ch\u0103n nu\u00f4i<br \/>\nChi\u1ebft xu\u1ea5t c\u00e0 r\u1ed1t c\u00f3 th\u1ec3 c\u1ea3i thi\u1ec7n t\u1ed1c \u0111\u1ed9 t\u0103ng tr\u01b0\u1edfng v\u00e0 ch\u1ea5t l\u01b0\u1ee3ng th\u1ecbt c\u1ee7a \u0111\u1ed9ng v\u1eadt, kh\u1ea3 n\u0103ng sinh s\u1ea3n c\u1ee7a gia s\u00fac, ng\u1ef1a v\u00e0 l\u1ee3n, m\u00e0u s\u1eafc v\u00e0 \u0111\u1ed9 b\u00f3ng c\u1ee7a c\u00e1 v\u00e0 t\u00f4m \u0111\u1ecf, v\u00e0 l\u00e0m s\u1eabm m\u00e0u tr\u1ee9ng chim.<\/p>\n<\/div>\n<\/div>\n<div>\n<p><em data-spm-anchor-id=\"a2700.details.0.i23.4c70348fZEdsdg\">Beta carotene l\u00e0 ph\u00e2n t\u1eed t\u1ea1o n\u00ean m\u00e0u cam cho c\u00e0 r\u1ed1t. Beta carotene l\u00e0 m\u1ed9t ph\u1ea7n c\u1ee7a h\u1ecd h\u00f3a ch\u1ea5t g\u1ecdi l\u00e0 carotenoid, c\u00f3 trong nhi\u1ec1u lo\u1ea1i tr\u00e1i c\u00e2y v\u00e0 rau qu\u1ea3, c\u0169ng nh\u01b0 m\u1ed9t s\u1ed1 s\u1ea3n ph\u1ea9m \u0111\u1ed9ng v\u1eadt nh\u01b0 l\u00f2ng \u0111\u1ecf tr\u1ee9ng. V\u1ec1 m\u1eb7t sinh h\u1ecdc, beta carotene quan tr\u1ecdng nh\u1ea5t l\u00e0 ti\u1ec1n ch\u1ea5t c\u1ee7a vitamin A.\u00a0<\/em><\/p>\n<p><em>Beta carotene c\u00f2n \u0111\u01b0\u1ee3c g\u1ecdi l\u00e0 provitamin v\u00ec n\u00f3 c\u00f3 th\u1ec3 \u0111\u01b0\u1ee3c chuy\u1ec3n \u0111\u1ed5i trong c\u01a1 th\u1ec3 ch\u00fang ta th\u00e0nh vitamin A sau khi b\u1ecb ph\u00e2n c\u1eaft oxy h\u00f3a b\u1edfi beta carotene 15, 150 dioxygenase. \u1ede th\u1ef1c v\u1eadt, beta carotene ho\u1ea1t \u0111\u1ed9ng nh\u01b0 m\u1ed9t ch\u1ea5t ch\u1ed1ng oxy h\u00f3a v\u00e0 trung h\u00f2a c\u00e1c g\u1ed1c oxy \u0111\u01a1n \u0111\u01b0\u1ee3c h\u00ecnh th\u00e0nh trong qu\u00e1 tr\u00ecnh quang h\u1ee3p.\u00a0<\/em><\/p>\n<\/div>\n<\/div>\n<\/div>\n<\/div>\n<p>&nbsp;<\/p>","protected":false},"excerpt":{"rendered":"<p>T\u00ean s\u1ea3n ph\u1ea9m:a\/<a class=\"blue\">\u03b2-Carotene<\/a><br \/>\nS\u1ed1 CAS: 7488-99-5\/7235-40-7<br \/>\nMF:C40H56<br \/>\nNgo\u1ea1i h\u00ecnh: B\u1ed9t m\u00e0u cam<\/p>","protected":false},"featured_media":2188,"template":"","meta":{"_acf_changed":false,"_gspb_post_css":""},"product_brand":[],"product_cat":[55],"product_tag":[],"class_list":{"0":"post-3561","1":"product","2":"type-product","3":"status-publish","4":"has-post-thumbnail","6":"product_cat-food-additives","8":"first","9":"instock","10":"shipping-taxable","11":"product-type-simple"},"acf":[],"_links":{"self":[{"href":"https:\/\/wpachem.com\/vi\/wp-json\/wp\/v2\/product\/3561","targetHints":{"allow":["GET"]}}],"collection":[{"href":"https:\/\/wpachem.com\/vi\/wp-json\/wp\/v2\/product"}],"about":[{"href":"https:\/\/wpachem.com\/vi\/wp-json\/wp\/v2\/types\/product"}],"version-history":[{"count":0,"href":"https:\/\/wpachem.com\/vi\/wp-json\/wp\/v2\/product\/3561\/revisions"}],"wp:featuredmedia":[{"embeddable":true,"href":"https:\/\/wpachem.com\/vi\/wp-json\/wp\/v2\/media\/2188"}],"wp:attachment":[{"href":"https:\/\/wpachem.com\/vi\/wp-json\/wp\/v2\/media?parent=3561"}],"wp:term":[{"taxonomy":"product_brand","embeddable":true,"href":"https:\/\/wpachem.com\/vi\/wp-json\/wp\/v2\/product_brand?post=3561"},{"taxonomy":"product_cat","embeddable":true,"href":"https:\/\/wpachem.com\/vi\/wp-json\/wp\/v2\/product_cat?post=3561"},{"taxonomy":"product_tag","embeddable":true,"href":"https:\/\/wpachem.com\/vi\/wp-json\/wp\/v2\/product_tag?post=3561"}],"curies":[{"name":"wp","href":"https:\/\/api.w.org\/{rel}","templated":true}]}}