{"id":3564,"date":"2023-03-22T05:34:32","date_gmt":"2023-03-22T05:34:32","guid":{"rendered":"http:\/\/site2.easyceotech.com\/?post_type=product&#038;p=3564"},"modified":"2024-03-12T07:41:06","modified_gmt":"2024-03-12T07:41:06","slug":"citric-acid-monohydrate","status":"publish","type":"product","link":"https:\/\/wpachem.com\/vi\/product\/citric-acid-monohydrate\/","title":{"rendered":"Axit Citric Monohydrat"},"content":{"rendered":"<p><b>Axit Citric Monohydrat c\u1ea5p th\u1ef1c ph\u1ea9m<\/b><br \/>\nAxit citric monohydrat ch\u1ee7 y\u1ebfu \u0111\u01b0\u1ee3c s\u1eed d\u1ee5ng trong ng\u00e0nh th\u1ef1c ph\u1ea9m v\u00e0 \u0111\u1ed3 u\u1ed1ng nh\u01b0 m\u1ed9t ch\u1ea5t t\u1ea1o axit, ch\u1ea5t t\u1ea1o h\u01b0\u01a1ng v\u1ecb, ch\u1ea5t b\u1ea3o qu\u1ea3n v\u00e0 ch\u1ea5t b\u1ea3o qu\u1ea3n. N\u00f3 c\u0169ng \u0111\u01b0\u1ee3c s\u1eed d\u1ee5ng nh\u01b0 m\u1ed9t ch\u1ea5t ch\u1ed1ng oxy h\u00f3a, ch\u1ea5t l\u00e0m d\u1ebbo v\u00e0 ch\u1ea5t t\u1ea9y r\u1eeda trong ng\u00e0nh h\u00f3a ch\u1ea5t, ng\u00e0nh m\u1ef9 ph\u1ea9m v\u00e0 ng\u00e0nh gi\u1eb7t.<\/p>","protected":false},"excerpt":{"rendered":"<p>T\u00ean s\u1ea3n ph\u1ea9m: Axit Citric Monohydrat<br \/>\nS\u1ed1 CAS: 5949-29-1<br \/>\nMF:C6H10O8<br \/>\nNgo\u1ea1i h\u00ecnh: s\u1ee9c m\u1ea1nh m\u00e0u tr\u1eafng<\/p>","protected":false},"featured_media":2168,"template":"","meta":{"_acf_changed":false,"_gspb_post_css":""},"product_brand":[],"product_cat":[55,59],"product_tag":[],"class_list":{"0":"post-3564","1":"product","2":"type-product","3":"status-publish","4":"has-post-thumbnail","6":"product_cat-food-additives","7":"product_cat-acidity-regulators","9":"first","10":"instock","11":"shipping-taxable","12":"product-type-simple"},"acf":[],"_links":{"self":[{"href":"https:\/\/wpachem.com\/vi\/wp-json\/wp\/v2\/product\/3564","targetHints":{"allow":["GET"]}}],"collection":[{"href":"https:\/\/wpachem.com\/vi\/wp-json\/wp\/v2\/product"}],"about":[{"href":"https:\/\/wpachem.com\/vi\/wp-json\/wp\/v2\/types\/product"}],"version-history":[{"count":0,"href":"https:\/\/wpachem.com\/vi\/wp-json\/wp\/v2\/product\/3564\/revisions"}],"wp:featuredmedia":[{"embeddable":true,"href":"https:\/\/wpachem.com\/vi\/wp-json\/wp\/v2\/media\/2168"}],"wp:attachment":[{"href":"https:\/\/wpachem.com\/vi\/wp-json\/wp\/v2\/media?parent=3564"}],"wp:term":[{"taxonomy":"product_brand","embeddable":true,"href":"https:\/\/wpachem.com\/vi\/wp-json\/wp\/v2\/product_brand?post=3564"},{"taxonomy":"product_cat","embeddable":true,"href":"https:\/\/wpachem.com\/vi\/wp-json\/wp\/v2\/product_cat?post=3564"},{"taxonomy":"product_tag","embeddable":true,"href":"https:\/\/wpachem.com\/vi\/wp-json\/wp\/v2\/product_tag?post=3564"}],"curies":[{"name":"wp","href":"https:\/\/api.w.org\/{rel}","templated":true}]}}