{"id":3567,"date":"2023-03-22T05:36:24","date_gmt":"2023-03-22T05:36:24","guid":{"rendered":"http:\/\/site2.easyceotech.com\/?post_type=product&#038;p=3567"},"modified":"2024-03-12T07:41:02","modified_gmt":"2024-03-12T07:41:02","slug":"citric-acid-anhydrous","status":"publish","type":"product","link":"https:\/\/wpachem.com\/vi\/product\/citric-acid-anhydrous\/","title":{"rendered":"Axit Citric khan"},"content":{"rendered":"<div class=\"J_module\">\n<div id=\"ali-anchor-AliMagic-wgd1p0\" class=\"magic-7\" data-section=\"AliMagic-wgd1p0\" data-section-title=\"Product Description\">M\u00f4 t\u1ea3 s\u1ea3n ph\u1ea9m<\/div>\n<\/div>\n<div class=\"J_module\">\n<div class=\"ife-detail-decorate-table\">\n<table class=\"all magic-8\">\n<tbody>\n<tr>\n<td colspan=\"1\" rowspan=\"1\">\n<div class=\"magic-9\">T\u00ean s\u1ea3n ph\u1ea9m<\/div>\n<\/td>\n<td colspan=\"1\" rowspan=\"1\">\n<div class=\"magic-10\">Axit xitric<\/div>\n<\/td>\n<\/tr>\n<tr>\n<td colspan=\"1\" rowspan=\"1\">\n<div class=\"magic-9\">\u0110\u1eb7c \u0111i\u1ec3m k\u1ef9 thu\u1eadt<\/div>\n<\/td>\n<td colspan=\"1\" rowspan=\"1\">\n<div class=\"magic-10\">99%<\/div>\n<\/td>\n<\/tr>\n<tr>\n<td colspan=\"1\" rowspan=\"1\">\n<div class=\"magic-9\">V\u1ebb b\u1ec1 ngo\u00e0i<\/div>\n<\/td>\n<td colspan=\"1\" rowspan=\"1\">\n<div class=\"magic-10\">B\u1ed9t tr\u1eafng<\/div>\n<\/td>\n<\/tr>\n<tr>\n<td colspan=\"1\" rowspan=\"1\">\n<div class=\"magic-9\">C\u1ea5p<\/div>\n<\/td>\n<td colspan=\"1\" rowspan=\"1\">\n<div class=\"magic-10\">C\u1ea5p th\u1ef1c ph\u1ea9m<\/div>\n<\/td>\n<\/tr>\n<tr>\n<td colspan=\"1\" rowspan=\"1\">\n<div class=\"magic-9\">M\u00f9i<\/div>\n<\/td>\n<td colspan=\"1\" rowspan=\"1\">\n<div class=\"magic-10\">\u0110\u1eb7c \u0111i\u1ec3m<\/div>\n<\/td>\n<\/tr>\n<tr>\n<td colspan=\"1\" rowspan=\"1\">\n<div class=\"magic-9\">S\u1ed1 l\u01b0\u1ee3ng \u0111\u1eb7t h\u00e0ng t\u1ed1i thi\u1ec3u<\/div>\n<\/td>\n<td colspan=\"1\" rowspan=\"1\">\n<div class=\"magic-10\">1KG<\/div>\n<\/td>\n<\/tr>\n<tr>\n<td colspan=\"1\" rowspan=\"1\">\n<div class=\"magic-9\">\u0110i\u1ec1u ki\u1ec7n l\u01b0u tr\u1eef<\/div>\n<\/td>\n<td colspan=\"1\" rowspan=\"1\">\n<div class=\"magic-10\">B\u1ea3o qu\u1ea3n n\u01a1i kh\u00f4 r\u00e1o, tho\u00e1ng m\u00e1t, tr\u00e1nh xa \u00e1nh s\u00e1ng m\u1ea1nh v\u00e0 nhi\u1ec7t \u0111\u1ed9 cao.<\/div>\n<\/td>\n<\/tr>\n<tr>\n<td colspan=\"1\" rowspan=\"1\">\n<div class=\"magic-9\">V\u1eadt m\u1eabu<\/div>\n<\/td>\n<td colspan=\"1\" rowspan=\"1\">\n<div class=\"magic-10\">C\u00f3 s\u1eb5n<\/div>\n<\/td>\n<\/tr>\n<\/tbody>\n<\/table>\n<\/div>\n<p style=\"font-weight: inherit;\" data-section=\"AliMagic-uz89m2\" data-section-title=\"Application\" data-spm-anchor-id=\"a2700.wholesale.0.i25.46d558bdK5Bjkl\">\u1ee8ng d\u1ee5ng<\/p>\n<p>1. X\u00e2y d\u1ef1ng c\u01a1 b\u1eafp<br \/>\n2. \u0110\u01b0\u1ee3c thi\u1ebft k\u1ebf \u0111\u1ec3 cung c\u1ea5p c\u00e1c ph\u00e2n \u0111o\u1ea1n protein v\u00e0 vi ph\u00e2n \u0111o\u1ea1n c\u00f3 \u0111\u1ea7y \u0111\u1ee7 ph\u1ed5.<br \/>\n3. Gi\u00e0u axit amin chu\u1ed7i nh\u00e1nh ch\u1ed1ng d\u1ecb h\u00f3a t\u1ef1 nhi\u00ean, BCAA<br \/>\n4. Ngo\u00e0i ch\u1ebf \u0111\u1ed9 \u0103n u\u1ed1ng l\u00e0nh m\u1ea1nh, Whey Protein c\u00f3 th\u1ec3 t\u0103ng kh\u1ed1i l\u01b0\u1ee3ng c\u01a1 n\u1ea1c v\u00e0 hi\u1ec7u su\u1ea5t th\u1ec3 thao<br \/>\n5. M\u1ed9t c\u00e1ch ti\u1ec7n l\u1ee3i v\u00e0 ngon mi\u1ec7ng \u0111\u1ec3 duy tr\u00ec h\u1ec7 th\u1ed1ng mi\u1ec5n d\u1ecbch kh\u1ecfe m\u1ea1nh<br \/>\n6. Cung c\u1ea5p ch\u1ea5t ch\u1ed1ng oxy h\u00f3a t\u1ef1 nhi\u00ean<\/p>\n<\/div>\n<p>&nbsp;<\/p>","protected":false},"excerpt":{"rendered":"<p>T\u00ean s\u1ea3n ph\u1ea9m: Axit Citric khan<br \/>\nS\u1ed1 CAS: 77-92-9<br \/>\nMF:C6H8O7<br \/>\nNgo\u1ea1i h\u00ecnh: s\u1ee9c m\u1ea1nh m\u00e0u tr\u1eafng<\/p>","protected":false},"featured_media":2155,"template":"","meta":{"_acf_changed":false,"_gspb_post_css":""},"product_brand":[],"product_cat":[55,59],"product_tag":[],"class_list":{"0":"post-3567","1":"product","2":"type-product","3":"status-publish","4":"has-post-thumbnail","6":"product_cat-food-additives","7":"product_cat-acidity-regulators","9":"first","10":"instock","11":"shipping-taxable","12":"product-type-simple"},"acf":[],"_links":{"self":[{"href":"https:\/\/wpachem.com\/vi\/wp-json\/wp\/v2\/product\/3567","targetHints":{"allow":["GET"]}}],"collection":[{"href":"https:\/\/wpachem.com\/vi\/wp-json\/wp\/v2\/product"}],"about":[{"href":"https:\/\/wpachem.com\/vi\/wp-json\/wp\/v2\/types\/product"}],"version-history":[{"count":0,"href":"https:\/\/wpachem.com\/vi\/wp-json\/wp\/v2\/product\/3567\/revisions"}],"wp:featuredmedia":[{"embeddable":true,"href":"https:\/\/wpachem.com\/vi\/wp-json\/wp\/v2\/media\/2155"}],"wp:attachment":[{"href":"https:\/\/wpachem.com\/vi\/wp-json\/wp\/v2\/media?parent=3567"}],"wp:term":[{"taxonomy":"product_brand","embeddable":true,"href":"https:\/\/wpachem.com\/vi\/wp-json\/wp\/v2\/product_brand?post=3567"},{"taxonomy":"product_cat","embeddable":true,"href":"https:\/\/wpachem.com\/vi\/wp-json\/wp\/v2\/product_cat?post=3567"},{"taxonomy":"product_tag","embeddable":true,"href":"https:\/\/wpachem.com\/vi\/wp-json\/wp\/v2\/product_tag?post=3567"}],"curies":[{"name":"wp","href":"https:\/\/api.w.org\/{rel}","templated":true}]}}