{"id":3570,"date":"2023-03-22T05:41:14","date_gmt":"2023-03-22T05:41:14","guid":{"rendered":"http:\/\/site2.easyceotech.com\/?post_type=product&#038;p=3570"},"modified":"2024-03-12T07:40:56","modified_gmt":"2024-03-12T07:40:56","slug":"sodium-citrate","status":"publish","type":"product","link":"https:\/\/wpachem.com\/vi\/product\/sodium-citrate\/","title":{"rendered":"Natri Citrat"},"content":{"rendered":"<p><span data-spm-anchor-id=\"a2700.details.0.i32.55714e80mQ2SLF\">T\u00ean h\u00f3a h\u1ecdc: Natri citrat<br \/>\nS\u1ed1 CAS: 68-04-2<br \/>\nC\u00f4ng th\u1ee9c ph\u00e2n t\u1eed: C6H9NaO7<\/span><\/p>\n<p>Th\u1eed nghi\u1ec7m: 99%min<\/p>\n<p>Ngo\u1ea1i quan: B\u1ed9t tinh th\u1ec3 m\u00e0u tr\u1eafng<\/p>\n<p>&nbsp;<\/p>\n<p>Natri citrat c\u00f3 nhi\u1ec1u \u0111\u1eb7c t\u00ednh tuy\u1ec7t v\u1eddi \u0111\u00e3 \u0111\u1ec1 c\u1eadp \u1edf tr\u00ean, v\u00ec v\u1eady n\u00f3 c\u00f3 nhi\u1ec1u \u1ee9ng d\u1ee5ng. Natri citrat kh\u00f4ng \u0111\u1ed9c h\u1ea1i, c\u00f3 \u0111\u1eb7c t\u00ednh \u0111i\u1ec1u ch\u1ec9nh pH v\u00e0 \u0111\u1ed9 \u1ed5n \u0111\u1ecbnh t\u1ed1t, v\u00ec v\u1eady n\u00f3 c\u00f3 th\u1ec3 \u0111\u01b0\u1ee3c s\u1eed d\u1ee5ng trong ng\u00e0nh c\u00f4ng nghi\u1ec7p th\u1ef1c ph\u1ea9m. Natri citrat \u0111\u01b0\u1ee3c s\u1eed d\u1ee5ng nh\u01b0 m\u1ed9t ch\u1ea5t ph\u1ee5 gia th\u1ef1c ph\u1ea9m v\u00e0 c\u00f3 nhu c\u1ea7u l\u1edbn nh\u1ea5t. N\u00f3 ch\u1ee7 y\u1ebfu \u0111\u01b0\u1ee3c s\u1eed d\u1ee5ng nh\u01b0 m\u1ed9t ch\u1ea5t t\u1ea1o h\u01b0\u01a1ng v\u1ecb, ch\u1ea5t \u0111\u1ec7m, ch\u1ea5t nh\u0169 h\u00f3a, ch\u1ea5t gi\u00e3n n\u1edf, ch\u1ea5t \u1ed5n \u0111\u1ecbnh v\u00e0 ch\u1ea5t b\u1ea3o qu\u1ea3n, v.v.; ngo\u00e0i ra, natri citrat t\u01b0\u01a1ng th\u00edch v\u1edbi axit citric cho nhi\u1ec1u lo\u1ea1i m\u1ee9t, ch\u1ea5t t\u1ea1o gel, ch\u1ea5t b\u1ed5 sung dinh d\u01b0\u1ee1ng v\u00e0 ch\u1ea5t t\u1ea1o h\u01b0\u01a1ng v\u1ecb cho th\u1ea1ch, n\u01b0\u1edbc tr\u00e1i c\u00e2y, \u0111\u1ed3 u\u1ed1ng, \u0111\u1ed3 u\u1ed1ng l\u1ea1nh, c\u00e1c s\u1ea3n ph\u1ea9m t\u1eeb s\u1eefa v\u00e0 b\u00e1nh ng\u1ecdt.<\/p>\n<p>&nbsp;<\/p>\n<p>\u1ee8ng d\u1ee5ng<\/p>\n<ul>\n<li>\u0110\u01b0\u1ee3c s\u1eed d\u1ee5ng l\u00e0m ch\u1ea5t t\u1ea1o h\u01b0\u01a1ng v\u1ecb v\u00e0 ch\u1ea5t \u1ed5n \u0111\u1ecbnh trong ng\u00e0nh th\u1ef1c ph\u1ea9m v\u00e0 \u0111\u1ed3 u\u1ed1ng;<\/li>\n<li>Trong ng\u00e0nh c\u00f4ng nghi\u1ec7p ch\u1ea5t t\u1ea9y r\u1eeda, natri tripolyphosphate c\u00f3 th\u1ec3 \u0111\u01b0\u1ee3c s\u1eed d\u1ee5ng l\u00e0m ch\u1ea5t ph\u1ee5 gia t\u1ea9y r\u1eeda kh\u00f4ng \u0111\u1ed9c h\u1ea1i.<\/li>\n<li data-spm-anchor-id=\"a2700.details.0.i37.55714e80mQ2SLF\">Ngo\u00e0i ra c\u00f2n \u0111\u01b0\u1ee3c d\u00f9ng \u0111\u1ec3 n\u1ea5u bia, m\u1ea1 \u0111i\u1ec7n, v.v.<\/li>\n<\/ul>\n<p>&nbsp;<\/p>","protected":false},"excerpt":{"rendered":"<p>T\u00ean s\u1ea3n ph\u1ea9m: Natri Citrate<br \/>\nS\u1ed1 CAS: 68-04-2<br \/>\nMF:C6H9NaO7<br \/>\nNgo\u1ea1i h\u00ecnh: s\u1ee9c m\u1ea1nh m\u00e0u tr\u1eafng<\/p>","protected":false},"featured_media":2155,"template":"","meta":{"_acf_changed":false,"_gspb_post_css":""},"product_brand":[],"product_cat":[55,59],"product_tag":[],"class_list":{"0":"post-3570","1":"product","2":"type-product","3":"status-publish","4":"has-post-thumbnail","6":"product_cat-food-additives","7":"product_cat-acidity-regulators","9":"first","10":"instock","11":"shipping-taxable","12":"product-type-simple"},"acf":[],"_links":{"self":[{"href":"https:\/\/wpachem.com\/vi\/wp-json\/wp\/v2\/product\/3570","targetHints":{"allow":["GET"]}}],"collection":[{"href":"https:\/\/wpachem.com\/vi\/wp-json\/wp\/v2\/product"}],"about":[{"href":"https:\/\/wpachem.com\/vi\/wp-json\/wp\/v2\/types\/product"}],"version-history":[{"count":0,"href":"https:\/\/wpachem.com\/vi\/wp-json\/wp\/v2\/product\/3570\/revisions"}],"wp:featuredmedia":[{"embeddable":true,"href":"https:\/\/wpachem.com\/vi\/wp-json\/wp\/v2\/media\/2155"}],"wp:attachment":[{"href":"https:\/\/wpachem.com\/vi\/wp-json\/wp\/v2\/media?parent=3570"}],"wp:term":[{"taxonomy":"product_brand","embeddable":true,"href":"https:\/\/wpachem.com\/vi\/wp-json\/wp\/v2\/product_brand?post=3570"},{"taxonomy":"product_cat","embeddable":true,"href":"https:\/\/wpachem.com\/vi\/wp-json\/wp\/v2\/product_cat?post=3570"},{"taxonomy":"product_tag","embeddable":true,"href":"https:\/\/wpachem.com\/vi\/wp-json\/wp\/v2\/product_tag?post=3570"}],"curies":[{"name":"wp","href":"https:\/\/api.w.org\/{rel}","templated":true}]}}