{"id":3573,"date":"2023-03-22T05:53:09","date_gmt":"2023-03-22T05:53:09","guid":{"rendered":"http:\/\/site2.easyceotech.com\/?post_type=product&#038;p=3573"},"modified":"2024-03-12T07:40:52","modified_gmt":"2024-03-12T07:40:52","slug":"calcium-citrate","status":"publish","type":"product","link":"https:\/\/wpachem.com\/vi\/product\/calcium-citrate\/","title":{"rendered":"Canxi Citrat"},"content":{"rendered":"<h3 class=\"magic-2\" data-spm-anchor-id=\"a2700.details.0.i21.5c9d52f0Rx0oYu\"><span class=\"magic-3\" style=\"font-family: Verdana;\"><span class=\"magic-4\">Ch\u1ea5t t\u1ea1o h\u01b0\u01a1ng v\u1ecb canxi citrate VLAND Nguy\u00ean li\u1ec7u th\u00f4 ch\u1ea5t l\u01b0\u1ee3ng cao cho th\u1ef1c ph\u1ea9m CAS 813-94-5<\/span><\/span><\/h3>\n<div class=\"magic-5\">\n<div class=\"magic-6\">\n<div class=\"magic-7\">\n<div><span class=\"magic-4\" style=\"font-family: Verdana;\"><b class=\"magic-3\">Th\u00f4ng tin b\u00e1n h\u00e0ng v\u00e0 \u0111\u00f3ng g\u00f3i:<\/b><\/span><\/div>\n<div><span class=\"magic-4\" style=\"font-family: Verdana;\">S\u1ea3n ph\u1ea9m n\u00e0y \u0111\u01b0\u1ee3c \u0111\u00f3ng g\u00f3i trong th\u00f9ng nh\u1ef1a polyethylene m\u1eadt \u0111\u1ed9 cao ho\u1eb7c t\u00fai gi\u1ea5y kraft, tr\u1ecdng l\u01b0\u1ee3ng t\u1ecbnh m\u1ed7i th\u00f9ng l\u00e0 20kg (ho\u1eb7c c\u00f3 th\u1ec3 \u0111\u1ecbnh d\u1ea1ng theo y\u00eau c\u1ea7u c\u1ee7a kh\u00e1ch h\u00e0ng).<br \/>\n<\/span><\/div>\n<div><span class=\"magic-4\" style=\"font-family: Verdana;\"><b>\u1ee8ng d\u1ee5ng s\u1ea3n ph\u1ea9m:<\/b><\/span><\/div>\n<div><span class=\"magic-3\" style=\"font-family: Verdana;\"><span class=\"magic-4\">Th\u1ef1c ph\u1ea9m t\u0103ng c\u01b0\u1eddng canxi, hi\u1ec7u qu\u1ea3 h\u1ea5p th\u1ee5 t\u1ed1t h\u01a1n canxi v\u00f4 c\u01a1. C\u00f3 th\u1ec3 d\u00f9ng \u0111\u1ec3 t\u0103ng c\u01b0\u1eddng nhi\u1ec1u lo\u1ea1i th\u1ef1c ph\u1ea9m, bao g\u1ed3m s\u1eefa b\u1ed9t tr\u1ebb em, n\u01b0\u1edbc \u00e9p tr\u00e1i c\u00e2y, s\u1ea3n ph\u1ea9m t\u1eeb s\u1eefa, \u0111\u1ed3 u\u1ed1ng r\u1eafn, \u0111\u1ed3 u\u1ed1ng th\u1ec3 thao, s\u1eefa, s\u1eefa \u0111\u1eadu n\u00e0nh, s\u1ea3n ph\u1ea9m s\u1ee9c kh\u1ecfe v\u00e0 s\u1ea3n ph\u1ea9m ng\u0169 c\u1ed1c.<\/span><\/span><\/div>\n<\/div>\n<\/div>\n<\/div>\n<p>&nbsp;<\/p>","protected":false},"excerpt":{"rendered":"<p>T\u00ean s\u1ea3n ph\u1ea9m:Canxi Citrate<br \/>\nS\u1ed1 CAS: 813-94-5<br \/>\nMF:C12H10Ca3O14<br \/>\nNgo\u1ea1i h\u00ecnh: s\u1ee9c m\u1ea1nh m\u00e0u tr\u1eafng<\/p>","protected":false},"featured_media":2161,"template":"","meta":{"_acf_changed":false,"_gspb_post_css":""},"product_brand":[],"product_cat":[55,59],"product_tag":[],"class_list":{"0":"post-3573","1":"product","2":"type-product","3":"status-publish","4":"has-post-thumbnail","6":"product_cat-food-additives","7":"product_cat-acidity-regulators","9":"first","10":"instock","11":"shipping-taxable","12":"product-type-simple"},"acf":[],"_links":{"self":[{"href":"https:\/\/wpachem.com\/vi\/wp-json\/wp\/v2\/product\/3573","targetHints":{"allow":["GET"]}}],"collection":[{"href":"https:\/\/wpachem.com\/vi\/wp-json\/wp\/v2\/product"}],"about":[{"href":"https:\/\/wpachem.com\/vi\/wp-json\/wp\/v2\/types\/product"}],"version-history":[{"count":0,"href":"https:\/\/wpachem.com\/vi\/wp-json\/wp\/v2\/product\/3573\/revisions"}],"wp:featuredmedia":[{"embeddable":true,"href":"https:\/\/wpachem.com\/vi\/wp-json\/wp\/v2\/media\/2161"}],"wp:attachment":[{"href":"https:\/\/wpachem.com\/vi\/wp-json\/wp\/v2\/media?parent=3573"}],"wp:term":[{"taxonomy":"product_brand","embeddable":true,"href":"https:\/\/wpachem.com\/vi\/wp-json\/wp\/v2\/product_brand?post=3573"},{"taxonomy":"product_cat","embeddable":true,"href":"https:\/\/wpachem.com\/vi\/wp-json\/wp\/v2\/product_cat?post=3573"},{"taxonomy":"product_tag","embeddable":true,"href":"https:\/\/wpachem.com\/vi\/wp-json\/wp\/v2\/product_tag?post=3573"}],"curies":[{"name":"wp","href":"https:\/\/api.w.org\/{rel}","templated":true}]}}