{"id":3576,"date":"2023-03-22T07:12:50","date_gmt":"2023-03-22T07:12:50","guid":{"rendered":"http:\/\/site2.easyceotech.com\/?post_type=product&#038;p=3576"},"modified":"2024-03-12T07:40:47","modified_gmt":"2024-03-12T07:40:47","slug":"potassium-citrate","status":"publish","type":"product","link":"https:\/\/wpachem.com\/vi\/product\/potassium-citrate\/","title":{"rendered":"Kali Citrat"},"content":{"rendered":"<div class=\"text-title\"><span data-spm-anchor-id=\"a2700.details.0.i31.5377126f26VXex\">Kali citrat<\/span><\/div>\n<div class=\"text-content\" data-spm-anchor-id=\"a2700.details.0.i33.5377126f26VXex\">Kali citrat l\u00e0 m\u1ed9t lo\u1ea1i citrat, c\u00f4ng th\u1ee9c h\u00f3a h\u1ecdc l\u00e0 C6H5K3O7, kh\u1ed1i l\u01b0\u1ee3ng ph\u00e2n t\u1eed 306,39500, m\u00e0u tr\u1eafng, b\u1ed9t tinh th\u1ec3 h\u01a1i h\u00fat \u1ea9m. Kh\u00f4ng m\u00f9i, v\u1ecb m\u1eb7n, tan trong n\u01b0\u1edbc, tan ch\u1eadm trong glycerin, kh\u00f4ng tan trong r\u01b0\u1ee3u, v\u1ecb m\u1eb7n v\u00e0 m\u00e1t. L\u00e0 ch\u1ea5t \u1ed5n \u0111\u1ecbnh v\u00e0 ch\u1ea5t \u0111\u1ec7m pH. C\u00f3 th\u1ec3 d\u00f9ng cho t\u1ea5t c\u1ea3 c\u00e1c lo\u1ea1i th\u1ef1c ph\u1ea9m, theo nhu c\u1ea7u s\u1ea3n xu\u1ea5t s\u1eed d\u1ee5ng ph\u00f9 h\u1ee3p. V\u1ec1 m\u1eb7t y h\u1ecdc, c\u00f3 th\u1ec3 d\u00f9ng \u0111\u1ec3 ki\u1ec3m so\u00e1t axit uric ho\u1eb7c cystine t\u1eeb s\u1ecfi th\u1eadn ho\u1eb7c s\u1ecfi th\u1eadn, \u0111\u1ec3 ph\u00f2ng ng\u1eeba v\u00e0 \u0111i\u1ec1u tr\u1ecb h\u1ea1 kali m\u00e1u v\u00e0 ki\u1ec1m h\u00f3a n\u01b0\u1edbc ti\u1ec3u.<\/div>\n<p>&nbsp;<\/p>","protected":false},"excerpt":{"rendered":"<p>T\u00ean s\u1ea3n ph\u1ea9m: Kali Citrate<br \/>\nS\u1ed1 CAS: 866-84-2<br \/>\nMF:C6H9KO7<br \/>\nNgo\u1ea1i h\u00ecnh: s\u1ee9c m\u1ea1nh m\u00e0u tr\u1eafng<\/p>","protected":false},"featured_media":2153,"template":"","meta":{"_acf_changed":false,"_gspb_post_css":""},"product_brand":[],"product_cat":[55,59],"product_tag":[],"class_list":{"0":"post-3576","1":"product","2":"type-product","3":"status-publish","4":"has-post-thumbnail","6":"product_cat-food-additives","7":"product_cat-acidity-regulators","9":"first","10":"instock","11":"shipping-taxable","12":"product-type-simple"},"acf":[],"_links":{"self":[{"href":"https:\/\/wpachem.com\/vi\/wp-json\/wp\/v2\/product\/3576","targetHints":{"allow":["GET"]}}],"collection":[{"href":"https:\/\/wpachem.com\/vi\/wp-json\/wp\/v2\/product"}],"about":[{"href":"https:\/\/wpachem.com\/vi\/wp-json\/wp\/v2\/types\/product"}],"version-history":[{"count":0,"href":"https:\/\/wpachem.com\/vi\/wp-json\/wp\/v2\/product\/3576\/revisions"}],"wp:featuredmedia":[{"embeddable":true,"href":"https:\/\/wpachem.com\/vi\/wp-json\/wp\/v2\/media\/2153"}],"wp:attachment":[{"href":"https:\/\/wpachem.com\/vi\/wp-json\/wp\/v2\/media?parent=3576"}],"wp:term":[{"taxonomy":"product_brand","embeddable":true,"href":"https:\/\/wpachem.com\/vi\/wp-json\/wp\/v2\/product_brand?post=3576"},{"taxonomy":"product_cat","embeddable":true,"href":"https:\/\/wpachem.com\/vi\/wp-json\/wp\/v2\/product_cat?post=3576"},{"taxonomy":"product_tag","embeddable":true,"href":"https:\/\/wpachem.com\/vi\/wp-json\/wp\/v2\/product_tag?post=3576"}],"curies":[{"name":"wp","href":"https:\/\/api.w.org\/{rel}","templated":true}]}}