{"id":3579,"date":"2023-03-22T07:14:22","date_gmt":"2023-03-22T07:14:22","guid":{"rendered":"http:\/\/site2.easyceotech.com\/?post_type=product&#038;p=3579"},"modified":"2024-03-12T07:40:44","modified_gmt":"2024-03-12T07:40:44","slug":"fumaric-acid","status":"publish","type":"product","link":"https:\/\/wpachem.com\/vi\/product\/fumaric-acid\/","title":{"rendered":"Axit fumaric"},"content":{"rendered":"<p>Axit fumaric HACCP Kosher Halal ISO9001 GMP BP USP EP Gi\u1ea5y ch\u1ee9ng nh\u1eadn s\u1ee9c kh\u1ecfe c\u1ee7a \u0110\u1ea1i s\u1ee9 qu\u00e1n<br \/>\nAxit fumaric c\u00f3 d\u1ea1ng tinh th\u1ec3 kh\u00f4ng m\u00e0u, c\u00f3 trong nhi\u1ec1u lo\u1ea1i n\u1ea5m v\u00e0 th\u1ecbt b\u00f2 t\u01b0\u01a1i.<br \/>\nL\u00e0 nh\u00e0 cung c\u1ea5p ph\u1ee5 gia th\u1ef1c ph\u1ea9m v\u00e0 th\u00e0nh ph\u1ea7n th\u1ef1c ph\u1ea9m h\u00e0ng \u0111\u1ea7u t\u1ea1i Trung Qu\u1ed1c, ch\u00fang t\u00f4i c\u00f3 th\u1ec3 cung c\u1ea5p cho b\u1ea1n Axit Fumaric ch\u1ea5t l\u01b0\u1ee3ng cao. \u0110\u01b0\u1ee3c s\u1eed d\u1ee5ng nh\u01b0 m\u1ed9t ch\u1ea5t t\u1ea1o axit, Axit Fumaric c\u00f3 ch\u1ee9c n\u0103ng k\u00ecm khu\u1ea9n v\u00e0 s\u00e1t tr\u00f9ng. N\u00f3 c\u0169ng c\u00f3 th\u1ec3 \u0111\u01b0\u1ee3c s\u1eed d\u1ee5ng nh\u01b0 ch\u1ea5t \u0111i\u1ec1u ch\u1ec9nh \u0111\u1ed9 axit, ch\u1ea5t t\u1ea1o axit, ch\u1ea5t ph\u1ee5 tr\u1ee3 ch\u1ed1ng oxy h\u00f3a nhi\u1ec7t, ch\u1ea5t t\u0103ng t\u1ed1c \u0111\u00f3ng r\u1eafn v\u00e0 gia v\u1ecb.<br \/>\n\u0110\u01b0\u1ee3c s\u1eed d\u1ee5ng nh\u01b0 m\u1ed9t ch\u1ea5t c\u00f3 t\u00ednh axit c\u1ee7a ch\u1ea5t t\u1ea1o b\u1ecdt, n\u00f3 c\u00f3 th\u1ec3 t\u1ea1o ra c\u00e1c bong b\u00f3ng k\u00e9o d\u00e0i v\u00e0 tinh t\u1ebf. Axit fumaric c\u00f3 th\u1ec3 \u0111\u01b0\u1ee3c s\u1eed d\u1ee5ng nh\u01b0 m\u1ed9t ch\u1ea5t trung gian d\u01b0\u1ee3c ph\u1ea9m v\u00e0 ch\u1ea5t t\u1ea9y tr\u1eafng quang h\u1ecdc. Trong ng\u00e0nh c\u00f4ng nghi\u1ec7p d\u01b0\u1ee3c ph\u1ea9m, n\u00f3 \u0111\u01b0\u1ee3c s\u1eed d\u1ee5ng \u0111\u1ec3 s\u1ea3n xu\u1ea5t natri alexipharmic<br \/>\ndimercaptosuccinate v\u00e0 ferrous fumarate. Axit fumaric c\u0169ng \u0111\u01b0\u1ee3c s\u1eed d\u1ee5ng trong s\u1ea3n xu\u1ea5t nh\u1ef1a polyester kh\u00f4ng b\u00e3o h\u00f2a.<\/p>","protected":false},"excerpt":{"rendered":"<p>T\u00ean s\u1ea3n ph\u1ea9m: Axit fumaric<br \/>\nS\u1ed1 CAS: 110-17-8<br \/>\nMF: C4H4O4<br \/>\nNgo\u1ea1i h\u00ecnh: s\u1ee9c m\u1ea1nh m\u00e0u tr\u1eafng<\/p>","protected":false},"featured_media":2161,"template":"","meta":{"_acf_changed":false,"_gspb_post_css":""},"product_brand":[],"product_cat":[24],"product_tag":[],"class_list":{"0":"post-3579","1":"product","2":"type-product","3":"status-publish","4":"has-post-thumbnail","6":"product_cat-uncategorized","8":"first","9":"instock","10":"shipping-taxable","11":"product-type-simple"},"acf":[],"_links":{"self":[{"href":"https:\/\/wpachem.com\/vi\/wp-json\/wp\/v2\/product\/3579","targetHints":{"allow":["GET"]}}],"collection":[{"href":"https:\/\/wpachem.com\/vi\/wp-json\/wp\/v2\/product"}],"about":[{"href":"https:\/\/wpachem.com\/vi\/wp-json\/wp\/v2\/types\/product"}],"version-history":[{"count":0,"href":"https:\/\/wpachem.com\/vi\/wp-json\/wp\/v2\/product\/3579\/revisions"}],"wp:featuredmedia":[{"embeddable":true,"href":"https:\/\/wpachem.com\/vi\/wp-json\/wp\/v2\/media\/2161"}],"wp:attachment":[{"href":"https:\/\/wpachem.com\/vi\/wp-json\/wp\/v2\/media?parent=3579"}],"wp:term":[{"taxonomy":"product_brand","embeddable":true,"href":"https:\/\/wpachem.com\/vi\/wp-json\/wp\/v2\/product_brand?post=3579"},{"taxonomy":"product_cat","embeddable":true,"href":"https:\/\/wpachem.com\/vi\/wp-json\/wp\/v2\/product_cat?post=3579"},{"taxonomy":"product_tag","embeddable":true,"href":"https:\/\/wpachem.com\/vi\/wp-json\/wp\/v2\/product_tag?post=3579"}],"curies":[{"name":"wp","href":"https:\/\/api.w.org\/{rel}","templated":true}]}}