{"id":3585,"date":"2023-03-22T07:23:38","date_gmt":"2023-03-22T07:23:38","guid":{"rendered":"http:\/\/site2.easyceotech.com\/?post_type=product&#038;p=3585"},"modified":"2024-03-12T07:36:02","modified_gmt":"2024-03-12T07:36:02","slug":"phosphoric-acid","status":"publish","type":"product","link":"https:\/\/wpachem.com\/vi\/product\/phosphoric-acid\/","title":{"rendered":"Axit photphoric"},"content":{"rendered":"<p><span data-spm-anchor-id=\"a2700.details.0.i12.4bac579aHzn4oo\">Axit photphoric (axit ortho-phosphoric, axit mono-phosphoric ho\u1eb7c axit phosphoric(V)) l\u00e0 m\u1ed9t h\u1ee3p ch\u1ea5t r\u1eafn ch\u1ee9a ph\u1ed1t pho kh\u00f4ng m\u00e0u, kh\u00f4ng m\u00f9i v\u00e0 v\u00f4 c\u01a1 c\u00f3 c\u00f4ng th\u1ee9c h\u00f3a h\u1ecdc l\u00e0 H3PO4. N\u00f3 th\u01b0\u1eddng \u0111\u01b0\u1ee3c t\u00ecm th\u1ea5y d\u01b0\u1edbi d\u1ea1ng dung d\u1ecbch n\u01b0\u1edbc 85%, l\u00e0 ch\u1ea5t l\u1ecfng d\u1ea1ng xi-r\u00f4 kh\u00f4ng m\u00e0u, kh\u00f4ng m\u00f9i v\u00e0 kh\u00f4ng bay h\u01a1i.<\/span><\/p>\n<div>\n<div>Axit photphoric l\u00e0 th\u00e0nh ph\u1ea7n c\u1ee7a ph\u00e2n b\u00f3n, ch\u1ea5t t\u1ea9y r\u1eeda v\u00e0 nhi\u1ec1u s\u1ea3n ph\u1ea9m t\u1ea9y r\u1eeda gia d\u1ee5ng.<\/div>\n<div>Dung d\u1ecbch lo\u00e3ng c\u00f3 v\u1ecb axit d\u1ec5 ch\u1ecbu; n\u00f3 c\u0169ng \u0111\u01b0\u1ee3c d\u00f9ng l\u00e0m ph\u1ee5 gia th\u1ef1c ph\u1ea9m, mang l\u1ea1i t\u00ednh axit cho n\u01b0\u1edbc gi\u1ea3i kh\u00e1t v\u00e0 c\u00e1c th\u1ef1c ph\u1ea9m ch\u1ebf bi\u1ebfn kh\u00e1c, c\u0169ng nh\u01b0 trong c\u00e1c s\u1ea3n ph\u1ea9m x\u1eed l\u00fd n\u01b0\u1edbc.<\/div>\n<\/div>\n<p>&nbsp;<\/p>","protected":false},"excerpt":{"rendered":"<p>T\u00ean s\u1ea3n ph\u1ea9m: Axit photphoric<br \/>\nS\u1ed1 CAS: 7664-38-2<br \/>\nMF:H3O4P<br \/>\nNgo\u1ea1i quan: Ch\u1ea5t l\u1ecfng nh\u1edbt kh\u00f4ng m\u00e0u trong su\u1ed1t<\/p>","protected":false},"featured_media":2114,"template":"","meta":{"_acf_changed":false,"_gspb_post_css":""},"product_brand":[],"product_cat":[55,59],"product_tag":[],"class_list":{"0":"post-3585","1":"product","2":"type-product","3":"status-publish","4":"has-post-thumbnail","6":"product_cat-food-additives","7":"product_cat-acidity-regulators","9":"first","10":"instock","11":"shipping-taxable","12":"product-type-simple"},"acf":[],"_links":{"self":[{"href":"https:\/\/wpachem.com\/vi\/wp-json\/wp\/v2\/product\/3585","targetHints":{"allow":["GET"]}}],"collection":[{"href":"https:\/\/wpachem.com\/vi\/wp-json\/wp\/v2\/product"}],"about":[{"href":"https:\/\/wpachem.com\/vi\/wp-json\/wp\/v2\/types\/product"}],"version-history":[{"count":0,"href":"https:\/\/wpachem.com\/vi\/wp-json\/wp\/v2\/product\/3585\/revisions"}],"wp:featuredmedia":[{"embeddable":true,"href":"https:\/\/wpachem.com\/vi\/wp-json\/wp\/v2\/media\/2114"}],"wp:attachment":[{"href":"https:\/\/wpachem.com\/vi\/wp-json\/wp\/v2\/media?parent=3585"}],"wp:term":[{"taxonomy":"product_brand","embeddable":true,"href":"https:\/\/wpachem.com\/vi\/wp-json\/wp\/v2\/product_brand?post=3585"},{"taxonomy":"product_cat","embeddable":true,"href":"https:\/\/wpachem.com\/vi\/wp-json\/wp\/v2\/product_cat?post=3585"},{"taxonomy":"product_tag","embeddable":true,"href":"https:\/\/wpachem.com\/vi\/wp-json\/wp\/v2\/product_tag?post=3585"}],"curies":[{"name":"wp","href":"https:\/\/api.w.org\/{rel}","templated":true}]}}