{"id":3591,"date":"2023-03-22T07:28:20","date_gmt":"2023-03-22T07:28:20","guid":{"rendered":"http:\/\/site2.easyceotech.com\/?post_type=product&#038;p=3591"},"modified":"2024-03-12T07:35:53","modified_gmt":"2024-03-12T07:35:53","slug":"calcium-lactate","status":"publish","type":"product","link":"https:\/\/wpachem.com\/vi\/product\/calcium-lactate\/","title":{"rendered":"Canxi Lactat"},"content":{"rendered":"<p><span class=\"magic-7\">Canxi lactat l\u00e0 d\u1eabn xu\u1ea5t c\u1ee7a axit lactic sau qu\u00e1 tr\u00ecnh l\u00ean men ng\u00f4 ho\u1eb7c g\u1ea1o, d\u1ea1ng h\u1ea1t ho\u1eb7c b\u1ed9t m\u00e0u tr\u1eafng, c\u00f3 v\u1ecb c\u1ee7a qu\u00e1 tr\u00ecnh l\u00ean men axit lactic, h\u01a1i phong h\u00f3a, canxi lactat d\u1ec5 tan trong n\u01b0\u1edbc n\u00f3ng (kho\u1ea3ng 5%), kh\u00f4ng tan trong etanol v\u00e0 c\u00e1c dung d\u1ecbch kh\u00f4ng ph\u00e2n c\u1ef1c kh\u00e1c. Khi t\u0103ng c\u01b0\u1eddng \u0111\u1ed3 u\u1ed1ng, c\u00f3 th\u1ec3 thu \u0111\u01b0\u1ee3c dung d\u1ecbch \u1ed5n \u0111\u1ecbnh v\u00e0 trong su\u1ed1t, \u0111\u1ed9 pH c\u1ee7a dung d\u1ecbch n\u01b0\u1edbc l\u00e0 6,0-7,0 v\u00e0 h\u01b0\u01a1ng v\u1ecb nh\u1eb9 sau khi h\u00f2a tan<\/span>v\u00ed d\u1ee5.<\/p>\n<p>&nbsp;<\/p>\n<p>\u1ee8ng d\u1ee5ng<\/p>\n<p>&nbsp;<\/p>\n<p><span class=\"magic-7\" style=\"font-family: Arial;\">1. Canxi lactat th\u00edch h\u1ee3p cho nhi\u1ec1u lo\u1ea1i \u0111\u1ed3 u\u1ed1ng, v.v. V\u00ec canxi lactat c\u00f3 \u0111\u1ed9 h\u00f2a tan t\u1ed1t n\u00ean d\u1ec5 t\u1ea1o gel \u0111\u1ed3ng \u0111\u1ec1u v\u00e0 th\u01b0\u1eddng \u0111\u01b0\u1ee3c d\u00f9ng l\u00e0m ch\u1ea5t t\u1ea1o gel.<\/span><\/p>\n<div data-spm-anchor-id=\"a2700.details.0.i26.27f72c1aGwRPIe\"><span class=\"magic-7\" style=\"font-family: Arial;\"> 2. Canxi lactat \u0111\u01b0\u1ee3c s\u1eed d\u1ee5ng l\u00e0m ph\u1ee5 gia th\u1ef1c ph\u1ea9m, kh\u00f4ng ph\u1ea3i l\u00e0 ch\u1ea5t b\u1ed5 sung canxi cho c\u01a1 th\u1ec3 con ng\u01b0\u1eddi, ch\u1ea5t \u0111\u1ec7m v\u00e0 ch\u1ea5t t\u1ea1o b\u1ecdt cho b\u00e1nh m\u00ec v\u00e0 b\u00e1nh ng\u1ecdt.<\/span><\/div>\n<p>&nbsp;<\/p>","protected":false},"excerpt":{"rendered":"<p>T\u00ean s\u1ea3n ph\u1ea9m:Canxi Lactat<br \/>\nS\u1ed1 CAS: 814-80-2<br \/>\nMF:C3H8CaO3<br \/>\nNgo\u1ea1i h\u00ecnh: s\u1ee9c m\u1ea1nh m\u00e0u tr\u1eafng<\/p>","protected":false},"featured_media":3146,"template":"","meta":{"_acf_changed":false,"_gspb_post_css":""},"product_brand":[],"product_cat":[55,59],"product_tag":[],"class_list":{"0":"post-3591","1":"product","2":"type-product","3":"status-publish","4":"has-post-thumbnail","6":"product_cat-food-additives","7":"product_cat-acidity-regulators","9":"first","10":"instock","11":"shipping-taxable","12":"product-type-simple"},"acf":[],"_links":{"self":[{"href":"https:\/\/wpachem.com\/vi\/wp-json\/wp\/v2\/product\/3591","targetHints":{"allow":["GET"]}}],"collection":[{"href":"https:\/\/wpachem.com\/vi\/wp-json\/wp\/v2\/product"}],"about":[{"href":"https:\/\/wpachem.com\/vi\/wp-json\/wp\/v2\/types\/product"}],"version-history":[{"count":0,"href":"https:\/\/wpachem.com\/vi\/wp-json\/wp\/v2\/product\/3591\/revisions"}],"wp:featuredmedia":[{"embeddable":true,"href":"https:\/\/wpachem.com\/vi\/wp-json\/wp\/v2\/media\/3146"}],"wp:attachment":[{"href":"https:\/\/wpachem.com\/vi\/wp-json\/wp\/v2\/media?parent=3591"}],"wp:term":[{"taxonomy":"product_brand","embeddable":true,"href":"https:\/\/wpachem.com\/vi\/wp-json\/wp\/v2\/product_brand?post=3591"},{"taxonomy":"product_cat","embeddable":true,"href":"https:\/\/wpachem.com\/vi\/wp-json\/wp\/v2\/product_cat?post=3591"},{"taxonomy":"product_tag","embeddable":true,"href":"https:\/\/wpachem.com\/vi\/wp-json\/wp\/v2\/product_tag?post=3591"}],"curies":[{"name":"wp","href":"https:\/\/api.w.org\/{rel}","templated":true}]}}