{"id":3594,"date":"2023-03-22T07:31:15","date_gmt":"2023-03-22T07:31:15","guid":{"rendered":"http:\/\/site2.easyceotech.com\/?post_type=product&#038;p=3594"},"modified":"2024-03-12T07:35:46","modified_gmt":"2024-03-12T07:35:46","slug":"sodium-lactate","status":"publish","type":"product","link":"https:\/\/wpachem.com\/vi\/product\/sodium-lactate\/","title":{"rendered":"Natri Lactat"},"content":{"rendered":"<div class=\"J_module\">\n<div id=\"ali-anchor-AliMagic-4nia84\" class=\"magic-3\" data-section=\"AliMagic-4nia84\" data-section-title=\"Products Description\" data-spm-anchor-id=\"a2700.details.0.i15.518c3517TyjXBG\">M\u00f4 t\u1ea3 s\u1ea3n ph\u1ea9m<\/div>\n<\/div>\n<div class=\"J_module\">\n<div class=\"ife-detail-decorate-table\">\n<table class=\"all magic-4\">\n<tbody>\n<tr>\n<td colspan=\"1\" rowspan=\"1\">\n<div class=\"magic-5\">T\u1ec9 tr\u1ecdng<\/div>\n<\/td>\n<td colspan=\"1\" rowspan=\"1\">\n<div class=\"magic-6\">1.33<\/div>\n<\/td>\n<\/tr>\n<tr>\n<td colspan=\"1\" rowspan=\"1\">\n<div class=\"magic-5\">\u0110i\u1ec3m s\u00f4i<\/div>\n<\/td>\n<td colspan=\"1\" rowspan=\"1\">\n<div class=\"magic-6\">227,6\u00baC \u1edf 760 mmHg<\/div>\n<\/td>\n<\/tr>\n<tr>\n<td colspan=\"1\" rowspan=\"1\">\n<div class=\"magic-5\">\u0110i\u1ec3m n\u00f3ng ch\u1ea3y<\/div>\n<\/td>\n<td colspan=\"1\" rowspan=\"1\">\n<div class=\"magic-6\">163-165\u00baC<\/div>\n<\/td>\n<\/tr>\n<tr>\n<td colspan=\"1\" rowspan=\"1\">\n<div class=\"magic-5\">C\u00f4ng th\u1ee9c ph\u00e2n t\u1eed<\/div>\n<\/td>\n<td colspan=\"1\" rowspan=\"1\">\n<div class=\"magic-6\">C3H5NaO3<\/div>\n<\/td>\n<\/tr>\n<tr>\n<td colspan=\"1\" rowspan=\"1\">\n<div class=\"magic-5\">Tr\u1ecdng l\u01b0\u1ee3ng ph\u00e2n t\u1eed<\/div>\n<\/td>\n<td colspan=\"1\" rowspan=\"1\">\n<div class=\"magic-6\">112.060<\/div>\n<\/td>\n<\/tr>\n<tr>\n<td colspan=\"1\" rowspan=\"1\">\n<div class=\"magic-5\">\u0110i\u1ec3m ch\u1edbp ch\u00e1y<\/div>\n<\/td>\n<td colspan=\"1\" rowspan=\"1\">\n<div class=\"magic-6\">109,9\u00baC<\/div>\n<\/td>\n<\/tr>\n<tr>\n<td colspan=\"1\" rowspan=\"1\">\n<div class=\"magic-5\">Kh\u1ed1i l\u01b0\u1ee3ng ch\u00ednh x\u00e1c<\/div>\n<\/td>\n<td colspan=\"1\" rowspan=\"1\">\n<div class=\"magic-6\">112.013641<\/div>\n<\/td>\n<\/tr>\n<tr>\n<td colspan=\"1\" rowspan=\"1\">\n<div class=\"magic-5\">V\u1ebb b\u1ec1 ngo\u00e0i<\/div>\n<\/td>\n<td colspan=\"1\" rowspan=\"1\">\n<div class=\"magic-6\">B\u1ed9t\/L\u1ecfng<\/div>\n<\/td>\n<\/tr>\n<tr>\n<td colspan=\"1\" rowspan=\"1\">\n<div class=\"magic-5\">\u0110i\u1ec1u ki\u1ec7n l\u01b0u tr\u1eef<\/div>\n<\/td>\n<td colspan=\"1\" rowspan=\"1\">\n<div class=\"magic-6\">Gi\u1eef h\u1ed9p \u0111\u1ef1ng k\u00edn v\u00e0 b\u1ea3o qu\u1ea3n \u1edf n\u01a1i kh\u00f4 r\u00e1o, tho\u00e1ng m\u00e1t<\/div>\n<\/td>\n<\/tr>\n<tr>\n<td colspan=\"1\" rowspan=\"1\">\n<div class=\"magic-5\">S\u1ef1 \u1ed5n \u0111\u1ecbnh<\/div>\n<\/td>\n<td colspan=\"1\" rowspan=\"1\">\n<div class=\"magic-6\">\u1ed4n \u0111\u1ecbnh \u1edf nhi\u1ec7t \u0111\u1ed9 b\u00ecnh th\u01b0\u1eddng<\/div>\n<\/td>\n<\/tr>\n<\/tbody>\n<\/table>\n<\/div>\n<div class=\"J_module\">\n<div class=\"detail-decorate-json-renderer-container\">\n<div class=\"magic-10\">\n<div class=\"magic-11\">\n<div class=\"magic-12\">\n<div class=\"magic-13\"><b>\u3010\u1ee8ng d\u1ee5ng\u3011<\/b><br \/>\nNatri L-lactate \u0111\u01b0\u1ee3c s\u1eed d\u1ee5ng \u0111\u1ec3 b\u1ea3o qu\u1ea3n th\u1ef1c ph\u1ea9m, gi\u1eef \u1ea9m v\u00e0 t\u0103ng h\u01b0\u01a1ng v\u1ecb, c\u0169ng nh\u01b0 ch\u1ea5t l\u00e0m c\u1ee9ng casein v\u00e0 ch\u1ea5t h\u1ea5p th\u1ee5 n\u01b0\u1edbc. V\u1ec1 m\u1eb7t vi khu\u1ea9n g\u00e2y th\u1ed1i th\u1ef1c ph\u1ea9m, L-natri lactate kh\u00f4ng ch\u1ec9 c\u00f3 th\u1ec3 \u1ee9c ch\u1ebf s\u1ef1 sinh s\u1ea3n c\u1ee7a h\u1ea7u h\u1ebft c\u00e1c vi khu\u1ea9n g\u00e2y h\u01b0 h\u1ecfng m\u00e0 c\u00f2n c\u00f3 c\u00e1c m\u1ee9c \u0111\u1ed9 \u1ee9c ch\u1ebf kh\u00e1c nhau \u0111\u1ed1i v\u1edbi nhi\u1ec1u lo\u1ea1i vi khu\u1ea9n g\u00e2y b\u1ec7nh, ch\u1eb3ng h\u1ea1n nh\u01b0 Listeria monocytogenes, Salmonella, Clostridium botulinum, v.v., do \u0111\u00f3 k\u00e9o d\u00e0i hi\u1ec7u qu\u1ea3 th\u1eddi h\u1ea1n s\u1eed d\u1ee5ng c\u1ee7a c\u00e1c s\u1ea3n ph\u1ea9m th\u1ecbt. Natri L-lactate \u0111\u00e3 \u0111\u01b0\u1ee3c s\u1eed d\u1ee5ng th\u00e0nh c\u00f4ng trong c\u00e1c s\u1ea3n ph\u1ea9m th\u1ecbt nguy\u00ean ch\u1ea5t nh\u01b0 gi\u0103m b\u00f4ng n\u1ea5u ch\u00edn, th\u1ecbt b\u00f2 n\u01b0\u1edbng, \u1ee9c g\u00e0 v\u00e0 c\u00e1c s\u1ea3n ph\u1ea9m th\u1ecbt b\u0103m nh\u01b0 x\u00fac x\u00edch hot dog, x\u00fac x\u00edch t\u01b0\u01a1i, x\u00fac x\u00edch hun kh\u00f3i v\u00e0 salami.<\/div>\n<\/div>\n<\/div>\n<\/div>\n<\/div>\n<\/div>\n<div class=\"J_module\">\n<div class=\"icbu-pc-images magic-0\">\n<div>\n<div class=\"flex-layout-v\">\n<div class=\"flex-layout-h magic-0\"><\/div>\n<\/div>\n<\/div>\n<\/div>\n<\/div>\n<\/div>\n<p>&nbsp;<\/p>","protected":false},"excerpt":{"rendered":"<p>T\u00ean s\u1ea3n ph\u1ea9m: Natri Lactat<br \/>\nS\u1ed1 CAS: 312-85-6<br \/>\nMF:C3H5NaO3<br \/>\nNgo\u1ea1i h\u00ecnh: s\u1ee9c m\u1ea1nh m\u00e0u tr\u1eafng<\/p>","protected":false},"featured_media":2167,"template":"","meta":{"_acf_changed":false,"_gspb_post_css":""},"product_brand":[],"product_cat":[55,59],"product_tag":[],"class_list":{"0":"post-3594","1":"product","2":"type-product","3":"status-publish","4":"has-post-thumbnail","6":"product_cat-food-additives","7":"product_cat-acidity-regulators","9":"first","10":"instock","11":"shipping-taxable","12":"product-type-simple"},"acf":[],"_links":{"self":[{"href":"https:\/\/wpachem.com\/vi\/wp-json\/wp\/v2\/product\/3594","targetHints":{"allow":["GET"]}}],"collection":[{"href":"https:\/\/wpachem.com\/vi\/wp-json\/wp\/v2\/product"}],"about":[{"href":"https:\/\/wpachem.com\/vi\/wp-json\/wp\/v2\/types\/product"}],"version-history":[{"count":0,"href":"https:\/\/wpachem.com\/vi\/wp-json\/wp\/v2\/product\/3594\/revisions"}],"wp:featuredmedia":[{"embeddable":true,"href":"https:\/\/wpachem.com\/vi\/wp-json\/wp\/v2\/media\/2167"}],"wp:attachment":[{"href":"https:\/\/wpachem.com\/vi\/wp-json\/wp\/v2\/media?parent=3594"}],"wp:term":[{"taxonomy":"product_brand","embeddable":true,"href":"https:\/\/wpachem.com\/vi\/wp-json\/wp\/v2\/product_brand?post=3594"},{"taxonomy":"product_cat","embeddable":true,"href":"https:\/\/wpachem.com\/vi\/wp-json\/wp\/v2\/product_cat?post=3594"},{"taxonomy":"product_tag","embeddable":true,"href":"https:\/\/wpachem.com\/vi\/wp-json\/wp\/v2\/product_tag?post=3594"}],"curies":[{"name":"wp","href":"https:\/\/api.w.org\/{rel}","templated":true}]}}