{"id":3600,"date":"2023-03-22T07:33:12","date_gmt":"2023-03-22T07:33:12","guid":{"rendered":"http:\/\/site2.easyceotech.com\/?post_type=product&#038;p=3600"},"modified":"2024-03-12T07:35:43","modified_gmt":"2024-03-12T07:35:43","slug":"magnesium-lactate","status":"publish","type":"product","link":"https:\/\/wpachem.com\/vi\/product\/magnesium-lactate\/","title":{"rendered":"Magie lactat"},"content":{"rendered":"<div class=\"magic-2\">\n<div class=\"magic-3\">\n<h3 class=\"magic-4\"><span data-spm-anchor-id=\"a2700.details.0.i24.7fb33d04qKqUBG\">Magie Lactat<\/span> Nh\u1eadn d\u1ea1ng b\u1ed9t<\/h3>\n<\/div>\n<div class=\"magic-5\">\n<div class=\"magic-6\">\n<p><b>T\u00ean s\u1ea3n ph\u1ea9m<\/b>:Magie Lactat Dihydrat<\/p>\n<div><b>S\u1ed0 CAS<\/b>:179308-96-4<\/div>\n<div><b>C\u00f4ng th\u1ee9c h\u00f3a h\u1ecdc<\/b>:Mg[CH3CH(OH)COO]2\u00b72H2O<\/div>\n<div>\n<p><b>Tr\u1ecdng l\u01b0\u1ee3ng ph\u00e2n t\u1eed<\/b>:238.44<\/p>\n<div><b>V\u1ebb b\u1ec1 ngo\u00e0i<\/b>:B\u1ed9t tr\u1eafng<\/div>\n<div><b>\u0110\u1ed9 h\u00f2a tan<\/b>: Tan t\u1ef1 do trong n\u01b0\u1edbc n\u00f3ng<\/div>\n<div><b>C\u1ea5p<\/b>:C\u1ea5p th\u1ef1c ph\u1ea9m<\/div>\n<div><b>Ti\u00eau chu\u1ea9n:<\/b>USP\/BP\/CP\/FCC<\/div>\n<div><b>S\u1ed1 E<\/b>:E329<\/div>\n<\/div>\n<\/div>\n<\/div>\n<\/div>\n<div class=\"magic-2\">\n<div class=\"magic-3\">\n<h3 class=\"magic-4\">Gi\u1edbi thi\u1ec7u t\u00f3m t\u1eaft v\u1ec1 Magnesium Lactat<\/h3>\n<\/div>\n<div class=\"magic-5\">\n<div class=\"magic-7\">\n<p>Magi\u00ea lactat, mu\u1ed1i magie c\u1ee7a axit lactic, l\u00e0 m\u1ed9t ch\u1ea5t b\u1ed5 sung kho\u00e1ng ch\u1ea5t.<\/p>\n<div><\/div>\n<div><\/div>\n<p>Magnesium Lactate Dihydrate EP l\u00e0 s\u1ea3n ph\u1ea9m d\u1ea1ng h\u1ea1t m\u00e0u tr\u1eafng \u0111\u01b0\u1ee3c s\u1eed d\u1ee5ng nh\u01b0 m\u1ed9t ch\u1ea5t b\u1ed5 sung ch\u1ebf \u0111\u1ed9 \u0103n u\u1ed1ng ho\u1eb7c nh\u01b0 m\u1ed9t ch\u1ea5t dinh d\u01b0\u1ee1ng. Magnesium lactate gi\u00fap h\u1ed7 tr\u1ee3 ch\u1ee9c n\u0103ng tim m\u1ea1ch, x\u00e2y d\u1ef1ng x\u01b0\u01a1ng ch\u1eafc kh\u1ecfe, duy tr\u00ec hi\u1ec7u qu\u1ea3 t\u1ebf b\u00e0o, c\u0169ng nh\u01b0 b\u00ecnh th\u01b0\u1eddng h\u00f3a qu\u00e1 tr\u00ecnh trao \u0111\u1ed5i ch\u1ea5t v\u00e0 ch\u1ee9c n\u0103ng th\u1ea7n kinh. N\u00f3 c\u0169ng \u0111\u01b0\u1ee3c s\u1eed d\u1ee5ng \u0111\u1ec3 \u0111i\u1ec1u ch\u1ec9nh \u0111\u1ed9 axit v\u00e0 t\u0103ng c\u01b0\u1eddng th\u1ef1c ph\u1ea9m v\u00e0 \u0111\u1ed3 u\u1ed1ng.<\/p>\n<\/div>\n<\/div>\n<\/div>\n<p>&nbsp;<\/p>","protected":false},"excerpt":{"rendered":"<p>T\u00ean s\u1ea3n ph\u1ea9m: Magie lactat<br \/>\nS\u1ed1 CAS: 179308-96-4<br \/>\nMF:C6H10MgO6<br \/>\nNgo\u1ea1i h\u00ecnh: s\u1ee9c m\u1ea1nh m\u00e0u tr\u1eafng<\/p>","protected":false},"featured_media":2169,"template":"","meta":{"_acf_changed":false,"_gspb_post_css":""},"product_brand":[],"product_cat":[55,59],"product_tag":[],"class_list":{"0":"post-3600","1":"product","2":"type-product","3":"status-publish","4":"has-post-thumbnail","6":"product_cat-food-additives","7":"product_cat-acidity-regulators","9":"first","10":"instock","11":"shipping-taxable","12":"product-type-simple"},"acf":[],"_links":{"self":[{"href":"https:\/\/wpachem.com\/vi\/wp-json\/wp\/v2\/product\/3600","targetHints":{"allow":["GET"]}}],"collection":[{"href":"https:\/\/wpachem.com\/vi\/wp-json\/wp\/v2\/product"}],"about":[{"href":"https:\/\/wpachem.com\/vi\/wp-json\/wp\/v2\/types\/product"}],"version-history":[{"count":0,"href":"https:\/\/wpachem.com\/vi\/wp-json\/wp\/v2\/product\/3600\/revisions"}],"wp:featuredmedia":[{"embeddable":true,"href":"https:\/\/wpachem.com\/vi\/wp-json\/wp\/v2\/media\/2169"}],"wp:attachment":[{"href":"https:\/\/wpachem.com\/vi\/wp-json\/wp\/v2\/media?parent=3600"}],"wp:term":[{"taxonomy":"product_brand","embeddable":true,"href":"https:\/\/wpachem.com\/vi\/wp-json\/wp\/v2\/product_brand?post=3600"},{"taxonomy":"product_cat","embeddable":true,"href":"https:\/\/wpachem.com\/vi\/wp-json\/wp\/v2\/product_cat?post=3600"},{"taxonomy":"product_tag","embeddable":true,"href":"https:\/\/wpachem.com\/vi\/wp-json\/wp\/v2\/product_tag?post=3600"}],"curies":[{"name":"wp","href":"https:\/\/api.w.org\/{rel}","templated":true}]}}