{"id":3609,"date":"2023-03-22T07:56:03","date_gmt":"2023-03-22T07:56:03","guid":{"rendered":"http:\/\/site2.easyceotech.com\/?post_type=product&#038;p=3609"},"modified":"2024-03-12T07:35:28","modified_gmt":"2024-03-12T07:35:28","slug":"sodium-tripolyphosphate","status":"publish","type":"product","link":"https:\/\/wpachem.com\/vi\/product\/sodium-tripolyphosphate\/","title":{"rendered":"Natri Tripolyphosphate"},"content":{"rendered":"<div><strong>1. T\u00ean h\u00f3a h\u1ecdc: Natri Tripolyphosphate<br \/>\n2. C\u00f4ng th\u1ee9c ph\u00e2n t\u1eed: Na5O10P3<br \/>\n3. Kh\u1ed1i l\u01b0\u1ee3ng ph\u00e2n t\u1eed: 367,86<br \/>\n4. S\u1ed1 \u0111i\u1ec7n tho\u1ea1i: 231-838-7<br \/>\n5. \u0110\u00f3ng g\u00f3i: \u0110\u00f3ng g\u00f3i b\u1eb1ng t\u00fai polyethylene l\u00e0m l\u1edbp trong, l\u1edbp ngo\u00e0i l\u00e0 t\u00fai d\u1ec7t b\u1eb1ng nh\u1ef1a t\u1ed5ng h\u1ee3p. Tr\u1ecdng l\u01b0\u1ee3ng t\u1ecbnh c\u1ee7a m\u1ed7i t\u00fai l\u00e0 50kg.<br \/>\n6. B\u1ea3o qu\u1ea3n &amp; V\u1eadn chuy\u1ec3n: N\u00ean b\u1ea3o qu\u1ea3n trong kho kh\u00f4 r\u00e1o, th\u00f4ng tho\u00e1ng, tr\u00e1nh xa nhi\u1ec7t \u0111\u1ed9 v\u00e0 \u0111\u1ed9 \u1ea9m trong qu\u00e1 tr\u00ecnh v\u1eadn chuy\u1ec3n, d\u1ee1 h\u00e0ng c\u1ea9n th\u1eadn \u0111\u1ec3 tr\u00e1nh h\u01b0 h\u1ecfng. Ngo\u00e0i ra, ph\u1ea3i b\u1ea3o qu\u1ea3n ri\u00eang bi\u1ec7t v\u1edbi c\u00e1c ch\u1ea5t \u0111\u1ed9c h\u1ea1i.<\/strong><\/div>\n<div><strong>\u0110\u1eb7c \u0111i\u1ec3m k\u1ef9 thu\u1eadt:<\/strong><\/div>\n<table>\n<tbody>\n<tr>\n<td colspan=\"1\" rowspan=\"1\">\n<div>M\u1ee4C<\/div>\n<\/td>\n<td colspan=\"1\" rowspan=\"1\">\n<div>TI\u00caU CHU\u1ea8N<\/div>\n<\/td>\n<\/tr>\n<tr>\n<td colspan=\"1\" rowspan=\"1\">\n<div>X\u00c9T NGHI\u1ec6M (Na5P3O10)<\/div>\n<\/td>\n<td colspan=\"1\" rowspan=\"1\">\n<div>\u226595<\/div>\n<\/td>\n<\/tr>\n<tr>\n<td colspan=\"1\" rowspan=\"1\">\n<div>V\u1eba B\u1ec0 NGO\u00c0I<\/div>\n<\/td>\n<td colspan=\"1\" rowspan=\"1\">\n<div>H\u1ea0T TR\u1eaeNG<\/div>\n<\/td>\n<\/tr>\n<tr>\n<td colspan=\"1\" rowspan=\"1\">\n<div>P2O5<\/div>\n<\/td>\n<td colspan=\"1\" rowspan=\"1\">\n<div>\u2265 57,0<\/div>\n<\/td>\n<\/tr>\n<tr>\n<td colspan=\"1\" rowspan=\"1\">\n<div>Florua (PPM)<\/div>\n<\/td>\n<td colspan=\"1\" rowspan=\"1\">\n<div>\u2264 10<\/div>\n<\/td>\n<\/tr>\n<tr>\n<td colspan=\"1\" rowspan=\"1\">\n<div>Cadimi (PPM)<\/div>\n<\/td>\n<td colspan=\"1\" rowspan=\"1\">\n<div>\u22641<\/div>\n<\/td>\n<\/tr>\n<tr>\n<td colspan=\"1\" rowspan=\"1\">\n<div>CH\u00cc (PPM)<\/div>\n<\/td>\n<td colspan=\"1\" rowspan=\"1\">\n<div>\u22644<\/div>\n<\/td>\n<\/tr>\n<tr>\n<td colspan=\"1\" rowspan=\"1\">\n<div>TH\u1ee6Y NG\u00c2N (PPM)<\/div>\n<\/td>\n<td colspan=\"1\" rowspan=\"1\">\n<div>\u22641<\/div>\n<\/td>\n<\/tr>\n<tr>\n<td colspan=\"1\" rowspan=\"1\">\n<div>Asen (PPM)<\/div>\n<\/td>\n<td colspan=\"1\" rowspan=\"1\">\n<div>\u22643<\/div>\n<\/td>\n<\/tr>\n<tr>\n<td colspan=\"1\" rowspan=\"1\">\n<div>TINH TH\u1ea6N N\u1eb6NG (AS PB) (PPM)<\/div>\n<\/td>\n<td colspan=\"1\" rowspan=\"1\">\n<div>\u226410<\/div>\n<\/td>\n<\/tr>\n<tr>\n<td colspan=\"1\" rowspan=\"1\">\n<div>CLORUA (AS CL)<\/div>\n<\/td>\n<td colspan=\"1\" rowspan=\"1\">\n<div>\u22640,025 %<\/div>\n<\/td>\n<\/tr>\n<tr>\n<td colspan=\"1\" rowspan=\"1\">\n<div>SULPHAT (SO42-)<\/div>\n<\/td>\n<td colspan=\"1\" rowspan=\"1\">\n<div>\u22640,4 %<\/div>\n<\/td>\n<\/tr>\n<tr>\n<td colspan=\"1\" rowspan=\"1\">\n<div>CH\u1ea4T KH\u00d4NG H\u00d2A TAN TRONG N\u01af\u1edaC<\/div>\n<\/td>\n<td colspan=\"1\" rowspan=\"1\">\n<div>\u22640,05 %<\/div>\n<\/td>\n<\/tr>\n<tr>\n<td colspan=\"1\" rowspan=\"1\">\n<div>GI\u00c1 TR\u1eca PH<\/div>\n<\/td>\n<td colspan=\"1\" rowspan=\"1\">\n<div>9.5% &#8211; 10.0%<\/div>\n<\/td>\n<\/tr>\n<tr>\n<td colspan=\"1\" rowspan=\"1\">\n<div>T\u1ed5n th\u1ea5t khi s\u1ea5y kh\u00f4<\/div>\n<\/td>\n<td colspan=\"1\" rowspan=\"1\">\n<div>\u22640,7%<\/div>\n<\/td>\n<\/tr>\n<tr>\n<td colspan=\"1\" rowspan=\"1\">\n<div>HEXAHYDRAT<\/div>\n<\/td>\n<td colspan=\"1\" rowspan=\"1\">\n<div>\u226423,5%<\/div>\n<\/td>\n<\/tr>\n<tr>\n<td colspan=\"1\" rowspan=\"1\">\n<div>CH\u1ea4T KH\u00d4NG TAN TRONG N\u01af\u1edaC<\/div>\n<\/td>\n<td colspan=\"1\" rowspan=\"1\">\n<div>\u22640,1%<\/div>\n<\/td>\n<\/tr>\n<tr>\n<td colspan=\"1\" rowspan=\"1\">\n<div>POLYPHOSPHATE CAO H\u01a0N<\/div>\n<\/td>\n<td colspan=\"1\" rowspan=\"1\">\n<div>\u22641%<\/div>\n<\/td>\n<\/tr>\n<\/tbody>\n<\/table>\n<p>&nbsp;<\/p>","protected":false},"excerpt":{"rendered":"<p>T\u00ean s\u1ea3n ph\u1ea9m: Natri Tripolyphosphate<br \/>\nS\u1ed1 CAS: 7758-29-4<br \/>\nMF:Na5O10P3<br \/>\nNgo\u1ea1i h\u00ecnh: s\u1ee9c m\u1ea1nh m\u00e0u tr\u1eafng<\/p>","protected":false},"featured_media":2161,"template":"","meta":{"_acf_changed":false,"_gspb_post_css":""},"product_brand":[],"product_cat":[55],"product_tag":[],"class_list":{"0":"post-3609","1":"product","2":"type-product","3":"status-publish","4":"has-post-thumbnail","6":"product_cat-food-additives","8":"first","9":"instock","10":"shipping-taxable","11":"product-type-simple"},"acf":[],"_links":{"self":[{"href":"https:\/\/wpachem.com\/vi\/wp-json\/wp\/v2\/product\/3609","targetHints":{"allow":["GET"]}}],"collection":[{"href":"https:\/\/wpachem.com\/vi\/wp-json\/wp\/v2\/product"}],"about":[{"href":"https:\/\/wpachem.com\/vi\/wp-json\/wp\/v2\/types\/product"}],"version-history":[{"count":0,"href":"https:\/\/wpachem.com\/vi\/wp-json\/wp\/v2\/product\/3609\/revisions"}],"wp:featuredmedia":[{"embeddable":true,"href":"https:\/\/wpachem.com\/vi\/wp-json\/wp\/v2\/media\/2161"}],"wp:attachment":[{"href":"https:\/\/wpachem.com\/vi\/wp-json\/wp\/v2\/media?parent=3609"}],"wp:term":[{"taxonomy":"product_brand","embeddable":true,"href":"https:\/\/wpachem.com\/vi\/wp-json\/wp\/v2\/product_brand?post=3609"},{"taxonomy":"product_cat","embeddable":true,"href":"https:\/\/wpachem.com\/vi\/wp-json\/wp\/v2\/product_cat?post=3609"},{"taxonomy":"product_tag","embeddable":true,"href":"https:\/\/wpachem.com\/vi\/wp-json\/wp\/v2\/product_tag?post=3609"}],"curies":[{"name":"wp","href":"https:\/\/api.w.org\/{rel}","templated":true}]}}