{"id":3612,"date":"2023-03-22T07:58:55","date_gmt":"2023-03-22T07:58:55","guid":{"rendered":"http:\/\/site2.easyceotech.com\/?post_type=product&#038;p=3612"},"modified":"2024-03-12T07:35:25","modified_gmt":"2024-03-12T07:35:25","slug":"tetrasodium-pyrophosphate","status":"publish","type":"product","link":"https:\/\/wpachem.com\/vi\/product\/tetrasodium-pyrophosphate\/","title":{"rendered":"Tetranatri Pyrophosphat"},"content":{"rendered":"<p>TSPP l\u00e0 ph\u1ee5 gia th\u1ef1c ph\u1ea9m d\u1ea1ng b\u1ed9t m\u00e0u tr\u1eafng. N\u00f3 ch\u1ea3y t\u1ef1 do, tan trong n\u01b0\u1edbc, kh\u00f4ng tan trong ethanol. Kh\u00f4ng c\u00f3 m\u00f9i.<\/p>\n<p>L\u00e0 ph\u1ee5 gia th\u1ef1c ph\u1ea9m \u0111a ch\u1ee9c n\u0103ng, d\u00f9ng l\u00e0m ch\u1ea5t c\u1ea3i thi\u1ec7n ch\u1ea5t l\u01b0\u1ee3ng, ch\u1ea5t \u0111\u1ec7m, ch\u1ea5t t\u1ea1o ph\u1ee9c, ch\u1ea5t nh\u0169 h\u00f3a v\u00e0 ch\u1ea5t dinh d\u01b0\u1ee1ng. Tetra Sodium Pyrophosphate c\u00f3 th\u1ec3 d\u00f9ng trong nhi\u1ec1u lo\u1ea1i th\u1ef1c ph\u1ea9m ch\u1ebf bi\u1ebfn. Ch\u1ee7 y\u1ebfu d\u00f9ng \u0111\u1ec3 ch\u1ebf bi\u1ebfn th\u1ecbt v\u00e0 s\u1ea3n ph\u1ea9m th\u1ee7y s\u1ea3n.<\/p>\n<p>&nbsp;<\/p>\n<p>\u0110\u1eb7c \u0111i\u1ec3m k\u1ef9 thu\u1eadt c\u1ee7a TSPP:<\/p>\n<table border=\"1\">\n<tbody>\n<tr>\n<td>M\u1ee5c<\/td>\n<td>\u0110\u01a1n v\u1ecb<\/td>\n<td>\u0110\u1eb7c \u0111i\u1ec3m k\u1ef9 thu\u1eadt<\/td>\n<\/tr>\n<tr>\n<td>Th\u1eed nghi\u1ec7m (nh\u01b0 Na4P2O7)<\/td>\n<td>%<\/td>\n<td>96.5-100.5<\/td>\n<\/tr>\n<tr>\n<td>P2O5<\/td>\n<td>%<\/td>\n<td>52.5-54.0<\/td>\n<\/tr>\n<tr>\n<td>Florua<\/td>\n<td>ph\u1ea7n tri\u1ec7u<\/td>\n<td>10 t\u1ed1i \u0111a<\/td>\n<\/tr>\n<tr>\n<td>B\u1eb0NG<\/td>\n<td>ph\u1ea7n tri\u1ec7u<\/td>\n<td>3 t\u1ed1i \u0111a<\/td>\n<\/tr>\n<tr>\n<td>Ch\u1ea5t kh\u00f4ng tan trong n\u01b0\u1edbc<\/td>\n<td>%<\/td>\n<td>0.2<\/td>\n<\/tr>\n<tr>\n<td>Kim lo\u1ea1i n\u1eb7ng (nh\u01b0 Pb)<\/td>\n<td>ph\u1ea7n tri\u1ec7u<\/td>\n<td>10 t\u1ed1i \u0111a<\/td>\n<\/tr>\n<tr>\n<td>PH(1%)<\/td>\n<td><\/td>\n<td>9.8-10.8<\/td>\n<\/tr>\n<tr>\n<td>Ch\u1ec9 huy<\/td>\n<td>ph\u1ea7n tri\u1ec7u<\/td>\n<td>4 t\u1ed1i \u0111a<\/td>\n<\/tr>\n<tr>\n<td>M\u1eadt \u0111\u1ed9 kh\u1ed1i<\/td>\n<td>g\/l<\/td>\n<td>500-750<\/td>\n<\/tr>\n<tr>\n<td>Th\u1ee7y ng\u00e2n (Hg)<\/td>\n<td>ph\u1ea7n tri\u1ec7u<\/td>\n<td>1 t\u1ed1i \u0111a<\/td>\n<\/tr>\n<tr>\n<td>Cadimi (Cd)<\/td>\n<td>ph\u1ea7n tri\u1ec7u<\/td>\n<td>1 t\u1ed1i \u0111a<\/td>\n<\/tr>\n<tr>\n<td>M\u1ea5t m\u00e1t khi \u0111\u00e1nh l\u1eeda<\/td>\n<td>%<\/td>\n<td>0,5 t\u1ed1i \u0111a<\/td>\n<\/tr>\n<\/tbody>\n<\/table>\n<p>&nbsp;<\/p>","protected":false},"excerpt":{"rendered":"<p>T\u00ean s\u1ea3n ph\u1ea9m: Tetrasodium Pyrophosphate<br \/>\nS\u1ed1 CAS: 7722-88-5<br \/>\nMF:Na4O7P2<br \/>\nNgo\u1ea1i h\u00ecnh: s\u1ee9c m\u1ea1nh m\u00e0u tr\u1eafng<\/p>","protected":false},"featured_media":3012,"template":"","meta":{"_acf_changed":false,"_gspb_post_css":""},"product_brand":[],"product_cat":[55],"product_tag":[],"class_list":{"0":"post-3612","1":"product","2":"type-product","3":"status-publish","4":"has-post-thumbnail","6":"product_cat-food-additives","8":"first","9":"instock","10":"shipping-taxable","11":"product-type-simple"},"acf":[],"_links":{"self":[{"href":"https:\/\/wpachem.com\/vi\/wp-json\/wp\/v2\/product\/3612","targetHints":{"allow":["GET"]}}],"collection":[{"href":"https:\/\/wpachem.com\/vi\/wp-json\/wp\/v2\/product"}],"about":[{"href":"https:\/\/wpachem.com\/vi\/wp-json\/wp\/v2\/types\/product"}],"version-history":[{"count":0,"href":"https:\/\/wpachem.com\/vi\/wp-json\/wp\/v2\/product\/3612\/revisions"}],"wp:featuredmedia":[{"embeddable":true,"href":"https:\/\/wpachem.com\/vi\/wp-json\/wp\/v2\/media\/3012"}],"wp:attachment":[{"href":"https:\/\/wpachem.com\/vi\/wp-json\/wp\/v2\/media?parent=3612"}],"wp:term":[{"taxonomy":"product_brand","embeddable":true,"href":"https:\/\/wpachem.com\/vi\/wp-json\/wp\/v2\/product_brand?post=3612"},{"taxonomy":"product_cat","embeddable":true,"href":"https:\/\/wpachem.com\/vi\/wp-json\/wp\/v2\/product_cat?post=3612"},{"taxonomy":"product_tag","embeddable":true,"href":"https:\/\/wpachem.com\/vi\/wp-json\/wp\/v2\/product_tag?post=3612"}],"curies":[{"name":"wp","href":"https:\/\/api.w.org\/{rel}","templated":true}]}}