{"id":3621,"date":"2023-03-22T08:19:26","date_gmt":"2023-03-22T08:19:26","guid":{"rendered":"http:\/\/site2.easyceotech.com\/?post_type=product&#038;p=3621"},"modified":"2024-03-12T07:34:19","modified_gmt":"2024-03-12T07:34:19","slug":"monocalcium-phosphate","status":"publish","type":"product","link":"https:\/\/wpachem.com\/vi\/product\/monocalcium-phosphate\/","title":{"rendered":"Monocanxi photphat"},"content":{"rendered":"<div><span data-spm-anchor-id=\"a2700.details.0.i15.7e8521a3rP2zHO\">Canxi tungstat (CaWO4) l\u00e0 m\u1ed9t v\u1eadt li\u1ec7u quang h\u1ecdc, c\u00f3 th\u1ec3 \u0111\u01b0\u1ee3c s\u1eed d\u1ee5ng l\u00e0m v\u1eadt li\u1ec7u ch\u1ee7 laser cho nhi\u1ec1u \u1ee9ng d\u1ee5ng \u0111i\u1ec7n t\u1eed kh\u00e1c nhau. N\u00f3 c\u00f3 c\u1ea5u tr\u00fac scheelite v\u1edbi \u0111\u1eb7c t\u00ednh ph\u00e1t quang v\u00e0 ph\u00e1t quang nhi\u1ec7t. CaWO4 c\u00f3 th\u1ec3 \u0111\u01b0\u1ee3c s\u1eed d\u1ee5ng trong ch\u1ebf t\u1ea1o ch\u1ea5t nh\u1ea1y c\u1ea3m v\u1edbi b\u1ee9c x\u1ea1 cho c\u00e1c \u1ee9ng d\u1ee5ng x\u1ea1 tr\u1ecb ung th\u01b0.<\/span><\/div>\n<div><\/div>\n<div>T\u00ean s\u1ea3n ph\u1ea9m: Canxi Tungstat<\/div>\n<div>S\u1ed1 CAS: 7790-75-2<br \/>\nC\u00f4ng th\u1ee9c h\u1ee3p ch\u1ea5t: CaWO4<br \/>\nKh\u1ed1i l\u01b0\u1ee3ng ph\u00e2n t\u1eed: 287,92<br \/>\nNgo\u1ea1i quan: B\u1ed9t m\u00e0u tr\u1eafng \u0111\u1ebfn v\u00e0ng nh\u1ea1t<\/div>\n<div><\/div>\n<div><strong>\u0110\u1eb7c \u0111i\u1ec3m k\u1ef9 thu\u1eadt:<\/strong><\/div>\n<div>\n<table border=\"1\">\n<tbody>\n<tr>\n<td>\u0110\u1ed9 tinh khi\u1ebft<\/td>\n<td>99,5% ph\u00fat<\/td>\n<\/tr>\n<tr>\n<td>K\u00edch th\u01b0\u1edbc h\u1ea1t<\/td>\n<td>0,5-3,0 \u03bcm<\/td>\n<\/tr>\n<tr>\n<td>M\u1ea5t m\u00e1t khi s\u1ea5y kh\u00f4<\/td>\n<td>1% t\u1ed1i \u0111a<\/td>\n<\/tr>\n<tr>\n<td>Fe2O3<\/td>\n<td>0,1% t\u1ed1i \u0111a<\/td>\n<\/tr>\n<tr>\n<td>SrO<\/td>\n<td>0,1% t\u1ed1i \u0111a<\/td>\n<\/tr>\n<tr>\n<td>Na2O+K2O<\/td>\n<td>0,1% t\u1ed1i \u0111a<\/td>\n<\/tr>\n<tr>\n<td>Al2O3<\/td>\n<td>0,1% t\u1ed1i \u0111a<\/td>\n<\/tr>\n<tr>\n<td>SiO2<\/td>\n<td>0,1% t\u1ed1i \u0111a<\/td>\n<\/tr>\n<tr>\n<td>N\u01b0\u1edbc<\/td>\n<td>0,5% t\u1ed1i \u0111a<\/td>\n<\/tr>\n<\/tbody>\n<\/table>\n<\/div>\n<p>&nbsp;<\/p>","protected":false},"excerpt":{"rendered":"<p>T\u00ean s\u1ea3n ph\u1ea9m: Monocalcium Phosphate<br \/>\nS\u1ed1 CAS: 7790-75-2<br \/>\nMF: CaO4W<br \/>\nNgo\u1ea1i h\u00ecnh: s\u1ee9c m\u1ea1nh m\u00e0u tr\u1eafng<\/p>","protected":false},"featured_media":2180,"template":"","meta":{"_acf_changed":false,"_gspb_post_css":""},"product_brand":[],"product_cat":[55],"product_tag":[],"class_list":{"0":"post-3621","1":"product","2":"type-product","3":"status-publish","4":"has-post-thumbnail","6":"product_cat-food-additives","8":"first","9":"instock","10":"shipping-taxable","11":"product-type-simple"},"acf":[],"_links":{"self":[{"href":"https:\/\/wpachem.com\/vi\/wp-json\/wp\/v2\/product\/3621","targetHints":{"allow":["GET"]}}],"collection":[{"href":"https:\/\/wpachem.com\/vi\/wp-json\/wp\/v2\/product"}],"about":[{"href":"https:\/\/wpachem.com\/vi\/wp-json\/wp\/v2\/types\/product"}],"version-history":[{"count":0,"href":"https:\/\/wpachem.com\/vi\/wp-json\/wp\/v2\/product\/3621\/revisions"}],"wp:featuredmedia":[{"embeddable":true,"href":"https:\/\/wpachem.com\/vi\/wp-json\/wp\/v2\/media\/2180"}],"wp:attachment":[{"href":"https:\/\/wpachem.com\/vi\/wp-json\/wp\/v2\/media?parent=3621"}],"wp:term":[{"taxonomy":"product_brand","embeddable":true,"href":"https:\/\/wpachem.com\/vi\/wp-json\/wp\/v2\/product_brand?post=3621"},{"taxonomy":"product_cat","embeddable":true,"href":"https:\/\/wpachem.com\/vi\/wp-json\/wp\/v2\/product_cat?post=3621"},{"taxonomy":"product_tag","embeddable":true,"href":"https:\/\/wpachem.com\/vi\/wp-json\/wp\/v2\/product_tag?post=3621"}],"curies":[{"name":"wp","href":"https:\/\/api.w.org\/{rel}","templated":true}]}}