{"id":3624,"date":"2023-03-22T08:22:11","date_gmt":"2023-03-22T08:22:11","guid":{"rendered":"http:\/\/site2.easyceotech.com\/?post_type=product&#038;p=3624"},"modified":"2024-03-12T07:34:19","modified_gmt":"2024-03-12T07:34:19","slug":"dicalcium-phosphate","status":"publish","type":"product","link":"https:\/\/wpachem.com\/vi\/product\/dicalcium-phosphate\/","title":{"rendered":"Dicanxi photphat"},"content":{"rendered":"<div class=\"J_module\">\n<div class=\"detail-decorate-json-renderer-container\">\n<div class=\"magic-2\">\n<div class=\"magic-3\">\n<div class=\"magic-4\">\n<div class=\"magic-5\">\n<p><span class=\"magic-6\"><b data-spm-anchor-id=\"a2700.details.0.i34.257a4c9bCeCYb7\">T\u00ean s\u1ea3n ph\u1ea9m: Dicalcium phosphate<\/b><\/span><\/p>\n<p><b>C\u00f4ng th\u1ee9c ph\u00e2n t\u1eed <\/b>CaHPO4.2H2O<br \/>\n<b>Tr\u1ecdng l\u01b0\u1ee3ng ph\u00e2n t\u1eed <\/b>172.09<br \/>\n<b>S\u1ed1 CAS <\/b>7757-93-9<\/p>\n<p><b>C\u1ee7a c\u1ea3i<br \/>\nV\u1ebb b\u1ec1 ngo\u00e0i <\/b>B\u1ed9t tinh th\u1ec3 m\u00e0u tr\u1eafng<br \/>\n<b>T\u1ec9 tr\u1ecdng <\/b>2,306 g\/ml \u1edf 25 \u00b0C<br \/>\n<b>S\u1ef1 \u1ed5n \u0111\u1ecbnh<\/b> \u1ed5n \u0111\u1ecbnh trong \u0111i\u1ec1u ki\u1ec7n b\u00ecnh th\u01b0\u1eddng<\/p>\n<\/div>\n<\/div>\n<\/div>\n<\/div>\n<\/div>\n<\/div>\n<div class=\"J_module\">\n<div id=\"ali-anchor-AliMagic-8qwaor\" class=\"magic-1\" data-section=\"AliMagic-8qwaor\" data-section-title=\"Specification\">\u0110\u1eb7c \u0111i\u1ec3m k\u1ef9 thu\u1eadt<\/div>\n<\/div>\n<div class=\"J_module\">\n<div class=\"ife-detail-decorate-table\">\n<table class=\"has-title all magic-7\">\n<tbody>\n<tr>\n<td colspan=\"1\" rowspan=\"1\">\n<div class=\"magic-8\"><b>M\u1ee5c<\/b><\/div>\n<\/td>\n<td colspan=\"1\" rowspan=\"1\">\n<div class=\"magic-9\"><b>\u0110\u1eb7c \u0111i\u1ec3m k\u1ef9 thu\u1eadt<\/b><\/div>\n<\/td>\n<\/tr>\n<tr>\n<td colspan=\"1\" rowspan=\"1\">\n<div class=\"magic-8\">T\u1ed5ng P<\/div>\n<\/td>\n<td colspan=\"1\" rowspan=\"1\">\n<div class=\"magic-9\">18% ph\u00fat<\/div>\n<\/td>\n<\/tr>\n<tr>\n<td colspan=\"1\" rowspan=\"1\">\n<div class=\"magic-8\">Ca<\/div>\n<\/td>\n<td colspan=\"1\" rowspan=\"1\">\n<div class=\"magic-9\">20% ph\u00fat<\/div>\n<\/td>\n<\/tr>\n<tr>\n<td colspan=\"1\" rowspan=\"1\">\n<div class=\"magic-8\">ch\u1ea5t florua<\/div>\n<\/td>\n<td colspan=\"1\" rowspan=\"1\">\n<div class=\"magic-9\">0,18% t\u1ed1i \u0111a<\/div>\n<\/td>\n<\/tr>\n<tr>\n<td colspan=\"1\" rowspan=\"1\">\n<div class=\"magic-8\">\u0110\u1ed9 \u1ea9m<\/div>\n<\/td>\n<td colspan=\"1\" rowspan=\"1\">\n<div class=\"magic-9\">4% t\u1ed1i \u0111a<\/div>\n<\/td>\n<\/tr>\n<tr>\n<td colspan=\"1\" rowspan=\"1\">\n<div class=\"magic-8\">\u0110\u0129a CD<\/div>\n<\/td>\n<td colspan=\"1\" rowspan=\"1\">\n<div class=\"magic-9\">T\u1ed1i \u0111a 10ppm<\/div>\n<\/td>\n<\/tr>\n<tr>\n<td colspan=\"1\" rowspan=\"1\">\n<div class=\"magic-8\">Ch\u00ec<\/div>\n<\/td>\n<td colspan=\"1\" rowspan=\"1\">\n<div class=\"magic-9\">T\u1ed1i \u0111a 30ppm<\/div>\n<\/td>\n<\/tr>\n<tr>\n<td colspan=\"1\" rowspan=\"1\">\n<div class=\"magic-8\">B\u1eb0NG<\/div>\n<\/td>\n<td colspan=\"1\" rowspan=\"1\">\n<div class=\"magic-9\">T\u1ed1i \u0111a 30ppm<\/div>\n<\/td>\n<\/tr>\n<tr>\n<td colspan=\"1\" rowspan=\"1\">\n<div class=\"magic-8\">K\u00edch th\u01b0\u1edbc h\u1ea1t 1 l\u1ea7n l\u1ecdc 0,5mm<\/div>\n<\/td>\n<td colspan=\"1\" rowspan=\"1\">\n<div class=\"magic-9\">90% ph\u00fat<\/div>\n<\/td>\n<\/tr>\n<\/tbody>\n<\/table>\n<\/div>\n<\/div>\n<div class=\"J_module\">\n<div class=\"detail-decorate-json-renderer-container\">\n<div class=\"magic-2\">\n<div class=\"magic-3\">\n<div class=\"magic-4\">\n<div class=\"magic-5\"><span class=\"magic-6\"><span class=\"magic-6\"><b>\u1ee8ng d\u1ee5ng<\/b><br \/>\nDCP l\u00e0m t\u0103ng s\u1ea3n l\u01b0\u1ee3ng tr\u1ee9ng v\u00e0 th\u1ecbt.<\/span><\/span><b>\u0110\u00f3ng g\u00f3i v\u00e0 l\u01b0u tr\u1eef<\/b><br \/>\n<b>\u0110\u00f3ng g\u00f3i:<\/b> Trong bao l\u01b0\u1edbi 25kg ho\u1eb7c 50kg.<br \/>\n<b>Kho:<\/b> \u0110\u1eady k\u00edn. B\u1ea3o qu\u1ea3n \u1edf n\u01a1i kh\u00f4 r\u00e1o, tho\u00e1ng m\u00e1t v\u00e0 th\u00f4ng gi\u00f3 t\u1ed1t.<\/p>\n<p><b>Th\u00f4ng tin an to\u00e0n<\/b><br \/>\nKh\u00f4ng nguy hi\u1ec3m cho v\u1eadn chuy\u1ec3n h\u00e0ng kh\u00f4ng, \u0111\u01b0\u1eddng bi\u1ec3n v\u00e0 \u0111\u01b0\u1eddng b\u1ed9.<br \/>\nTh\u00f4ng tin an to\u00e0n chi ti\u1ebft c\u00f3 trong m\u1ed7i B\u1ea3ng d\u1eef li\u1ec7u an to\u00e0n v\u1eadt li\u1ec7u, b\u1ea1n c\u00f3 th\u1ec3 l\u1ea5y t\u1eeb c\u00f4ng ty ch\u00fang t\u00f4i.<\/p>\n<\/div>\n<\/div>\n<\/div>\n<\/div>\n<\/div>\n<\/div>\n<p>&nbsp;<\/p>","protected":false},"excerpt":{"rendered":"<p>T\u00ean s\u1ea3n ph\u1ea9m: Dicalcium Phosphate<br \/>\nS\u1ed1 CAS: 7757-93-9<br \/>\nMF: CaHO4P<br \/>\nNgo\u1ea1i h\u00ecnh: s\u1ee9c m\u1ea1nh m\u00e0u tr\u1eafng<\/p>","protected":false},"featured_media":2155,"template":"","meta":{"_acf_changed":false,"_gspb_post_css":""},"product_brand":[],"product_cat":[55],"product_tag":[],"class_list":{"0":"post-3624","1":"product","2":"type-product","3":"status-publish","4":"has-post-thumbnail","6":"product_cat-food-additives","8":"first","9":"instock","10":"shipping-taxable","11":"product-type-simple"},"acf":[],"_links":{"self":[{"href":"https:\/\/wpachem.com\/vi\/wp-json\/wp\/v2\/product\/3624","targetHints":{"allow":["GET"]}}],"collection":[{"href":"https:\/\/wpachem.com\/vi\/wp-json\/wp\/v2\/product"}],"about":[{"href":"https:\/\/wpachem.com\/vi\/wp-json\/wp\/v2\/types\/product"}],"version-history":[{"count":0,"href":"https:\/\/wpachem.com\/vi\/wp-json\/wp\/v2\/product\/3624\/revisions"}],"wp:featuredmedia":[{"embeddable":true,"href":"https:\/\/wpachem.com\/vi\/wp-json\/wp\/v2\/media\/2155"}],"wp:attachment":[{"href":"https:\/\/wpachem.com\/vi\/wp-json\/wp\/v2\/media?parent=3624"}],"wp:term":[{"taxonomy":"product_brand","embeddable":true,"href":"https:\/\/wpachem.com\/vi\/wp-json\/wp\/v2\/product_brand?post=3624"},{"taxonomy":"product_cat","embeddable":true,"href":"https:\/\/wpachem.com\/vi\/wp-json\/wp\/v2\/product_cat?post=3624"},{"taxonomy":"product_tag","embeddable":true,"href":"https:\/\/wpachem.com\/vi\/wp-json\/wp\/v2\/product_tag?post=3624"}],"curies":[{"name":"wp","href":"https:\/\/api.w.org\/{rel}","templated":true}]}}