{"id":3627,"date":"2023-03-22T08:24:44","date_gmt":"2023-03-22T08:24:44","guid":{"rendered":"http:\/\/site2.easyceotech.com\/?post_type=product&#038;p=3627"},"modified":"2024-03-12T07:34:19","modified_gmt":"2024-03-12T07:34:19","slug":"tricalcium-phosphate","status":"publish","type":"product","link":"https:\/\/wpachem.com\/vi\/product\/tricalcium-phosphate\/","title":{"rendered":"Tricanxi photphat"},"content":{"rendered":"<h2>Gi\u00e1 t\u1ed1t nh\u1ea5t Cas 1306-06-5 Calcium Hydroxylapatite Powder Kem \u0111\u00e1nh r\u0103ng Nano Hydroxyapatite<\/h2>\n<p><strong>T\u1ea1i sao ch\u1ecdn ch\u00fang t\u00f4i?<\/strong><\/p>\n<p>1: GI\u00c1 TR\u1ef0C TI\u1ebeP T\u1eea NH\u00c0 M\u00c1Y.<br \/>\n2: CH\u1ea4T L\u01af\u1ee2NG T\u1ed0T.<br \/>\n3: GIAO H\u00c0NG NHANH TRONG V\u00d2NG 5 NG\u00c0Y.<br \/>\n4: KH\u00d4NG C\u00d3 MOQ, 1KG \u0110\u01af\u1ee2C. CH\u00c0O \u0110\u00d3N \u0110\u01a0N H\u00c0NG NH\u1ece.<br \/>\n5: THANH TO\u00c1N TR\u1ef0C TUY\u1ebeN.<br \/>\n6: H\u1ed6 TR\u1ee2 HO\u00c0N TI\u1ec0N TRONG V\u00d2NG 7 NG\u00c0Y.<br \/>\n7: D\u1ecaCH V\u1ee4 SAU B\u00c1N H\u00c0NG 24\/7<\/p>\n<p>&nbsp;<\/p>\n<table border=\"1\">\n<tbody>\n<tr>\n<td><span data-spm-anchor-id=\"a2700.details.0.i28.4e5e2088RdrEV4\">T\u00ean s\u1ea3n ph\u1ea9m<\/span><\/td>\n<td>Hydroxyapatite<\/td>\n<\/tr>\n<tr>\n<td>C\u1ea5p<\/td>\n<td>C\u1ea5p m\u1ef9 ph\u1ea9m v\u00e0 c\u1ea5p th\u1ef1c ph\u1ea9m<\/td>\n<\/tr>\n<tr>\n<td data-spm-anchor-id=\"a2700.details.0.i27.4e5e2088RdrEV4\">\u0110\u1eb7c \u0111i\u1ec3m k\u1ef9 thu\u1eadt<\/td>\n<td>Nano<\/td>\n<\/tr>\n<tr>\n<td>CAS<\/td>\n<td>1306-06-5<\/td>\n<\/tr>\n<tr>\n<td>Kho<\/td>\n<td>Tr\u00e1nh xa \u0111\u1ed9 \u1ea9m v\u00e0 nhi\u1ec7t \u0111\u1ed9 cao nh\u01b0ng ph\u1ea3i \u0111\u1ec3 n\u01a1i kh\u00f4 r\u00e1o, tho\u00e1ng m\u00e1t<\/td>\n<\/tr>\n<tr>\n<td>V\u1ebb b\u1ec1 ngo\u00e0i<\/td>\n<td>B\u1ed9t tr\u1eafng<\/td>\n<\/tr>\n<tr>\n<td>H\u1ea1n s\u1eed d\u1ee5ng<\/td>\n<td>2 n\u0103m<\/td>\n<\/tr>\n<\/tbody>\n<\/table>\n<p>&nbsp;<\/p>","protected":false},"excerpt":{"rendered":"<p>T\u00ean s\u1ea3n ph\u1ea9m: Tricalcium Phosphate<br \/>\nS\u1ed1 CAS: 1306-06-5<br \/>\nMF: Ca5HO13P3<br \/>\nNgo\u1ea1i h\u00ecnh: s\u1ee9c m\u1ea1nh m\u00e0u tr\u1eafng<\/p>","protected":false},"featured_media":0,"template":"","meta":{"_acf_changed":false,"_gspb_post_css":""},"product_brand":[],"product_cat":[55],"product_tag":[],"class_list":{"0":"post-3627","1":"product","2":"type-product","3":"status-publish","5":"product_cat-food-additives","7":"first","8":"instock","9":"shipping-taxable","10":"product-type-simple"},"acf":[],"_links":{"self":[{"href":"https:\/\/wpachem.com\/vi\/wp-json\/wp\/v2\/product\/3627","targetHints":{"allow":["GET"]}}],"collection":[{"href":"https:\/\/wpachem.com\/vi\/wp-json\/wp\/v2\/product"}],"about":[{"href":"https:\/\/wpachem.com\/vi\/wp-json\/wp\/v2\/types\/product"}],"version-history":[{"count":0,"href":"https:\/\/wpachem.com\/vi\/wp-json\/wp\/v2\/product\/3627\/revisions"}],"wp:attachment":[{"href":"https:\/\/wpachem.com\/vi\/wp-json\/wp\/v2\/media?parent=3627"}],"wp:term":[{"taxonomy":"product_brand","embeddable":true,"href":"https:\/\/wpachem.com\/vi\/wp-json\/wp\/v2\/product_brand?post=3627"},{"taxonomy":"product_cat","embeddable":true,"href":"https:\/\/wpachem.com\/vi\/wp-json\/wp\/v2\/product_cat?post=3627"},{"taxonomy":"product_tag","embeddable":true,"href":"https:\/\/wpachem.com\/vi\/wp-json\/wp\/v2\/product_tag?post=3627"}],"curies":[{"name":"wp","href":"https:\/\/api.w.org\/{rel}","templated":true}]}}