{"id":3630,"date":"2023-03-22T08:39:39","date_gmt":"2023-03-22T08:39:39","guid":{"rendered":"http:\/\/site2.easyceotech.com\/?post_type=product&#038;p=3630"},"modified":"2024-03-12T07:34:20","modified_gmt":"2024-03-12T07:34:20","slug":"trisodium-phosphate","status":"publish","type":"product","link":"https:\/\/wpachem.com\/vi\/product\/trisodium-phosphate\/","title":{"rendered":"Trinatri photphat"},"content":{"rendered":"<div class=\"J_module\">\n<div class=\"icbu-pc-images magic-1\">\n<div>\n<div class=\"flex-layout-h\">\n<div class=\"text-wrapper magic-5\">\n<div class=\"text-wrapper-right text-theme-light text-align-left\">\n<div class=\"text-title\"><span class=\"magic-6\"><span data-spm-anchor-id=\"a2700.details.0.i17.1a0764c9mbJ5m4\">Trinatri photphat<\/span><\/span><\/div>\n<div class=\"text-content\">\n<div class=\"magic-7\"><\/div>\n<p><span class=\"magic-9\"><span class=\"magic-10\">\u0110\u01b0\u1ee3c s\u1eed d\u1ee5ng trong c\u00f4ng nghi\u1ec7p nh\u01b0 m\u1ed9t ch\u1ea5t l\u00e0m m\u1ec1m n\u01b0\u1edbc, ch\u1ea5t t\u1ea9y r\u1eeda trong m\u1ea1 \u0111i\u1ec7n, ch\u1ea5t c\u1ed1 \u0111\u1ecbnh m\u00e0u trong nhu\u1ed9m v\u1ea3i v\u00e0 ch\u1ea5t tr\u1ee3 dung trong men.<br \/>\ns\u1ea3n xu\u1ea5t \u0111\u1ed3 gia d\u1ee5ng, v.v. Chi ti\u1ebft, n\u00f3 c\u00f3 th\u1ec3 \u0111\u01b0\u1ee3c s\u1eed d\u1ee5ng nh\u01b0 m\u1ed9t t\u00e1c nh\u00e2n ch\u1ed1ng c\u00e1u c\u1eb7n n\u1ed3i h\u01a1i, m\u1ed9t t\u00e1c nh\u00e2n \u0111\u1ec7m gi\u00e1 tr\u1ecb PH cho ch\u1ea5t k\u1ebft d\u00ednh<br \/>\nt\u00e1c nh\u00e2n c\u1ee7a gi\u1ea5y s\u00e1p; t\u00e1c nh\u00e2n c\u1ed1 \u0111\u1ecbnh m\u00e0u trong in \u1ea5n v\u00e0 nhu\u1ed9m; t\u00e1c nh\u00e2n t\u0103ng c\u01b0\u1eddng l\u1ee5a cho v\u1ea3i v\u00e0 d\u00e2y<br \/>\nch\u1ea5t ch\u1ed1ng gi\u00f2n. Trong ng\u00e0nh luy\u1ec7n kim, \u0111\u01b0\u1ee3c s\u1eed d\u1ee5ng \u0111\u1ec3 lo\u1ea1i b\u1ecf d\u1ea7u h\u00f3a h\u1ecdc, kh\u1eed nhi\u1ec5m. V\u00e0 n\u00f3 c\u00f3 th\u1ec3 th\u00fac \u0111\u1ea9y<br \/>\ndung d\u1ecbch tr\u00e1ng \u1ea3nh c\u0169ng nh\u01b0 ch\u1ea5t t\u1ea9y r\u1eeda r\u0103ng v\u00e0 ch\u1ea5t t\u1ea9y r\u1eeda chai l\u1ecd.<\/span><\/span><\/p>\n<div class=\"magic-7\"><\/div>\n<\/div>\n<\/div>\n<\/div>\n<\/div>\n<\/div>\n<\/div>\n<\/div>\n<div class=\"J_module\">\n<div id=\"ali-anchor-AliMagic-cj073i\" class=\"magic-0\" data-section=\"AliMagic-cj073i\" data-section-title=\"Specification\">\u0110\u1eb7c \u0111i\u1ec3m k\u1ef9 thu\u1eadt<\/div>\n<\/div>\n<div class=\"J_module\">\n<div class=\"ife-detail-decorate-table\">\n<table class=\"has-title hight-light-first-column all magic-11\">\n<tbody>\n<tr>\n<td colspan=\"1\" rowspan=\"1\">\n<div class=\"magic-12\">Nh\u00e2n v\u1eadt<\/div>\n<\/td>\n<td colspan=\"1\" rowspan=\"1\">\n<div class=\"magic-13\">Th\u00f4ng s\u1ed1 k\u1ef9 thu\u1eadt<\/div>\n<\/td>\n<td colspan=\"1\" rowspan=\"1\">\n<div class=\"magic-14\">K\u1ebft qu\u1ea3<\/div>\n<\/td>\n<\/tr>\n<tr>\n<td colspan=\"1\" rowspan=\"1\">\n<div class=\"magic-12\">V\u1ebb b\u1ec1 ngo\u00e0i<\/div>\n<\/td>\n<td colspan=\"1\" rowspan=\"1\">\n<div class=\"magic-13\">B\u1ed9t tinh th\u1ec3 d\u1ea1ng h\u1ea1t m\u00e0u tr\u1eafng<\/div>\n<\/td>\n<td colspan=\"1\" rowspan=\"1\">\n<div class=\"magic-14\">B\u1ed9t tinh th\u1ec3 d\u1ea1ng h\u1ea1t m\u00e0u tr\u1eafng<\/div>\n<\/td>\n<\/tr>\n<tr>\n<td colspan=\"1\" rowspan=\"1\">\n<div class=\"magic-12\">\u0110\u1ed9 h\u00f2a tan<\/div>\n<\/td>\n<td colspan=\"1\" rowspan=\"1\">\n<div class=\"magic-13\">d\u1ec5 tan trong n\u01b0\u1edbc<\/div>\n<\/td>\n<td colspan=\"1\" rowspan=\"1\">\n<div class=\"magic-14\">Tu\u00e2n th\u1ee7<\/div>\n<\/td>\n<\/tr>\n<tr>\n<td colspan=\"1\" rowspan=\"1\">\n<div class=\"magic-12\">N\u1ed9i dung ch\u00ednh%(Na3PO4.12H2O) \u2265<\/div>\n<\/td>\n<td colspan=\"1\" rowspan=\"1\">\n<div class=\"magic-13\">98.0<\/div>\n<\/td>\n<td colspan=\"1\" rowspan=\"1\">\n<div class=\"magic-14\">98.15<\/div>\n<\/td>\n<\/tr>\n<tr>\n<td colspan=\"1\" rowspan=\"1\">\n<div class=\"magic-12\">Ph\u1ed1t pho pentoxit% \u2265<\/div>\n<\/td>\n<td colspan=\"1\" rowspan=\"1\">\n<div class=\"magic-13\">18.3<\/div>\n<\/td>\n<td colspan=\"1\" rowspan=\"1\">\n<div class=\"magic-14\">18.39<\/div>\n<\/td>\n<\/tr>\n<tr>\n<td colspan=\"1\" rowspan=\"1\">\n<div class=\"magic-12\">Natri oxit, d\u01b0\u1edbi d\u1ea1ng Na2O<\/div>\n<\/td>\n<td colspan=\"1\" rowspan=\"1\">\n<div class=\"magic-13\">16-19<\/div>\n<\/td>\n<td colspan=\"1\" rowspan=\"1\">\n<div class=\"magic-14\">17.76<\/div>\n<\/td>\n<\/tr>\n<tr>\n<td colspan=\"1\" rowspan=\"1\">\n<div class=\"magic-12\">Sunfat, nh\u01b0 SO4 % \u2264<\/div>\n<\/td>\n<td colspan=\"1\" rowspan=\"1\">\n<div class=\"magic-13\">0.5<\/div>\n<\/td>\n<td colspan=\"1\" rowspan=\"1\">\n<div class=\"magic-14\">0.22<\/div>\n<\/td>\n<\/tr>\n<tr>\n<td colspan=\"1\" rowspan=\"1\">\n<div class=\"magic-12\">Kh\u00f4ng tan trong n\u01b0\u1edbc % \u2264<\/div>\n<\/td>\n<td colspan=\"1\" rowspan=\"1\">\n<div class=\"magic-13\">0.10<\/div>\n<\/td>\n<td colspan=\"1\" rowspan=\"1\">\n<div class=\"magic-14\">0.02<\/div>\n<\/td>\n<\/tr>\n<tr>\n<td colspan=\"1\" rowspan=\"1\">\n<div class=\"magic-12\">Clorua (d\u01b0\u1edbi d\u1ea1ng Cl) % \u2264<\/div>\n<\/td>\n<td colspan=\"1\" rowspan=\"1\">\n<div class=\"magic-13\">0.4<\/div>\n<\/td>\n<td colspan=\"1\" rowspan=\"1\">\n<div class=\"magic-14\">0.12<\/div>\n<\/td>\n<\/tr>\n<tr>\n<td colspan=\"1\" rowspan=\"1\">\n<div class=\"magic-12\">Asen, nh\u01b0 As% \u2264<\/div>\n<\/td>\n<td colspan=\"1\" rowspan=\"1\">\n<div class=\"magic-13\">0.005<\/div>\n<\/td>\n<td colspan=\"1\" rowspan=\"1\">\n<div class=\"magic-14\">0.003<\/div>\n<\/td>\n<\/tr>\n<tr>\n<td colspan=\"1\" rowspan=\"1\">\n<div class=\"magic-12\">S\u1eaft d\u01b0\u1edbi d\u1ea1ng Fe% \u2264<\/div>\n<\/td>\n<td colspan=\"1\" rowspan=\"1\">\n<div class=\"magic-13\">0.01<\/div>\n<\/td>\n<td colspan=\"1\" rowspan=\"1\">\n<div class=\"magic-14\">0.006<\/div>\n<\/td>\n<\/tr>\n<tr>\n<td colspan=\"1\" rowspan=\"1\">\n<div class=\"magic-12\">Gi\u00e1 tr\u1ecb PH (dung d\u1ecbch 10g\/L)<\/div>\n<\/td>\n<td colspan=\"1\" rowspan=\"1\">\n<div class=\"magic-13\">11.5-12.5<\/div>\n<\/td>\n<td colspan=\"1\" rowspan=\"1\">\n<div class=\"magic-14\">12.13<\/div>\n<\/td>\n<\/tr>\n<\/tbody>\n<\/table>\n<\/div>\n<\/div>\n<p>&nbsp;<\/p>","protected":false},"excerpt":{"rendered":"<p>T\u00ean s\u1ea3n ph\u1ea9m: Trisodium phosphate<br \/>\nS\u1ed1 CAS: 7601-54-9<br \/>\nMF:Na3O4P<br \/>\nNgo\u1ea1i h\u00ecnh: s\u1ee9c m\u1ea1nh m\u00e0u tr\u1eafng<\/p>","protected":false},"featured_media":2167,"template":"","meta":{"_acf_changed":false,"_gspb_post_css":""},"product_brand":[],"product_cat":[55],"product_tag":[],"class_list":{"0":"post-3630","1":"product","2":"type-product","3":"status-publish","4":"has-post-thumbnail","6":"product_cat-food-additives","8":"first","9":"instock","10":"shipping-taxable","11":"product-type-simple"},"acf":[],"_links":{"self":[{"href":"https:\/\/wpachem.com\/vi\/wp-json\/wp\/v2\/product\/3630","targetHints":{"allow":["GET"]}}],"collection":[{"href":"https:\/\/wpachem.com\/vi\/wp-json\/wp\/v2\/product"}],"about":[{"href":"https:\/\/wpachem.com\/vi\/wp-json\/wp\/v2\/types\/product"}],"version-history":[{"count":0,"href":"https:\/\/wpachem.com\/vi\/wp-json\/wp\/v2\/product\/3630\/revisions"}],"wp:featuredmedia":[{"embeddable":true,"href":"https:\/\/wpachem.com\/vi\/wp-json\/wp\/v2\/media\/2167"}],"wp:attachment":[{"href":"https:\/\/wpachem.com\/vi\/wp-json\/wp\/v2\/media?parent=3630"}],"wp:term":[{"taxonomy":"product_brand","embeddable":true,"href":"https:\/\/wpachem.com\/vi\/wp-json\/wp\/v2\/product_brand?post=3630"},{"taxonomy":"product_cat","embeddable":true,"href":"https:\/\/wpachem.com\/vi\/wp-json\/wp\/v2\/product_cat?post=3630"},{"taxonomy":"product_tag","embeddable":true,"href":"https:\/\/wpachem.com\/vi\/wp-json\/wp\/v2\/product_tag?post=3630"}],"curies":[{"name":"wp","href":"https:\/\/api.w.org\/{rel}","templated":true}]}}