{"id":3634,"date":"2023-03-22T08:42:17","date_gmt":"2023-03-22T08:42:17","guid":{"rendered":"http:\/\/site2.easyceotech.com\/?post_type=product&#038;p=3634"},"modified":"2024-03-12T07:34:19","modified_gmt":"2024-03-12T07:34:19","slug":"disodium-phosphate","status":"publish","type":"product","link":"https:\/\/wpachem.com\/vi\/product\/disodium-phosphate\/","title":{"rendered":"Dinatri Phosphat"},"content":{"rendered":"<div class=\"J_module\">\n<div class=\"detail-decorate-json-renderer-container\">\n<div class=\"magic-6\">\n<div class=\"magic-7\" data-spm-anchor-id=\"a2700.details.0.i23.6d165f77On6SHC\">\n<div class=\"magic-8\">\n<div class=\"magic-9\">\n<div>Lo\u1ea1i: S\u1eed d\u1ee5ng trong ng\u00e0nhXu\u1ea5t x\u1ee9: Trung Qu\u1ed1c<br \/>\nS\u1ed1 CAS: 7558-79-4<br \/>\n\u0110\u00f3ng g\u00f3i: Th\u00f9ng 25kg M\u00f4 t\u1ea3 v\u1ec1 Dinatri phosphat: Vi\u1ec7c b\u1ed5 sung phosphat c\u00f3 nh\u1eefng \u0111\u1eb7c \u0111i\u1ec3m sau Dinatri hydro phosphat, c\u00f2n \u0111\u01b0\u1ee3c g\u1ecdi l\u00e0 natri monohydro phosphat, c\u00f4ng th\u1ee9c h\u00f3a h\u1ecdc Na2HPO4, l\u00e0 m\u1ed9t trong nh\u1eefng axit natri<br \/>\nmu\u1ed1i \u0111\u01b0\u1ee3c t\u1ea1o ra b\u1edfi axit photphoric. \u0110\u00e2y l\u00e0 m\u1ed9t lo\u1ea1i b\u1ed9t m\u00e0u tr\u1eafng d\u1ec5 ch\u1ea3y, tan trong n\u01b0\u1edbc, dung d\u1ecbch n\u01b0\u1edbc c\u00f3 t\u00ednh ki\u1ec1m y\u1ebfu.<br \/>\nL\u01b0u tr\u1eef dinatri phosphat:<br \/>\nL\u01b0u tr\u1eef \u1edf n\u01a1i th\u00f4ng tho\u00e1ng, tr\u00e1nh m\u01b0a, \u1ea9m \u01b0\u1edbt v\u00e0 \u00e1nh n\u1eafng m\u1eb7t tr\u1eddi. Vui l\u00f2ng x\u1eed l\u00fd c\u1ea9n th\u1eadn \u0111\u1ec3 tr\u00e1nh l\u00e0m h\u1ecfng t\u00fai, c\u1ea5t gi\u1eef xa c\u00e1c ch\u1ea5t \u0111\u1ed9c h\u1ea1i.<\/div>\n<\/div>\n<\/div>\n<\/div>\n<\/div>\n<\/div>\n<\/div>\n<div class=\"J_module\">\n<div class=\"ife-detail-decorate-table\">\n<table class=\"all magic-10\">\n<tbody>\n<tr>\n<td colspan=\"2\" rowspan=\"1\">\n<div class=\"magic-11\">\u0110\u1eb7c \u0111i\u1ec3m k\u1ef9 thu\u1eadt<\/div>\n<\/td>\n<td colspan=\"1\" rowspan=\"1\">\n<div class=\"magic-13\">GB25568-2010<\/div>\n<\/td>\n<td colspan=\"1\" rowspan=\"1\">\n<div class=\"magic-14\">FCC VII<\/div>\n<\/td>\n<\/tr>\n<tr>\n<td colspan=\"2\" rowspan=\"1\">\n<div class=\"magic-11\">H\u00e0m l\u01b0\u1ee3ng Na2HPO4, (tr\u00ean c\u01a1 s\u1edf kh\u00f4)\uff0cw\/%\u2265<\/div>\n<\/td>\n<td colspan=\"1\" rowspan=\"1\">\n<div class=\"magic-13\">98.0<\/div>\n<\/td>\n<td colspan=\"1\" rowspan=\"1\">\n<div class=\"magic-14\">98.0<\/div>\n<\/td>\n<\/tr>\n<tr>\n<td colspan=\"2\" rowspan=\"1\">\n<div class=\"magic-11\">Asen (As)\uff0cmg\/kg \u2264<\/div>\n<\/td>\n<td colspan=\"1\" rowspan=\"1\">\n<div class=\"magic-13\">3<\/div>\n<\/td>\n<td colspan=\"1\" rowspan=\"1\">\n<div class=\"magic-14\">3<\/div>\n<\/td>\n<\/tr>\n<tr>\n<td colspan=\"2\" rowspan=\"1\">\n<div class=\"magic-11\">Kim lo\u1ea1i n\u1eb7ng (Theo Pb), mg\/kg \u2264<\/div>\n<\/td>\n<td colspan=\"1\" rowspan=\"1\">\n<div class=\"magic-13\">10<\/div>\n<\/td>\n<td colspan=\"1\" rowspan=\"1\">\n<div class=\"magic-14\">\u2014\u2014\u2014\u2014<\/div>\n<\/td>\n<\/tr>\n<tr>\n<td colspan=\"2\" rowspan=\"1\">\n<div class=\"magic-11\">Ch\u00ec(Pb)\uff0cmg\/kg \u2264<\/div>\n<\/td>\n<td colspan=\"1\" rowspan=\"1\">\n<div class=\"magic-13\">4<\/div>\n<\/td>\n<td colspan=\"1\" rowspan=\"1\">\n<div class=\"magic-14\">4<\/div>\n<\/td>\n<\/tr>\n<tr>\n<td colspan=\"2\" rowspan=\"1\">\n<div class=\"magic-11\">Florua (Theo F)\uff0cmg\/kg \u2264<\/div>\n<\/td>\n<td colspan=\"1\" rowspan=\"1\">\n<div class=\"magic-13\">50<\/div>\n<\/td>\n<td colspan=\"1\" rowspan=\"1\">\n<div class=\"magic-14\">50<\/div>\n<\/td>\n<\/tr>\n<tr>\n<td colspan=\"2\" rowspan=\"1\">\n<div class=\"magic-11\">Ch\u1ea5t kh\u00f4ng h\u00f2a tan\uff0cw\/% \u2264<\/div>\n<\/td>\n<td colspan=\"1\" rowspan=\"1\">\n<div class=\"magic-13\">0.2<\/div>\n<\/td>\n<td colspan=\"1\" rowspan=\"1\">\n<div class=\"magic-14\">0.2<\/div>\n<\/td>\n<\/tr>\n<tr>\n<td colspan=\"1\" rowspan=\"1\">\n<div class=\"magic-15\">T\u1ed5n th\u1ea5t khi s\u1ea5y kh\u00f4, w\/%<\/div>\n<\/td>\n<td colspan=\"1\" rowspan=\"1\">\n<div class=\"magic-13\">Na2HPO4 \u2264<\/div>\n<\/td>\n<td colspan=\"1\" rowspan=\"1\">\n<div class=\"magic-13\">5.0<\/div>\n<\/td>\n<td colspan=\"1\" rowspan=\"1\">\n<div class=\"magic-14\">5.0<\/div>\n<\/td>\n<\/tr>\n<tr>\n<td colspan=\"1\" rowspan=\"1\">\n<div class=\"magic-15\"><\/div>\n<\/td>\n<td colspan=\"1\" rowspan=\"1\">\n<div class=\"magic-13\">Na2HPO4\u00b72H2O<\/div>\n<\/td>\n<td colspan=\"1\" rowspan=\"1\">\n<div class=\"magic-13\">18.0-22.0<\/div>\n<\/td>\n<td colspan=\"1\" rowspan=\"1\">\n<div class=\"magic-14\">18.0-22.0<\/div>\n<\/td>\n<\/tr>\n<tr>\n<td colspan=\"1\" rowspan=\"1\">\n<div class=\"magic-15\"><\/div>\n<\/td>\n<td colspan=\"1\" rowspan=\"1\">\n<div class=\"magic-13\">Na2HPO4\u00b712H2O \u2264<\/div>\n<\/td>\n<td colspan=\"1\" rowspan=\"1\">\n<div class=\"magic-13\">61.0<\/div>\n<\/td>\n<td colspan=\"1\" rowspan=\"1\">\n<div class=\"magic-14\">\u2014\u2014\u2014\u2014<\/div>\n<\/td>\n<\/tr>\n<\/tbody>\n<\/table>\n<\/div>\n<\/div>\n<p>&nbsp;<\/p>","protected":false},"excerpt":{"rendered":"<p>T\u00ean s\u1ea3n ph\u1ea9m: Dinatri Phosphate<br \/>\nS\u1ed1 CAS: 7558-79-4<br \/>\nNguy\u00ean t\u1eed: C9H9N3O3S<br \/>\nNgo\u1ea1i h\u00ecnh: s\u1ee9c m\u1ea1nh m\u00e0u tr\u1eafng<\/p>","protected":false},"featured_media":2157,"template":"","meta":{"_acf_changed":false,"_gspb_post_css":""},"product_brand":[],"product_cat":[55],"product_tag":[],"class_list":{"0":"post-3634","1":"product","2":"type-product","3":"status-publish","4":"has-post-thumbnail","6":"product_cat-food-additives","8":"first","9":"instock","10":"shipping-taxable","11":"product-type-simple"},"acf":[],"_links":{"self":[{"href":"https:\/\/wpachem.com\/vi\/wp-json\/wp\/v2\/product\/3634","targetHints":{"allow":["GET"]}}],"collection":[{"href":"https:\/\/wpachem.com\/vi\/wp-json\/wp\/v2\/product"}],"about":[{"href":"https:\/\/wpachem.com\/vi\/wp-json\/wp\/v2\/types\/product"}],"version-history":[{"count":0,"href":"https:\/\/wpachem.com\/vi\/wp-json\/wp\/v2\/product\/3634\/revisions"}],"wp:featuredmedia":[{"embeddable":true,"href":"https:\/\/wpachem.com\/vi\/wp-json\/wp\/v2\/media\/2157"}],"wp:attachment":[{"href":"https:\/\/wpachem.com\/vi\/wp-json\/wp\/v2\/media?parent=3634"}],"wp:term":[{"taxonomy":"product_brand","embeddable":true,"href":"https:\/\/wpachem.com\/vi\/wp-json\/wp\/v2\/product_brand?post=3634"},{"taxonomy":"product_cat","embeddable":true,"href":"https:\/\/wpachem.com\/vi\/wp-json\/wp\/v2\/product_cat?post=3634"},{"taxonomy":"product_tag","embeddable":true,"href":"https:\/\/wpachem.com\/vi\/wp-json\/wp\/v2\/product_tag?post=3634"}],"curies":[{"name":"wp","href":"https:\/\/api.w.org\/{rel}","templated":true}]}}