{"id":3637,"date":"2023-03-24T05:22:27","date_gmt":"2023-03-24T05:22:27","guid":{"rendered":"http:\/\/site2.easyceotech.com\/?post_type=product&#038;p=3637"},"modified":"2024-03-12T07:34:19","modified_gmt":"2024-03-12T07:34:19","slug":"l-sodium-glutamate","status":"publish","type":"product","link":"https:\/\/wpachem.com\/vi\/product\/l-sodium-glutamate\/","title":{"rendered":"L-(+)Natri glutamat"},"content":{"rendered":"<p>1. T\u00ean s\u1ea3n ph\u1ea9m: Mono Sodium Glutamate 98%<\/p>\n<p>2. Nguy\u00ean li\u1ec7u th\u00f4: Ng\u00f4<\/p>\n<p>3. C\u00f4ng d\u1ee5ng: Mononatri Glutamate \u0111\u01b0\u1ee3c d\u00f9ng l\u00e0m ch\u1ea5t t\u0103ng h\u01b0\u01a1ng v\u1ecb cho th\u1ef1c ph\u1ea9m, ch\u1eb3ng h\u1ea1n nh\u01b0:<\/p>\n<p>\u2013 Cho tr\u1ef1c ti\u1ebfp v\u00e0o b\u1ebfp<\/p>\n<p>\u2013 Th\u00eam v\u00e0o c\u00e1c lo\u1ea1i s\u00fap kh\u00f4 ho\u1eb7c \u01b0\u1edbt, s\u00fap th\u00e1i h\u1ea1t l\u1ef1u<\/p>\n<p>\u2013 Th\u00eam v\u00e0o th\u1ef1c ph\u1ea9m \u0111\u00f4ng l\u1ea1nh, th\u1ef1c ph\u1ea9m \u0111\u00f3ng g\u00f3i axenic<\/p>\n<p>\u2013 Th\u00eam v\u00e0o qu\u00e1 tr\u00ecnh ch\u1ebf bi\u1ebfn gi\u0103m b\u00f4ng, h\u1ea3i s\u1ea3n, th\u1ef1c ph\u1ea9m \u01b0\u1edbp mu\u1ed1i<\/p>\n<p>\u2013 Th\u00eam gia v\u1ecb, h\u01b0\u01a1ng li\u1ec7u, gia v\u1ecb\u2026<\/p>","protected":false},"excerpt":{"rendered":"<p>T\u00ean s\u1ea3n ph\u1ea9m: L-(+)Sodium glutamate<br \/>\nS\u1ed1 CAS: 142-47-2<br \/>\nMF:C5H10NNaO4<br \/>\nNgo\u1ea1i quan: B\u1ed9t tinh th\u1ec3 m\u00e0u tr\u1eafng<\/p>","protected":false},"featured_media":2150,"template":"","meta":{"_acf_changed":false,"_gspb_post_css":""},"product_brand":[],"product_cat":[55,101],"product_tag":[],"class_list":{"0":"post-3637","1":"product","2":"type-product","3":"status-publish","4":"has-post-thumbnail","6":"product_cat-food-additives","7":"product_cat-flavour-enhancer-food-additives","9":"first","10":"instock","11":"shipping-taxable","12":"product-type-simple"},"acf":[],"_links":{"self":[{"href":"https:\/\/wpachem.com\/vi\/wp-json\/wp\/v2\/product\/3637","targetHints":{"allow":["GET"]}}],"collection":[{"href":"https:\/\/wpachem.com\/vi\/wp-json\/wp\/v2\/product"}],"about":[{"href":"https:\/\/wpachem.com\/vi\/wp-json\/wp\/v2\/types\/product"}],"version-history":[{"count":0,"href":"https:\/\/wpachem.com\/vi\/wp-json\/wp\/v2\/product\/3637\/revisions"}],"wp:featuredmedia":[{"embeddable":true,"href":"https:\/\/wpachem.com\/vi\/wp-json\/wp\/v2\/media\/2150"}],"wp:attachment":[{"href":"https:\/\/wpachem.com\/vi\/wp-json\/wp\/v2\/media?parent=3637"}],"wp:term":[{"taxonomy":"product_brand","embeddable":true,"href":"https:\/\/wpachem.com\/vi\/wp-json\/wp\/v2\/product_brand?post=3637"},{"taxonomy":"product_cat","embeddable":true,"href":"https:\/\/wpachem.com\/vi\/wp-json\/wp\/v2\/product_cat?post=3637"},{"taxonomy":"product_tag","embeddable":true,"href":"https:\/\/wpachem.com\/vi\/wp-json\/wp\/v2\/product_tag?post=3637"}],"curies":[{"name":"wp","href":"https:\/\/api.w.org\/{rel}","templated":true}]}}