{"id":3640,"date":"2023-03-24T05:26:07","date_gmt":"2023-03-24T05:26:07","guid":{"rendered":"http:\/\/site2.easyceotech.com\/?post_type=product&#038;p=3640"},"modified":"2024-03-12T07:33:16","modified_gmt":"2024-03-12T07:33:16","slug":"ethyl-vanillin","status":"publish","type":"product","link":"https:\/\/wpachem.com\/vi\/product\/ethyl-vanillin\/","title":{"rendered":"Etyl vanilin"},"content":{"rendered":"<div class=\"J_module\">\n<div class=\"detail-decorate-json-renderer-container\">\n<div class=\"magic-4\">\n<div class=\"magic-5\">\n<div class=\"magic-6\">\n<div class=\"magic-7\">\n<div><span class=\"magic-8\" style=\"font-family: Arial;\"><span class=\"magic-9\" data-spm-anchor-id=\"a2700.details.0.i25.5dc33058F8KHm6\">T\u00ean s\u1ea3n ph\u1ea9m:<\/span> Etyl vanilin<\/span><\/div>\n<div><span class=\"magic-8\" style=\"font-family: Arial;\">S\u1ed1 CAS: 121-32-4<\/span><\/div>\n<div><span class=\"magic-8\" style=\"font-family: Arial;\">MW:166.17<\/span><\/div>\n<div><span class=\"magic-8\" style=\"font-family: Arial;\">Nguy\u00ean t\u1eed: C9H10O3<\/span><\/div>\n<div><span class=\"magic-8\" style=\"font-family: Arial;\">Ngo\u1ea1i quan: B\u1ed9t tinh th\u1ec3 m\u00e0u tr\u1eafng ho\u1eb7c h\u01a1i v\u00e0ng<\/span><\/div>\n<div><span class=\"magic-8\" style=\"font-family: Arial;\">\u0110\u1ed9 tinh khi\u1ebft: 99%<\/span><\/div>\n<\/div>\n<\/div>\n<\/div>\n<\/div>\n<\/div>\n<\/div>\n<div class=\"J_module\">\n<div id=\"ali-anchor-AliMagic-irdkp0\" class=\"magic-0\" data-section=\"AliMagic-irdkp0\" data-section-title=\"Specification\">\u0110\u1eb7c \u0111i\u1ec3m k\u1ef9 thu\u1eadt<\/div>\n<\/div>\n<div class=\"J_module\">\n<div class=\"ife-detail-decorate-table\">\n<table class=\"has-title is-zebra hight-light-first-column all magic-10\">\n<tbody>\n<tr>\n<td colspan=\"1\" rowspan=\"1\">\n<div class=\"magic-11\"><span class=\"magic-8\" style=\"font-family: Arial;\">N\u1ed9i dung ph\u00e2n t\u00edch<\/span><\/div>\n<\/td>\n<td colspan=\"1\" rowspan=\"1\">\n<div class=\"magic-12\"><span class=\"magic-8\" style=\"font-family: Arial;\">Ti\u00eau chu\u1ea9n ph\u00e2n t\u00edch<\/span><\/div>\n<\/td>\n<td colspan=\"1\" rowspan=\"1\">\n<div class=\"magic-13\"><span class=\"magic-8\" style=\"font-family: Arial;\">K\u1ebft qu\u1ea3 ph\u00e2n t\u00edch<\/span><\/div>\n<\/td>\n<\/tr>\n<tr>\n<td colspan=\"1\" rowspan=\"1\">\n<div class=\"magic-11\"><span class=\"magic-8\" style=\"font-family: Arial;\">V\u1ebb b\u1ec1 ngo\u00e0i<\/span><\/div>\n<\/td>\n<td colspan=\"1\" rowspan=\"1\">\n<div class=\"magic-12\"><span class=\"magic-8\" style=\"font-family: Arial;\">B\u1ed9t tinh th\u1ec3 m\u00e0u tr\u1eafng ho\u1eb7c h\u01a1i v\u00e0ng<\/span><\/div>\n<\/td>\n<td colspan=\"1\" rowspan=\"1\">\n<div class=\"magic-13\"><span class=\"magic-8\" style=\"font-family: Arial;\">\u0110\u00e3 tu\u00e2n th\u1ee7<\/span><\/div>\n<\/td>\n<\/tr>\n<tr>\n<td colspan=\"1\" rowspan=\"1\">\n<div class=\"magic-11\"><span class=\"magic-8\" style=\"font-family: Arial;\">X\u00e9t nghi\u1ec7m<\/span><\/div>\n<\/td>\n<td colspan=\"1\" rowspan=\"1\">\n<div class=\"magic-12\"><span class=\"magic-8\" style=\"font-family: Arial;\">98% ph\u00fat<\/span><\/div>\n<\/td>\n<td colspan=\"1\" rowspan=\"1\">\n<div class=\"magic-13\"><span class=\"magic-8\" style=\"font-family: Arial;\">98.81%<\/span><\/div>\n<\/td>\n<\/tr>\n<tr>\n<td colspan=\"1\" rowspan=\"1\">\n<div class=\"magic-11\"><span class=\"magic-8\" style=\"font-family: Arial;\">M\u00f9i\/ H\u01b0\u01a1ng v\u1ecb<\/span><\/div>\n<\/td>\n<td colspan=\"1\" rowspan=\"1\">\n<div class=\"magic-12\"><span class=\"magic-8\" style=\"font-family: Arial;\">T\u01b0\u01a1ng t\u1ef1 nh\u01b0 h\u01b0\u01a1ng v\u1ecb c\u1ee7a vani<\/span><\/div>\n<\/td>\n<td colspan=\"1\" rowspan=\"1\">\n<div class=\"magic-13\"><span class=\"magic-8\" style=\"font-family: Arial;\">\u0110\u00e3 tu\u00e2n th\u1ee7<\/span><\/div>\n<\/td>\n<\/tr>\n<tr>\n<td colspan=\"1\" rowspan=\"1\">\n<div class=\"magic-11\"><span class=\"magic-8\" style=\"font-family: Arial;\">\u0110\u1ed9 h\u00f2a tan (25 \u0111\u1ed9 C)<\/span><\/div>\n<\/td>\n<td colspan=\"1\" rowspan=\"1\">\n<div class=\"magic-12\"><span class=\"magic-8\" style=\"font-family: Arial;\">1g dung d\u1ecbch ho\u00e0n to\u00e0n trong 3ml c\u1ed3n 70% ho\u1eb7c 2ml c\u1ed3n 95%<\/span><\/div>\n<\/td>\n<td colspan=\"1\" rowspan=\"1\">\n<div class=\"magic-13\"><span class=\"magic-8\" style=\"font-family: Arial;\">\u0110\u00e3 tu\u00e2n th\u1ee7<\/span><\/div>\n<\/td>\n<\/tr>\n<tr>\n<td colspan=\"1\" rowspan=\"1\">\n<div class=\"magic-11\"><span class=\"magic-8\" style=\"font-family: Arial;\">\u0110i\u1ec3m n\u00f3ng ch\u1ea3y (25 \u0111\u1ed9 C)<\/span><\/div>\n<\/td>\n<td colspan=\"1\" rowspan=\"1\">\n<div class=\"magic-12\"><span class=\"magic-8\" style=\"font-family: Arial;\">76.0-78.0<\/span><\/div>\n<\/td>\n<td colspan=\"1\" rowspan=\"1\">\n<div class=\"magic-13\"><span class=\"magic-8\" style=\"font-family: Arial;\">76.7<\/span><\/div>\n<\/td>\n<\/tr>\n<tr>\n<td colspan=\"1\" rowspan=\"1\">\n<div class=\"magic-11\"><span class=\"magic-8\" style=\"font-family: Arial;\">M\u1ea5t m\u00e1t khi s\u1ea5y kh\u00f4<\/span><\/div>\n<\/td>\n<td colspan=\"1\" rowspan=\"1\">\n<div class=\"magic-12\"><span class=\"magic-8\" style=\"font-family: Arial;\">0,5% t\u1ed1i \u0111a<\/span><\/div>\n<\/td>\n<td colspan=\"1\" rowspan=\"1\">\n<div class=\"magic-13\"><span class=\"magic-8\" style=\"font-family: Arial;\">0.11%<\/span><\/div>\n<\/td>\n<\/tr>\n<tr>\n<td colspan=\"1\" rowspan=\"1\">\n<div class=\"magic-11\"><span class=\"magic-8\" style=\"font-family: Arial;\">N\u1ed9i dung c\u1ee7a As<\/span><\/div>\n<\/td>\n<td colspan=\"1\" rowspan=\"1\">\n<div class=\"magic-12\"><span class=\"magic-8\" style=\"font-family: Arial;\">T\u1ed1i \u0111a 3ppm<\/span><\/div>\n<\/td>\n<td colspan=\"1\" rowspan=\"1\">\n<div class=\"magic-13\"><span class=\"magic-8\" style=\"font-family: Arial;\">\u0110\u00e3 tu\u00e2n th\u1ee7<\/span><\/div>\n<\/td>\n<\/tr>\n<tr>\n<td colspan=\"1\" rowspan=\"1\">\n<div class=\"magic-11\"><span class=\"magic-8\" style=\"font-family: Arial;\">Kim lo\u1ea1i n\u1eb7ng (nh\u01b0 pb)<\/span><\/div>\n<\/td>\n<td colspan=\"1\" rowspan=\"1\">\n<div class=\"magic-12\"><span class=\"magic-8\" style=\"font-family: Arial;\">T\u1ed1i \u0111a 10ppm<\/span><\/div>\n<\/td>\n<td colspan=\"1\" rowspan=\"1\">\n<div class=\"magic-13\"><span class=\"magic-8\" style=\"font-family: Arial;\">\u0110\u00e3 tu\u00e2n th\u1ee7<\/span><\/div>\n<\/td>\n<\/tr>\n<tr>\n<td colspan=\"1\" rowspan=\"1\">\n<div class=\"magic-11\"><span class=\"magic-8\" style=\"font-family: Arial;\">C\u1eb7n b\u00e1m tr\u00ean l\u1eeda<\/span><\/div>\n<\/td>\n<td colspan=\"1\" rowspan=\"1\">\n<div class=\"magic-12\"><span class=\"magic-8\" style=\"font-family: Arial;\">0,05% t\u1ed1i \u0111a<\/span><\/div>\n<\/td>\n<td colspan=\"1\" rowspan=\"1\">\n<div class=\"magic-13\"><span class=\"magic-8\" style=\"font-family: Arial;\">0.01%<\/span><\/div>\n<\/td>\n<\/tr>\n<\/tbody>\n<\/table>\n<\/div>\n<\/div>\n<div class=\"J_module\">\n<div id=\"ali-anchor-AliMagic-7xd6wv\" class=\"magic-0\" data-section=\"AliMagic-7xd6wv\" data-section-title=\"Application\">\u1ee8ng d\u1ee5ng<\/div>\n<\/div>\n<div class=\"J_module\">\n<div class=\"detail-decorate-json-renderer-container\">\n<div class=\"magic-4\">\n<div class=\"magic-5\">\n<div class=\"magic-6\">\n<div class=\"magic-7\"><span class=\"magic-8\" style=\"font-family: Arial;\">1. Ethyl Vanillin l\u00e0 m\u1ed9t trong nh\u1eefng h\u01b0\u01a1ng li\u1ec7u \u0103n \u0111\u01b0\u1ee3c quan tr\u1ecdng nh\u1ea5t, l\u00e0 nguy\u00ean li\u1ec7u th\u00f4 kh\u00f4ng th\u1ec3 thi\u1ebfu v\u00e0 quan tr\u1ecdng trong ng\u00e0nh ph\u1ee5 gia th\u1ef1c ph\u1ea9m v\u00e0 \u0111\u01b0\u1ee3c s\u1eed d\u1ee5ng r\u1ed9ng r\u00e3i trong th\u1ef1c ph\u1ea9m, \u0111\u1ed3 ng\u1ecdt, k\u1eb9o, kem, \u0111\u1ed3 u\u1ed1ng v\u00e0 m\u1ef9 ph\u1ea9m nh\u01b0 ch\u1ea5t t\u0103ng h\u01b0\u01a1ng v\u1ecb v\u00e0 ch\u1ea5t c\u1ed1 \u0111\u1ecbnh. 2. N\u00f3 c\u0169ng \u0111\u01b0\u1ee3c s\u1eed d\u1ee5ng l\u00e0m ph\u1ee5 gia th\u1ee9c \u0103n ch\u0103n nu\u00f4i v\u00e0 l\u00e0m ch\u1ea5t l\u00e0m s\u00e1ng trong ng\u00e0nh m\u1ea1 \u0111i\u1ec7n.<\/span><\/div>\n<\/div>\n<\/div>\n<\/div>\n<\/div>\n<\/div>\n<p>&nbsp;<\/p>","protected":false},"excerpt":{"rendered":"<p>T\u00ean s\u1ea3n ph\u1ea9m: Ethyl vanillin<br \/>\nS\u1ed1 CAS: 121-32-4<br \/>\nMF:C9H10O3<br \/>\nNgo\u1ea1i quan: B\u1ed9t tinh th\u1ec3 m\u00e0u tr\u1eafng ho\u1eb7c h\u01a1i v\u00e0ng<\/p>","protected":false},"featured_media":2103,"template":"","meta":{"_acf_changed":false,"_gspb_post_css":""},"product_brand":[],"product_cat":[55,101],"product_tag":[],"class_list":{"0":"post-3640","1":"product","2":"type-product","3":"status-publish","4":"has-post-thumbnail","6":"product_cat-food-additives","7":"product_cat-flavour-enhancer-food-additives","9":"first","10":"instock","11":"shipping-taxable","12":"product-type-simple"},"acf":[],"_links":{"self":[{"href":"https:\/\/wpachem.com\/vi\/wp-json\/wp\/v2\/product\/3640","targetHints":{"allow":["GET"]}}],"collection":[{"href":"https:\/\/wpachem.com\/vi\/wp-json\/wp\/v2\/product"}],"about":[{"href":"https:\/\/wpachem.com\/vi\/wp-json\/wp\/v2\/types\/product"}],"version-history":[{"count":0,"href":"https:\/\/wpachem.com\/vi\/wp-json\/wp\/v2\/product\/3640\/revisions"}],"wp:featuredmedia":[{"embeddable":true,"href":"https:\/\/wpachem.com\/vi\/wp-json\/wp\/v2\/media\/2103"}],"wp:attachment":[{"href":"https:\/\/wpachem.com\/vi\/wp-json\/wp\/v2\/media?parent=3640"}],"wp:term":[{"taxonomy":"product_brand","embeddable":true,"href":"https:\/\/wpachem.com\/vi\/wp-json\/wp\/v2\/product_brand?post=3640"},{"taxonomy":"product_cat","embeddable":true,"href":"https:\/\/wpachem.com\/vi\/wp-json\/wp\/v2\/product_cat?post=3640"},{"taxonomy":"product_tag","embeddable":true,"href":"https:\/\/wpachem.com\/vi\/wp-json\/wp\/v2\/product_tag?post=3640"}],"curies":[{"name":"wp","href":"https:\/\/api.w.org\/{rel}","templated":true}]}}