{"id":3643,"date":"2023-03-24T05:27:57","date_gmt":"2023-03-24T05:27:57","guid":{"rendered":"http:\/\/site2.easyceotech.com\/?post_type=product&#038;p=3643"},"modified":"2024-03-12T07:33:11","modified_gmt":"2024-03-12T07:33:11","slug":"vanilla","status":"publish","type":"product","link":"https:\/\/wpachem.com\/vi\/product\/vanilla\/","title":{"rendered":"Vanilla"},"content":{"rendered":"<p><strong data-spm-anchor-id=\"a2700.details.0.i21.302934d95ue38X\">Chi ti\u1ebft<\/strong><\/p>\n<p>T\u00ean h\u00f3a h\u1ecdc: Vanillin<\/p>\n<p>S\u1ed1 CAS: 121-33-5<\/p>\n<p>C\u00f4ng th\u1ee9c ph\u00e2n t\u1eed: C8H8O3<\/p>\n<p>Kh\u1ed1i l\u01b0\u1ee3ng ph\u00e2n t\u1eed: 152,15<\/p>\n<p>Ngo\u1ea1i h\u00ecnh: Tinh th\u1ec3 m\u00e0u tr\u1eafng \u0111\u1ebfn h\u01a1i v\u00e0ng, th\u01b0\u1eddng gi\u1ed1ng nh\u01b0 kim<\/p>\n<p><strong>C\u1ee7a c\u1ea3i<\/strong><\/p>\n<table>\n<tbody>\n<tr>\n<td>M\u1ee5c<\/td>\n<td>Th\u00f4ng s\u1ed1 k\u1ef9 thu\u1eadt<\/td>\n<\/tr>\n<tr>\n<td>\u0110\u1eb7c tr\u01b0ng<\/td>\n<td>Tinh th\u1ec3 m\u00e0u tr\u1eafng \u0111\u1ebfn h\u01a1i v\u00e0ng, th\u01b0\u1eddng gi\u1ed1ng nh\u01b0 kim<\/td>\n<\/tr>\n<tr>\n<td>M\u00f9i<\/td>\n<td>\u0110\u1eb7c \u0111i\u1ec3m c\u1ee7a vanillia<\/td>\n<\/tr>\n<tr>\n<td>\u0110\u1ed9 h\u00f2a tan<\/td>\n<td>1g vanilin tan trong 100ml n\u01b0\u1edbc, 3ml 70% ho\u1eb7c 2ml 95% ethanol \u1edf 25\u2103, trong 20ml glycerol, trong 20ml n\u01b0\u1edbc \u1edf 80\u2103 tan trong cloroform, ete<\/td>\n<\/tr>\n<tr>\n<td>\u0110i\u1ec3m n\u00f3ng ch\u1ea3y<\/td>\n<td>81,0-83,0\u2103<\/td>\n<\/tr>\n<tr>\n<td>\u0110\u1ed9 tinh khi\u1ebft (theo GC)<\/td>\n<td>\u226599.50%<\/td>\n<\/tr>\n<tr>\n<td>M\u1ea5t m\u00e1t khi s\u1ea5y kh\u00f4<\/td>\n<td>\u22640,5%<\/td>\n<\/tr>\n<tr>\n<td>Asen (nh\u01b0)<\/td>\n<td>\u22640,0003%<\/td>\n<\/tr>\n<tr>\n<td>Kim lo\u1ea1i n\u1eb7ng (d\u1ef1a tr\u00ean pb)<\/td>\n<td>\u22640,001%<\/td>\n<\/tr>\n<tr>\n<td>C\u1eb7n b\u00e1m tr\u00ean l\u1eeda<\/td>\n<td>\u22640,05%<\/td>\n<\/tr>\n<\/tbody>\n<\/table>\n<p>&nbsp;<\/p>\n<p><strong>C\u00e1ch s\u1eed d\u1ee5ng<\/strong><\/p>\n<p>D\u00f9ng l\u00e0m h\u01b0\u01a1ng li\u1ec7u th\u1ef1c ph\u1ea9m, h\u01b0\u01a1ng li\u1ec7u h\u00e0ng ng\u00e0y v\u00e0 h\u01b0\u01a1ng li\u1ec7u trung gian.<\/p>\n<p><strong>\u0110\u00f3ng g\u00f3i v\u00e0 V\u1eadn chuy\u1ec3n<\/strong><\/p>\n<p>\u0110\u00f3ng g\u00f3i: 25kg\/th\u00f9ng<\/p>\n<p><strong>Kho<\/strong><\/p>\n<p>N\u00ean \u0111\u1eady k\u00edn v\u00e0 b\u1ea3o qu\u1ea3n \u1edf n\u01a1i kh\u00f4 r\u00e1o, tho\u00e1ng m\u00e1t, th\u00f4ng gi\u00f3 t\u1ed1t.<\/p>\n<p><strong>H\u1ea1n s\u1eed d\u1ee5ng<\/strong><\/p>\n<p><strong>12\u00a0<\/strong>th\u00e1ng v\u1edbi g\u00f3i<\/p>","protected":false},"excerpt":{"rendered":"<p>T\u00ean s\u1ea3n ph\u1ea9m: Vani<br \/>\nS\u1ed1 CAS: 121-33-5<br \/>\nMF:C8H8O3<br \/>\nNgo\u1ea1i h\u00ecnh: s\u1ee9c m\u1ea1nh m\u00e0u tr\u1eafng<\/p>","protected":false},"featured_media":2159,"template":"","meta":{"_acf_changed":false,"_gspb_post_css":""},"product_brand":[],"product_cat":[24],"product_tag":[],"class_list":{"0":"post-3643","1":"product","2":"type-product","3":"status-publish","4":"has-post-thumbnail","6":"product_cat-uncategorized","8":"first","9":"instock","10":"shipping-taxable","11":"product-type-simple"},"acf":[],"_links":{"self":[{"href":"https:\/\/wpachem.com\/vi\/wp-json\/wp\/v2\/product\/3643","targetHints":{"allow":["GET"]}}],"collection":[{"href":"https:\/\/wpachem.com\/vi\/wp-json\/wp\/v2\/product"}],"about":[{"href":"https:\/\/wpachem.com\/vi\/wp-json\/wp\/v2\/types\/product"}],"version-history":[{"count":0,"href":"https:\/\/wpachem.com\/vi\/wp-json\/wp\/v2\/product\/3643\/revisions"}],"wp:featuredmedia":[{"embeddable":true,"href":"https:\/\/wpachem.com\/vi\/wp-json\/wp\/v2\/media\/2159"}],"wp:attachment":[{"href":"https:\/\/wpachem.com\/vi\/wp-json\/wp\/v2\/media?parent=3643"}],"wp:term":[{"taxonomy":"product_brand","embeddable":true,"href":"https:\/\/wpachem.com\/vi\/wp-json\/wp\/v2\/product_brand?post=3643"},{"taxonomy":"product_cat","embeddable":true,"href":"https:\/\/wpachem.com\/vi\/wp-json\/wp\/v2\/product_cat?post=3643"},{"taxonomy":"product_tag","embeddable":true,"href":"https:\/\/wpachem.com\/vi\/wp-json\/wp\/v2\/product_tag?post=3643"}],"curies":[{"name":"wp","href":"https:\/\/api.w.org\/{rel}","templated":true}]}}