{"id":3646,"date":"2023-03-24T05:30:45","date_gmt":"2023-03-24T05:30:45","guid":{"rendered":"http:\/\/site2.easyceotech.com\/?post_type=product&#038;p=3646"},"modified":"2024-03-12T07:33:06","modified_gmt":"2024-03-12T07:33:06","slug":"propylene-glycol","status":"publish","type":"product","link":"https:\/\/wpachem.com\/vi\/product\/propylene-glycol\/","title":{"rendered":"Propylene Glycol"},"content":{"rendered":"<p><strong><span data-spm-anchor-id=\"a2700.details.0.i23.672a8a7eClTXAE\">\u1ee8ng d\u1ee5ng:<\/span><\/strong><\/p>\n<p>&nbsp;<\/p>\n<p>1. Ch\u1ea5t l\u1ecfng truy\u1ec1n nhi\u1ec7t<\/p>\n<p>&nbsp;<\/p>\n<p>2. N\u01b0\u1edbc hoa, m\u1ef9 ph\u1ea9m v\u00e0 ch\u0103m s\u00f3c c\u00e1 nh\u00e2n<\/p>\n<p>&nbsp;<\/p>\n<p>3. Th\u1ef1c ph\u1ea9m v\u00e0 h\u01b0\u01a1ng li\u1ec7u<\/p>\n<p>&nbsp;<\/p>\n<p>4. Th\u1ee9c \u0103n cho th\u00fa c\u01b0ng\/th\u1ee9c \u0103n cho \u0111\u1ed9ng v\u1eadt<\/p>\n<p>&nbsp;<\/p>\n<p>&nbsp;<\/p>\n<table style=\"height: 391px;\" border=\"1\" width=\"555\" cellspacing=\"0\">\n<tbody>\n<tr>\n<td valign=\"center\">\n<p align=\"center\"><strong>M\u1eb7t h\u00e0ng<\/strong><\/p>\n<\/td>\n<td valign=\"center\">\n<p align=\"center\"><strong>M\u1ee5c l\u1ee5c<\/strong><\/p>\n<\/td>\n<\/tr>\n<tr>\n<td valign=\"center\">\n<p align=\"center\">N\u1ed9i dung %<\/p>\n<\/td>\n<td valign=\"center\">\n<p align=\"center\">99,0 ph\u00fat<\/p>\n<\/td>\n<\/tr>\n<tr>\n<td valign=\"center\">\n<p align=\"center\">T\u00f4ng m\u00e0u (APHA)<\/p>\n<\/td>\n<td valign=\"center\">\n<p align=\"center\">10 t\u1ed1i \u0111a<\/p>\n<\/td>\n<\/tr>\n<tr>\n<td valign=\"center\">\n<p align=\"center\">Ch\u1ec9 s\u1ed1 r\u00fat l\u1ea1i<\/p>\n<\/td>\n<td valign=\"center\">\n<p align=\"center\">1.433-1.435<\/p>\n<\/td>\n<\/tr>\n<tr>\n<td valign=\"center\">\n<p align=\"center\">\u0110\u1ed9 \u1ea9m<\/p>\n<\/td>\n<td valign=\"center\">\n<p align=\"center\">0,2 ph\u00fat<\/p>\n<\/td>\n<\/tr>\n<tr>\n<td valign=\"center\">\n<p align=\"center\">M\u00e0u s\u1eafc<\/p>\n<\/td>\n<td valign=\"center\">\n<p align=\"center\">5 t\u1ed1i \u0111a<\/p>\n<\/td>\n<\/tr>\n<tr>\n<td valign=\"center\">\n<p align=\"center\">Axit t\u1ef1 do (nh\u01b0 CH3OOH%) ppm<\/p>\n<\/td>\n<td valign=\"center\">\n<p align=\"center\">75 t\u1ed1i \u0111a<\/p>\n<\/td>\n<\/tr>\n<tr>\n<td valign=\"center\">\n<p align=\"center\">Tro ppm<\/p>\n<\/td>\n<td valign=\"center\">\n<p align=\"center\">80 t\u1ed1i \u0111a<\/p>\n<\/td>\n<\/tr>\n<\/tbody>\n<\/table>\n<p>&nbsp;<\/p>","protected":false},"excerpt":{"rendered":"<p>T\u00ean s\u1ea3n ph\u1ea9m: Propylene Glycol<br \/>\nS\u1ed1 CAS: 57-55-6<br \/>\nMF:C3H8O2<br \/>\nNgo\u1ea1i h\u00ecnh: Ch\u1ea5t l\u1ecfng kh\u00f4ng m\u00e0u<\/p>","protected":false},"featured_media":2089,"template":"","meta":{"_acf_changed":false,"_gspb_post_css":""},"product_brand":[],"product_cat":[55,102],"product_tag":[],"class_list":{"0":"post-3646","1":"product","2":"type-product","3":"status-publish","4":"has-post-thumbnail","6":"product_cat-food-additives","7":"product_cat-emulsifiers","9":"first","10":"instock","11":"shipping-taxable","12":"product-type-simple"},"acf":[],"_links":{"self":[{"href":"https:\/\/wpachem.com\/vi\/wp-json\/wp\/v2\/product\/3646","targetHints":{"allow":["GET"]}}],"collection":[{"href":"https:\/\/wpachem.com\/vi\/wp-json\/wp\/v2\/product"}],"about":[{"href":"https:\/\/wpachem.com\/vi\/wp-json\/wp\/v2\/types\/product"}],"version-history":[{"count":0,"href":"https:\/\/wpachem.com\/vi\/wp-json\/wp\/v2\/product\/3646\/revisions"}],"wp:featuredmedia":[{"embeddable":true,"href":"https:\/\/wpachem.com\/vi\/wp-json\/wp\/v2\/media\/2089"}],"wp:attachment":[{"href":"https:\/\/wpachem.com\/vi\/wp-json\/wp\/v2\/media?parent=3646"}],"wp:term":[{"taxonomy":"product_brand","embeddable":true,"href":"https:\/\/wpachem.com\/vi\/wp-json\/wp\/v2\/product_brand?post=3646"},{"taxonomy":"product_cat","embeddable":true,"href":"https:\/\/wpachem.com\/vi\/wp-json\/wp\/v2\/product_cat?post=3646"},{"taxonomy":"product_tag","embeddable":true,"href":"https:\/\/wpachem.com\/vi\/wp-json\/wp\/v2\/product_tag?post=3646"}],"curies":[{"name":"wp","href":"https:\/\/api.w.org\/{rel}","templated":true}]}}