{"id":3649,"date":"2023-03-24T05:32:55","date_gmt":"2023-03-24T05:32:55","guid":{"rendered":"http:\/\/site2.easyceotech.com\/?post_type=product&#038;p=3649"},"modified":"2024-03-12T07:32:08","modified_gmt":"2024-03-12T07:32:08","slug":"span-80","status":"publish","type":"product","link":"https:\/\/wpachem.com\/vi\/product\/span-80\/","title":{"rendered":"Kho\u1ea3ng c\u00e1ch 80"},"content":{"rendered":"<div class=\"J_module\">\n<div class=\"detail-decorate-json-renderer-container\">\n<div class=\"magic-3\">\n<h3 class=\"magic-4\"><span data-spm-anchor-id=\"a2700.details.0.i27.40743586IFUIe4\">Th\u00e0nh ph\u1ea7n h\u00f3a h\u1ecdc: este axit b\u00e9o glucitol m\u1ea5t n\u01b0\u1edbc<br \/>\nLo\u1ea1i: kh\u00f4ng ion<br \/>\nM\u1eabu: S-80, S-60, S-40, S-20<\/span><\/h3>\n<div class=\"magic-5\">\n<div class=\"magic-6\">\n<div class=\"magic-7\"><b>Th\u00f4ng s\u1ed1 k\u1ef9 thu\u1eadt:<\/b><\/div>\n<\/div>\n<\/div>\n<\/div>\n<\/div>\n<\/div>\n<div class=\"J_module\">\n<div class=\"ife-detail-decorate-table\">\n<table class=\"all magic-8\">\n<tbody>\n<tr>\n<td colspan=\"1\" rowspan=\"1\">\n<div class=\"magic-9\">Th\u01b0\u01a1ng hi\u1ec7u<\/div>\n<\/td>\n<td colspan=\"1\" rowspan=\"1\">\n<div class=\"magic-10\">S-80<\/div>\n<\/td>\n<td colspan=\"1\" rowspan=\"1\">\n<div class=\"magic-10\">S-60<\/div>\n<\/td>\n<td colspan=\"1\" rowspan=\"1\">\n<div class=\"magic-10\">S-40<\/div>\n<\/td>\n<td colspan=\"1\" rowspan=\"1\">\n<div class=\"magic-9\">S-20<\/div>\n<\/td>\n<\/tr>\n<tr>\n<td colspan=\"1\" rowspan=\"1\">\n<div class=\"magic-9\">Ngo\u1ea1i h\u00ecnh<\/div>\n<\/td>\n<td colspan=\"1\" rowspan=\"1\">\n<div class=\"magic-10\">M\u1ee1 Amb ropy<\/div>\n<\/td>\n<td colspan=\"1\" rowspan=\"1\">\n<div class=\"magic-10\">Ch\u1ea5t r\u1eafn m\u00e0u v\u00e0ng nh\u1ea1t<\/div>\n<\/td>\n<td colspan=\"1\" rowspan=\"1\">\n<div class=\"magic-10\">Ch\u1ea5t r\u1eafn m\u00e0u v\u00e0ng nh\u1ea1t<\/div>\n<\/td>\n<td colspan=\"1\" rowspan=\"1\">\n<div class=\"magic-9\">Ch\u1ea5t l\u1ecfng Amb ropy<\/div>\n<\/td>\n<\/tr>\n<tr>\n<td colspan=\"1\" rowspan=\"1\">\n<div class=\"magic-9\">Ch\u1ec9 s\u1ed1 hydroxyl (mgKOH\/g)<\/div>\n<\/td>\n<td colspan=\"1\" rowspan=\"1\">\n<div class=\"magic-10\">190-220<\/div>\n<\/td>\n<td colspan=\"1\" rowspan=\"1\">\n<div class=\"magic-10\">240-270<\/div>\n<\/td>\n<td colspan=\"1\" rowspan=\"1\">\n<div class=\"magic-10\">255-290<\/div>\n<\/td>\n<td colspan=\"1\" rowspan=\"1\">\n<div class=\"magic-9\">330-360<\/div>\n<\/td>\n<\/tr>\n<tr>\n<td colspan=\"1\" rowspan=\"1\">\n<div class=\"magic-9\">Ch\u1ec9 s\u1ed1 x\u00e0 ph\u00f2ng h\u00f3a (mgKOH\/g)<\/div>\n<\/td>\n<td colspan=\"1\" rowspan=\"1\">\n<div class=\"magic-10\">140-160<\/div>\n<\/td>\n<td colspan=\"1\" rowspan=\"1\">\n<div class=\"magic-10\">145-160<\/div>\n<\/td>\n<td colspan=\"1\" rowspan=\"1\">\n<div class=\"magic-10\">140-150<\/div>\n<\/td>\n<td colspan=\"1\" rowspan=\"1\">\n<div class=\"magic-9\">160-175<\/div>\n<\/td>\n<\/tr>\n<tr>\n<td colspan=\"1\" rowspan=\"1\">\n<div class=\"magic-9\">Ch\u1ec9 s\u1ed1 axit (mgKOH\/g)<\/div>\n<\/td>\n<td colspan=\"1\" rowspan=\"1\">\n<div class=\"magic-10\">\u22648<\/div>\n<\/td>\n<td colspan=\"1\" rowspan=\"1\">\n<div class=\"magic-10\">\u226410<\/div>\n<\/td>\n<td colspan=\"1\" rowspan=\"1\">\n<div class=\"magic-10\">\u226410<\/div>\n<\/td>\n<td colspan=\"1\" rowspan=\"1\">\n<div class=\"magic-9\">\u226410<\/div>\n<\/td>\n<\/tr>\n<tr>\n<td colspan=\"1\" rowspan=\"1\">\n<div class=\"magic-9\">N\u01b0\u1edbc%<\/div>\n<\/td>\n<td colspan=\"1\" rowspan=\"1\">\n<div class=\"magic-10\">\u22641,5<\/div>\n<\/td>\n<td colspan=\"1\" rowspan=\"1\">\n<div class=\"magic-10\">\u22641,5<\/div>\n<\/td>\n<td colspan=\"1\" rowspan=\"1\">\n<div class=\"magic-10\">\u22642<\/div>\n<\/td>\n<td colspan=\"1\" rowspan=\"1\">\n<div class=\"magic-9\">\u22642<\/div>\n<\/td>\n<\/tr>\n<tr>\n<td colspan=\"1\" rowspan=\"1\">\n<div class=\"magic-9\">HBL<\/div>\n<\/td>\n<td colspan=\"1\" rowspan=\"1\">\n<div class=\"magic-10\">4.3<\/div>\n<\/td>\n<td colspan=\"1\" rowspan=\"1\">\n<div class=\"magic-10\">4.7<\/div>\n<\/td>\n<td colspan=\"1\" rowspan=\"1\">\n<div class=\"magic-10\">6.7<\/div>\n<\/td>\n<td colspan=\"1\" rowspan=\"1\">\n<div class=\"magic-9\">8.6<\/div>\n<\/td>\n<\/tr>\n<\/tbody>\n<\/table>\n<\/div>\n<\/div>\n<div class=\"J_module\">\n<div class=\"ife-detail-decorate-table\">\n<table class=\"all magic-8\">\n<tbody>\n<tr>\n<td colspan=\"1\" rowspan=\"1\">\n<div class=\"magic-9\">Th\u01b0\u01a1ng hi\u1ec7u<\/div>\n<\/td>\n<td colspan=\"1\" rowspan=\"1\">\n<div class=\"magic-11\">\u0110\u1eb7c \u0111i\u1ec3m v\u00e0 \u1ee9ng d\u1ee5ng<\/div>\n<\/td>\n<\/tr>\n<tr>\n<td colspan=\"1\" rowspan=\"1\">\n<div class=\"magic-9\">S-80<\/div>\n<\/td>\n<td colspan=\"1\" rowspan=\"1\">\n<div class=\"magic-11\">1. Kh\u00f3 tan trong n\u01b0\u1edbc, tan trong d\u1ea7u n\u00f3ng v\u00e0 dung m\u00f4i h\u1eefu c\u01a1, ch\u1ea5t nh\u0169 h\u00f3a \u01b0a b\u00e9o c\u1ea5p cao.<br \/>\n2. \u0110\u01b0\u1ee3c s\u1eed d\u1ee5ng l\u00e0m ch\u1ea5t n\u1ed5 nh\u0169 t\u01b0\u01a1ng W\/O, ch\u1ea5t chu\u1ea9n b\u1ecb d\u1ec7t may, ch\u1ea5t nh\u0169 h\u00f3a b\u00f9n gi\u1ebfng phun v\u00e0 s\u1ea3n xu\u1ea5t th\u1ef1c ph\u1ea9m v\u00e0<br \/>\nm\u1ef9 ph\u1ea9m, ch\u1ea5t ph\u00e2n t\u00e1n trong s\u01a1n h\u1ea1t, ch\u1ea5t \u1ed5n \u0111\u1ecbnh c\u1ee7a itani dioxit, thu\u1ed1c tr\u1eeb s\u00e2u, ch\u1ea5t l\u00e0m \u01b0\u1edbt v\u00e0 ch\u1ea5t nh\u0169 h\u00f3a trong thu\u1ed1c tr\u1eeb s\u00e2u,<br \/>\ndung m\u00f4i cho s\u1ea3n xu\u1ea5t d\u1ea7u, ch\u1ea5t ch\u1ed1ng g\u1ec9 cho d\u1ea7u b\u1eafn, ch\u1ea5t b\u00f4i tr\u01a1n v\u00e0 l\u00e0m m\u1ec1m v\u1ea3i v\u00e0 da.<\/div>\n<\/td>\n<\/tr>\n<tr>\n<td colspan=\"1\" rowspan=\"1\">\n<div class=\"magic-9\">S-60<\/div>\n<\/td>\n<td colspan=\"1\" rowspan=\"1\">\n<div class=\"magic-11\">1. Kh\u00f4ng tan trong n\u01b0\u1edbc, ph\u00e2n t\u00e1n trong n\u01b0\u1edbc n\u00f3ng.<br \/>\n2. \u0110\u01b0\u1ee3c s\u1eed d\u1ee5ng l\u00e0m ch\u1ea5t nh\u0169 h\u00f3a v\u00e0 ch\u1ea5t \u1ed5n \u0111\u1ecbnh trong th\u1ef1c ph\u1ea9m, thu\u1ed1c tr\u1eeb s\u00e2u, m\u1ef9 ph\u1ea9m, s\u01a1n h\u1ea1t v\u00e0 c\u00f4ng nghi\u1ec7p nh\u1ef1a, anlistatig, l\u00e0m m\u1ec1m v\u00e0 d\u1ea7u<br \/>\n\u0111\u1ea1i l\u00fd trong ng\u00e0nh d\u1ec7t may.<br \/>\n3. D\u00f9ng l\u00e0m ch\u1ea5t ch\u1ed1ng nh\u1ecf gi\u1ecdt cho m\u00e0ng PVC, EVA, PE, li\u1ec1u l\u01b0\u1ee3ng: 1,5-1,8% trong PVC, 0,7-1% trong EVA.<\/div>\n<\/td>\n<\/tr>\n<tr>\n<td colspan=\"1\" rowspan=\"1\">\n<div class=\"magic-9\">S40<\/div>\n<\/td>\n<td colspan=\"1\" rowspan=\"1\">\n<div class=\"magic-11\">1. H\u00f2a tan trong d\u1ea7u v\u00e0 dung m\u00f4i h\u1eefu c\u01a1, ph\u00e2n t\u00e1n trong n\u01b0\u1edbc.<br \/>\n2. \u0110\u01b0\u1ee3c s\u1eed d\u1ee5ng l\u00e0m ch\u1ea5t nh\u0169 h\u00f3a v\u00e0 ch\u1ea5t khu\u1ebfch t\u00e1n trong c\u00f4ng nghi\u1ec7p th\u1ef1c ph\u1ea9m v\u00e0 m\u1ef9 ph\u1ea9m, ch\u1ea5t nh\u0169 h\u00f3a v\u00e0 ch\u1ea5t \u1ed5n \u0111\u1ecbnh c\u1ee7a qu\u00e1 tr\u00ecnh tr\u00f9ng h\u1ee3p latex. Ch\u1ea5t ph\u00e2n t\u00e1n c\u1ee7a<br \/>\nd\u1ea7u in, ph\u1ee5 gia s\u01a1n h\u1ea1t ch\u1ed1ng th\u1ea5m n\u01b0\u1edbc cho v\u1ea3i v\u00e0 ch\u1ea5t nh\u0169 h\u00f3a ph\u00e2n t\u00e1n s\u1ea3n ph\u1ea9m d\u1ea7u.<br \/>\n3. \u0110\u01b0\u1ee3c s\u1eed d\u1ee5ng r\u1ed9ng r\u00e3i nh\u01b0 gi\u1ecdt ch\u1ed1ng s\u01b0\u01a1ng m\u00f9 polymer, li\u1ec1u l\u01b0\u1ee3ng: 1-1,7% trong PVC, 0,5-0,7% trong EVA.<\/div>\n<\/td>\n<\/tr>\n<tr>\n<td colspan=\"1\" rowspan=\"1\">\n<div class=\"magic-9\">S-20<\/div>\n<\/td>\n<td colspan=\"1\" rowspan=\"1\">\n<div class=\"magic-11\">1. H\u00f2a tan trong d\u1ea7u v\u00e0 dung m\u00f4i h\u1eefu c\u01a1, ph\u00e2n t\u00e1n trong n\u01b0\u1edbc th\u00e0nh ch\u1ea5t l\u1ecfng h\u01a1i \u0111\u1ee5c.<br \/>\n2. \u0110\u01b0\u1ee3c s\u1eed d\u1ee5ng l\u00e0m ch\u1ea5t nh\u0169 h\u00f3a W\/O, ch\u1ea5t \u1ed5n \u0111\u1ecbnh, ch\u1ea5t b\u00f4i tr\u01a1n, ch\u1ea5t d\u1ebbo h\u00f3a v\u00e0 ch\u1ea5t h\u00fat \u1ea9m trong s\u1ea3n xu\u1ea5t y t\u1ebf v\u00e0 m\u1ef9 ph\u1ea9m. Ch\u1ea5t l\u00e0m m\u1ec1m,<br \/>\nch\u1ea5t l\u00e0m s\u1ea1ch v\u00e0 ho\u00e0n thi\u1ec7n trong ng\u00e0nh d\u1ec7t may. C\u0169ng \u0111\u01b0\u1ee3c s\u1eed d\u1ee5ng l\u00e0m ch\u1ea5t b\u00f4i tr\u01a1n m\u00e1y.<\/div>\n<\/td>\n<\/tr>\n<\/tbody>\n<\/table>\n<\/div>\n<\/div>\n<p>&nbsp;<\/p>","protected":false},"excerpt":{"rendered":"<p>T\u00ean s\u1ea3n ph\u1ea9m: Span 80<br \/>\nS\u1ed1 CAS: 1338-43-8<br \/>\nMF: C24H44O6<br \/>\nNgo\u1ea1i h\u00ecnh: Ch\u1ea5t l\u1ecfng nh\u1edbt<\/p>","protected":false},"featured_media":3321,"template":"","meta":{"_acf_changed":false,"_gspb_post_css":""},"product_brand":[],"product_cat":[55,102],"product_tag":[],"class_list":{"0":"post-3649","1":"product","2":"type-product","3":"status-publish","4":"has-post-thumbnail","6":"product_cat-food-additives","7":"product_cat-emulsifiers","9":"first","10":"instock","11":"shipping-taxable","12":"product-type-simple"},"acf":[],"_links":{"self":[{"href":"https:\/\/wpachem.com\/vi\/wp-json\/wp\/v2\/product\/3649","targetHints":{"allow":["GET"]}}],"collection":[{"href":"https:\/\/wpachem.com\/vi\/wp-json\/wp\/v2\/product"}],"about":[{"href":"https:\/\/wpachem.com\/vi\/wp-json\/wp\/v2\/types\/product"}],"version-history":[{"count":0,"href":"https:\/\/wpachem.com\/vi\/wp-json\/wp\/v2\/product\/3649\/revisions"}],"wp:featuredmedia":[{"embeddable":true,"href":"https:\/\/wpachem.com\/vi\/wp-json\/wp\/v2\/media\/3321"}],"wp:attachment":[{"href":"https:\/\/wpachem.com\/vi\/wp-json\/wp\/v2\/media?parent=3649"}],"wp:term":[{"taxonomy":"product_brand","embeddable":true,"href":"https:\/\/wpachem.com\/vi\/wp-json\/wp\/v2\/product_brand?post=3649"},{"taxonomy":"product_cat","embeddable":true,"href":"https:\/\/wpachem.com\/vi\/wp-json\/wp\/v2\/product_cat?post=3649"},{"taxonomy":"product_tag","embeddable":true,"href":"https:\/\/wpachem.com\/vi\/wp-json\/wp\/v2\/product_tag?post=3649"}],"curies":[{"name":"wp","href":"https:\/\/api.w.org\/{rel}","templated":true}]}}