{"id":3652,"date":"2023-03-24T05:35:09","date_gmt":"2023-03-24T05:35:09","guid":{"rendered":"http:\/\/site2.easyceotech.com\/?post_type=product&#038;p=3652"},"modified":"2024-03-12T07:32:02","modified_gmt":"2024-03-12T07:32:02","slug":"tween-80","status":"publish","type":"product","link":"https:\/\/wpachem.com\/vi\/product\/tween-80\/","title":{"rendered":"Tu\u1ed5i 80"},"content":{"rendered":"<p style=\"font-style: inherit; font-weight: inherit;\">Th\u00e0nh ph\u1ea7n h\u00f3a h\u1ecdc:<br \/>\npolyethylene glycol m\u1ea5t n\u01b0\u1edbc glucitol este axit b\u00e9o<br \/>\nLo\u1ea1i: kh\u00f4ng ion<br \/>\nM\u1eabu: T-80, T-60, T-40, T-20<\/p>\n<p><b><strong>\u0110\u1eb7c \u0111i\u1ec3m v\u00e0 \u1ee9ng d\u1ee5ng:<\/strong><\/b><br \/>\n1. D\u1ec5 d\u00e0ng h\u00f2a tan trong m\u1ed9t s\u1ed1 dung m\u00f4i nh\u01b0 n\u01b0\u1edbc, carbinol, ethanol v\u00e0 isopropyl alcohol. Kh\u00f4ng h\u00f2a tan trong d\u1ea7u \u0111\u1ed9ng v\u1eadt v\u00e0 kho\u00e1ng ch\u1ea5t<br \/>\nd\u1ea7u, c\u00f3 t\u00ednh ch\u1ea5t h\u00f2a tan, nh\u0169 h\u00f3a, khu\u1ebfch t\u00e1n v\u00e0 \u1ed5n \u0111\u1ecbnh.<br \/>\n2. \u0110\u01b0\u1ee3c s\u1eed d\u1ee5ng l\u00e0m ch\u1ea5t nh\u0169 h\u00f3a, ch\u1ea5t h\u00f2a tan, ch\u1ea5t \u1ed5n \u0111\u1ecbnh, ch\u1ea5t khu\u1ebfch t\u00e1n v\u00e0 ch\u1ea5t b\u00f4i tr\u01a1n trong ng\u00e0nh th\u1ef1c ph\u1ea9m, m\u1ef9 ph\u1ea9m, y t\u1ebf, nh\u1ef1a v\u00e0 thu\u1ed1c tr\u1eeb s\u00e2u,<br \/>\nch\u1ea5t l\u00e0m m\u1ec1m v\u00e0 anlistatig trong ng\u00e0nh d\u1ec7t may, th\u00e0nh ph\u1ea7n c\u1ee7a ch\u1ea5t k\u00e9o s\u1ee3i polyacrylonitrile.<br \/>\n3. T-80 d\u00f9ng l\u00e0m ch\u1ea5t l\u00e0m \u01b0\u1edbt v\u00e0 ch\u1ea5t ph\u00e2n t\u00e1n trong s\u1ea3n xu\u1ea5t phim \u0111i\u1ec7n \u1ea3nh c\u00f3 v\u1eadt li\u1ec7u nh\u1ea1y c\u1ea3m. Nh\u0169 h\u00f3a d\u1ea7u silicon trong qu\u00e1 tr\u00ecnh in th\u1eed<br \/>\nc\u1ee7a h\u00e0ng d\u1ec7t may. \u0110\u01b0\u1ee3c s\u1eed d\u1ee5ng l\u00e0m ch\u1ea5t chu\u1ea9n b\u1ecb v\u00e0 ch\u1ea5t nh\u0169 h\u00f3a \u0111\u1ed9 h\u00f2a tan trong n\u01b0\u1edbc c\u1ee7a s\u1ee3i v\u1ea3i Chinlon v\u00e0 novamat, th\u01b0\u1eddng tr\u1ed9n v\u1edbi S-80.<span style=\"font-style: inherit; font-weight: inherit;\"><br \/>\n<\/span><\/p>\n<p><b><strong>Th\u00f4ng s\u1ed1 k\u1ef9 thu\u1eadt:<\/strong><\/b><\/p>\n<table style=\"font-style: inherit; font-weight: inherit;\">\n<tbody style=\"font-style: inherit; font-weight: inherit;\">\n<tr style=\"font-style: inherit; font-weight: inherit;\">\n<td style=\"font-style: inherit; font-weight: 400;\" colspan=\"1\" rowspan=\"1\">Th\u01b0\u01a1ng hi\u1ec7u<\/td>\n<td style=\"font-style: inherit; font-weight: 400;\" colspan=\"1\" rowspan=\"1\">T-80<\/td>\n<td style=\"font-style: inherit; font-weight: 400;\" colspan=\"1\" rowspan=\"1\">T-60<\/td>\n<td style=\"font-style: inherit; font-weight: 400;\" colspan=\"1\" rowspan=\"1\">T-40<\/td>\n<td style=\"font-style: inherit; font-weight: 400;\" colspan=\"1\" rowspan=\"1\">T-20<\/td>\n<\/tr>\n<tr style=\"font-style: inherit; font-weight: inherit;\">\n<td style=\"font-style: inherit; font-weight: 400;\" colspan=\"1\" rowspan=\"1\">V\u1ebb b\u1ec1 ngo\u00e0i<\/td>\n<td style=\"font-style: inherit; font-weight: 400;\" colspan=\"4\" rowspan=\"1\">Ch\u1ea5t l\u1ecfng ho\u1eb7c kem c\u00f3 m\u00e0u v\u00e0ng \u0111\u1ebfn v\u00e0ng nh\u1ea1t<\/td>\n<\/tr>\n<tr style=\"font-style: inherit; font-weight: inherit;\">\n<td style=\"font-style: inherit; font-weight: 400;\" colspan=\"1\" rowspan=\"1\">Gi\u00e1 tr\u1ecb hydroxit (mgKOH\/g)<\/td>\n<td style=\"font-style: inherit; font-weight: 400;\" colspan=\"1\" rowspan=\"1\">65-82<\/td>\n<td style=\"font-style: inherit; font-weight: 400;\" colspan=\"1\" rowspan=\"1\">80-105<\/td>\n<td style=\"font-style: inherit; font-weight: 400;\" colspan=\"1\" rowspan=\"1\">85-100<\/td>\n<td style=\"font-style: inherit; font-weight: 400;\" colspan=\"1\" rowspan=\"1\">90-110<\/td>\n<\/tr>\n<tr style=\"font-style: inherit; font-weight: inherit;\">\n<td style=\"font-style: inherit; font-weight: 400;\" colspan=\"1\" rowspan=\"1\">S\u1ed1 x\u00e0 ph\u00f2ng h\u00f3a (mgKOH\/g)<\/td>\n<td style=\"font-style: inherit; font-weight: 400;\" colspan=\"1\" rowspan=\"1\">43-55<\/td>\n<td style=\"font-style: inherit; font-weight: 400;\" colspan=\"1\" rowspan=\"1\">40-55<\/td>\n<td style=\"font-style: inherit; font-weight: 400;\" colspan=\"1\" rowspan=\"1\">40-55<\/td>\n<td style=\"font-style: inherit; font-weight: 400;\" colspan=\"1\" rowspan=\"1\">40-50<\/td>\n<\/tr>\n<tr style=\"font-style: inherit; font-weight: inherit;\">\n<td style=\"font-style: inherit; font-weight: 400;\" colspan=\"1\" rowspan=\"1\">Ch\u1ec9 s\u1ed1 axit (mgKOH\/g)<\/td>\n<td style=\"font-style: inherit; font-weight: 400;\" colspan=\"1\" rowspan=\"1\">\u2264 2 .0<\/td>\n<td style=\"font-style: inherit; font-weight: 400;\" colspan=\"1\" rowspan=\"1\">\u2264 2.0<\/td>\n<td style=\"font-style: inherit; font-weight: 400;\" colspan=\"1\" rowspan=\"1\">\u2264 2.0<\/td>\n<td style=\"font-style: inherit; font-weight: 400;\" colspan=\"1\" rowspan=\"1\">\u2264 2.0<\/td>\n<\/tr>\n<tr style=\"font-style: inherit; font-weight: inherit;\">\n<td style=\"font-style: inherit; font-weight: 400;\" colspan=\"1\" rowspan=\"1\">N\u01b0\u1edbc (%)<\/td>\n<td style=\"font-style: inherit; font-weight: 400;\" colspan=\"1\" rowspan=\"1\">\u2264 2.0<\/td>\n<td style=\"font-style: inherit; font-weight: 400;\" colspan=\"1\" rowspan=\"1\">\u2264 3<\/td>\n<td style=\"font-style: inherit; font-weight: 400;\" colspan=\"1\" rowspan=\"1\">\u2264 2,5<\/td>\n<td style=\"font-style: inherit; font-weight: 400;\" colspan=\"1\" rowspan=\"1\">\u2264 2,5<\/td>\n<\/tr>\n<tr style=\"font-style: inherit; font-weight: inherit;\">\n<td style=\"font-style: inherit; font-weight: 400;\" colspan=\"1\" rowspan=\"1\">HLB<\/td>\n<td style=\"font-style: inherit; font-weight: 400;\" colspan=\"1\" rowspan=\"1\">15<\/td>\n<td style=\"font-style: inherit; font-weight: 400;\" colspan=\"1\" rowspan=\"1\">14.5<\/td>\n<td style=\"font-style: inherit; font-weight: 400;\" colspan=\"1\" rowspan=\"1\">15.5<\/td>\n<td style=\"font-style: inherit; font-weight: 400;\" colspan=\"1\" rowspan=\"1\">16.5<\/td>\n<\/tr>\n<\/tbody>\n<\/table>\n<p>&nbsp;<\/p>","protected":false},"excerpt":{"rendered":"<p>T\u00ean s\u1ea3n ph\u1ea9m: Tween 80<br \/>\nS\u1ed1 CAS: 9005-65-6<br \/>\nMF: C24H44O6<br \/>\nNgo\u1ea1i quan: M\u1ee1 nh\u1edbt m\u00e0u h\u1ed5 ph\u00e1ch<\/p>","protected":false},"featured_media":3322,"template":"","meta":{"_acf_changed":false,"_gspb_post_css":""},"product_brand":[],"product_cat":[55,102],"product_tag":[],"class_list":{"0":"post-3652","1":"product","2":"type-product","3":"status-publish","4":"has-post-thumbnail","6":"product_cat-food-additives","7":"product_cat-emulsifiers","9":"first","10":"instock","11":"shipping-taxable","12":"product-type-simple"},"acf":[],"_links":{"self":[{"href":"https:\/\/wpachem.com\/vi\/wp-json\/wp\/v2\/product\/3652","targetHints":{"allow":["GET"]}}],"collection":[{"href":"https:\/\/wpachem.com\/vi\/wp-json\/wp\/v2\/product"}],"about":[{"href":"https:\/\/wpachem.com\/vi\/wp-json\/wp\/v2\/types\/product"}],"version-history":[{"count":0,"href":"https:\/\/wpachem.com\/vi\/wp-json\/wp\/v2\/product\/3652\/revisions"}],"wp:featuredmedia":[{"embeddable":true,"href":"https:\/\/wpachem.com\/vi\/wp-json\/wp\/v2\/media\/3322"}],"wp:attachment":[{"href":"https:\/\/wpachem.com\/vi\/wp-json\/wp\/v2\/media?parent=3652"}],"wp:term":[{"taxonomy":"product_brand","embeddable":true,"href":"https:\/\/wpachem.com\/vi\/wp-json\/wp\/v2\/product_brand?post=3652"},{"taxonomy":"product_cat","embeddable":true,"href":"https:\/\/wpachem.com\/vi\/wp-json\/wp\/v2\/product_cat?post=3652"},{"taxonomy":"product_tag","embeddable":true,"href":"https:\/\/wpachem.com\/vi\/wp-json\/wp\/v2\/product_tag?post=3652"}],"curies":[{"name":"wp","href":"https:\/\/api.w.org\/{rel}","templated":true}]}}