{"id":3655,"date":"2023-03-24T05:38:52","date_gmt":"2023-03-24T05:38:52","guid":{"rendered":"http:\/\/site2.easyceotech.com\/?post_type=product&#038;p=3655"},"modified":"2024-03-12T07:31:56","modified_gmt":"2024-03-12T07:31:56","slug":"creatine-monohydrate","status":"publish","type":"product","link":"https:\/\/wpachem.com\/vi\/product\/creatine-monohydrate\/","title":{"rendered":"Creatine monohydrat"},"content":{"rendered":"<p><strong><span data-spm-anchor-id=\"a2700.details.0.i24.756a2610Y6qyVH\">Creatine monohydrat<\/span><\/strong>\u00a0CAS\u00a0<strong>6020-87-7\u00a0<\/strong>trong c\u01a1 th\u1ec3 con ng\u01b0\u1eddi \u0111\u01b0\u1ee3c h\u00ecnh th\u00e0nh b\u1edfi c\u00e1c axit amin trong qu\u00e1 tr\u00ecnh h\u00f3a h\u1ecdc c\u1ee7a gan, sau \u0111\u00f3 \u0111\u01b0\u1ee3c \u0111\u01b0a t\u1eeb m\u00e1u \u0111\u1ebfn c\u00e1c t\u1ebf b\u00e0o c\u01a1 v\u00e0 chuy\u1ec3n \u0111\u1ed5i th\u00e0nh\u00a0<strong>Creatine monohydrat<\/strong>\u00a0CAS\u00a0<strong>6020-87-7<\/strong>\u00a0mu\u1ed1i trong t\u1ebf b\u00e0o c\u01a1. S\u1ef1 chuy\u1ec3n \u0111\u1ed9ng c\u1ee7a c\u01a1 b\u1eafp \u1edf ng\u01b0\u1eddi ph\u1ee5 thu\u1ed9c v\u00e0o s\u1ef1 ph\u00e2n h\u1ee7y adenosine triphosphate \u0111\u1ec3 cung c\u1ea5p n\u0103ng l\u01b0\u1ee3ng.<\/p>\n<p>&nbsp;<\/p>\n<p><strong>Creatine monohydrat<\/strong>\u00a0CAS\u00a0<strong>6020-87-7<\/strong>\u00a0c\u00f3 th\u1ec3 t\u1ef1 \u0111\u1ed9ng \u0111i\u1ec1u ch\u1ec9nh l\u01b0\u1ee3ng n\u01b0\u1edbc \u0111i v\u00e0o c\u01a1, l\u00e0m gi\u00e3n c\u01a1, t\u0103ng s\u1ee9c m\u1ea1nh b\u00f9ng n\u1ed5 c\u1ee7a c\u01a1. T\u1ed5ng h\u1ee3p\u00a0<strong>Creatine monohydrat<\/strong>\u00a0CAS\u00a0<strong>6020-87-7<\/strong>\u00a0c\u00f3 th\u1ec3 \u0111\u01b0\u1ee3c s\u1eed d\u1ee5ng nh\u01b0 m\u1ed9t ch\u1ea5t b\u1ed5 sung dinh d\u01b0\u1ee1ng \u0111\u1ec3 th\u00fac \u0111\u1ea9y c\u01a1 x\u01b0\u01a1ng th\u00edch nghi v\u1edbi b\u00e0i t\u1eadp th\u1ec3 d\u1ee5c g\u1eafng s\u1ee9c v\u00e0 ch\u1ed1ng m\u1ec7t m\u1ecfi \u1edf nh\u1eefng ng\u01b0\u1eddi y\u1ebfu.<\/p>\n<p>\u1ee8ng d\u1ee5ng<\/p>\n<p>&nbsp;<\/p>\n<p><strong><span data-spm-anchor-id=\"a2700.details.0.i25.756a2610Y6qyVH\">Creatine monohydrat<\/span><\/strong>\u00a0CAS\u00a0<strong>6020-87-7<\/strong>\u00a0c\u00f3 th\u1ec3 \u0111\u01b0\u1ee3c chuy\u1ec3n \u0111\u1ed5i th\u00e0nh creatine phosphate d\u01b0\u1edbi t\u00e1c \u0111\u1ed9ng c\u1ee7a creatine kinase, \u0111\u1ec3 t\u0103ng l\u01b0\u1ee3ng chuy\u1ec3n h\u00f3a n\u0103ng l\u01b0\u1ee3ng c\u1ee7a creatine phosphate. Nh\u1eefng thay \u0111\u1ed5i c\u1ee7a\u00a0<strong>Creatine monohydrat<\/strong>\u00a0CAS\u00a0<strong>6020-87-7<\/strong>\u00a0S\u1ef1 trao \u0111\u1ed5i ch\u1ea5t do creatine monohydrate g\u00e2y ra c\u00f3 th\u1ec3 l\u00e0m thay \u0111\u1ed5i s\u1ef1 t\u0103ng tr\u01b0\u1edfng, ph\u00e1t tri\u1ec3n ban \u0111\u1ea7u v\u00e0 ch\u1ea5t l\u01b0\u1ee3ng th\u1ecbt c\u1ee7a c\u01a1 th\u1ec3.<\/p>\n<p>&nbsp;<\/p>\n<p>M\u1eb7c d\u00f9 c\u00f3 \u00edt b\u00e1o c\u00e1o v\u1ec1 vi\u1ec7c \u00e1p d\u1ee5ng\u00a0<strong>Creatine monohydrat<\/strong>\u00a0CAS\u00a0<strong>6020-87-7<\/strong>\u00a0trong s\u1ea3n xu\u1ea5t gia s\u00fac v\u00e0 gia c\u1ea7m, v\u00e0 k\u1ebft qu\u1ea3 kh\u00e1 kh\u00e1c bi\u1ec7t, n\u00f3 cung c\u1ea5p m\u1ed9t ph\u01b0\u01a1ng ph\u00e1p m\u1edbi v\u00e0 hi\u1ec7u qu\u1ea3 \u0111\u1ec3 c\u1ea3i thi\u1ec7n ch\u1ea5t l\u01b0\u1ee3ng th\u1ecbt gia s\u00fac v\u00e0 gia c\u1ea7m v\u00e0 cho th\u1ea5y ti\u1ec1m n\u0103ng \u1ee9ng d\u1ee5ng l\u1edbn.<\/p>\n<p>&nbsp;<\/p>\n<p><strong>Creatine monohydrat<\/strong>\u00a0CAS\u00a0<strong>6020-87-7<\/strong>\u00a0\u0111\u01b0\u1ee3c s\u1eed d\u1ee5ng r\u1ed9ng r\u00e3i trong th\u1ef1c ph\u1ea9m, \u0111\u1ed3 u\u1ed1ng, ph\u1ee5 gia, v.v. N\u00f3 c\u00f3 th\u1ec3 \u1ee9c ch\u1ebf s\u1ef1 ph\u00e1t sinh c\u00e1c y\u1ebfu t\u1ed1 g\u00e2y m\u1ecfi c\u01a1, gi\u1ea3m m\u1ec7t m\u1ecfi v\u00e0 c\u0103ng th\u1eb3ng.\u00a0<strong>Creatine monohydrat<\/strong>\u00a0CAS\u00a0<strong>6020-87-7\u00a0<\/strong>c\u00f3 th\u1ec3 ph\u1ee5c h\u1ed3i th\u1ec3 l\u1ef1c, t\u0103ng t\u1ed1c qu\u00e1 tr\u00ecnh t\u1ed5ng h\u1ee3p protein \u1edf ng\u01b0\u1eddi, gi\u00fap c\u01a1 b\u1eafp kh\u1ecfe h\u01a1n, t\u0103ng c\u01b0\u1eddng \u0111\u1ed9 \u0111\u00e0n h\u1ed3i c\u1ee7a c\u01a1, gi\u1ea3m cholesterol, lipid m\u00e1u v\u00e0 \u0111\u01b0\u1eddng huy\u1ebft, l\u00e0m ch\u1eadm qu\u00e1 tr\u00ecnh l\u00e3o h\u00f3a.<\/p>","protected":false},"excerpt":{"rendered":"<p>T\u00ean s\u1ea3n ph\u1ea9m: Creatine monohydrate<br \/>\nS\u1ed1 CAS: 6020-87-7<br \/>\nMF:C4H11N3O3<br \/>\nNgo\u1ea1i h\u00ecnh: s\u1ee9c m\u1ea1nh m\u00e0u tr\u1eafng<\/p>","protected":false},"featured_media":0,"template":"","meta":{"_acf_changed":false,"_gspb_post_css":""},"product_brand":[],"product_cat":[55,103],"product_tag":[],"class_list":{"0":"post-3655","1":"product","2":"type-product","3":"status-publish","5":"product_cat-food-additives","6":"product_cat-nutrition-enhancer","8":"first","9":"outofstock","10":"shipping-taxable","11":"product-type-simple"},"acf":[],"_links":{"self":[{"href":"https:\/\/wpachem.com\/vi\/wp-json\/wp\/v2\/product\/3655","targetHints":{"allow":["GET"]}}],"collection":[{"href":"https:\/\/wpachem.com\/vi\/wp-json\/wp\/v2\/product"}],"about":[{"href":"https:\/\/wpachem.com\/vi\/wp-json\/wp\/v2\/types\/product"}],"version-history":[{"count":0,"href":"https:\/\/wpachem.com\/vi\/wp-json\/wp\/v2\/product\/3655\/revisions"}],"wp:attachment":[{"href":"https:\/\/wpachem.com\/vi\/wp-json\/wp\/v2\/media?parent=3655"}],"wp:term":[{"taxonomy":"product_brand","embeddable":true,"href":"https:\/\/wpachem.com\/vi\/wp-json\/wp\/v2\/product_brand?post=3655"},{"taxonomy":"product_cat","embeddable":true,"href":"https:\/\/wpachem.com\/vi\/wp-json\/wp\/v2\/product_cat?post=3655"},{"taxonomy":"product_tag","embeddable":true,"href":"https:\/\/wpachem.com\/vi\/wp-json\/wp\/v2\/product_tag?post=3655"}],"curies":[{"name":"wp","href":"https:\/\/api.w.org\/{rel}","templated":true}]}}