{"id":3658,"date":"2023-03-24T05:40:58","date_gmt":"2023-03-24T05:40:58","guid":{"rendered":"http:\/\/site2.easyceotech.com\/?post_type=product&#038;p=3658"},"modified":"2024-03-12T07:31:52","modified_gmt":"2024-03-12T07:31:52","slug":"taurine","status":"publish","type":"product","link":"https:\/\/wpachem.com\/vi\/product\/taurine\/","title":{"rendered":"Taurine"},"content":{"rendered":"<p><strong data-spm-anchor-id=\"a2700.details.0.i24.21d33cbcIEJbfS\">TaurineChi ti\u1ebft nhanh<\/strong><\/p>\n<p>T\u00ean h\u00f3a h\u1ecdc: Taurine<\/p>\n<p>S\u1ed1 CAS: 107-35-7<\/p>\n<p>C\u00f4ng th\u1ee9c ph\u00e2n t\u1eed: C2H7NO3S<\/p>\n<p>Kh\u1ed1i l\u01b0\u1ee3ng ph\u00e2n t\u1eed: 125,15<\/p>\n<p>Ngo\u1ea1i quan: B\u1ed9t tinh th\u1ec3 m\u00e0u tr\u1eafng<\/p>\n<p>X\u00e9t nghi\u1ec7m: 99%<\/p>\n<p><strong>T\u00ednh ch\u1ea5t \u0111\u1eb7c tr\u01b0ng c\u1ee7a Taurine<\/strong><\/p>\n<table>\n<tbody>\n<tr>\n<td>M\u1ee5c<\/td>\n<td>Ti\u00eau chu\u1ea9n JP16<\/td>\n<td>Ti\u00eau chu\u1ea9n USP38<\/td>\n<\/tr>\n<tr>\n<td>\u0110\u1eb7c tr\u01b0ng<\/td>\n<td colspan=\"2\">B\u1ed9t tinh th\u1ec3 m\u00e0u tr\u1eafng, kh\u00f4ng m\u00f9i<\/td>\n<\/tr>\n<tr>\n<td>Nh\u1eadn d\u1ea1ng<\/td>\n<td>T\u00edch c\u1ef1c<\/td>\n<td>T\u00edch c\u1ef1c<\/td>\n<\/tr>\n<tr>\n<td>\u0110\u1ed9 trong v\u00e0 m\u00e0u c\u1ee7a dung d\u1ecbch<\/td>\n<td>Trong su\u1ed1t v\u00e0 kh\u00f4ng m\u00e0u<\/td>\n<td>\u2014\u2014\u2014-<\/td>\n<\/tr>\n<tr>\n<td>Clorua<\/td>\n<td>0,011% t\u1ed1i \u0111a<\/td>\n<td>0,05% t\u1ed1i \u0111a<\/td>\n<\/tr>\n<tr>\n<td>Sunfat<\/td>\n<td>0,010% t\u1ed1i \u0111a<\/td>\n<td>0,03%t\u1ed1i \u0111a<\/td>\n<\/tr>\n<tr>\n<td>Amoni<\/td>\n<td>0,02% t\u1ed1i \u0111a<\/td>\n<td>\u2014\u2014\u2014\u2013<\/td>\n<\/tr>\n<tr>\n<td>Kim lo\u1ea1i n\u1eb7ng<\/td>\n<td>T\u1ed1i \u0111a 10 ppm<\/td>\n<td>T\u1ed1i \u0111a 15ppm<\/td>\n<\/tr>\n<tr>\n<td>S\u1eaft<\/td>\n<td>T\u1ed1i \u0111a 10ppm<\/td>\n<td>T\u1ed1i \u0111a 30ppm<\/td>\n<\/tr>\n<tr>\n<td>PH<\/td>\n<td>4.1~5.6<\/td>\n<td>\u2014\u2014\u2014-<\/td>\n<\/tr>\n<tr>\n<td>C\u00e1c ch\u1ea5t li\u00ean quan<\/td>\n<td>\u0110\u00e1p \u1ee9ng y\u00eau c\u1ea7u<\/td>\n<td>\u2014\u2014\u2014-<\/td>\n<\/tr>\n<tr>\n<td>M\u1ea5t m\u00e1t khi s\u1ea5y kh\u00f4<\/td>\n<td>0,20%(105\u2103, 2 gi\u1edd) t\u1ed1i \u0111a<\/td>\n<td>0,3%(105\u2103, 3 gi\u1edd) t\u1ed1i \u0111a<\/td>\n<\/tr>\n<tr>\n<td>C\u1eb7n b\u00e1m tr\u00ean l\u1eeda<\/td>\n<td>0,1% t\u1ed1i \u0111a<\/td>\n<td>0,3%t\u1ed1i \u0111a<\/td>\n<\/tr>\n<tr>\n<td>Th\u1eed nghi\u1ec7m (kh\u00f4)<\/td>\n<td>99.0%~101.0%<\/td>\n<td>98.5%~101.5%<\/td>\n<\/tr>\n<tr>\n<td>T\u1ed5ng s\u1ed1 \u0111\u0129a<\/td>\n<td>NMT 100\/g<\/td>\n<td>NMT 1000\/g<\/td>\n<\/tr>\n<tr>\n<td>Khu\u00f4n<\/td>\n<td>NMT 50\/g<\/td>\n<td>NMT 50\/g<\/td>\n<\/tr>\n<tr>\n<td>Men<\/td>\n<td>NMT 50\/g<\/td>\n<td>NMT 50\/g<\/td>\n<\/tr>\n<tr>\n<td>vi khu\u1ea9n Salmonella<\/td>\n<td>\u00c2m t\u00ednh\/385g<\/td>\n<td>\u00c2m t\u00ednh\/385g<\/td>\n<\/tr>\n<tr>\n<td>T\u1ee5 c\u1ea7u v\u00e0ng<\/td>\n<td>\u00c2m t\u00ednh\/25g<\/td>\n<td>T\u1ecbnh\/25g<\/td>\n<\/tr>\n<tr>\n<td>H\u1ee3p ch\u1ea5t li\u00ean quan<\/td>\n<td>\u0110\u00e1p \u1ee9ng y\u00eau c\u1ea7u<\/td>\n<td>0,5% t\u1ed1i \u0111a<\/td>\n<\/tr>\n<tr>\n<td>Dung m\u00f4i c\u00f2n l\u1ea1i<\/td>\n<td>\u2014\u2014\u2014\u2013<\/td>\n<td>Meer theo y\u00eau c\u1ea7u<\/td>\n<\/tr>\n<\/tbody>\n<\/table>\n<p><strong>\u1ee8ng d\u1ee5ng Taurine<\/strong><\/p>\n<p>1. B\u1ed5 sung taurine<\/p>\n<p>M\u1eb7c d\u00f9 taurine kh\u00f4ng ph\u1ea3i l\u00e0 m\u1ed9t lo\u1ea1i axit amin c\u1ea5u th\u00e0nh n\u00ean protein, nh\u01b0ng n\u00f3 \u0111\u01b0\u1ee3c ph\u00e2n ph\u1ed1i r\u1ed9ng r\u00e3i v\u00e0 l\u00e0 m\u1ed9t lo\u1ea1i axit amin thi\u1ebft y\u1ebfu cho s\u1ef1 ph\u00e1t tri\u1ec3n c\u1ee7a con ng\u01b0\u1eddi. N\u00f3 \u0111\u00f3ng vai tr\u00f2 quan tr\u1ecdng trong vi\u1ec7c th\u00fac \u0111\u1ea9y s\u1ef1 ph\u00e1t tri\u1ec3n c\u1ee7a c\u00e1c c\u01a1 quan quan tr\u1ecdng nh\u01b0 n\u00e3o c\u1ee7a tr\u1ebb em, \u0111\u1eb7c bi\u1ec7t l\u00e0 tr\u1ebb s\u01a1 sinh v\u00e0 tr\u1ebb nh\u1ecf.<\/p>\n<p>N\u00f3 \u0111\u01b0\u1ee3c s\u1eed d\u1ee5ng nh\u01b0 m\u1ed9t ch\u1ea5t t\u0103ng c\u01b0\u1eddng dinh d\u01b0\u1ee1ng (\u0111\u1eb7c bi\u1ec7t cho tr\u1ebb s\u01a1 sinh kh\u00f4ng b\u00fa s\u1eefa m\u1eb9).<\/p>\n<p>2. Taurine trong \u0111\u1ed3 u\u1ed1ng t\u0103ng l\u1ef1c<\/p>\n<p>\u0110\u00e2y l\u00e0 ch\u1ea5t ph\u1ee5 gia n\u0103ng l\u01b0\u1ee3ng quan tr\u1ecdng cho th\u1ef1c ph\u1ea9m dinh d\u01b0\u1ee1ng th\u1ec3 thao.<\/p>\n<p>3.Taurine trong y h\u1ecdc<\/p>\n<p>N\u00f3 \u0111\u01b0\u1ee3c d\u00f9ng \u0111\u1ec3 \u0111i\u1ec1u tr\u1ecb c\u00e1c b\u1ec7nh nh\u01b0 c\u1ea3m l\u1ea1nh, s\u1ed1t, \u0111au d\u00e2y th\u1ea7n kinh, vi\u00eam amidan, vi\u00eam ph\u1ebf qu\u1ea3n, vi\u00eam kh\u1edbp d\u1ea1ng th\u1ea5p v\u00e0 ng\u1ed9 \u0111\u1ed9c thu\u1ed1c.<\/p>\n<p>4. Taurine trong c\u00e1c ng\u00e0nh c\u00f4ng nghi\u1ec7p kh\u00e1c<\/p>\n<p>N\u00f3 \u0111\u01b0\u1ee3c s\u1eed d\u1ee5ng trong ng\u00e0nh c\u00f4ng nghi\u1ec7p ch\u1ea5t t\u1ea9y r\u1eeda v\u00e0 trong s\u1ea3n xu\u1ea5t ch\u1ea5t l\u00e0m tr\u1eafng hu\u1ef3nh quang. N\u00f3 c\u0169ng \u0111\u01b0\u1ee3c s\u1eed d\u1ee5ng trong c\u00e1c ch\u1ea5t t\u1ed5ng h\u1ee3p h\u1eefu c\u01a1 v\u00e0 thu\u1ed1c th\u1eed sinh h\u00f3a kh\u00e1c.<\/p>\n<p>5. T\u00e1c d\u1ee5ng c\u1ee7a Taurine<\/p>\n<p>N\u00f3 l\u00e0 m\u1ed9t ch\u1ea5t ch\u1ee7 v\u1eadn n\u1ed9i sinh kh\u00f4ng ch\u1ecdn l\u1ecdc c\u1ee7a th\u1ee5 th\u1ec3 glycine. N\u00f3 l\u00e0 m\u1ed9t axit amin sulfonat thi\u1ebft y\u1ebfu \u0111i\u1ec1u ch\u1ec9nh qu\u00e1 tr\u00ecnh apoptosis \u1edf m\u1ed9t s\u1ed1 t\u1ebf b\u00e0o v\u00e0 tham gia v\u00e0o nhi\u1ec1u ho\u1ea1t \u0111\u1ed9ng trao \u0111\u1ed5i ch\u1ea5t trong c\u01a1 th\u1ec3. N\u00f3 l\u00e0 ch\u1ea5t chuy\u1ec3n h\u00f3a c\u1ee7a methionine v\u00e0 cysteine.<\/p>","protected":false},"excerpt":{"rendered":"<p>T\u00ean s\u1ea3n ph\u1ea9m: Taurine<br \/>\nS\u1ed1 CAS: 107-35-7<br \/>\nMF:C2H7NO3S<br \/>\nNgo\u1ea1i h\u00ecnh: s\u1ee9c m\u1ea1nh m\u00e0u tr\u1eafng<\/p>","protected":false},"featured_media":2172,"template":"","meta":{"_acf_changed":false,"_gspb_post_css":""},"product_brand":[],"product_cat":[55,102],"product_tag":[],"class_list":{"0":"post-3658","1":"product","2":"type-product","3":"status-publish","4":"has-post-thumbnail","6":"product_cat-food-additives","7":"product_cat-emulsifiers","9":"first","10":"instock","11":"shipping-taxable","12":"product-type-simple"},"acf":[],"_links":{"self":[{"href":"https:\/\/wpachem.com\/vi\/wp-json\/wp\/v2\/product\/3658","targetHints":{"allow":["GET"]}}],"collection":[{"href":"https:\/\/wpachem.com\/vi\/wp-json\/wp\/v2\/product"}],"about":[{"href":"https:\/\/wpachem.com\/vi\/wp-json\/wp\/v2\/types\/product"}],"version-history":[{"count":0,"href":"https:\/\/wpachem.com\/vi\/wp-json\/wp\/v2\/product\/3658\/revisions"}],"wp:featuredmedia":[{"embeddable":true,"href":"https:\/\/wpachem.com\/vi\/wp-json\/wp\/v2\/media\/2172"}],"wp:attachment":[{"href":"https:\/\/wpachem.com\/vi\/wp-json\/wp\/v2\/media?parent=3658"}],"wp:term":[{"taxonomy":"product_brand","embeddable":true,"href":"https:\/\/wpachem.com\/vi\/wp-json\/wp\/v2\/product_brand?post=3658"},{"taxonomy":"product_cat","embeddable":true,"href":"https:\/\/wpachem.com\/vi\/wp-json\/wp\/v2\/product_cat?post=3658"},{"taxonomy":"product_tag","embeddable":true,"href":"https:\/\/wpachem.com\/vi\/wp-json\/wp\/v2\/product_tag?post=3658"}],"curies":[{"name":"wp","href":"https:\/\/api.w.org\/{rel}","templated":true}]}}