{"id":3661,"date":"2023-03-24T05:43:01","date_gmt":"2023-03-24T05:43:01","guid":{"rendered":"http:\/\/site2.easyceotech.com\/?post_type=product&#038;p=3661"},"modified":"2024-03-12T07:31:44","modified_gmt":"2024-03-12T07:31:44","slug":"glycine","status":"publish","type":"product","link":"https:\/\/wpachem.com\/vi\/product\/glycine\/","title":{"rendered":"Glycin"},"content":{"rendered":"<p><strong data-spm-anchor-id=\"a2700.details.0.i23.4ac626ae2GLFZ9\">GlycineCAS 56-40-6Chi ti\u1ebft nhanh<\/strong><\/p>\n<p>T\u00ean h\u00f3a h\u1ecdc: Glycine<\/p>\n<p>S\u1ed1 CAS: 56-40-6<\/p>\n<p>C\u00f4ng th\u1ee9c ph\u00e2n t\u1eed: C2H5NO2<\/p>\n<p>Kh\u1ed1i l\u01b0\u1ee3ng ph\u00e2n t\u1eed: 75.07<\/p>\n<p>C\u1ea5u tr\u00fac h\u00f3a h\u1ecdc:<\/p>\n<p>Ngo\u1ea1i quan: B\u1ed9t tinh th\u1ec3 m\u00e0u tr\u1eafng<\/p>\n<p>Th\u1eed nghi\u1ec7m: 98,5 -101,5%<\/p>\n<p><strong>GlycineCAS 56-40-6T\u00ednh ch\u1ea5t \u0111i\u1ec3n h\u00ecnh<\/strong><\/p>\n<table cellspacing=\"1\" bgcolor=\"#CCCCCC\">\n<tbody>\n<tr>\n<td align=\"center\" bgcolor=\"#FFFFFF\">C\u1ea5p<\/td>\n<td align=\"center\" bgcolor=\"#FFFFFF\">C\u1ea5p \u0111\u1ed9 y t\u1ebf<\/td>\n<td align=\"center\" bgcolor=\"#FFFFFF\">C\u1ea5p th\u1ee9c \u0103n<\/td>\n<td align=\"center\" bgcolor=\"#FFFFFF\">Khu c\u00f4ng nghi\u1ec7p<\/td>\n<\/tr>\n<tr>\n<td align=\"center\" bgcolor=\"#FFFFFF\">Ti\u00eau chu\u1ea9n<\/td>\n<td align=\"center\" bgcolor=\"#FFFFFF\">USP-34<\/td>\n<td align=\"center\" bgcolor=\"#FFFFFF\">GB25542-2010<\/td>\n<td align=\"center\" bgcolor=\"#FFFFFF\">Ti\u00eau chu\u1ea9n Yotech<\/td>\n<\/tr>\n<tr>\n<td bgcolor=\"#FFFFFF\">X\u00e9t nghi\u1ec7m %<\/td>\n<td bgcolor=\"#FFFFFF\">98.5-101.5<\/td>\n<td bgcolor=\"#FFFFFF\">\u226599,0<\/td>\n<td bgcolor=\"#FFFFFF\">\u226598,5<\/td>\n<\/tr>\n<tr>\n<td bgcolor=\"#FFFFFF\">T\u1ed5n th\u1ea5t khi s\u1ea5y %<\/td>\n<td bgcolor=\"#FFFFFF\">\u22640,2<\/td>\n<td bgcolor=\"#FFFFFF\">\u22640,2<\/td>\n<td bgcolor=\"#FFFFFF\">\u22640,5<\/td>\n<\/tr>\n<tr>\n<td bgcolor=\"#FFFFFF\">Kim lo\u1ea1i n\u1eb7ng %<\/td>\n<td bgcolor=\"#FFFFFF\">\u22640,002<\/td>\n<td bgcolor=\"#FFFFFF\">\u22640,002<\/td>\n<td bgcolor=\"#FFFFFF\">\u22640,003<\/td>\n<\/tr>\n<tr>\n<td bgcolor=\"#FFFFFF\">Clorua(Cl) %<\/td>\n<td bgcolor=\"#FFFFFF\">\u22640,007<\/td>\n<td bgcolor=\"#FFFFFF\">\u22640,4<\/td>\n<td bgcolor=\"#FFFFFF\">\u22640,5<\/td>\n<\/tr>\n<tr>\n<td bgcolor=\"#FFFFFF\">C\u1eb7n ch\u00e1y %<\/td>\n<td bgcolor=\"#FFFFFF\">\u22640,1<\/td>\n<td bgcolor=\"#FFFFFF\">\u22640,1<\/td>\n<td bgcolor=\"#FFFFFF\">\u22640,1<\/td>\n<\/tr>\n<tr>\n<td bgcolor=\"#FFFFFF\">Sunfat(SO42-) %<\/td>\n<td bgcolor=\"#FFFFFF\">\u22640,0065<\/td>\n<td bgcolor=\"#FFFFFF\">\u22640,007<\/td>\n<td bgcolor=\"#FFFFFF\">\u22640,01<\/td>\n<\/tr>\n<tr>\n<td bgcolor=\"#FFFFFF\">S\u1eaft(Fe) %<\/td>\n<td bgcolor=\"#FFFFFF\">\u22640,001<\/td>\n<td bgcolor=\"#FFFFFF\">\u22640,003<\/td>\n<td bgcolor=\"#FFFFFF\">\u22640,003<\/td>\n<\/tr>\n<tr>\n<td bgcolor=\"#FFFFFF\">Mu\u1ed1i amoni(NH4) %<\/td>\n<td bgcolor=\"#FFFFFF\">\u22640,01<\/td>\n<td bgcolor=\"#FFFFFF\">\u22640,02<\/td>\n<td bgcolor=\"#FFFFFF\">\u22640,02<\/td>\n<\/tr>\n<tr>\n<td bgcolor=\"#FFFFFF\">Asen(As) %<\/td>\n<td bgcolor=\"#FFFFFF\">\u22640,0001<\/td>\n<td bgcolor=\"#FFFFFF\">\u22640,0003<\/td>\n<td bgcolor=\"#FFFFFF\">\u22640,0005<\/td>\n<\/tr>\n<tr>\n<td bgcolor=\"#FFFFFF\">Ch\u00ec(Pb) %<\/td>\n<td bgcolor=\"#FFFFFF\">\u22640,0001<\/td>\n<td bgcolor=\"#FFFFFF\">\u22640,0005<\/td>\n<td bgcolor=\"#FFFFFF\">\u22640,0005<\/td>\n<\/tr>\n<tr>\n<td bgcolor=\"#FFFFFF\">PH(5%) %<\/td>\n<td bgcolor=\"#FFFFFF\">\u22645,5-7,0<\/td>\n<td bgcolor=\"#FFFFFF\">\u22645,5-7,0<\/td>\n<td bgcolor=\"#FFFFFF\">\u22645,5-7,0<\/td>\n<\/tr>\n<\/tbody>\n<\/table>\n<p><strong>GlycineCAS 56-40-6S\u1eed d\u1ee5ng<\/strong><\/p>\n<p>1. S\u1ea3n ph\u1ea9m n\u00e0y \u0111\u01b0\u1ee3c s\u1eed d\u1ee5ng l\u00e0m th\u1ee9c \u0103n b\u1ed5 sung dinh d\u01b0\u1ee1ng cho g\u00e0.<\/p>\n<p>2. Glycine etyl este hydrochloride \u0111\u01b0\u1ee3c s\u1eed d\u1ee5ng trong qu\u00e1 tr\u00ecnh t\u1ed5ng h\u1ee3p thu\u1ed1c tr\u1eeb s\u00e2u pyrethroid trong s\u1ea3n xu\u1ea5t thu\u1ed1c tr\u1eeb s\u00e2u, c\u0169ng c\u00f3 th\u1ec3 t\u1ed5ng h\u1ee3p thu\u1ed1c di\u1ec7t n\u1ea5m, iprodione v\u00e0 thu\u1ed1c di\u1ec7t c\u1ecf r\u1eafn glyphosate.<\/p>\n<p><strong>Bao b\u00ec GlycineCAS 56-40-6<\/strong><\/p>\n<p>25kg\/th\u00f9ng ho\u1eb7c theo y\u00eau c\u1ea7u c\u1ee7a kh\u00e1ch h\u00e0ng.<\/p>","protected":false},"excerpt":{"rendered":"<p>T\u00ean s\u1ea3n ph\u1ea9m: Glycine<br \/>\nS\u1ed1 CAS: 56-40-6<br \/>\nCh\u1ea5t trung gian: C2H5NO2<br \/>\nNgo\u1ea1i h\u00ecnh: s\u1ee9c m\u1ea1nh m\u00e0u tr\u1eafng<\/p>","protected":false},"featured_media":2157,"template":"","meta":{"_acf_changed":false,"_gspb_post_css":""},"product_brand":[],"product_cat":[55,102],"product_tag":[],"class_list":{"0":"post-3661","1":"product","2":"type-product","3":"status-publish","4":"has-post-thumbnail","6":"product_cat-food-additives","7":"product_cat-emulsifiers","9":"first","10":"instock","11":"shipping-taxable","12":"product-type-simple"},"acf":[],"_links":{"self":[{"href":"https:\/\/wpachem.com\/vi\/wp-json\/wp\/v2\/product\/3661","targetHints":{"allow":["GET"]}}],"collection":[{"href":"https:\/\/wpachem.com\/vi\/wp-json\/wp\/v2\/product"}],"about":[{"href":"https:\/\/wpachem.com\/vi\/wp-json\/wp\/v2\/types\/product"}],"version-history":[{"count":0,"href":"https:\/\/wpachem.com\/vi\/wp-json\/wp\/v2\/product\/3661\/revisions"}],"wp:featuredmedia":[{"embeddable":true,"href":"https:\/\/wpachem.com\/vi\/wp-json\/wp\/v2\/media\/2157"}],"wp:attachment":[{"href":"https:\/\/wpachem.com\/vi\/wp-json\/wp\/v2\/media?parent=3661"}],"wp:term":[{"taxonomy":"product_brand","embeddable":true,"href":"https:\/\/wpachem.com\/vi\/wp-json\/wp\/v2\/product_brand?post=3661"},{"taxonomy":"product_cat","embeddable":true,"href":"https:\/\/wpachem.com\/vi\/wp-json\/wp\/v2\/product_cat?post=3661"},{"taxonomy":"product_tag","embeddable":true,"href":"https:\/\/wpachem.com\/vi\/wp-json\/wp\/v2\/product_tag?post=3661"}],"curies":[{"name":"wp","href":"https:\/\/api.w.org\/{rel}","templated":true}]}}