{"id":3664,"date":"2023-03-24T05:45:58","date_gmt":"2023-03-24T05:45:58","guid":{"rendered":"http:\/\/site2.easyceotech.com\/?post_type=product&#038;p=3664"},"modified":"2024-03-12T07:31:37","modified_gmt":"2024-03-12T07:31:37","slug":"bcaa","status":"publish","type":"product","link":"https:\/\/wpachem.com\/vi\/product\/bcaa\/","title":{"rendered":"BCAA"},"content":{"rendered":"<div class=\"J_module\">\n<div class=\"detail-decorate-json-renderer-container\">\n<div class=\"magic-1\">\n<h3 class=\"magic-2\"><span class=\"magic-3\" style=\"font-family: Arial;\" data-spm-anchor-id=\"a2700.details.0.i23.3a68ff65jV8E3D\">Th\u00f4ng tin c\u01a1 b\u1ea3n<\/span><\/h3>\n<div class=\"magic-4\">\n<div class=\"magic-5\">\n<div class=\"magic-6\"><span style=\"font-family: Arial;\">B\u1ed9t BCAA h\u00f2a tan (4:1:1) l\u00e0 h\u1ed7n h\u1ee3p c\u1ee7a BA lo\u1ea1i axit amin chu\u1ed7i nh\u00e1nh \u0111\u01b0\u1ee3c b\u00e0o ch\u1ebf theo t\u1ef7 l\u1ec7 2:1:1 c\u1ee7a L-leucine:L-isoleucine:L-valine th\u00f4ng qua quy tr\u00ecnh vi nang \u0111\u01b0\u1ee3c c\u1ea5p b\u1eb1ng s\u00e1ng ch\u1ebf, v\u1edbi lecithin \u0111\u1eadu n\u00e0nh.<\/span><\/div>\n<\/div>\n<\/div>\n<\/div>\n<\/div>\n<\/div>\n<div class=\"J_module\">\n<div class=\"ife-detail-decorate-table\">\n<table class=\"has-title all magic-7\">\n<tbody>\n<tr>\n<td colspan=\"2\" rowspan=\"1\">\n<div class=\"magic-8\">\n<div class=\"magic-9\" data-spm-anchor-id=\"0.0.0.i11.37bc4f05Gm8SYj\"><b data-spm-anchor-id=\"0.0.0.i9.37bc4f05z3JZBw\"><span class=\"magic-10\">\u0110\u1eb7c \u0111i\u1ec3m k\u1ef9 thu\u1eadt<\/span><\/b><\/div>\n<\/div>\n<\/td>\n<\/tr>\n<tr>\n<td colspan=\"1\" rowspan=\"1\">\n<div class=\"magic-14\"><b>m\u1ee5c<\/b><\/div>\n<\/td>\n<td colspan=\"1\" rowspan=\"1\">\n<div class=\"magic-15\"><b>gi\u00e1 tr\u1ecb<\/b><\/div>\n<\/td>\n<\/tr>\n<tr>\n<td colspan=\"1\" rowspan=\"1\">\n<div class=\"magic-14\">Ch\u1ee9c n\u0103ng<\/div>\n<\/td>\n<td colspan=\"1\" rowspan=\"1\">\n<div class=\"magic-15\">Cung c\u1ea5p n\u0103ng l\u01b0\u1ee3ng<\/div>\n<\/td>\n<\/tr>\n<tr>\n<td colspan=\"1\" rowspan=\"1\">\n<div class=\"magic-14\">Ki\u1ec3u<\/div>\n<\/td>\n<td colspan=\"1\" rowspan=\"1\">\n<div class=\"magic-15\">Th\u1ef1c ph\u1ea9m b\u1ed5 sung th\u1ec3 thao<\/div>\n<\/td>\n<\/tr>\n<tr>\n<td colspan=\"1\" rowspan=\"1\">\n<div class=\"magic-14\">N\u01a1i xu\u1ea5t x\u1ee9<\/div>\n<\/td>\n<td colspan=\"1\" rowspan=\"1\">\n<div class=\"magic-15\">\u1ea4n \u0110\u1ed9<\/div>\n<\/td>\n<\/tr>\n<tr>\n<td colspan=\"1\" rowspan=\"1\">\n<div class=\"magic-14\"><\/div>\n<\/td>\n<td colspan=\"1\" rowspan=\"1\">\n<div class=\"magic-15\">Telangana<\/div>\n<\/td>\n<\/tr>\n<tr>\n<td colspan=\"1\" rowspan=\"1\">\n<div class=\"magic-14\">T\u00ean th\u01b0\u01a1ng hi\u1ec7u<\/div>\n<\/td>\n<td colspan=\"1\" rowspan=\"1\">\n<div class=\"magic-15\">TRONG CU\u1ed8C S\u1ed0NG<\/div>\n<\/td>\n<\/tr>\n<tr>\n<td colspan=\"1\" rowspan=\"1\">\n<div class=\"magic-14\">S\u1ed1 hi\u1ec7u m\u1eabu<\/div>\n<\/td>\n<td colspan=\"1\" rowspan=\"1\">\n<div class=\"magic-15\">IL00408<\/div>\n<\/td>\n<\/tr>\n<tr>\n<td colspan=\"1\" rowspan=\"1\">\n<div class=\"magic-14\">D\u1ea1ng b\u00e0o ch\u1ebf<\/div>\n<\/td>\n<td colspan=\"1\" rowspan=\"1\">\n<div class=\"magic-15\">B\u1ed9t<\/div>\n<\/td>\n<\/tr>\n<tr>\n<td colspan=\"1\" rowspan=\"1\">\n<div class=\"magic-14\">H\u01b0\u01a1ng v\u1ecb<\/div>\n<\/td>\n<td colspan=\"1\" rowspan=\"1\">\n<div class=\"magic-15\">S\u00f4c\u00f4la<\/div>\n<\/td>\n<\/tr>\n<tr>\n<td colspan=\"1\" rowspan=\"1\">\n<div class=\"magic-14\">M\u1ee5c ti\u00eau<\/div>\n<\/td>\n<td colspan=\"1\" rowspan=\"1\">\n<div class=\"magic-15\">X\u00e2y d\u1ef1ng c\u01a1 b\u1eafp<\/div>\n<\/td>\n<\/tr>\n<tr>\n<td colspan=\"1\" rowspan=\"1\">\n<div class=\"magic-14\">Ki\u1ec3u<\/div>\n<\/td>\n<td colspan=\"1\" rowspan=\"1\">\n<div class=\"magic-15\">C\u00f4 l\u1eadp, c\u00f4 \u0111\u1eb7c v\u00e0 th\u1ee7y ph\u00e2n<\/div>\n<\/td>\n<\/tr>\n<tr>\n<td colspan=\"1\" rowspan=\"1\">\n<div class=\"magic-14\">H\u00ecnh th\u1ee9c<\/div>\n<\/td>\n<td colspan=\"1\" rowspan=\"1\">\n<div class=\"magic-15\">B\u1ed9t<\/div>\n<\/td>\n<\/tr>\n<tr>\n<td colspan=\"1\" rowspan=\"1\">\n<div class=\"magic-14\">Bao b\u00ec<\/div>\n<\/td>\n<td colspan=\"1\" rowspan=\"1\">\n<div class=\"magic-15\">500<\/div>\n<\/td>\n<\/tr>\n<tr>\n<td colspan=\"1\" rowspan=\"1\">\n<div class=\"magic-14\">C\u00e1c lo\u1ea1i Protein<\/div>\n<\/td>\n<td colspan=\"1\" rowspan=\"1\">\n<div class=\"magic-15\">C\u00f4 l\u1eadp, Th\u1ee7y ph\u00e2n &amp; C\u00f4 \u0111\u1eb7c<\/div>\n<\/td>\n<\/tr>\n<tr>\n<td colspan=\"1\" rowspan=\"1\">\n<div class=\"magic-14\">Protein m\u1ed7i kh\u1ea9u ph\u1ea7n<\/div>\n<\/td>\n<td colspan=\"1\" rowspan=\"1\">\n<div class=\"magic-15\">24 gram<\/div>\n<\/td>\n<\/tr>\n<tr>\n<td colspan=\"1\" rowspan=\"1\">\n<div class=\"magic-14\">Gi\u1ea5y ch\u1ee9ng nh\u1eadn<\/div>\n<\/td>\n<td colspan=\"1\" rowspan=\"1\">\n<div class=\"magic-15\">\u0110\u01b0\u1ee3c ch\u1ee9ng nh\u1eadn GMP<\/div>\n<\/td>\n<\/tr>\n<tr>\n<td colspan=\"1\" rowspan=\"1\">\n<div class=\"magic-14\">Ch\u1ee9c n\u0103ng ch\u00ednh<\/div>\n<\/td>\n<td colspan=\"1\" rowspan=\"1\">\n<div class=\"magic-15\">Th\u1ec3 h\u00ecnh<\/div>\n<\/td>\n<\/tr>\n<\/tbody>\n<\/table>\n<\/div>\n<\/div>\n<div class=\"J_module\">\n<div class=\"detail-decorate-json-renderer-container\">\n<div class=\"magic-1\">\n<h3 class=\"magic-2\"><span class=\"magic-3\" style=\"font-family: Arial;\">Ch\u1ee9c n\u0103ng<\/span><\/h3>\n<div class=\"magic-4\">\n<div class=\"magic-5\">\n<div class=\"magic-6\">\n<p><span class=\"magic-16\" style=\"font-family: Arial;\">1. BCAA h\u1ed7 tr\u1ee3 s\u1ef1 ph\u00e1t tri\u1ec3n c\u01a1 b\u1eafp t\u1ed1i \u0111a. <\/span><\/p>\n<div><span class=\"magic-16\" style=\"font-family: Arial;\">2. BCAA t\u0103ng c\u01b0\u1eddng s\u1ee9c m\u1ea1nh v\u00e0 \u0111\u1ed9 b\u1ec1n tuy\u1ec7t v\u1eddi.<br \/>\n3. Gi\u1ea3i ph\u00f3ng theo th\u1eddi gian \u0111\u1ec3 h\u1ed7 tr\u1ee3 t\u00e1c d\u1ee5ng ch\u1ed1ng d\u1ecb h\u00f3a.<br \/>\n4. BCAA h\u1ed7 tr\u1ee3 t\u0103ng c\u01b0\u1eddng s\u1ee9c m\u1ea1nh v\u00e0 kh\u1ed1i l\u01b0\u1ee3ng.<br \/>\n5. BCAA v\u00e0 leucine c\u00f3 th\u1ec3 h\u1ed7 tr\u1ee3 ph\u1ee5c h\u1ed3i t\u1ed1t h\u01a1n v\u00e0 gi\u1ea3m \u0111au nh\u1ee9c.<br \/>\n6.BCAA th\u00fac \u0111\u1ea9y kh\u1ea3 n\u0103ng t\u1eadp luy\u1ec7n s\u1ee9c b\u1ec1n t\u0103ng l\u00ean.<br \/>\n7. B\u1ed5 sung BCAA h\u1ed7 tr\u1ee3 ch\u1ed1ng l\u1ea1i qu\u00e1 tr\u00ecnh d\u1ecb h\u00f3a.<br \/>\n<\/span><\/div>\n<\/div>\n<\/div>\n<\/div>\n<\/div>\n<\/div>\n<\/div>\n<div class=\"J_module\">\n<div class=\"detail-decorate-json-renderer-container\">\n<div class=\"magic-1\">\n<h3 class=\"magic-2\"><span class=\"magic-3\" style=\"font-family: Arial;\">\u1ee8ng d\u1ee5ng<\/span><\/h3>\n<div class=\"magic-4\">\n<div class=\"magic-5\">\n<div class=\"magic-6\">BCAA ch\u1ee9ng minh c\u00f3 \u1ea3nh h\u01b0\u1edfng \u0111\u1ebfn tu\u1ed5i th\u1ecd c\u1ee7a con ng\u01b0\u1eddi. N\u00f3 c\u0169ng h\u1ed7 tr\u1ee3 t\u1ed5ng h\u1ee3p c\u00e1c axit amin kh\u00e1c c\u1ea7n thi\u1ebft cho c\u01a1 b\u1eafp<br \/>\nt\u1ed5ng h\u1ee3p. Khi n\u00f3i \u0111\u1ebfn th\u1ef1c ph\u1ea9m b\u1ed5 sung cho vi\u1ec7c t\u1eadp luy\u1ec7n, axit amin chu\u1ed7i nh\u00e1nh c\u00f3 th\u1ec3 c\u1ea3i thi\u1ec7n kh\u1ea3 n\u0103ng t\u1eadp luy\u1ec7n v\u00e0 l\u00e0m ch\u1eadm s\u1ef1 m\u1ec7t m\u1ecfi. BCAA \u0111\u01b0\u1ee3c s\u1eed d\u1ee5ng r\u1ed9ng r\u00e3i trong Th\u1ef1c ph\u1ea9m b\u1ed5 sung dinh d\u01b0\u1ee1ng th\u1ec3 thao.<\/div>\n<\/div>\n<\/div>\n<\/div>\n<\/div>\n<\/div>\n<p>&nbsp;<\/p>","protected":false},"excerpt":{"rendered":"<p>T\u00ean s\u1ea3n ph\u1ea9m: BCAA<br \/>\nS\u1ed1 CAS: 5589-96-8<br \/>\nMF:C2H2BrClO2<br \/>\nNgo\u1ea1i h\u00ecnh: s\u1ee9c m\u1ea1nh m\u00e0u tr\u1eafng<\/p>","protected":false},"featured_media":2176,"template":"","meta":{"_acf_changed":false,"_gspb_post_css":""},"product_brand":[],"product_cat":[55,102],"product_tag":[],"class_list":{"0":"post-3664","1":"product","2":"type-product","3":"status-publish","4":"has-post-thumbnail","6":"product_cat-food-additives","7":"product_cat-emulsifiers","9":"first","10":"instock","11":"shipping-taxable","12":"product-type-simple"},"acf":[],"_links":{"self":[{"href":"https:\/\/wpachem.com\/vi\/wp-json\/wp\/v2\/product\/3664","targetHints":{"allow":["GET"]}}],"collection":[{"href":"https:\/\/wpachem.com\/vi\/wp-json\/wp\/v2\/product"}],"about":[{"href":"https:\/\/wpachem.com\/vi\/wp-json\/wp\/v2\/types\/product"}],"version-history":[{"count":0,"href":"https:\/\/wpachem.com\/vi\/wp-json\/wp\/v2\/product\/3664\/revisions"}],"wp:featuredmedia":[{"embeddable":true,"href":"https:\/\/wpachem.com\/vi\/wp-json\/wp\/v2\/media\/2176"}],"wp:attachment":[{"href":"https:\/\/wpachem.com\/vi\/wp-json\/wp\/v2\/media?parent=3664"}],"wp:term":[{"taxonomy":"product_brand","embeddable":true,"href":"https:\/\/wpachem.com\/vi\/wp-json\/wp\/v2\/product_brand?post=3664"},{"taxonomy":"product_cat","embeddable":true,"href":"https:\/\/wpachem.com\/vi\/wp-json\/wp\/v2\/product_cat?post=3664"},{"taxonomy":"product_tag","embeddable":true,"href":"https:\/\/wpachem.com\/vi\/wp-json\/wp\/v2\/product_tag?post=3664"}],"curies":[{"name":"wp","href":"https:\/\/api.w.org\/{rel}","templated":true}]}}