{"id":3667,"date":"2023-03-24T05:48:41","date_gmt":"2023-03-24T05:48:41","guid":{"rendered":"http:\/\/site2.easyceotech.com\/?post_type=product&#038;p=3667"},"modified":"2024-03-12T07:31:32","modified_gmt":"2024-03-12T07:31:32","slug":"coenzyme-q10","status":"publish","type":"product","link":"https:\/\/wpachem.com\/vi\/product\/coenzyme-q10\/","title":{"rendered":"Coenzym Q10"},"content":{"rendered":"<h1 data-spm-anchor-id=\"a2700.details.0.i25.28f73e4f2523if\">Julyherb b\u00e1n ch\u1ea1y Ubiquinone COQ10 B\u1ed9t Coenzyme Q10 CAS 303-98-0<\/h1>\n<p><img decoding=\"async\" src=\"https:\/\/s.alicdn.com\/@sc04\/kf\/H07d16adc811d463f93e11f7d563bf007c\/257302160\/H07d16adc811d463f93e11f7d563bf007c.jpg?quality=close\" alt=\"Julyherb b\u00e1n ch\u1ea1y Ubiquinone COQ10 B\u1ed9t Coenzyme Q10 CAS 303-98-0\" width=\"750\" height=\"36.80371352785146\" data-src=\"\/\/s.alicdn.com\/@sc04\/kf\/H07d16adc811d463f93e11f7d563bf007c\/257302160\/H07d16adc811d463f93e11f7d563bf007c.jpg?quality=close\" data-alt=\"Julyherb hot sell Ubiquinone COQ10 Powder Coenzyme Q10 CAS 303-98-0\" data-width=\"750\" \/><\/p>\n<table border=\"1\">\n<tbody>\n<tr>\n<td>T\u00ean:<\/td>\n<td>Julyherb b\u00e1n ch\u1ea1y Ubiquinone COQ10 B\u1ed9t Coenzyme Q10 CAS 303-98-0<\/td>\n<\/tr>\n<tr>\n<td>T\u1eeb \u0111\u1ed3ng ngh\u0129a:<\/td>\n<td>Ubidecarenone; Coenzyme Q10; COQ 10<\/td>\n<\/tr>\n<tr>\n<td>CAS:<\/td>\n<td>303-98-0<\/td>\n<\/tr>\n<tr>\n<td>C\u00f4ng th\u1ee9c ph\u00e2n t\u1eed:<\/td>\n<td>C59H90O4<\/td>\n<\/tr>\n<tr>\n<td>Tr\u1ecdng l\u01b0\u1ee3ng ph\u00e2n t\u1eed:<\/td>\n<td>863.34<\/td>\n<\/tr>\n<tr>\n<td>Ngo\u1ea1i h\u00ecnh:<\/td>\n<td>B\u1ed9t cam<\/td>\n<\/tr>\n<tr>\n<td>\u1ee8ng d\u1ee5ng:<\/td>\n<td>Th\u1ef1c ph\u1ea9m ch\u0103m s\u00f3c s\u1ee9c kh\u1ecfe<\/td>\n<\/tr>\n<tr>\n<td>Th\u1eed nghi\u1ec7m:<\/td>\n<td>98%<\/td>\n<\/tr>\n<\/tbody>\n<\/table>\n<p>&nbsp;<\/p>\n<p><strong>Coenzyme Q10 l\u00e0 g\u00ec?<\/strong><\/p>\n<p>B\u1ed9t Ubiquinone COQ10, c\u00f2n \u0111\u01b0\u1ee3c g\u1ecdi l\u00e0 CoQ10 ho\u1eb7c ubiquinone 10, l\u00e0 m\u1ed9t h\u1ee3p ch\u1ea5t quinonoid \u0111\u01b0\u1ee3c chi\u1ebft xu\u1ea5t th\u00f4ng qua qu\u00e1 tr\u00ecnh l\u00ean men vi sinh. \u0110\u00e2y l\u00e0 1,4-benzoquinone, trong \u0111\u00f3 Q ch\u1ec9 nh\u00f3m h\u00f3a ch\u1ea5t quinone v\u00e0 10 ch\u1ec9 s\u1ed1 l\u01b0\u1ee3ng ti\u1ec3u \u0111\u01a1n v\u1ecb h\u00f3a h\u1ecdc isoprenyl trong \u0111u\u00f4i c\u1ee7a n\u00f3.<\/p>","protected":false},"excerpt":{"rendered":"<p>T\u00ean s\u1ea3n ph\u1ea9m: Coenzyme Q10<br \/>\nS\u1ed1 CAS: 303-98-0<br \/>\nM\u1ea0NG: C59H90O4<br \/>\nNgo\u1ea1i quan: b\u1ed9t m\u00e0u v\u00e0ng<\/p>","protected":false},"featured_media":2187,"template":"","meta":{"_acf_changed":false,"_gspb_post_css":""},"product_brand":[],"product_cat":[55,102],"product_tag":[],"class_list":{"0":"post-3667","1":"product","2":"type-product","3":"status-publish","4":"has-post-thumbnail","6":"product_cat-food-additives","7":"product_cat-emulsifiers","9":"first","10":"instock","11":"shipping-taxable","12":"product-type-simple"},"acf":[],"_links":{"self":[{"href":"https:\/\/wpachem.com\/vi\/wp-json\/wp\/v2\/product\/3667","targetHints":{"allow":["GET"]}}],"collection":[{"href":"https:\/\/wpachem.com\/vi\/wp-json\/wp\/v2\/product"}],"about":[{"href":"https:\/\/wpachem.com\/vi\/wp-json\/wp\/v2\/types\/product"}],"version-history":[{"count":0,"href":"https:\/\/wpachem.com\/vi\/wp-json\/wp\/v2\/product\/3667\/revisions"}],"wp:featuredmedia":[{"embeddable":true,"href":"https:\/\/wpachem.com\/vi\/wp-json\/wp\/v2\/media\/2187"}],"wp:attachment":[{"href":"https:\/\/wpachem.com\/vi\/wp-json\/wp\/v2\/media?parent=3667"}],"wp:term":[{"taxonomy":"product_brand","embeddable":true,"href":"https:\/\/wpachem.com\/vi\/wp-json\/wp\/v2\/product_brand?post=3667"},{"taxonomy":"product_cat","embeddable":true,"href":"https:\/\/wpachem.com\/vi\/wp-json\/wp\/v2\/product_cat?post=3667"},{"taxonomy":"product_tag","embeddable":true,"href":"https:\/\/wpachem.com\/vi\/wp-json\/wp\/v2\/product_tag?post=3667"}],"curies":[{"name":"wp","href":"https:\/\/api.w.org\/{rel}","templated":true}]}}